{"id":1639,"date":"2024-02-13T18:24:47","date_gmt":"2024-02-13T18:24:47","guid":{"rendered":"https:\/\/scorab.eu\/domovska-stranka\/"},"modified":"2025-04-15T15:46:04","modified_gmt":"2025-04-15T15:46:04","slug":"domovska-stranka","status":"publish","type":"page","link":"https:\/\/scorab.eu\/cs\/","title":{"rendered":"Domovsk\u00e1 str\u00e1nka"},"content":{"rendered":"\t\t<div data-elementor-type=\"wp-page\" data-elementor-id=\"1639\" class=\"elementor elementor-1639 elementor-59\" data-elementor-post-type=\"page\">\n\t\t\t\t<div class=\"elementor-element elementor-element-25e4a2c1 e-con-full e-flex e-con e-parent\" data-id=\"25e4a2c1\" data-element_type=\"container\">\n\t\t\t\t<div class=\"elementor-element elementor-element-38ba2ce elementor-widget elementor-widget-spacer\" data-id=\"38ba2ce\" data-element_type=\"widget\" data-widget_type=\"spacer.default\">\n\t\t\t\t<div class=\"elementor-widget-container\">\n\t\t\t\t\t\t\t<div class=\"elementor-spacer\">\n\t\t\t<div class=\"elementor-spacer-inner\"><\/div>\n\t\t<\/div>\n\t\t\t\t\t\t<\/div>\n\t\t\t\t<\/div>\n\t\t<div class=\"elementor-element elementor-element-4dfead9c e-con-full e-flex e-con e-child\" data-id=\"4dfead9c\" data-element_type=\"container\" data-settings=\"{&quot;background_background&quot;:&quot;gradient&quot;}\">\n\t\t\t\t<div class=\"elementor-element elementor-element-29fbe3b elementor-widget__width-initial elementor-widget elementor-widget-heading\" data-id=\"29fbe3b\" data-element_type=\"widget\" data-widget_type=\"heading.default\">\n\t\t\t\t<div class=\"elementor-widget-container\">\n\t\t\t\t\t<h1 class=\"elementor-heading-title elementor-size-default\"><b>SCORAB je zna\u010dkou kvality a spolehlivosti v oblasti zpracov\u00e1n\u00ed drah\u00fdch kov\u016f.<\/b><\/h1>\t\t\t\t<\/div>\n\t\t\t\t<\/div>\n\t\t<div class=\"elementor-element elementor-element-f6dab01 e-con-full e-flex e-con e-child\" data-id=\"f6dab01\" data-element_type=\"container\" data-settings=\"{&quot;background_background&quot;:&quot;classic&quot;}\">\n\t\t\t\t<div class=\"elementor-element elementor-element-e3a813e elementor-cta--skin-cover elementor-widget__width-initial elementor-cta--valign-middle elementor-widget elementor-widget-call-to-action\" data-id=\"e3a813e\" data-element_type=\"widget\" data-widget_type=\"call-to-action.default\">\n\t\t\t\t<div class=\"elementor-widget-container\">\n\t\t\t\t\t\t\t<div class=\"elementor-cta\">\n\t\t\t\t\t<div class=\"elementor-cta__bg-wrapper\">\n\t\t\t\t<div class=\"elementor-cta__bg elementor-bg\" style=\"background-image: url(https:\/\/scorab.eu\/wp-content\/uploads\/2024\/05\/33.jpg);\" role=\"img\" aria-label=\"33\"><\/div>\n\t\t\t\t<div class=\"elementor-cta__bg-overlay\"><\/div>\n\t\t\t<\/div>\n\t\t\t\t\t\t\t<div class=\"elementor-cta__content\">\n\t\t\t\t\n\t\t\t\t\t\t\t\t\t<h2 class=\"elementor-cta__title elementor-cta__content-item elementor-content-item\">\n\t\t\t\t\t\tPRODUKTY\t\t\t\t\t<\/h2>\n\t\t\t\t\n\t\t\t\t\t\t\t\t\t<div class=\"elementor-cta__description elementor-cta__content-item elementor-content-item\">\n\t\t\t\t\t\t<b>Od dr\u00e1t\u016f, ty\u010d\u00ed, p\u00e1s\u016f a plech\u016f a\u017e po trubky, p\u00e1jky a anody.<br><\/b>  \nZjist\u011bte si informace o produktech, kter\u00e9 va\u0161e spole\u010dnost pot\u0159ebuje.\t\t\t\t\t<\/div>\n\t\t\t\t\n\t\t\t\t\t\t\t\t\t<div class=\"elementor-cta__button-wrapper elementor-cta__content-item elementor-content-item \">\n\t\t\t\t\t<a class=\"elementor-cta__button elementor-button elementor-size-md\" href=\"https:\/\/scorab.eu\/produkty\/\">\n\t\t\t\t\t\tZJISTIT V\u00cdCE\t\t\t\t\t<\/a>\n\t\t\t\t\t<\/div>\n\t\t\t\t\t\t\t<\/div>\n\t\t\t\t\t\t<\/div>\n\t\t\t\t\t\t<\/div>\n\t\t\t\t<\/div>\n\t\t\t\t<div class=\"elementor-element elementor-element-c404f88 elementor-widget elementor-widget-spacer\" data-id=\"c404f88\" data-element_type=\"widget\" data-widget_type=\"spacer.default\">\n\t\t\t\t<div class=\"elementor-widget-container\">\n\t\t\t\t\t\t\t<div class=\"elementor-spacer\">\n\t\t\t<div class=\"elementor-spacer-inner\"><\/div>\n\t\t<\/div>\n\t\t\t\t\t\t<\/div>\n\t\t\t\t<\/div>\n\t\t\t\t<div class=\"elementor-element elementor-element-c51040e elementor-cta--skin-cover elementor-widget__width-initial elementor-cta--valign-middle elementor-widget elementor-widget-call-to-action\" data-id=\"c51040e\" data-element_type=\"widget\" data-widget_type=\"call-to-action.default\">\n\t\t\t\t<div class=\"elementor-widget-container\">\n\t\t\t\t\t\t\t<div class=\"elementor-cta\">\n\t\t\t\t\t<div class=\"elementor-cta__bg-wrapper\">\n\t\t\t\t<div class=\"elementor-cta__bg elementor-bg\" style=\"background-image: url(https:\/\/scorab.eu\/wp-content\/uploads\/2024\/05\/8-scaled.jpg);\" role=\"img\" aria-label=\"8\"><\/div>\n\t\t\t\t<div class=\"elementor-cta__bg-overlay\"><\/div>\n\t\t\t<\/div>\n\t\t\t\t\t\t\t<div class=\"elementor-cta__content\">\n\t\t\t\t\n\t\t\t\t\t\t\t\t\t<h2 class=\"elementor-cta__title elementor-cta__content-item elementor-content-item\">\n\t\t\t\t\t\tSLU\u017dBY\t\t\t\t\t<\/h2>\n\t\t\t\t\n\t\t\t\t\t\t\t\t\t<div class=\"elementor-cta__description elementor-cta__content-item elementor-content-item\">\n\t\t\t\t\t\t<b>Nechte si vyrobit speci\u00e1ln\u00ed objedn\u00e1vku podle sv\u00fdch po\u017eadavk\u016f.<\/b>  <br>Zjist\u011bte v\u00edce o na\u0161ich slu\u017eb\u00e1ch.\t\t\t\t\t<\/div>\n\t\t\t\t\n\t\t\t\t\t\t\t\t\t<div class=\"elementor-cta__button-wrapper elementor-cta__content-item elementor-content-item \">\n\t\t\t\t\t<a class=\"elementor-cta__button elementor-button elementor-size-md\" href=\"https:\/\/scorab.eu\/uslugi\/\">\n\t\t\t\t\t\tZJISTIT V\u00cdCE\t\t\t\t\t<\/a>\n\t\t\t\t\t<\/div>\n\t\t\t\t\t\t\t<\/div>\n\t\t\t\t\t\t<\/div>\n\t\t\t\t\t\t<\/div>\n\t\t\t\t<\/div>\n\t\t\t\t<div class=\"elementor-element elementor-element-c3b7bf2 elementor-widget elementor-widget-spacer\" data-id=\"c3b7bf2\" data-element_type=\"widget\" data-widget_type=\"spacer.default\">\n\t\t\t\t<div class=\"elementor-widget-container\">\n\t\t\t\t\t\t\t<div class=\"elementor-spacer\">\n\t\t\t<div class=\"elementor-spacer-inner\"><\/div>\n\t\t<\/div>\n\t\t\t\t\t\t<\/div>\n\t\t\t\t<\/div>\n\t\t\t\t<\/div>\n\t\t\t\t<\/div>\n\t\t\t\t<\/div>\n\t\t<div class=\"elementor-element elementor-element-1852ec6 e-flex e-con-boxed e-con e-parent\" data-id=\"1852ec6\" data-element_type=\"container\">\n\t\t\t\t\t<div class=\"e-con-inner\">\n\t\t\t\t\t<\/div>\n\t\t\t\t<\/div>\n\t\t\t\t<\/div>\n\t\t","protected":false},"excerpt":{"rendered":"<p>SCORAB je zna\u010dkou kvality a spolehlivosti v oblasti zpracov\u00e1n\u00ed drah\u00fdch kov\u016f. PRODUKTY Od dr\u00e1t\u016f, ty\u010d\u00ed, p\u00e1s\u016f a plech\u016f a\u017e po trubky, p\u00e1jky a anody. Zjist\u011bte si informace o produktech, kter\u00e9 va\u0161e spole\u010dnost pot\u0159ebuje. ZJISTIT V\u00cdCE SLU\u017dBY Nechte si vyrobit speci\u00e1ln\u00ed objedn\u00e1vku podle sv\u00fdch po\u017eadavk\u016f. Zjist\u011bte v\u00edce o na\u0161ich slu\u017eb\u00e1ch. ZJISTIT V\u00cdCE<\/p>\n","protected":false},"author":1,"featured_media":0,"parent":0,"menu_order":0,"comment_status":"closed","ping_status":"closed","template":"elementor_header_footer","meta":{"footnotes":""},"class_list":["post-1639","page","type-page","status-publish","hentry"],"yoast_head":"<!-- This site is optimized with the Yoast SEO plugin v24.6 - https:\/\/yoast.com\/wordpress\/plugins\/seo\/ -->\n<title>Domovsk\u00e1 str\u00e1nka - Scorab.eu<\/title>\n<meta name=\"robots\" content=\"index, follow, max-snippet:-1, max-image-preview:large, max-video-preview:-1\" \/>\n<link rel=\"canonical\" href=\"https:\/\/scorab.eu\/cs\/\" \/>\n<meta property=\"og:locale\" content=\"cs_CZ\" \/>\n<meta property=\"og:type\" content=\"article\" \/>\n<meta property=\"og:title\" content=\"Domovsk\u00e1 str\u00e1nka - Scorab.eu\" \/>\n<meta property=\"og:description\" content=\"SCORAB je zna\u010dkou kvality a spolehlivosti v oblasti zpracov\u00e1n\u00ed drah\u00fdch kov\u016f. PRODUKTY Od dr\u00e1t\u016f, ty\u010d\u00ed, p\u00e1s\u016f a plech\u016f a\u017e po trubky, p\u00e1jky a anody. Zjist\u011bte si informace o produktech, kter\u00e9 va\u0161e spole\u010dnost pot\u0159ebuje. ZJISTIT V\u00cdCE SLU\u017dBY Nechte si vyrobit speci\u00e1ln\u00ed objedn\u00e1vku podle sv\u00fdch po\u017eadavk\u016f. Zjist\u011bte v\u00edce o na\u0161ich slu\u017eb\u00e1ch. ZJISTIT V\u00cdCE\" \/>\n<meta property=\"og:url\" content=\"https:\/\/scorab.eu\/cs\/\" \/>\n<meta property=\"og:site_name\" content=\"Scorab.eu\" \/>\n<meta property=\"article:modified_time\" content=\"2025-04-15T15:46:04+00:00\" \/>\n<meta name=\"twitter:card\" content=\"summary_large_image\" \/>\n<script type=\"application\/ld+json\" class=\"yoast-schema-graph\">{\"@context\":\"https:\/\/schema.org\",\"@graph\":[{\"@type\":\"WebPage\",\"@id\":\"https:\/\/scorab.eu\/cs\/\",\"url\":\"https:\/\/scorab.eu\/cs\/\",\"name\":\"Domovsk\u00e1 str\u00e1nka - Scorab.eu\",\"isPartOf\":{\"@id\":\"https:\/\/scorab.eu\/cs\/#website\"},\"datePublished\":\"2024-02-13T18:24:47+00:00\",\"dateModified\":\"2025-04-15T15:46:04+00:00\",\"breadcrumb\":{\"@id\":\"https:\/\/scorab.eu\/cs\/#breadcrumb\"},\"inLanguage\":\"cs\",\"potentialAction\":[{\"@type\":\"ReadAction\",\"target\":[\"https:\/\/scorab.eu\/cs\/\"]}]},{\"@type\":\"BreadcrumbList\",\"@id\":\"https:\/\/scorab.eu\/cs\/#breadcrumb\",\"itemListElement\":[{\"@type\":\"ListItem\",\"position\":1,\"name\":\"Strona g\u0142\u00f3wna\",\"item\":\"https:\/\/scorab.eu\/cs\/domovska-stranka\/\"},{\"@type\":\"ListItem\",\"position\":2,\"name\":\"Domovsk\u00e1 str\u00e1nka\"}]},{\"@type\":\"WebSite\",\"@id\":\"https:\/\/scorab.eu\/cs\/#website\",\"url\":\"https:\/\/scorab.eu\/cs\/\",\"name\":\"Scorab.eu\",\"description\":\"Produkcja oraz us\u0142ugi w zakresie przetwarzania metali szlachetnych i ich stop&oacute;w.\",\"publisher\":{\"@id\":\"https:\/\/scorab.eu\/cs\/#organization\"},\"potentialAction\":[{\"@type\":\"SearchAction\",\"target\":{\"@type\":\"EntryPoint\",\"urlTemplate\":\"https:\/\/scorab.eu\/cs\/?s={search_term_string}\"},\"query-input\":{\"@type\":\"PropertyValueSpecification\",\"valueRequired\":true,\"valueName\":\"search_term_string\"}}],\"inLanguage\":\"cs\"},{\"@type\":\"Organization\",\"@id\":\"https:\/\/scorab.eu\/cs\/#organization\",\"name\":\"Scorab.eu\",\"url\":\"https:\/\/scorab.eu\/cs\/\",\"logo\":{\"@type\":\"ImageObject\",\"inLanguage\":\"cs\",\"@id\":\"https:\/\/scorab.eu\/cs\/#\/schema\/logo\/image\/\",\"url\":\"https:\/\/scorab.eu\/wp-content\/uploads\/2024\/02\/obraz_2024-02-15_193251345.png\",\"contentUrl\":\"https:\/\/scorab.eu\/wp-content\/uploads\/2024\/02\/obraz_2024-02-15_193251345.png\",\"width\":506,\"height\":150,\"caption\":\"Scorab.eu\"},\"image\":{\"@id\":\"https:\/\/scorab.eu\/cs\/#\/schema\/logo\/image\/\"}}]}<\/script>\n<!-- \/ Yoast SEO plugin. -->","yoast_head_json":{"title":"Domovsk\u00e1 str\u00e1nka - Scorab.eu","robots":{"index":"index","follow":"follow","max-snippet":"max-snippet:-1","max-image-preview":"max-image-preview:large","max-video-preview":"max-video-preview:-1"},"canonical":"https:\/\/scorab.eu\/cs\/","og_locale":"cs_CZ","og_type":"article","og_title":"Domovsk\u00e1 str\u00e1nka - Scorab.eu","og_description":"SCORAB je zna\u010dkou kvality a spolehlivosti v oblasti zpracov\u00e1n\u00ed drah\u00fdch kov\u016f. PRODUKTY Od dr\u00e1t\u016f, ty\u010d\u00ed, p\u00e1s\u016f a plech\u016f a\u017e po trubky, p\u00e1jky a anody. Zjist\u011bte si informace o produktech, kter\u00e9 va\u0161e spole\u010dnost pot\u0159ebuje. ZJISTIT V\u00cdCE SLU\u017dBY Nechte si vyrobit speci\u00e1ln\u00ed objedn\u00e1vku podle sv\u00fdch po\u017eadavk\u016f. Zjist\u011bte v\u00edce o na\u0161ich slu\u017eb\u00e1ch. ZJISTIT V\u00cdCE","og_url":"https:\/\/scorab.eu\/cs\/","og_site_name":"Scorab.eu","article_modified_time":"2025-04-15T15:46:04+00:00","twitter_card":"summary_large_image","schema":{"@context":"https:\/\/schema.org","@graph":[{"@type":"WebPage","@id":"https:\/\/scorab.eu\/cs\/","url":"https:\/\/scorab.eu\/cs\/","name":"Domovsk\u00e1 str\u00e1nka - Scorab.eu","isPartOf":{"@id":"https:\/\/scorab.eu\/cs\/#website"},"datePublished":"2024-02-13T18:24:47+00:00","dateModified":"2025-04-15T15:46:04+00:00","breadcrumb":{"@id":"https:\/\/scorab.eu\/cs\/#breadcrumb"},"inLanguage":"cs","potentialAction":[{"@type":"ReadAction","target":["https:\/\/scorab.eu\/cs\/"]}]},{"@type":"BreadcrumbList","@id":"https:\/\/scorab.eu\/cs\/#breadcrumb","itemListElement":[{"@type":"ListItem","position":1,"name":"Strona g\u0142\u00f3wna","item":"https:\/\/scorab.eu\/cs\/domovska-stranka\/"},{"@type":"ListItem","position":2,"name":"Domovsk\u00e1 str\u00e1nka"}]},{"@type":"WebSite","@id":"https:\/\/scorab.eu\/cs\/#website","url":"https:\/\/scorab.eu\/cs\/","name":"Scorab.eu","description":"Produkcja oraz us\u0142ugi w zakresie przetwarzania metali szlachetnych i ich stop&oacute;w.","publisher":{"@id":"https:\/\/scorab.eu\/cs\/#organization"},"potentialAction":[{"@type":"SearchAction","target":{"@type":"EntryPoint","urlTemplate":"https:\/\/scorab.eu\/cs\/?s={search_term_string}"},"query-input":{"@type":"PropertyValueSpecification","valueRequired":true,"valueName":"search_term_string"}}],"inLanguage":"cs"},{"@type":"Organization","@id":"https:\/\/scorab.eu\/cs\/#organization","name":"Scorab.eu","url":"https:\/\/scorab.eu\/cs\/","logo":{"@type":"ImageObject","inLanguage":"cs","@id":"https:\/\/scorab.eu\/cs\/#\/schema\/logo\/image\/","url":"https:\/\/scorab.eu\/wp-content\/uploads\/2024\/02\/obraz_2024-02-15_193251345.png","contentUrl":"https:\/\/scorab.eu\/wp-content\/uploads\/2024\/02\/obraz_2024-02-15_193251345.png","width":506,"height":150,"caption":"Scorab.eu"},"image":{"@id":"https:\/\/scorab.eu\/cs\/#\/schema\/logo\/image\/"}}]}},"_links":{"self":[{"href":"https:\/\/scorab.eu\/cs\/wp-json\/wp\/v2\/pages\/1639","targetHints":{"allow":["GET"]}}],"collection":[{"href":"https:\/\/scorab.eu\/cs\/wp-json\/wp\/v2\/pages"}],"about":[{"href":"https:\/\/scorab.eu\/cs\/wp-json\/wp\/v2\/types\/page"}],"author":[{"embeddable":true,"href":"https:\/\/scorab.eu\/cs\/wp-json\/wp\/v2\/users\/1"}],"replies":[{"embeddable":true,"href":"https:\/\/scorab.eu\/cs\/wp-json\/wp\/v2\/comments?post=1639"}],"version-history":[{"count":1,"href":"https:\/\/scorab.eu\/cs\/wp-json\/wp\/v2\/pages\/1639\/revisions"}],"predecessor-version":[{"id":1645,"href":"https:\/\/scorab.eu\/cs\/wp-json\/wp\/v2\/pages\/1639\/revisions\/1645"}],"wp:attachment":[{"href":"https:\/\/scorab.eu\/cs\/wp-json\/wp\/v2\/media?parent=1639"}],"curies":[{"name":"wp","href":"https:\/\/api.w.org\/{rel}","templated":true}]}}