{"id":1643,"date":"2024-05-05T23:40:59","date_gmt":"2024-05-05T23:40:59","guid":{"rendered":"https:\/\/scorab.eu\/sluzby\/"},"modified":"2025-04-15T15:46:04","modified_gmt":"2025-04-15T15:46:04","slug":"sluzby","status":"publish","type":"page","link":"https:\/\/scorab.eu\/cs\/sluzby\/","title":{"rendered":"Slu\u017eby"},"content":{"rendered":"\t\t<div data-elementor-type=\"wp-page\" data-elementor-id=\"1643\" class=\"elementor elementor-1643 elementor-430\" data-elementor-post-type=\"page\">\n\t\t\t\t<div class=\"elementor-element elementor-element-c9d0195 e-con-full e-flex e-con e-parent\" data-id=\"c9d0195\" data-element_type=\"container\" data-settings=\"{&quot;background_background&quot;:&quot;gradient&quot;}\">\n\t\t<div class=\"elementor-element elementor-element-5f40e20 e-flex e-con-boxed e-con e-child\" data-id=\"5f40e20\" data-element_type=\"container\">\n\t\t\t\t\t<div class=\"e-con-inner\">\n\t\t\t\t<div class=\"elementor-element elementor-element-3670723 elementor-widget elementor-widget-spacer\" data-id=\"3670723\" data-element_type=\"widget\" data-widget_type=\"spacer.default\">\n\t\t\t\t<div class=\"elementor-widget-container\">\n\t\t\t\t\t\t\t<div class=\"elementor-spacer\">\n\t\t\t<div class=\"elementor-spacer-inner\"><\/div>\n\t\t<\/div>\n\t\t\t\t\t\t<\/div>\n\t\t\t\t<\/div>\n\t\t\t\t<div class=\"elementor-element elementor-element-fc232ee elementor-widget-mobile__width-initial elementor-widget elementor-widget-heading\" data-id=\"fc232ee\" data-element_type=\"widget\" data-widget_type=\"heading.default\">\n\t\t\t\t<div class=\"elementor-widget-container\">\n\t\t\t\t\t<h1 class=\"elementor-heading-title elementor-size-default\">D\u011aROV\u00c1N\u00cd A \u0158EZ\u00c1N\u00cd<\/h1>\t\t\t\t<\/div>\n\t\t\t\t<\/div>\n\t\t\t\t<div class=\"elementor-element elementor-element-724eb0b elementor-widget__width-initial elementor-widget elementor-widget-text-editor\" data-id=\"724eb0b\" data-element_type=\"widget\" data-widget_type=\"text-editor.default\">\n\t\t\t\t<div class=\"elementor-widget-container\">\n\t\t\t\t\t\t\t\t\tNa p\u0159\u00e1n\u00ed z\u00e1kazn\u00edka vyr\u00e1b\u00edme polotovary z n\u00e1mi vyr\u00e1b\u011bn\u00fdch st\u0159\u00edbrn\u00fdch a mosazn\u00fdch p\u00e1s\u016f. Tvar polotovaru z\u00e1vis\u00ed na matric\u00edch a razn\u00edc\u00edch dodan\u00fdch z\u00e1kazn\u00edkem. Parametry vyra\u017een\u00fdch d\u00edl\u016f i vlastnosti slitin z\u00e1vis\u00ed na zvolen\u00e9m typu p\u00e1sku.  \t\t\t\t\t\t\t\t<\/div>\n\t\t\t\t<\/div>\n\t\t\t\t<div class=\"elementor-element elementor-element-116a2dd elementor-widget__width-initial elementor-widget elementor-widget-text-editor\" data-id=\"116a2dd\" data-element_type=\"widget\" data-widget_type=\"text-editor.default\">\n\t\t\t\t<div class=\"elementor-widget-container\">\n\t\t\t\t\t\t\t\t\t<p><b>Maxim\u00e1ln\u00ed \u0161\u00ed\u0159ka pr\u00e1zdn\u00e9ho pole:<\/b><br><b> Tlou\u0161\u0165ka z\u00e1slepky:<\/b> Dle objedn\u00e1vky z\u00e1kazn\u00edka.<\/p>\t\t\t\t\t\t\t\t<\/div>\n\t\t\t\t<\/div>\n\t\t<div class=\"elementor-element elementor-element-7a97d23 e-flex e-con-boxed e-con e-child\" data-id=\"7a97d23\" data-element_type=\"container\">\n\t\t\t\t\t<div class=\"e-con-inner\">\n\t\t\t\t<div class=\"elementor-element elementor-element-cfabbe3 elementor-align-center elementor-widget elementor-widget-button\" data-id=\"cfabbe3\" data-element_type=\"widget\" data-widget_type=\"button.default\">\n\t\t\t\t<div class=\"elementor-widget-container\">\n\t\t\t\t\t\t\t\t\t<div class=\"elementor-button-wrapper\">\n\t\t\t\t\t<a class=\"elementor-button elementor-button-link elementor-size-lg\" href=\"https:\/\/scorab.eu\/kontakt\/\">\n\t\t\t\t\t\t<span class=\"elementor-button-content-wrapper\">\n\t\t\t\t\t\t<span class=\"elementor-button-icon\">\n\t\t\t\t<svg aria-hidden=\"true\" class=\"e-font-icon-svg e-fas-angle-right\" viewBox=\"0 0 256 512\" xmlns=\"http:\/\/www.w3.org\/2000\/svg\"><path d=\"M224.3 273l-136 136c-9.4 9.4-24.6 9.4-33.9 0l-22.6-22.6c-9.4-9.4-9.4-24.6 0-33.9l96.4-96.4-96.4-96.4c-9.4-9.4-9.4-24.6 0-33.9L54.3 103c9.4-9.4 24.6-9.4 33.9 0l136 136c9.5 9.4 9.5 24.6.1 34z\"><\/path><\/svg>\t\t\t<\/span>\n\t\t\t\t\t\t\t\t\t<span class=\"elementor-button-text\">OBJEDN\u00c1VKA<\/span>\n\t\t\t\t\t<\/span>\n\t\t\t\t\t<\/a>\n\t\t\t\t<\/div>\n\t\t\t\t\t\t\t\t<\/div>\n\t\t\t\t<\/div>\n\t\t\t\t\t<\/div>\n\t\t\t\t<\/div>\n\t\t\t\t\t<\/div>\n\t\t\t\t<\/div>\n\t\t<div class=\"elementor-element elementor-element-4e15af8 e-flex e-con-boxed e-con e-child\" data-id=\"4e15af8\" data-element_type=\"container\">\n\t\t\t\t\t<div class=\"e-con-inner\">\n\t\t\t\t<div class=\"elementor-element elementor-element-c39b98c elementor-widget elementor-widget-spacer\" data-id=\"c39b98c\" data-element_type=\"widget\" data-widget_type=\"spacer.default\">\n\t\t\t\t<div class=\"elementor-widget-container\">\n\t\t\t\t\t\t\t<div class=\"elementor-spacer\">\n\t\t\t<div class=\"elementor-spacer-inner\"><\/div>\n\t\t<\/div>\n\t\t\t\t\t\t<\/div>\n\t\t\t\t<\/div>\n\t\t\t\t<div class=\"elementor-element elementor-element-62e155b elementor-widget-mobile__width-initial elementor-widget elementor-widget-heading\" data-id=\"62e155b\" data-element_type=\"widget\" data-widget_type=\"heading.default\">\n\t\t\t\t<div class=\"elementor-widget-container\">\n\t\t\t\t\t<h1 class=\"elementor-heading-title elementor-size-default\">Prov\u00e1d\u011bn\u00ed ze sv\u011b\u0159en\u00fdch materi\u00e1l\u016f<\/h1>\t\t\t\t<\/div>\n\t\t\t\t<\/div>\n\t\t\t\t<div class=\"elementor-element elementor-element-7e3a204 elementor-widget__width-initial elementor-widget elementor-widget-text-editor\" data-id=\"7e3a204\" data-element_type=\"widget\" data-widget_type=\"text-editor.default\">\n\t\t\t\t<div class=\"elementor-widget-container\">\n\t\t\t\t\t\t\t\t\t<p>Po p\u0159edchoz\u00ed dohod\u011b m\u016f\u017eeme na\u0161e v\u00fdrobky vyrobit ze sv\u011b\u0159en\u00e9ho materi\u00e1lu nebo na n\u00e1stroj\u00edch dodan\u00fdch z\u00e1kazn\u00edkem.<\/p>\t\t\t\t\t\t\t\t<\/div>\n\t\t\t\t<\/div>\n\t\t<div class=\"elementor-element elementor-element-2f2af48 e-flex e-con-boxed e-con e-child\" data-id=\"2f2af48\" data-element_type=\"container\">\n\t\t\t\t\t<div class=\"e-con-inner\">\n\t\t\t\t<div class=\"elementor-element elementor-element-eb91603 elementor-align-center elementor-widget elementor-widget-button\" data-id=\"eb91603\" data-element_type=\"widget\" data-widget_type=\"button.default\">\n\t\t\t\t<div class=\"elementor-widget-container\">\n\t\t\t\t\t\t\t\t\t<div class=\"elementor-button-wrapper\">\n\t\t\t\t\t<a class=\"elementor-button elementor-button-link elementor-size-lg\" href=\"https:\/\/scorab.eu\/kontakt\/\">\n\t\t\t\t\t\t<span class=\"elementor-button-content-wrapper\">\n\t\t\t\t\t\t<span class=\"elementor-button-icon\">\n\t\t\t\t<svg aria-hidden=\"true\" class=\"e-font-icon-svg e-fas-angle-right\" viewBox=\"0 0 256 512\" xmlns=\"http:\/\/www.w3.org\/2000\/svg\"><path d=\"M224.3 273l-136 136c-9.4 9.4-24.6 9.4-33.9 0l-22.6-22.6c-9.4-9.4-9.4-24.6 0-33.9l96.4-96.4-96.4-96.4c-9.4-9.4-9.4-24.6 0-33.9L54.3 103c9.4-9.4 24.6-9.4 33.9 0l136 136c9.5 9.4 9.5 24.6.1 34z\"><\/path><\/svg>\t\t\t<\/span>\n\t\t\t\t\t\t\t\t\t<span class=\"elementor-button-text\">OBJEDN\u00c1VKA<\/span>\n\t\t\t\t\t<\/span>\n\t\t\t\t\t<\/a>\n\t\t\t\t<\/div>\n\t\t\t\t\t\t\t\t<\/div>\n\t\t\t\t<\/div>\n\t\t\t\t\t<\/div>\n\t\t\t\t<\/div>\n\t\t\t\t\t<\/div>\n\t\t\t\t<\/div>\n\t\t\t\t<\/div>\n\t\t\t\t<\/div>\n\t\t","protected":false},"excerpt":{"rendered":"<p>D\u011aROV\u00c1N\u00cd A \u0158EZ\u00c1N\u00cd Na p\u0159\u00e1n\u00ed z\u00e1kazn\u00edka vyr\u00e1b\u00edme polotovary z n\u00e1mi vyr\u00e1b\u011bn\u00fdch st\u0159\u00edbrn\u00fdch a mosazn\u00fdch p\u00e1s\u016f. Tvar polotovaru z\u00e1vis\u00ed na matric\u00edch a razn\u00edc\u00edch dodan\u00fdch z\u00e1kazn\u00edkem. Parametry vyra\u017een\u00fdch d\u00edl\u016f i vlastnosti slitin z\u00e1vis\u00ed na zvolen\u00e9m typu p\u00e1sku. Maxim\u00e1ln\u00ed \u0161\u00ed\u0159ka pr\u00e1zdn\u00e9ho pole: Tlou\u0161\u0165ka z\u00e1slepky: Dle objedn\u00e1vky z\u00e1kazn\u00edka. OBJEDN\u00c1VKA Prov\u00e1d\u011bn\u00ed ze sv\u011b\u0159en\u00fdch materi\u00e1l\u016f Po p\u0159edchoz\u00ed dohod\u011b m\u016f\u017eeme na\u0161e v\u00fdrobky [&hellip;]<\/p>\n","protected":false},"author":4,"featured_media":0,"parent":0,"menu_order":0,"comment_status":"closed","ping_status":"closed","template":"","meta":{"footnotes":""},"class_list":["post-1643","page","type-page","status-publish","hentry"],"yoast_head":"<!-- This site is optimized with the Yoast SEO plugin v24.6 - https:\/\/yoast.com\/wordpress\/plugins\/seo\/ -->\n<title>Slu\u017eby - Scorab.eu<\/title>\n<meta name=\"robots\" content=\"index, follow, max-snippet:-1, max-image-preview:large, max-video-preview:-1\" \/>\n<link rel=\"canonical\" href=\"https:\/\/scorab.eu\/cs\/sluzby\/\" \/>\n<meta property=\"og:locale\" content=\"cs_CZ\" \/>\n<meta property=\"og:type\" content=\"article\" \/>\n<meta property=\"og:title\" content=\"Slu\u017eby - Scorab.eu\" \/>\n<meta property=\"og:description\" content=\"D\u011aROV\u00c1N\u00cd A \u0158EZ\u00c1N\u00cd Na p\u0159\u00e1n\u00ed z\u00e1kazn\u00edka vyr\u00e1b\u00edme polotovary z n\u00e1mi vyr\u00e1b\u011bn\u00fdch st\u0159\u00edbrn\u00fdch a mosazn\u00fdch p\u00e1s\u016f. Tvar polotovaru z\u00e1vis\u00ed na matric\u00edch a razn\u00edc\u00edch dodan\u00fdch z\u00e1kazn\u00edkem. Parametry vyra\u017een\u00fdch d\u00edl\u016f i vlastnosti slitin z\u00e1vis\u00ed na zvolen\u00e9m typu p\u00e1sku. Maxim\u00e1ln\u00ed \u0161\u00ed\u0159ka pr\u00e1zdn\u00e9ho pole: Tlou\u0161\u0165ka z\u00e1slepky: Dle objedn\u00e1vky z\u00e1kazn\u00edka. OBJEDN\u00c1VKA Prov\u00e1d\u011bn\u00ed ze sv\u011b\u0159en\u00fdch materi\u00e1l\u016f Po p\u0159edchoz\u00ed dohod\u011b m\u016f\u017eeme na\u0161e v\u00fdrobky [&hellip;]\" \/>\n<meta property=\"og:url\" content=\"https:\/\/scorab.eu\/cs\/sluzby\/\" \/>\n<meta property=\"og:site_name\" content=\"Scorab.eu\" \/>\n<meta property=\"article:modified_time\" content=\"2025-04-15T15:46:04+00:00\" \/>\n<meta name=\"twitter:card\" content=\"summary_large_image\" \/>\n<meta name=\"twitter:label1\" content=\"Est. reading time\" \/>\n\t<meta name=\"twitter:data1\" content=\"1 minuta\" \/>\n<script type=\"application\/ld+json\" class=\"yoast-schema-graph\">{\"@context\":\"https:\/\/schema.org\",\"@graph\":[{\"@type\":\"WebPage\",\"@id\":\"https:\/\/scorab.eu\/cs\/sluzby\/\",\"url\":\"https:\/\/scorab.eu\/cs\/sluzby\/\",\"name\":\"Slu\u017eby - Scorab.eu\",\"isPartOf\":{\"@id\":\"https:\/\/scorab.eu\/cs\/#website\"},\"datePublished\":\"2024-05-05T23:40:59+00:00\",\"dateModified\":\"2025-04-15T15:46:04+00:00\",\"breadcrumb\":{\"@id\":\"https:\/\/scorab.eu\/cs\/sluzby\/#breadcrumb\"},\"inLanguage\":\"cs\",\"potentialAction\":[{\"@type\":\"ReadAction\",\"target\":[\"https:\/\/scorab.eu\/cs\/sluzby\/\"]}]},{\"@type\":\"BreadcrumbList\",\"@id\":\"https:\/\/scorab.eu\/cs\/sluzby\/#breadcrumb\",\"itemListElement\":[{\"@type\":\"ListItem\",\"position\":1,\"name\":\"Strona g\u0142\u00f3wna\",\"item\":\"https:\/\/scorab.eu\/cs\/domovska-stranka\/\"},{\"@type\":\"ListItem\",\"position\":2,\"name\":\"Slu\u017eby\"}]},{\"@type\":\"WebSite\",\"@id\":\"https:\/\/scorab.eu\/cs\/#website\",\"url\":\"https:\/\/scorab.eu\/cs\/\",\"name\":\"Scorab.eu\",\"description\":\"Produkcja oraz us\u0142ugi w zakresie przetwarzania metali szlachetnych i ich stop&oacute;w.\",\"publisher\":{\"@id\":\"https:\/\/scorab.eu\/cs\/#organization\"},\"potentialAction\":[{\"@type\":\"SearchAction\",\"target\":{\"@type\":\"EntryPoint\",\"urlTemplate\":\"https:\/\/scorab.eu\/cs\/?s={search_term_string}\"},\"query-input\":{\"@type\":\"PropertyValueSpecification\",\"valueRequired\":true,\"valueName\":\"search_term_string\"}}],\"inLanguage\":\"cs\"},{\"@type\":\"Organization\",\"@id\":\"https:\/\/scorab.eu\/cs\/#organization\",\"name\":\"Scorab.eu\",\"url\":\"https:\/\/scorab.eu\/cs\/\",\"logo\":{\"@type\":\"ImageObject\",\"inLanguage\":\"cs\",\"@id\":\"https:\/\/scorab.eu\/cs\/#\/schema\/logo\/image\/\",\"url\":\"https:\/\/scorab.eu\/wp-content\/uploads\/2024\/02\/obraz_2024-02-15_193251345.png\",\"contentUrl\":\"https:\/\/scorab.eu\/wp-content\/uploads\/2024\/02\/obraz_2024-02-15_193251345.png\",\"width\":506,\"height\":150,\"caption\":\"Scorab.eu\"},\"image\":{\"@id\":\"https:\/\/scorab.eu\/cs\/#\/schema\/logo\/image\/\"}}]}<\/script>\n<!-- \/ Yoast SEO plugin. -->","yoast_head_json":{"title":"Slu\u017eby - Scorab.eu","robots":{"index":"index","follow":"follow","max-snippet":"max-snippet:-1","max-image-preview":"max-image-preview:large","max-video-preview":"max-video-preview:-1"},"canonical":"https:\/\/scorab.eu\/cs\/sluzby\/","og_locale":"cs_CZ","og_type":"article","og_title":"Slu\u017eby - Scorab.eu","og_description":"D\u011aROV\u00c1N\u00cd A \u0158EZ\u00c1N\u00cd Na p\u0159\u00e1n\u00ed z\u00e1kazn\u00edka vyr\u00e1b\u00edme polotovary z n\u00e1mi vyr\u00e1b\u011bn\u00fdch st\u0159\u00edbrn\u00fdch a mosazn\u00fdch p\u00e1s\u016f. Tvar polotovaru z\u00e1vis\u00ed na matric\u00edch a razn\u00edc\u00edch dodan\u00fdch z\u00e1kazn\u00edkem. Parametry vyra\u017een\u00fdch d\u00edl\u016f i vlastnosti slitin z\u00e1vis\u00ed na zvolen\u00e9m typu p\u00e1sku. Maxim\u00e1ln\u00ed \u0161\u00ed\u0159ka pr\u00e1zdn\u00e9ho pole: Tlou\u0161\u0165ka z\u00e1slepky: Dle objedn\u00e1vky z\u00e1kazn\u00edka. OBJEDN\u00c1VKA Prov\u00e1d\u011bn\u00ed ze sv\u011b\u0159en\u00fdch materi\u00e1l\u016f Po p\u0159edchoz\u00ed dohod\u011b m\u016f\u017eeme na\u0161e v\u00fdrobky [&hellip;]","og_url":"https:\/\/scorab.eu\/cs\/sluzby\/","og_site_name":"Scorab.eu","article_modified_time":"2025-04-15T15:46:04+00:00","twitter_card":"summary_large_image","twitter_misc":{"Est. reading time":"1 minuta"},"schema":{"@context":"https:\/\/schema.org","@graph":[{"@type":"WebPage","@id":"https:\/\/scorab.eu\/cs\/sluzby\/","url":"https:\/\/scorab.eu\/cs\/sluzby\/","name":"Slu\u017eby - Scorab.eu","isPartOf":{"@id":"https:\/\/scorab.eu\/cs\/#website"},"datePublished":"2024-05-05T23:40:59+00:00","dateModified":"2025-04-15T15:46:04+00:00","breadcrumb":{"@id":"https:\/\/scorab.eu\/cs\/sluzby\/#breadcrumb"},"inLanguage":"cs","potentialAction":[{"@type":"ReadAction","target":["https:\/\/scorab.eu\/cs\/sluzby\/"]}]},{"@type":"BreadcrumbList","@id":"https:\/\/scorab.eu\/cs\/sluzby\/#breadcrumb","itemListElement":[{"@type":"ListItem","position":1,"name":"Strona g\u0142\u00f3wna","item":"https:\/\/scorab.eu\/cs\/domovska-stranka\/"},{"@type":"ListItem","position":2,"name":"Slu\u017eby"}]},{"@type":"WebSite","@id":"https:\/\/scorab.eu\/cs\/#website","url":"https:\/\/scorab.eu\/cs\/","name":"Scorab.eu","description":"Produkcja oraz us\u0142ugi w zakresie przetwarzania metali szlachetnych i ich stop&oacute;w.","publisher":{"@id":"https:\/\/scorab.eu\/cs\/#organization"},"potentialAction":[{"@type":"SearchAction","target":{"@type":"EntryPoint","urlTemplate":"https:\/\/scorab.eu\/cs\/?s={search_term_string}"},"query-input":{"@type":"PropertyValueSpecification","valueRequired":true,"valueName":"search_term_string"}}],"inLanguage":"cs"},{"@type":"Organization","@id":"https:\/\/scorab.eu\/cs\/#organization","name":"Scorab.eu","url":"https:\/\/scorab.eu\/cs\/","logo":{"@type":"ImageObject","inLanguage":"cs","@id":"https:\/\/scorab.eu\/cs\/#\/schema\/logo\/image\/","url":"https:\/\/scorab.eu\/wp-content\/uploads\/2024\/02\/obraz_2024-02-15_193251345.png","contentUrl":"https:\/\/scorab.eu\/wp-content\/uploads\/2024\/02\/obraz_2024-02-15_193251345.png","width":506,"height":150,"caption":"Scorab.eu"},"image":{"@id":"https:\/\/scorab.eu\/cs\/#\/schema\/logo\/image\/"}}]}},"_links":{"self":[{"href":"https:\/\/scorab.eu\/cs\/wp-json\/wp\/v2\/pages\/1643","targetHints":{"allow":["GET"]}}],"collection":[{"href":"https:\/\/scorab.eu\/cs\/wp-json\/wp\/v2\/pages"}],"about":[{"href":"https:\/\/scorab.eu\/cs\/wp-json\/wp\/v2\/types\/page"}],"author":[{"embeddable":true,"href":"https:\/\/scorab.eu\/cs\/wp-json\/wp\/v2\/users\/4"}],"replies":[{"embeddable":true,"href":"https:\/\/scorab.eu\/cs\/wp-json\/wp\/v2\/comments?post=1643"}],"version-history":[{"count":1,"href":"https:\/\/scorab.eu\/cs\/wp-json\/wp\/v2\/pages\/1643\/revisions"}],"predecessor-version":[{"id":1646,"href":"https:\/\/scorab.eu\/cs\/wp-json\/wp\/v2\/pages\/1643\/revisions\/1646"}],"wp:attachment":[{"href":"https:\/\/scorab.eu\/cs\/wp-json\/wp\/v2\/media?parent=1643"}],"curies":[{"name":"wp","href":"https:\/\/api.w.org\/{rel}","templated":true}]}}