{"id":1657,"date":"2024-02-13T18:25:01","date_gmt":"2024-02-13T18:25:01","guid":{"rendered":"https:\/\/scorab.eu\/spolecnost\/"},"modified":"2025-04-15T15:46:10","modified_gmt":"2025-04-15T15:46:10","slug":"spolecnost","status":"publish","type":"page","link":"https:\/\/scorab.eu\/cs\/spolecnost\/","title":{"rendered":"Spole\u010dnost"},"content":{"rendered":"\t\t<div data-elementor-type=\"wp-page\" data-elementor-id=\"1657\" class=\"elementor elementor-1657 elementor-76\" data-elementor-post-type=\"page\">\n\t\t\t\t<div class=\"elementor-element elementor-element-7c3de7a0 e-flex e-con-boxed e-con e-parent\" data-id=\"7c3de7a0\" data-element_type=\"container\" data-settings=\"{&quot;background_background&quot;:&quot;classic&quot;}\">\n\t\t\t\t\t<div class=\"e-con-inner\">\n\t\t<div class=\"elementor-element elementor-element-25715ac0 e-con-full e-flex e-con e-child\" data-id=\"25715ac0\" data-element_type=\"container\" data-settings=\"{&quot;background_background&quot;:&quot;classic&quot;}\">\n\t\t<div class=\"elementor-element elementor-element-28426449 e-flex e-con-boxed e-con e-child\" data-id=\"28426449\" data-element_type=\"container\" data-settings=\"{&quot;background_background&quot;:&quot;classic&quot;}\">\n\t\t\t\t\t<div class=\"e-con-inner\">\n\t\t\t\t<div class=\"elementor-element elementor-element-27000d2 elementor-widget elementor-widget-heading\" data-id=\"27000d2\" data-element_type=\"widget\" data-widget_type=\"heading.default\">\n\t\t\t\t<div class=\"elementor-widget-container\">\n\t\t\t\t\t<h3 class=\"elementor-heading-title elementor-size-default\">O SPOLE\u010cNOSTI<\/h3>\t\t\t\t<\/div>\n\t\t\t\t<\/div>\n\t\t\t\t<div class=\"elementor-element elementor-element-4cddd75 elementor-widget elementor-widget-text-editor\" data-id=\"4cddd75\" data-element_type=\"widget\" data-widget_type=\"text-editor.default\">\n\t\t\t\t<div class=\"elementor-widget-container\">\n\t\t\t\t\t\t\t\t\t<p>Spole\u010dnost SCORAB \u00fasp\u011b\u0161n\u011b p\u016fsob\u00ed na trhu s drah\u00fdmi kovy od roku 1992.<\/p><p>Na\u0161e dlouholet\u00e9 zku\u0161enosti a nejmodern\u011bj\u0161\u00ed technologie pou\u017e\u00edvan\u00e9 p\u0159i v\u00fdrob\u011b umo\u017e\u0148uj\u00ed vyu\u017eit\u00ed na\u0161ich v\u00fdrobk\u016f v mnoha r\u016fzn\u00fdch oblastech, nap\u0159\u00edklad ve \u0161perka\u0159sk\u00fdch ateli\u00e9rech, v z\u00e1vodech vyu\u017e\u00edvaj\u00edc\u00edch technologii galvanick\u00e9ho pokovov\u00e1n\u00ed st\u0159\u00edbrem, v energetick\u00e9m pr\u016fmyslu a v elektronice.<\/p><p>P\u0159i vy\u0159izov\u00e1n\u00ed objedn\u00e1vek db\u00e1me p\u0159edev\u0161\u00edm na kvalitu na\u0161ich v\u00fdrobk\u016f a zaru\u010dujeme jejich spolehlivost a p\u0159esnost. Ke ka\u017ed\u00e9mu z\u00e1kazn\u00edkovi p\u0159istupujeme individu\u00e1ln\u011b a na z\u00e1klad\u011b na\u0161ich znalost\u00ed a zku\u0161enost\u00ed se sna\u017e\u00edme p\u0159izp\u016fsobit nab\u00eddku pot\u0159eb\u00e1m na\u0161ich partner\u016f. <\/p>\t\t\t\t\t\t\t\t<\/div>\n\t\t\t\t<\/div>\n\t\t\t\t\t<\/div>\n\t\t\t\t<\/div>\n\t\t\t\t<\/div>\n\t\t\t\t\t<\/div>\n\t\t\t\t<\/div>\n\t\t\t\t<\/div>\n\t\t","protected":false},"excerpt":{"rendered":"<p>O SPOLE\u010cNOSTI Spole\u010dnost SCORAB \u00fasp\u011b\u0161n\u011b p\u016fsob\u00ed na trhu s drah\u00fdmi kovy od roku 1992. Na\u0161e dlouholet\u00e9 zku\u0161enosti a nejmodern\u011bj\u0161\u00ed technologie pou\u017e\u00edvan\u00e9 p\u0159i v\u00fdrob\u011b umo\u017e\u0148uj\u00ed vyu\u017eit\u00ed na\u0161ich v\u00fdrobk\u016f v mnoha r\u016fzn\u00fdch oblastech, nap\u0159\u00edklad ve \u0161perka\u0159sk\u00fdch ateli\u00e9rech, v z\u00e1vodech vyu\u017e\u00edvaj\u00edc\u00edch technologii galvanick\u00e9ho pokovov\u00e1n\u00ed st\u0159\u00edbrem, v energetick\u00e9m pr\u016fmyslu a v elektronice. P\u0159i vy\u0159izov\u00e1n\u00ed objedn\u00e1vek db\u00e1me p\u0159edev\u0161\u00edm na kvalitu [&hellip;]<\/p>\n","protected":false},"author":1,"featured_media":0,"parent":0,"menu_order":0,"comment_status":"closed","ping_status":"closed","template":"elementor_header_footer","meta":{"footnotes":""},"class_list":["post-1657","page","type-page","status-publish","hentry"],"yoast_head":"<!-- This site is optimized with the Yoast SEO plugin v24.6 - https:\/\/yoast.com\/wordpress\/plugins\/seo\/ -->\n<title>Spole\u010dnost - Scorab.eu<\/title>\n<meta name=\"robots\" content=\"index, follow, max-snippet:-1, max-image-preview:large, max-video-preview:-1\" \/>\n<link rel=\"canonical\" href=\"https:\/\/scorab.eu\/cs\/spolecnost\/\" \/>\n<meta property=\"og:locale\" content=\"cs_CZ\" \/>\n<meta property=\"og:type\" content=\"article\" \/>\n<meta property=\"og:title\" content=\"Spole\u010dnost - Scorab.eu\" \/>\n<meta property=\"og:description\" content=\"O SPOLE\u010cNOSTI Spole\u010dnost SCORAB \u00fasp\u011b\u0161n\u011b p\u016fsob\u00ed na trhu s drah\u00fdmi kovy od roku 1992. Na\u0161e dlouholet\u00e9 zku\u0161enosti a nejmodern\u011bj\u0161\u00ed technologie pou\u017e\u00edvan\u00e9 p\u0159i v\u00fdrob\u011b umo\u017e\u0148uj\u00ed vyu\u017eit\u00ed na\u0161ich v\u00fdrobk\u016f v mnoha r\u016fzn\u00fdch oblastech, nap\u0159\u00edklad ve \u0161perka\u0159sk\u00fdch ateli\u00e9rech, v z\u00e1vodech vyu\u017e\u00edvaj\u00edc\u00edch technologii galvanick\u00e9ho pokovov\u00e1n\u00ed st\u0159\u00edbrem, v energetick\u00e9m pr\u016fmyslu a v elektronice. P\u0159i vy\u0159izov\u00e1n\u00ed objedn\u00e1vek db\u00e1me p\u0159edev\u0161\u00edm na kvalitu [&hellip;]\" \/>\n<meta property=\"og:url\" content=\"https:\/\/scorab.eu\/cs\/spolecnost\/\" \/>\n<meta property=\"og:site_name\" content=\"Scorab.eu\" \/>\n<meta property=\"article:modified_time\" content=\"2025-04-15T15:46:10+00:00\" \/>\n<meta name=\"twitter:card\" content=\"summary_large_image\" \/>\n<meta name=\"twitter:label1\" content=\"Est. reading time\" \/>\n\t<meta name=\"twitter:data1\" content=\"1 minuta\" \/>\n<script type=\"application\/ld+json\" class=\"yoast-schema-graph\">{\"@context\":\"https:\/\/schema.org\",\"@graph\":[{\"@type\":\"WebPage\",\"@id\":\"https:\/\/scorab.eu\/cs\/spolecnost\/\",\"url\":\"https:\/\/scorab.eu\/cs\/spolecnost\/\",\"name\":\"Spole\u010dnost - Scorab.eu\",\"isPartOf\":{\"@id\":\"https:\/\/scorab.eu\/cs\/#website\"},\"datePublished\":\"2024-02-13T18:25:01+00:00\",\"dateModified\":\"2025-04-15T15:46:10+00:00\",\"breadcrumb\":{\"@id\":\"https:\/\/scorab.eu\/cs\/spolecnost\/#breadcrumb\"},\"inLanguage\":\"cs\",\"potentialAction\":[{\"@type\":\"ReadAction\",\"target\":[\"https:\/\/scorab.eu\/cs\/spolecnost\/\"]}]},{\"@type\":\"BreadcrumbList\",\"@id\":\"https:\/\/scorab.eu\/cs\/spolecnost\/#breadcrumb\",\"itemListElement\":[{\"@type\":\"ListItem\",\"position\":1,\"name\":\"Strona g\u0142\u00f3wna\",\"item\":\"https:\/\/scorab.eu\/cs\/domovska-stranka\/\"},{\"@type\":\"ListItem\",\"position\":2,\"name\":\"Spole\u010dnost\"}]},{\"@type\":\"WebSite\",\"@id\":\"https:\/\/scorab.eu\/cs\/#website\",\"url\":\"https:\/\/scorab.eu\/cs\/\",\"name\":\"Scorab.eu\",\"description\":\"Produkcja oraz us\u0142ugi w zakresie przetwarzania metali szlachetnych i ich stop&oacute;w.\",\"publisher\":{\"@id\":\"https:\/\/scorab.eu\/cs\/#organization\"},\"potentialAction\":[{\"@type\":\"SearchAction\",\"target\":{\"@type\":\"EntryPoint\",\"urlTemplate\":\"https:\/\/scorab.eu\/cs\/?s={search_term_string}\"},\"query-input\":{\"@type\":\"PropertyValueSpecification\",\"valueRequired\":true,\"valueName\":\"search_term_string\"}}],\"inLanguage\":\"cs\"},{\"@type\":\"Organization\",\"@id\":\"https:\/\/scorab.eu\/cs\/#organization\",\"name\":\"Scorab.eu\",\"url\":\"https:\/\/scorab.eu\/cs\/\",\"logo\":{\"@type\":\"ImageObject\",\"inLanguage\":\"cs\",\"@id\":\"https:\/\/scorab.eu\/cs\/#\/schema\/logo\/image\/\",\"url\":\"https:\/\/scorab.eu\/wp-content\/uploads\/2024\/02\/obraz_2024-02-15_193251345.png\",\"contentUrl\":\"https:\/\/scorab.eu\/wp-content\/uploads\/2024\/02\/obraz_2024-02-15_193251345.png\",\"width\":506,\"height\":150,\"caption\":\"Scorab.eu\"},\"image\":{\"@id\":\"https:\/\/scorab.eu\/cs\/#\/schema\/logo\/image\/\"}}]}<\/script>\n<!-- \/ Yoast SEO plugin. -->","yoast_head_json":{"title":"Spole\u010dnost - Scorab.eu","robots":{"index":"index","follow":"follow","max-snippet":"max-snippet:-1","max-image-preview":"max-image-preview:large","max-video-preview":"max-video-preview:-1"},"canonical":"https:\/\/scorab.eu\/cs\/spolecnost\/","og_locale":"cs_CZ","og_type":"article","og_title":"Spole\u010dnost - Scorab.eu","og_description":"O SPOLE\u010cNOSTI Spole\u010dnost SCORAB \u00fasp\u011b\u0161n\u011b p\u016fsob\u00ed na trhu s drah\u00fdmi kovy od roku 1992. Na\u0161e dlouholet\u00e9 zku\u0161enosti a nejmodern\u011bj\u0161\u00ed technologie pou\u017e\u00edvan\u00e9 p\u0159i v\u00fdrob\u011b umo\u017e\u0148uj\u00ed vyu\u017eit\u00ed na\u0161ich v\u00fdrobk\u016f v mnoha r\u016fzn\u00fdch oblastech, nap\u0159\u00edklad ve \u0161perka\u0159sk\u00fdch ateli\u00e9rech, v z\u00e1vodech vyu\u017e\u00edvaj\u00edc\u00edch technologii galvanick\u00e9ho pokovov\u00e1n\u00ed st\u0159\u00edbrem, v energetick\u00e9m pr\u016fmyslu a v elektronice. P\u0159i vy\u0159izov\u00e1n\u00ed objedn\u00e1vek db\u00e1me p\u0159edev\u0161\u00edm na kvalitu [&hellip;]","og_url":"https:\/\/scorab.eu\/cs\/spolecnost\/","og_site_name":"Scorab.eu","article_modified_time":"2025-04-15T15:46:10+00:00","twitter_card":"summary_large_image","twitter_misc":{"Est. reading time":"1 minuta"},"schema":{"@context":"https:\/\/schema.org","@graph":[{"@type":"WebPage","@id":"https:\/\/scorab.eu\/cs\/spolecnost\/","url":"https:\/\/scorab.eu\/cs\/spolecnost\/","name":"Spole\u010dnost - Scorab.eu","isPartOf":{"@id":"https:\/\/scorab.eu\/cs\/#website"},"datePublished":"2024-02-13T18:25:01+00:00","dateModified":"2025-04-15T15:46:10+00:00","breadcrumb":{"@id":"https:\/\/scorab.eu\/cs\/spolecnost\/#breadcrumb"},"inLanguage":"cs","potentialAction":[{"@type":"ReadAction","target":["https:\/\/scorab.eu\/cs\/spolecnost\/"]}]},{"@type":"BreadcrumbList","@id":"https:\/\/scorab.eu\/cs\/spolecnost\/#breadcrumb","itemListElement":[{"@type":"ListItem","position":1,"name":"Strona g\u0142\u00f3wna","item":"https:\/\/scorab.eu\/cs\/domovska-stranka\/"},{"@type":"ListItem","position":2,"name":"Spole\u010dnost"}]},{"@type":"WebSite","@id":"https:\/\/scorab.eu\/cs\/#website","url":"https:\/\/scorab.eu\/cs\/","name":"Scorab.eu","description":"Produkcja oraz us\u0142ugi w zakresie przetwarzania metali szlachetnych i ich stop&oacute;w.","publisher":{"@id":"https:\/\/scorab.eu\/cs\/#organization"},"potentialAction":[{"@type":"SearchAction","target":{"@type":"EntryPoint","urlTemplate":"https:\/\/scorab.eu\/cs\/?s={search_term_string}"},"query-input":{"@type":"PropertyValueSpecification","valueRequired":true,"valueName":"search_term_string"}}],"inLanguage":"cs"},{"@type":"Organization","@id":"https:\/\/scorab.eu\/cs\/#organization","name":"Scorab.eu","url":"https:\/\/scorab.eu\/cs\/","logo":{"@type":"ImageObject","inLanguage":"cs","@id":"https:\/\/scorab.eu\/cs\/#\/schema\/logo\/image\/","url":"https:\/\/scorab.eu\/wp-content\/uploads\/2024\/02\/obraz_2024-02-15_193251345.png","contentUrl":"https:\/\/scorab.eu\/wp-content\/uploads\/2024\/02\/obraz_2024-02-15_193251345.png","width":506,"height":150,"caption":"Scorab.eu"},"image":{"@id":"https:\/\/scorab.eu\/cs\/#\/schema\/logo\/image\/"}}]}},"_links":{"self":[{"href":"https:\/\/scorab.eu\/cs\/wp-json\/wp\/v2\/pages\/1657","targetHints":{"allow":["GET"]}}],"collection":[{"href":"https:\/\/scorab.eu\/cs\/wp-json\/wp\/v2\/pages"}],"about":[{"href":"https:\/\/scorab.eu\/cs\/wp-json\/wp\/v2\/types\/page"}],"author":[{"embeddable":true,"href":"https:\/\/scorab.eu\/cs\/wp-json\/wp\/v2\/users\/1"}],"replies":[{"embeddable":true,"href":"https:\/\/scorab.eu\/cs\/wp-json\/wp\/v2\/comments?post=1657"}],"version-history":[{"count":1,"href":"https:\/\/scorab.eu\/cs\/wp-json\/wp\/v2\/pages\/1657\/revisions"}],"predecessor-version":[{"id":1658,"href":"https:\/\/scorab.eu\/cs\/wp-json\/wp\/v2\/pages\/1657\/revisions\/1658"}],"wp:attachment":[{"href":"https:\/\/scorab.eu\/cs\/wp-json\/wp\/v2\/media?parent=1657"}],"curies":[{"name":"wp","href":"https:\/\/api.w.org\/{rel}","templated":true}]}}