{"id":1674,"date":"2024-02-13T18:25:25","date_gmt":"2024-02-13T18:25:25","guid":{"rendered":"https:\/\/scorab.eu\/produkt\/kontaktni-prvky\/"},"modified":"2025-05-12T12:27:07","modified_gmt":"2025-05-12T12:27:07","slug":"kontaktni-prvky","status":"publish","type":"product","link":"https:\/\/scorab.eu\/cs\/produkt\/kontaktni-prvky\/","title":{"rendered":"Kontaktn\u00ed prvky"},"content":{"rendered":"<p>St\u0159\u00edbro a jeho slitiny jsou ide\u00e1ln\u00edm materi\u00e1lem pro v\u00fdrobu vodiv\u00fdch sou\u010d\u00e1stek pou\u017e\u00edvan\u00fdch v energetice, elektronice, elektrotechnick\u00e9m a automatiza\u010dn\u00edm pr\u016fmyslu.<br \/>\nSt\u0159\u00edbrn\u00e9 kontakty vyr\u00e1b\u00edme ve form\u011b tvarovek s r\u016fzn\u00fdmi profily a tlou\u0161\u0165kami.<\/p>\n<p>Tvary a rozm\u011bry kontaktn\u00edch prvk\u016f a materi\u00e1l slitiny se ur\u010duj\u00ed individu\u00e1ln\u011b a p\u0159izp\u016fsobuj\u00ed se pou\u017eit\u00e9 technologii a pot\u0159eb\u00e1m z\u00e1kazn\u00edka.<\/p>\n","protected":false},"excerpt":{"rendered":"<p>St\u0159\u00edbro a jeho slitiny jsou ide\u00e1ln\u00edm materi\u00e1lem pro v\u00fdrobu vodiv\u00fdch sou\u010d\u00e1stek pou\u017e\u00edvan\u00fdch v energetice, elektronice, elektrotechnick\u00e9m a automatiza\u010dn\u00edm pr\u016fmyslu. St\u0159\u00edbrn\u00e9 kontakty vyr\u00e1b\u00edme ve form\u011b tvarovek s r\u016fzn\u00fdmi profily a tlou\u0161\u0165kami. Tvary a rozm\u011bry kontaktn\u00edch prvk\u016f a materi\u00e1l slitiny se ur\u010duj\u00ed individu\u00e1ln\u011b a p\u0159izp\u016fsobuj\u00ed se pou\u017eit\u00e9 technologii a pot\u0159eb\u00e1m z\u00e1kazn\u00edka.<\/p>\n","protected":false},"featured_media":1916,"comment_status":"open","ping_status":"closed","template":"","meta":[],"product_cat":[134],"product_tag":[],"class_list":{"0":"post-1674","1":"product","2":"type-product","3":"status-publish","4":"has-post-thumbnail","6":"product_cat-prumysl","8":"first","9":"instock","10":"shipping-taxable","11":"product-type-simple"},"yoast_head":"<!-- This site is optimized with the Yoast SEO plugin v24.6 - https:\/\/yoast.com\/wordpress\/plugins\/seo\/ -->\n<title>Kontaktn\u00ed prvky - Scorab.eu<\/title>\n<meta name=\"robots\" content=\"index, follow, max-snippet:-1, max-image-preview:large, max-video-preview:-1\" \/>\n<link rel=\"canonical\" href=\"https:\/\/scorab.eu\/cs\/produkt\/kontaktni-prvky\/\" \/>\n<meta property=\"og:locale\" content=\"cs_CZ\" \/>\n<meta property=\"og:type\" content=\"article\" \/>\n<meta property=\"og:title\" content=\"Kontaktn\u00ed prvky - Scorab.eu\" \/>\n<meta property=\"og:description\" content=\"St\u0159\u00edbro a jeho slitiny jsou ide\u00e1ln\u00edm materi\u00e1lem pro v\u00fdrobu vodiv\u00fdch sou\u010d\u00e1stek pou\u017e\u00edvan\u00fdch v energetice, elektronice, elektrotechnick\u00e9m a automatiza\u010dn\u00edm pr\u016fmyslu. St\u0159\u00edbrn\u00e9 kontakty vyr\u00e1b\u00edme ve form\u011b tvarovek s r\u016fzn\u00fdmi profily a tlou\u0161\u0165kami. Tvary a rozm\u011bry kontaktn\u00edch prvk\u016f a materi\u00e1l slitiny se ur\u010duj\u00ed individu\u00e1ln\u011b a p\u0159izp\u016fsobuj\u00ed se pou\u017eit\u00e9 technologii a pot\u0159eb\u00e1m z\u00e1kazn\u00edka.\" \/>\n<meta property=\"og:url\" content=\"https:\/\/scorab.eu\/cs\/produkt\/kontaktni-prvky\/\" \/>\n<meta property=\"og:site_name\" content=\"Scorab.eu\" \/>\n<meta property=\"article:modified_time\" content=\"2025-05-12T12:27:07+00:00\" \/>\n<meta property=\"og:image\" content=\"https:\/\/scorab.eu\/wp-content\/uploads\/2024\/02\/anody-side-4k-scaled.jpg\" \/>\n\t<meta property=\"og:image:width\" content=\"2560\" \/>\n\t<meta property=\"og:image:height\" content=\"1705\" \/>\n\t<meta property=\"og:image:type\" content=\"image\/jpeg\" \/>\n<meta name=\"twitter:card\" content=\"summary_large_image\" \/>\n<script type=\"application\/ld+json\" class=\"yoast-schema-graph\">{\"@context\":\"https:\/\/schema.org\",\"@graph\":[{\"@type\":\"WebPage\",\"@id\":\"https:\/\/scorab.eu\/cs\/produkt\/kontaktni-prvky\/\",\"url\":\"https:\/\/scorab.eu\/cs\/produkt\/kontaktni-prvky\/\",\"name\":\"Kontaktn\u00ed prvky - Scorab.eu\",\"isPartOf\":{\"@id\":\"https:\/\/scorab.eu\/cs\/#website\"},\"primaryImageOfPage\":{\"@id\":\"https:\/\/scorab.eu\/cs\/produkt\/kontaktni-prvky\/#primaryimage\"},\"image\":{\"@id\":\"https:\/\/scorab.eu\/cs\/produkt\/kontaktni-prvky\/#primaryimage\"},\"thumbnailUrl\":\"https:\/\/scorab.eu\/wp-content\/uploads\/2024\/02\/styk-1-scaled.jpg\",\"datePublished\":\"2024-02-13T18:25:25+00:00\",\"dateModified\":\"2025-05-12T12:27:07+00:00\",\"breadcrumb\":{\"@id\":\"https:\/\/scorab.eu\/cs\/produkt\/kontaktni-prvky\/#breadcrumb\"},\"inLanguage\":\"cs\",\"potentialAction\":[{\"@type\":\"ReadAction\",\"target\":[\"https:\/\/scorab.eu\/cs\/produkt\/kontaktni-prvky\/\"]}]},{\"@type\":\"ImageObject\",\"inLanguage\":\"cs\",\"@id\":\"https:\/\/scorab.eu\/cs\/produkt\/kontaktni-prvky\/#primaryimage\",\"url\":\"https:\/\/scorab.eu\/wp-content\/uploads\/2024\/02\/styk-1-scaled.jpg\",\"contentUrl\":\"https:\/\/scorab.eu\/wp-content\/uploads\/2024\/02\/styk-1-scaled.jpg\",\"width\":2560,\"height\":1708},{\"@type\":\"BreadcrumbList\",\"@id\":\"https:\/\/scorab.eu\/cs\/produkt\/kontaktni-prvky\/#breadcrumb\",\"itemListElement\":[{\"@type\":\"ListItem\",\"position\":1,\"name\":\"Strona g\u0142\u00f3wna\",\"item\":\"https:\/\/scorab.eu\/cs\/domovska-stranka\/\"},{\"@type\":\"ListItem\",\"position\":2,\"name\":\"Produkty\",\"item\":\"https:\/\/scorab.eu\/produkty\/\"},{\"@type\":\"ListItem\",\"position\":3,\"name\":\"Kontaktn\u00ed prvky\"}]},{\"@type\":\"WebSite\",\"@id\":\"https:\/\/scorab.eu\/cs\/#website\",\"url\":\"https:\/\/scorab.eu\/cs\/\",\"name\":\"Scorab.eu\",\"description\":\"Produkcja oraz us\u0142ugi w zakresie przetwarzania metali szlachetnych i ich stop&oacute;w.\",\"publisher\":{\"@id\":\"https:\/\/scorab.eu\/cs\/#organization\"},\"potentialAction\":[{\"@type\":\"SearchAction\",\"target\":{\"@type\":\"EntryPoint\",\"urlTemplate\":\"https:\/\/scorab.eu\/cs\/?s={search_term_string}\"},\"query-input\":{\"@type\":\"PropertyValueSpecification\",\"valueRequired\":true,\"valueName\":\"search_term_string\"}}],\"inLanguage\":\"cs\"},{\"@type\":\"Organization\",\"@id\":\"https:\/\/scorab.eu\/cs\/#organization\",\"name\":\"Scorab.eu\",\"url\":\"https:\/\/scorab.eu\/cs\/\",\"logo\":{\"@type\":\"ImageObject\",\"inLanguage\":\"cs\",\"@id\":\"https:\/\/scorab.eu\/cs\/#\/schema\/logo\/image\/\",\"url\":\"https:\/\/scorab.eu\/wp-content\/uploads\/2024\/02\/obraz_2024-02-15_193251345.png\",\"contentUrl\":\"https:\/\/scorab.eu\/wp-content\/uploads\/2024\/02\/obraz_2024-02-15_193251345.png\",\"width\":506,\"height\":150,\"caption\":\"Scorab.eu\"},\"image\":{\"@id\":\"https:\/\/scorab.eu\/cs\/#\/schema\/logo\/image\/\"}}]}<\/script>\n<!-- \/ Yoast SEO plugin. -->","yoast_head_json":{"title":"Kontaktn\u00ed prvky - Scorab.eu","robots":{"index":"index","follow":"follow","max-snippet":"max-snippet:-1","max-image-preview":"max-image-preview:large","max-video-preview":"max-video-preview:-1"},"canonical":"https:\/\/scorab.eu\/cs\/produkt\/kontaktni-prvky\/","og_locale":"cs_CZ","og_type":"article","og_title":"Kontaktn\u00ed prvky - Scorab.eu","og_description":"St\u0159\u00edbro a jeho slitiny jsou ide\u00e1ln\u00edm materi\u00e1lem pro v\u00fdrobu vodiv\u00fdch sou\u010d\u00e1stek pou\u017e\u00edvan\u00fdch v energetice, elektronice, elektrotechnick\u00e9m a automatiza\u010dn\u00edm pr\u016fmyslu. St\u0159\u00edbrn\u00e9 kontakty vyr\u00e1b\u00edme ve form\u011b tvarovek s r\u016fzn\u00fdmi profily a tlou\u0161\u0165kami. Tvary a rozm\u011bry kontaktn\u00edch prvk\u016f a materi\u00e1l slitiny se ur\u010duj\u00ed individu\u00e1ln\u011b a p\u0159izp\u016fsobuj\u00ed se pou\u017eit\u00e9 technologii a pot\u0159eb\u00e1m z\u00e1kazn\u00edka.","og_url":"https:\/\/scorab.eu\/cs\/produkt\/kontaktni-prvky\/","og_site_name":"Scorab.eu","article_modified_time":"2025-05-12T12:27:07+00:00","og_image":[{"width":2560,"height":1705,"url":"https:\/\/scorab.eu\/wp-content\/uploads\/2024\/02\/anody-side-4k-scaled.jpg","type":"image\/jpeg"}],"twitter_card":"summary_large_image","schema":{"@context":"https:\/\/schema.org","@graph":[{"@type":"WebPage","@id":"https:\/\/scorab.eu\/cs\/produkt\/kontaktni-prvky\/","url":"https:\/\/scorab.eu\/cs\/produkt\/kontaktni-prvky\/","name":"Kontaktn\u00ed prvky - Scorab.eu","isPartOf":{"@id":"https:\/\/scorab.eu\/cs\/#website"},"primaryImageOfPage":{"@id":"https:\/\/scorab.eu\/cs\/produkt\/kontaktni-prvky\/#primaryimage"},"image":{"@id":"https:\/\/scorab.eu\/cs\/produkt\/kontaktni-prvky\/#primaryimage"},"thumbnailUrl":"https:\/\/scorab.eu\/wp-content\/uploads\/2024\/02\/styk-1-scaled.jpg","datePublished":"2024-02-13T18:25:25+00:00","dateModified":"2025-05-12T12:27:07+00:00","breadcrumb":{"@id":"https:\/\/scorab.eu\/cs\/produkt\/kontaktni-prvky\/#breadcrumb"},"inLanguage":"cs","potentialAction":[{"@type":"ReadAction","target":["https:\/\/scorab.eu\/cs\/produkt\/kontaktni-prvky\/"]}]},{"@type":"ImageObject","inLanguage":"cs","@id":"https:\/\/scorab.eu\/cs\/produkt\/kontaktni-prvky\/#primaryimage","url":"https:\/\/scorab.eu\/wp-content\/uploads\/2024\/02\/styk-1-scaled.jpg","contentUrl":"https:\/\/scorab.eu\/wp-content\/uploads\/2024\/02\/styk-1-scaled.jpg","width":2560,"height":1708},{"@type":"BreadcrumbList","@id":"https:\/\/scorab.eu\/cs\/produkt\/kontaktni-prvky\/#breadcrumb","itemListElement":[{"@type":"ListItem","position":1,"name":"Strona g\u0142\u00f3wna","item":"https:\/\/scorab.eu\/cs\/domovska-stranka\/"},{"@type":"ListItem","position":2,"name":"Produkty","item":"https:\/\/scorab.eu\/produkty\/"},{"@type":"ListItem","position":3,"name":"Kontaktn\u00ed prvky"}]},{"@type":"WebSite","@id":"https:\/\/scorab.eu\/cs\/#website","url":"https:\/\/scorab.eu\/cs\/","name":"Scorab.eu","description":"Produkcja oraz us\u0142ugi w zakresie przetwarzania metali szlachetnych i ich stop&oacute;w.","publisher":{"@id":"https:\/\/scorab.eu\/cs\/#organization"},"potentialAction":[{"@type":"SearchAction","target":{"@type":"EntryPoint","urlTemplate":"https:\/\/scorab.eu\/cs\/?s={search_term_string}"},"query-input":{"@type":"PropertyValueSpecification","valueRequired":true,"valueName":"search_term_string"}}],"inLanguage":"cs"},{"@type":"Organization","@id":"https:\/\/scorab.eu\/cs\/#organization","name":"Scorab.eu","url":"https:\/\/scorab.eu\/cs\/","logo":{"@type":"ImageObject","inLanguage":"cs","@id":"https:\/\/scorab.eu\/cs\/#\/schema\/logo\/image\/","url":"https:\/\/scorab.eu\/wp-content\/uploads\/2024\/02\/obraz_2024-02-15_193251345.png","contentUrl":"https:\/\/scorab.eu\/wp-content\/uploads\/2024\/02\/obraz_2024-02-15_193251345.png","width":506,"height":150,"caption":"Scorab.eu"},"image":{"@id":"https:\/\/scorab.eu\/cs\/#\/schema\/logo\/image\/"}}]}},"_links":{"self":[{"href":"https:\/\/scorab.eu\/cs\/wp-json\/wp\/v2\/product\/1674","targetHints":{"allow":["GET"]}}],"collection":[{"href":"https:\/\/scorab.eu\/cs\/wp-json\/wp\/v2\/product"}],"about":[{"href":"https:\/\/scorab.eu\/cs\/wp-json\/wp\/v2\/types\/product"}],"replies":[{"embeddable":true,"href":"https:\/\/scorab.eu\/cs\/wp-json\/wp\/v2\/comments?post=1674"}],"version-history":[{"count":1,"href":"https:\/\/scorab.eu\/cs\/wp-json\/wp\/v2\/product\/1674\/revisions"}],"predecessor-version":[{"id":1902,"href":"https:\/\/scorab.eu\/cs\/wp-json\/wp\/v2\/product\/1674\/revisions\/1902"}],"wp:featuredmedia":[{"embeddable":true,"href":"https:\/\/scorab.eu\/cs\/wp-json\/wp\/v2\/media\/1916"}],"wp:attachment":[{"href":"https:\/\/scorab.eu\/cs\/wp-json\/wp\/v2\/media?parent=1674"}],"wp:term":[{"taxonomy":"product_cat","embeddable":true,"href":"https:\/\/scorab.eu\/cs\/wp-json\/wp\/v2\/product_cat?post=1674"},{"taxonomy":"product_tag","embeddable":true,"href":"https:\/\/scorab.eu\/cs\/wp-json\/wp\/v2\/product_tag?post=1674"}],"curies":[{"name":"wp","href":"https:\/\/api.w.org\/{rel}","templated":true}]}}