{"id":1676,"date":"2024-02-13T18:25:27","date_gmt":"2024-02-13T18:25:27","guid":{"rendered":"https:\/\/scorab.eu\/produkt\/luty-stribro-na-sperky\/"},"modified":"2024-02-13T18:25:27","modified_gmt":"2024-02-13T18:25:27","slug":"luty-stribro-na-sperky","status":"publish","type":"product","link":"https:\/\/scorab.eu\/cs\/produkt\/luty-stribro-na-sperky\/","title":{"rendered":"Luty st\u0159\u00edbro na \u0161perky"},"content":{"rendered":"<p>Velmi dobr\u00e1 p\u00e1jec\u00ed pojiva bez dekadmia vyr\u00e1b\u011bn\u00e1 na\u0161\u00ed spole\u010dnost\u00ed pro spojov\u00e1n\u00ed st\u0159\u00edbrn\u00fdch \u0161perka\u0159sk\u00fdch komponent\u016f, r\u016fzn\u00fdch uhl\u00edkov\u00fdch ocel\u00ed, legovan\u00fdch ocel\u00ed, nerezov\u00fdch ocel\u00ed, slitin m\u011bdi a niklu.<\/p>\n<p>Bod t\u00e1n\u00ed z\u00e1vis\u00ed na typu p\u00e1jky.<\/p>\n","protected":false},"excerpt":{"rendered":"<p>Velmi dobr\u00e1 p\u00e1jec\u00ed pojiva bez dekadmia vyr\u00e1b\u011bn\u00e1 na\u0161\u00ed spole\u010dnost\u00ed pro spojov\u00e1n\u00ed st\u0159\u00edbrn\u00fdch \u0161perka\u0159sk\u00fdch komponent\u016f, r\u016fzn\u00fdch uhl\u00edkov\u00fdch ocel\u00ed, legovan\u00fdch ocel\u00ed, nerezov\u00fdch ocel\u00ed, slitin m\u011bdi a niklu. Bod t\u00e1n\u00ed z\u00e1vis\u00ed na typu p\u00e1jky.<\/p>\n","protected":false},"featured_media":1678,"comment_status":"open","ping_status":"closed","template":"","meta":[],"product_cat":[134,135],"product_tag":[],"class_list":{"0":"post-1676","1":"product","2":"type-product","3":"status-publish","4":"has-post-thumbnail","6":"product_cat-prumysl","7":"product_cat-sperky","9":"first","10":"instock","11":"shipping-taxable","12":"product-type-simple"},"yoast_head":"<!-- This site is optimized with the Yoast SEO plugin v24.6 - https:\/\/yoast.com\/wordpress\/plugins\/seo\/ -->\n<title>Luty st\u0159\u00edbro na \u0161perky - Scorab.eu<\/title>\n<meta name=\"robots\" content=\"index, follow, max-snippet:-1, max-image-preview:large, max-video-preview:-1\" \/>\n<link rel=\"canonical\" href=\"https:\/\/scorab.eu\/cs\/produkt\/luty-stribro-na-sperky\/\" \/>\n<meta property=\"og:locale\" content=\"cs_CZ\" \/>\n<meta property=\"og:type\" content=\"article\" \/>\n<meta property=\"og:title\" content=\"Luty st\u0159\u00edbro na \u0161perky - Scorab.eu\" \/>\n<meta property=\"og:description\" content=\"Velmi dobr\u00e1 p\u00e1jec\u00ed pojiva bez dekadmia vyr\u00e1b\u011bn\u00e1 na\u0161\u00ed spole\u010dnost\u00ed pro spojov\u00e1n\u00ed st\u0159\u00edbrn\u00fdch \u0161perka\u0159sk\u00fdch komponent\u016f, r\u016fzn\u00fdch uhl\u00edkov\u00fdch ocel\u00ed, legovan\u00fdch ocel\u00ed, nerezov\u00fdch ocel\u00ed, slitin m\u011bdi a niklu. Bod t\u00e1n\u00ed z\u00e1vis\u00ed na typu p\u00e1jky.\" \/>\n<meta property=\"og:url\" content=\"https:\/\/scorab.eu\/cs\/produkt\/luty-stribro-na-sperky\/\" \/>\n<meta property=\"og:site_name\" content=\"Scorab.eu\" \/>\n<meta property=\"og:image\" content=\"https:\/\/scorab.eu\/wp-content\/uploads\/2024\/02\/5-luty.jpg\" \/>\n\t<meta property=\"og:image:width\" content=\"200\" \/>\n\t<meta property=\"og:image:height\" content=\"133\" \/>\n\t<meta property=\"og:image:type\" content=\"image\/jpeg\" \/>\n<meta name=\"twitter:card\" content=\"summary_large_image\" \/>\n<script type=\"application\/ld+json\" class=\"yoast-schema-graph\">{\"@context\":\"https:\/\/schema.org\",\"@graph\":[{\"@type\":\"WebPage\",\"@id\":\"https:\/\/scorab.eu\/cs\/produkt\/luty-stribro-na-sperky\/\",\"url\":\"https:\/\/scorab.eu\/cs\/produkt\/luty-stribro-na-sperky\/\",\"name\":\"Luty st\u0159\u00edbro na \u0161perky - Scorab.eu\",\"isPartOf\":{\"@id\":\"https:\/\/scorab.eu\/cs\/#website\"},\"primaryImageOfPage\":{\"@id\":\"https:\/\/scorab.eu\/cs\/produkt\/luty-stribro-na-sperky\/#primaryimage\"},\"image\":{\"@id\":\"https:\/\/scorab.eu\/cs\/produkt\/luty-stribro-na-sperky\/#primaryimage\"},\"thumbnailUrl\":\"https:\/\/scorab.eu\/wp-content\/uploads\/2024\/02\/5-luty.jpg\",\"datePublished\":\"2024-02-13T18:25:27+00:00\",\"breadcrumb\":{\"@id\":\"https:\/\/scorab.eu\/cs\/produkt\/luty-stribro-na-sperky\/#breadcrumb\"},\"inLanguage\":\"cs\",\"potentialAction\":[{\"@type\":\"ReadAction\",\"target\":[\"https:\/\/scorab.eu\/cs\/produkt\/luty-stribro-na-sperky\/\"]}]},{\"@type\":\"ImageObject\",\"inLanguage\":\"cs\",\"@id\":\"https:\/\/scorab.eu\/cs\/produkt\/luty-stribro-na-sperky\/#primaryimage\",\"url\":\"https:\/\/scorab.eu\/wp-content\/uploads\/2024\/02\/5-luty.jpg\",\"contentUrl\":\"https:\/\/scorab.eu\/wp-content\/uploads\/2024\/02\/5-luty.jpg\",\"width\":200,\"height\":133},{\"@type\":\"BreadcrumbList\",\"@id\":\"https:\/\/scorab.eu\/cs\/produkt\/luty-stribro-na-sperky\/#breadcrumb\",\"itemListElement\":[{\"@type\":\"ListItem\",\"position\":1,\"name\":\"Strona g\u0142\u00f3wna\",\"item\":\"https:\/\/scorab.eu\/cs\/domovska-stranka\/\"},{\"@type\":\"ListItem\",\"position\":2,\"name\":\"Produkty\",\"item\":\"https:\/\/scorab.eu\/produkty\/\"},{\"@type\":\"ListItem\",\"position\":3,\"name\":\"Luty st\u0159\u00edbro na \u0161perky\"}]},{\"@type\":\"WebSite\",\"@id\":\"https:\/\/scorab.eu\/cs\/#website\",\"url\":\"https:\/\/scorab.eu\/cs\/\",\"name\":\"Scorab.eu\",\"description\":\"Produkcja oraz us\u0142ugi w zakresie przetwarzania metali szlachetnych i ich stop&oacute;w.\",\"publisher\":{\"@id\":\"https:\/\/scorab.eu\/cs\/#organization\"},\"potentialAction\":[{\"@type\":\"SearchAction\",\"target\":{\"@type\":\"EntryPoint\",\"urlTemplate\":\"https:\/\/scorab.eu\/cs\/?s={search_term_string}\"},\"query-input\":{\"@type\":\"PropertyValueSpecification\",\"valueRequired\":true,\"valueName\":\"search_term_string\"}}],\"inLanguage\":\"cs\"},{\"@type\":\"Organization\",\"@id\":\"https:\/\/scorab.eu\/cs\/#organization\",\"name\":\"Scorab.eu\",\"url\":\"https:\/\/scorab.eu\/cs\/\",\"logo\":{\"@type\":\"ImageObject\",\"inLanguage\":\"cs\",\"@id\":\"https:\/\/scorab.eu\/cs\/#\/schema\/logo\/image\/\",\"url\":\"https:\/\/scorab.eu\/wp-content\/uploads\/2024\/02\/obraz_2024-02-15_193251345.png\",\"contentUrl\":\"https:\/\/scorab.eu\/wp-content\/uploads\/2024\/02\/obraz_2024-02-15_193251345.png\",\"width\":506,\"height\":150,\"caption\":\"Scorab.eu\"},\"image\":{\"@id\":\"https:\/\/scorab.eu\/cs\/#\/schema\/logo\/image\/\"}}]}<\/script>\n<!-- \/ Yoast SEO plugin. -->","yoast_head_json":{"title":"Luty st\u0159\u00edbro na \u0161perky - Scorab.eu","robots":{"index":"index","follow":"follow","max-snippet":"max-snippet:-1","max-image-preview":"max-image-preview:large","max-video-preview":"max-video-preview:-1"},"canonical":"https:\/\/scorab.eu\/cs\/produkt\/luty-stribro-na-sperky\/","og_locale":"cs_CZ","og_type":"article","og_title":"Luty st\u0159\u00edbro na \u0161perky - Scorab.eu","og_description":"Velmi dobr\u00e1 p\u00e1jec\u00ed pojiva bez dekadmia vyr\u00e1b\u011bn\u00e1 na\u0161\u00ed spole\u010dnost\u00ed pro spojov\u00e1n\u00ed st\u0159\u00edbrn\u00fdch \u0161perka\u0159sk\u00fdch komponent\u016f, r\u016fzn\u00fdch uhl\u00edkov\u00fdch ocel\u00ed, legovan\u00fdch ocel\u00ed, nerezov\u00fdch ocel\u00ed, slitin m\u011bdi a niklu. Bod t\u00e1n\u00ed z\u00e1vis\u00ed na typu p\u00e1jky.","og_url":"https:\/\/scorab.eu\/cs\/produkt\/luty-stribro-na-sperky\/","og_site_name":"Scorab.eu","og_image":[{"width":200,"height":133,"url":"https:\/\/scorab.eu\/wp-content\/uploads\/2024\/02\/5-luty.jpg","type":"image\/jpeg"}],"twitter_card":"summary_large_image","schema":{"@context":"https:\/\/schema.org","@graph":[{"@type":"WebPage","@id":"https:\/\/scorab.eu\/cs\/produkt\/luty-stribro-na-sperky\/","url":"https:\/\/scorab.eu\/cs\/produkt\/luty-stribro-na-sperky\/","name":"Luty st\u0159\u00edbro na \u0161perky - Scorab.eu","isPartOf":{"@id":"https:\/\/scorab.eu\/cs\/#website"},"primaryImageOfPage":{"@id":"https:\/\/scorab.eu\/cs\/produkt\/luty-stribro-na-sperky\/#primaryimage"},"image":{"@id":"https:\/\/scorab.eu\/cs\/produkt\/luty-stribro-na-sperky\/#primaryimage"},"thumbnailUrl":"https:\/\/scorab.eu\/wp-content\/uploads\/2024\/02\/5-luty.jpg","datePublished":"2024-02-13T18:25:27+00:00","breadcrumb":{"@id":"https:\/\/scorab.eu\/cs\/produkt\/luty-stribro-na-sperky\/#breadcrumb"},"inLanguage":"cs","potentialAction":[{"@type":"ReadAction","target":["https:\/\/scorab.eu\/cs\/produkt\/luty-stribro-na-sperky\/"]}]},{"@type":"ImageObject","inLanguage":"cs","@id":"https:\/\/scorab.eu\/cs\/produkt\/luty-stribro-na-sperky\/#primaryimage","url":"https:\/\/scorab.eu\/wp-content\/uploads\/2024\/02\/5-luty.jpg","contentUrl":"https:\/\/scorab.eu\/wp-content\/uploads\/2024\/02\/5-luty.jpg","width":200,"height":133},{"@type":"BreadcrumbList","@id":"https:\/\/scorab.eu\/cs\/produkt\/luty-stribro-na-sperky\/#breadcrumb","itemListElement":[{"@type":"ListItem","position":1,"name":"Strona g\u0142\u00f3wna","item":"https:\/\/scorab.eu\/cs\/domovska-stranka\/"},{"@type":"ListItem","position":2,"name":"Produkty","item":"https:\/\/scorab.eu\/produkty\/"},{"@type":"ListItem","position":3,"name":"Luty st\u0159\u00edbro na \u0161perky"}]},{"@type":"WebSite","@id":"https:\/\/scorab.eu\/cs\/#website","url":"https:\/\/scorab.eu\/cs\/","name":"Scorab.eu","description":"Produkcja oraz us\u0142ugi w zakresie przetwarzania metali szlachetnych i ich stop&oacute;w.","publisher":{"@id":"https:\/\/scorab.eu\/cs\/#organization"},"potentialAction":[{"@type":"SearchAction","target":{"@type":"EntryPoint","urlTemplate":"https:\/\/scorab.eu\/cs\/?s={search_term_string}"},"query-input":{"@type":"PropertyValueSpecification","valueRequired":true,"valueName":"search_term_string"}}],"inLanguage":"cs"},{"@type":"Organization","@id":"https:\/\/scorab.eu\/cs\/#organization","name":"Scorab.eu","url":"https:\/\/scorab.eu\/cs\/","logo":{"@type":"ImageObject","inLanguage":"cs","@id":"https:\/\/scorab.eu\/cs\/#\/schema\/logo\/image\/","url":"https:\/\/scorab.eu\/wp-content\/uploads\/2024\/02\/obraz_2024-02-15_193251345.png","contentUrl":"https:\/\/scorab.eu\/wp-content\/uploads\/2024\/02\/obraz_2024-02-15_193251345.png","width":506,"height":150,"caption":"Scorab.eu"},"image":{"@id":"https:\/\/scorab.eu\/cs\/#\/schema\/logo\/image\/"}}]}},"_links":{"self":[{"href":"https:\/\/scorab.eu\/cs\/wp-json\/wp\/v2\/product\/1676","targetHints":{"allow":["GET"]}}],"collection":[{"href":"https:\/\/scorab.eu\/cs\/wp-json\/wp\/v2\/product"}],"about":[{"href":"https:\/\/scorab.eu\/cs\/wp-json\/wp\/v2\/types\/product"}],"replies":[{"embeddable":true,"href":"https:\/\/scorab.eu\/cs\/wp-json\/wp\/v2\/comments?post=1676"}],"version-history":[{"count":0,"href":"https:\/\/scorab.eu\/cs\/wp-json\/wp\/v2\/product\/1676\/revisions"}],"wp:featuredmedia":[{"embeddable":true,"href":"https:\/\/scorab.eu\/cs\/wp-json\/wp\/v2\/media\/1678"}],"wp:attachment":[{"href":"https:\/\/scorab.eu\/cs\/wp-json\/wp\/v2\/media?parent=1676"}],"wp:term":[{"taxonomy":"product_cat","embeddable":true,"href":"https:\/\/scorab.eu\/cs\/wp-json\/wp\/v2\/product_cat?post=1676"},{"taxonomy":"product_tag","embeddable":true,"href":"https:\/\/scorab.eu\/cs\/wp-json\/wp\/v2\/product_tag?post=1676"}],"curies":[{"name":"wp","href":"https:\/\/api.w.org\/{rel}","templated":true}]}}