{"id":1691,"date":"2024-02-13T18:25:29","date_gmt":"2024-02-13T18:25:29","guid":{"rendered":"https:\/\/scorab.eu\/produkt\/draty-a-tyce\/"},"modified":"2025-04-15T16:02:00","modified_gmt":"2025-04-15T16:02:00","slug":"draty-a-tyce","status":"publish","type":"product","link":"https:\/\/scorab.eu\/cs\/produkt\/draty-a-tyce\/","title":{"rendered":"Dr\u00e1ty a ty\u010de"},"content":{"rendered":"<p><span style=\"font-weight: 400;\">Ta\u017een\u00e9 dr\u00e1ty p\u0159edev\u0161\u00edm ze slitin st\u0159\u00edbra a mosazi a m\u011bdi.<\/span><\/p>\n<p><span style=\"font-weight: 400;\">D\u00edky pou\u017eit\u00ed kontinu\u00e1ln\u00edho lit\u00ed, v\u00edcestup\u0148ov\u00e9ho tv\u00e1\u0159en\u00ed a tepeln\u00e9ho zpracov\u00e1n\u00ed v kontrolovan\u00e9 ochrann\u00e9 atmosf\u00e9\u0159e, kter\u00e9 zabra\u0148uje oxidaci povrchu b\u011bhem v\u00fdroby a vnik\u00e1n\u00ed ne\u010distot do v\u00fdrobku, si zachov\u00e1vaj\u00ed st\u00e1l\u00e9 vlastnosti po celou dobu v\u00fdroby. Speci\u00e1ln\u00ed tepeln\u00e9 zpracov\u00e1n\u00ed umo\u017e\u0148uje dos\u00e1hnout po\u017eadovan\u00e9 plasticity a pru\u017enosti v z\u00e1vislosti na zam\u00fd\u0161len\u00e9m pou\u017eit\u00ed. <\/span><\/p>\n<p><span style=\"font-weight: 400;\">Ide\u00e1ln\u00ed pro dal\u0161\u00ed zpracov\u00e1n\u00ed nebo pro pou\u017eit\u00ed nap\u0159\u00edklad ve \u0161perka\u0159stv\u00ed, elektronice, elektrotechnice a energetice.<\/span><\/p>\n<p><span style=\"font-weight: 400;\">St\u0159\u00edbrn\u00e9 dr\u00e1ty se standardn\u011b vyr\u00e1b\u011bj\u00ed ve slitin\u00e1ch Ag930, Ag999 a Ag99.99.<\/span><\/p>\n<p><span style=\"font-weight: 400;\">Mosazn\u00e9 dr\u00e1ty jsou vyrobeny z mosazi M63 a M85, zat\u00edmco m\u011bd\u011bn\u00e9 dr\u00e1ty jsou vyrobeny z elektrolytick\u00e9 m\u011bdi t\u0159\u00eddy M1E.<\/span><\/p>\n","protected":false},"excerpt":{"rendered":"<p>Ta\u017een\u00e9 dr\u00e1ty p\u0159edev\u0161\u00edm ze slitin st\u0159\u00edbra a mosazi a m\u011bdi. D\u00edky pou\u017eit\u00ed kontinu\u00e1ln\u00edho lit\u00ed, v\u00edcestup\u0148ov\u00e9ho tv\u00e1\u0159en\u00ed a tepeln\u00e9ho zpracov\u00e1n\u00ed v kontrolovan\u00e9 ochrann\u00e9 atmosf\u00e9\u0159e, kter\u00e9 zabra\u0148uje oxidaci povrchu b\u011bhem v\u00fdroby a vnik\u00e1n\u00ed ne\u010distot do v\u00fdrobku, si zachov\u00e1vaj\u00ed st\u00e1l\u00e9 vlastnosti po celou dobu v\u00fdroby. Speci\u00e1ln\u00ed tepeln\u00e9 zpracov\u00e1n\u00ed umo\u017e\u0148uje dos\u00e1hnout po\u017eadovan\u00e9 plasticity a pru\u017enosti v z\u00e1vislosti na zam\u00fd\u0161len\u00e9m [&hellip;]<\/p>\n","protected":false},"featured_media":1693,"comment_status":"open","ping_status":"closed","template":"","meta":[],"product_cat":[134,135],"product_tag":[139,138,137],"class_list":{"0":"post-1691","1":"product","2":"type-product","3":"status-publish","4":"has-post-thumbnail","6":"product_cat-prumysl","7":"product_cat-sperky","8":"product_tag-med","9":"product_tag-mosaz","10":"product_tag-stribro","12":"first","13":"instock","14":"shipping-taxable","15":"product-type-simple"},"yoast_head":"<!-- This site is optimized with the Yoast SEO plugin v24.6 - https:\/\/yoast.com\/wordpress\/plugins\/seo\/ -->\n<title>Dr\u00e1ty a ty\u010de - Scorab.eu<\/title>\n<meta name=\"robots\" content=\"index, follow, max-snippet:-1, max-image-preview:large, max-video-preview:-1\" \/>\n<link rel=\"canonical\" href=\"https:\/\/scorab.eu\/cs\/produkt\/draty-a-tyce\/\" \/>\n<meta property=\"og:locale\" content=\"cs_CZ\" \/>\n<meta property=\"og:type\" content=\"article\" \/>\n<meta property=\"og:title\" content=\"Dr\u00e1ty a ty\u010de - Scorab.eu\" \/>\n<meta property=\"og:description\" content=\"Ta\u017een\u00e9 dr\u00e1ty p\u0159edev\u0161\u00edm ze slitin st\u0159\u00edbra a mosazi a m\u011bdi. D\u00edky pou\u017eit\u00ed kontinu\u00e1ln\u00edho lit\u00ed, v\u00edcestup\u0148ov\u00e9ho tv\u00e1\u0159en\u00ed a tepeln\u00e9ho zpracov\u00e1n\u00ed v kontrolovan\u00e9 ochrann\u00e9 atmosf\u00e9\u0159e, kter\u00e9 zabra\u0148uje oxidaci povrchu b\u011bhem v\u00fdroby a vnik\u00e1n\u00ed ne\u010distot do v\u00fdrobku, si zachov\u00e1vaj\u00ed st\u00e1l\u00e9 vlastnosti po celou dobu v\u00fdroby. Speci\u00e1ln\u00ed tepeln\u00e9 zpracov\u00e1n\u00ed umo\u017e\u0148uje dos\u00e1hnout po\u017eadovan\u00e9 plasticity a pru\u017enosti v z\u00e1vislosti na zam\u00fd\u0161len\u00e9m [&hellip;]\" \/>\n<meta property=\"og:url\" content=\"https:\/\/scorab.eu\/cs\/produkt\/draty-a-tyce\/\" \/>\n<meta property=\"og:site_name\" content=\"Scorab.eu\" \/>\n<meta property=\"article:modified_time\" content=\"2025-04-15T16:02:00+00:00\" \/>\n<meta property=\"og:image\" content=\"https:\/\/scorab.eu\/wp-content\/uploads\/2024\/02\/44.jpg\" \/>\n\t<meta property=\"og:image:width\" content=\"2502\" \/>\n\t<meta property=\"og:image:height\" content=\"1704\" \/>\n\t<meta property=\"og:image:type\" content=\"image\/jpeg\" \/>\n<meta name=\"twitter:card\" content=\"summary_large_image\" \/>\n<meta name=\"twitter:label1\" content=\"Est. reading time\" \/>\n\t<meta name=\"twitter:data1\" content=\"1 minuta\" \/>\n<script type=\"application\/ld+json\" class=\"yoast-schema-graph\">{\"@context\":\"https:\/\/schema.org\",\"@graph\":[{\"@type\":\"WebPage\",\"@id\":\"https:\/\/scorab.eu\/cs\/produkt\/draty-a-tyce\/\",\"url\":\"https:\/\/scorab.eu\/cs\/produkt\/draty-a-tyce\/\",\"name\":\"Dr\u00e1ty a ty\u010de - Scorab.eu\",\"isPartOf\":{\"@id\":\"https:\/\/scorab.eu\/cs\/#website\"},\"primaryImageOfPage\":{\"@id\":\"https:\/\/scorab.eu\/cs\/produkt\/draty-a-tyce\/#primaryimage\"},\"image\":{\"@id\":\"https:\/\/scorab.eu\/cs\/produkt\/draty-a-tyce\/#primaryimage\"},\"thumbnailUrl\":\"https:\/\/scorab.eu\/wp-content\/uploads\/2024\/02\/44.jpg\",\"datePublished\":\"2024-02-13T18:25:29+00:00\",\"dateModified\":\"2025-04-15T16:02:00+00:00\",\"breadcrumb\":{\"@id\":\"https:\/\/scorab.eu\/cs\/produkt\/draty-a-tyce\/#breadcrumb\"},\"inLanguage\":\"cs\",\"potentialAction\":[{\"@type\":\"ReadAction\",\"target\":[\"https:\/\/scorab.eu\/cs\/produkt\/draty-a-tyce\/\"]}]},{\"@type\":\"ImageObject\",\"inLanguage\":\"cs\",\"@id\":\"https:\/\/scorab.eu\/cs\/produkt\/draty-a-tyce\/#primaryimage\",\"url\":\"https:\/\/scorab.eu\/wp-content\/uploads\/2024\/02\/44.jpg\",\"contentUrl\":\"https:\/\/scorab.eu\/wp-content\/uploads\/2024\/02\/44.jpg\",\"width\":2502,\"height\":1704},{\"@type\":\"BreadcrumbList\",\"@id\":\"https:\/\/scorab.eu\/cs\/produkt\/draty-a-tyce\/#breadcrumb\",\"itemListElement\":[{\"@type\":\"ListItem\",\"position\":1,\"name\":\"Strona g\u0142\u00f3wna\",\"item\":\"https:\/\/scorab.eu\/cs\/domovska-stranka\/\"},{\"@type\":\"ListItem\",\"position\":2,\"name\":\"Produkty\",\"item\":\"https:\/\/scorab.eu\/produkty\/\"},{\"@type\":\"ListItem\",\"position\":3,\"name\":\"Dr\u00e1ty a ty\u010de\"}]},{\"@type\":\"WebSite\",\"@id\":\"https:\/\/scorab.eu\/cs\/#website\",\"url\":\"https:\/\/scorab.eu\/cs\/\",\"name\":\"Scorab.eu\",\"description\":\"Produkcja oraz us\u0142ugi w zakresie przetwarzania metali szlachetnych i ich stop&oacute;w.\",\"publisher\":{\"@id\":\"https:\/\/scorab.eu\/cs\/#organization\"},\"potentialAction\":[{\"@type\":\"SearchAction\",\"target\":{\"@type\":\"EntryPoint\",\"urlTemplate\":\"https:\/\/scorab.eu\/cs\/?s={search_term_string}\"},\"query-input\":{\"@type\":\"PropertyValueSpecification\",\"valueRequired\":true,\"valueName\":\"search_term_string\"}}],\"inLanguage\":\"cs\"},{\"@type\":\"Organization\",\"@id\":\"https:\/\/scorab.eu\/cs\/#organization\",\"name\":\"Scorab.eu\",\"url\":\"https:\/\/scorab.eu\/cs\/\",\"logo\":{\"@type\":\"ImageObject\",\"inLanguage\":\"cs\",\"@id\":\"https:\/\/scorab.eu\/cs\/#\/schema\/logo\/image\/\",\"url\":\"https:\/\/scorab.eu\/wp-content\/uploads\/2024\/02\/obraz_2024-02-15_193251345.png\",\"contentUrl\":\"https:\/\/scorab.eu\/wp-content\/uploads\/2024\/02\/obraz_2024-02-15_193251345.png\",\"width\":506,\"height\":150,\"caption\":\"Scorab.eu\"},\"image\":{\"@id\":\"https:\/\/scorab.eu\/cs\/#\/schema\/logo\/image\/\"}}]}<\/script>\n<!-- \/ Yoast SEO plugin. -->","yoast_head_json":{"title":"Dr\u00e1ty a ty\u010de - Scorab.eu","robots":{"index":"index","follow":"follow","max-snippet":"max-snippet:-1","max-image-preview":"max-image-preview:large","max-video-preview":"max-video-preview:-1"},"canonical":"https:\/\/scorab.eu\/cs\/produkt\/draty-a-tyce\/","og_locale":"cs_CZ","og_type":"article","og_title":"Dr\u00e1ty a ty\u010de - Scorab.eu","og_description":"Ta\u017een\u00e9 dr\u00e1ty p\u0159edev\u0161\u00edm ze slitin st\u0159\u00edbra a mosazi a m\u011bdi. D\u00edky pou\u017eit\u00ed kontinu\u00e1ln\u00edho lit\u00ed, v\u00edcestup\u0148ov\u00e9ho tv\u00e1\u0159en\u00ed a tepeln\u00e9ho zpracov\u00e1n\u00ed v kontrolovan\u00e9 ochrann\u00e9 atmosf\u00e9\u0159e, kter\u00e9 zabra\u0148uje oxidaci povrchu b\u011bhem v\u00fdroby a vnik\u00e1n\u00ed ne\u010distot do v\u00fdrobku, si zachov\u00e1vaj\u00ed st\u00e1l\u00e9 vlastnosti po celou dobu v\u00fdroby. Speci\u00e1ln\u00ed tepeln\u00e9 zpracov\u00e1n\u00ed umo\u017e\u0148uje dos\u00e1hnout po\u017eadovan\u00e9 plasticity a pru\u017enosti v z\u00e1vislosti na zam\u00fd\u0161len\u00e9m [&hellip;]","og_url":"https:\/\/scorab.eu\/cs\/produkt\/draty-a-tyce\/","og_site_name":"Scorab.eu","article_modified_time":"2025-04-15T16:02:00+00:00","og_image":[{"width":2502,"height":1704,"url":"https:\/\/scorab.eu\/wp-content\/uploads\/2024\/02\/44.jpg","type":"image\/jpeg"}],"twitter_card":"summary_large_image","twitter_misc":{"Est. reading time":"1 minuta"},"schema":{"@context":"https:\/\/schema.org","@graph":[{"@type":"WebPage","@id":"https:\/\/scorab.eu\/cs\/produkt\/draty-a-tyce\/","url":"https:\/\/scorab.eu\/cs\/produkt\/draty-a-tyce\/","name":"Dr\u00e1ty a ty\u010de - Scorab.eu","isPartOf":{"@id":"https:\/\/scorab.eu\/cs\/#website"},"primaryImageOfPage":{"@id":"https:\/\/scorab.eu\/cs\/produkt\/draty-a-tyce\/#primaryimage"},"image":{"@id":"https:\/\/scorab.eu\/cs\/produkt\/draty-a-tyce\/#primaryimage"},"thumbnailUrl":"https:\/\/scorab.eu\/wp-content\/uploads\/2024\/02\/44.jpg","datePublished":"2024-02-13T18:25:29+00:00","dateModified":"2025-04-15T16:02:00+00:00","breadcrumb":{"@id":"https:\/\/scorab.eu\/cs\/produkt\/draty-a-tyce\/#breadcrumb"},"inLanguage":"cs","potentialAction":[{"@type":"ReadAction","target":["https:\/\/scorab.eu\/cs\/produkt\/draty-a-tyce\/"]}]},{"@type":"ImageObject","inLanguage":"cs","@id":"https:\/\/scorab.eu\/cs\/produkt\/draty-a-tyce\/#primaryimage","url":"https:\/\/scorab.eu\/wp-content\/uploads\/2024\/02\/44.jpg","contentUrl":"https:\/\/scorab.eu\/wp-content\/uploads\/2024\/02\/44.jpg","width":2502,"height":1704},{"@type":"BreadcrumbList","@id":"https:\/\/scorab.eu\/cs\/produkt\/draty-a-tyce\/#breadcrumb","itemListElement":[{"@type":"ListItem","position":1,"name":"Strona g\u0142\u00f3wna","item":"https:\/\/scorab.eu\/cs\/domovska-stranka\/"},{"@type":"ListItem","position":2,"name":"Produkty","item":"https:\/\/scorab.eu\/produkty\/"},{"@type":"ListItem","position":3,"name":"Dr\u00e1ty a ty\u010de"}]},{"@type":"WebSite","@id":"https:\/\/scorab.eu\/cs\/#website","url":"https:\/\/scorab.eu\/cs\/","name":"Scorab.eu","description":"Produkcja oraz us\u0142ugi w zakresie przetwarzania metali szlachetnych i ich stop&oacute;w.","publisher":{"@id":"https:\/\/scorab.eu\/cs\/#organization"},"potentialAction":[{"@type":"SearchAction","target":{"@type":"EntryPoint","urlTemplate":"https:\/\/scorab.eu\/cs\/?s={search_term_string}"},"query-input":{"@type":"PropertyValueSpecification","valueRequired":true,"valueName":"search_term_string"}}],"inLanguage":"cs"},{"@type":"Organization","@id":"https:\/\/scorab.eu\/cs\/#organization","name":"Scorab.eu","url":"https:\/\/scorab.eu\/cs\/","logo":{"@type":"ImageObject","inLanguage":"cs","@id":"https:\/\/scorab.eu\/cs\/#\/schema\/logo\/image\/","url":"https:\/\/scorab.eu\/wp-content\/uploads\/2024\/02\/obraz_2024-02-15_193251345.png","contentUrl":"https:\/\/scorab.eu\/wp-content\/uploads\/2024\/02\/obraz_2024-02-15_193251345.png","width":506,"height":150,"caption":"Scorab.eu"},"image":{"@id":"https:\/\/scorab.eu\/cs\/#\/schema\/logo\/image\/"}}]}},"_links":{"self":[{"href":"https:\/\/scorab.eu\/cs\/wp-json\/wp\/v2\/product\/1691","targetHints":{"allow":["GET"]}}],"collection":[{"href":"https:\/\/scorab.eu\/cs\/wp-json\/wp\/v2\/product"}],"about":[{"href":"https:\/\/scorab.eu\/cs\/wp-json\/wp\/v2\/types\/product"}],"replies":[{"embeddable":true,"href":"https:\/\/scorab.eu\/cs\/wp-json\/wp\/v2\/comments?post=1691"}],"version-history":[{"count":1,"href":"https:\/\/scorab.eu\/cs\/wp-json\/wp\/v2\/product\/1691\/revisions"}],"predecessor-version":[{"id":1733,"href":"https:\/\/scorab.eu\/cs\/wp-json\/wp\/v2\/product\/1691\/revisions\/1733"}],"wp:featuredmedia":[{"embeddable":true,"href":"https:\/\/scorab.eu\/cs\/wp-json\/wp\/v2\/media\/1693"}],"wp:attachment":[{"href":"https:\/\/scorab.eu\/cs\/wp-json\/wp\/v2\/media?parent=1691"}],"wp:term":[{"taxonomy":"product_cat","embeddable":true,"href":"https:\/\/scorab.eu\/cs\/wp-json\/wp\/v2\/product_cat?post=1691"},{"taxonomy":"product_tag","embeddable":true,"href":"https:\/\/scorab.eu\/cs\/wp-json\/wp\/v2\/product_tag?post=1691"}],"curies":[{"name":"wp","href":"https:\/\/api.w.org\/{rel}","templated":true}]}}