{"id":1697,"date":"2024-05-10T22:06:53","date_gmt":"2024-05-10T22:06:53","guid":{"rendered":"https:\/\/scorab.eu\/produkt\/brozove-uzavery\/"},"modified":"2025-04-15T16:09:51","modified_gmt":"2025-04-15T16:09:51","slug":"brozove-uzavery","status":"publish","type":"product","link":"https:\/\/scorab.eu\/cs\/produkt\/brozove-uzavery\/","title":{"rendered":"Spojovac\u00ed prvky pro bro\u017ee"},"content":{"rendered":"<p><span style=\"font-weight: 400;\">Spojovac\u00ed materi\u00e1l pro v\u00fdrobu bro\u017e\u00ed, vyroben\u00fd ze st\u0159\u00edbra.<\/span><\/p>\n<p><span style=\"font-weight: 400;\">P\u0159esn\u011b nasazen\u00e9 a bez v\u016fle pro pohodlnou instalaci a bezprobl\u00e9mov\u00fd provoz.<\/span><\/p>\n<p><br style=\"font-weight: 400;\"><br style=\"font-weight: 400;\"><\/p>\n","protected":false},"excerpt":{"rendered":"<p>Spojovac\u00ed materi\u00e1l pro v\u00fdrobu bro\u017e\u00ed, vyroben\u00fd ze st\u0159\u00edbra. P\u0159esn\u011b nasazen\u00e9 a bez v\u016fle pro pohodlnou instalaci a bezprobl\u00e9mov\u00fd provoz.<\/p>\n","protected":false},"featured_media":1762,"comment_status":"open","ping_status":"closed","template":"","meta":[],"product_cat":[141,135],"product_tag":[],"class_list":{"0":"post-1697","1":"product","2":"type-product","3":"status-publish","4":"has-post-thumbnail","6":"product_cat-brozove-uzavery","7":"product_cat-sperky","9":"first","10":"instock","11":"shipping-taxable","12":"product-type-simple"},"yoast_head":"<!-- This site is optimized with the Yoast SEO plugin v24.6 - https:\/\/yoast.com\/wordpress\/plugins\/seo\/ -->\n<title>Spojovac\u00ed prvky pro bro\u017ee - Scorab.eu<\/title>\n<meta name=\"robots\" content=\"index, follow, max-snippet:-1, max-image-preview:large, max-video-preview:-1\" \/>\n<link rel=\"canonical\" href=\"https:\/\/scorab.eu\/cs\/produkt\/brozove-uzavery\/\" \/>\n<meta property=\"og:locale\" content=\"cs_CZ\" \/>\n<meta property=\"og:type\" content=\"article\" \/>\n<meta property=\"og:title\" content=\"Spojovac\u00ed prvky pro bro\u017ee - Scorab.eu\" \/>\n<meta property=\"og:description\" content=\"Spojovac\u00ed materi\u00e1l pro v\u00fdrobu bro\u017e\u00ed, vyroben\u00fd ze st\u0159\u00edbra. P\u0159esn\u011b nasazen\u00e9 a bez v\u016fle pro pohodlnou instalaci a bezprobl\u00e9mov\u00fd provoz.\" \/>\n<meta property=\"og:url\" content=\"https:\/\/scorab.eu\/cs\/produkt\/brozove-uzavery\/\" \/>\n<meta property=\"og:site_name\" content=\"Scorab.eu\" \/>\n<meta property=\"article:modified_time\" content=\"2025-04-15T16:09:51+00:00\" \/>\n<meta property=\"og:image\" content=\"https:\/\/scorab.eu\/wp-content\/uploads\/2024\/05\/zbr.jpg\" \/>\n\t<meta property=\"og:image:width\" content=\"220\" \/>\n\t<meta property=\"og:image:height\" content=\"165\" \/>\n\t<meta property=\"og:image:type\" content=\"image\/jpeg\" \/>\n<meta name=\"twitter:card\" content=\"summary_large_image\" \/>\n<script type=\"application\/ld+json\" class=\"yoast-schema-graph\">{\"@context\":\"https:\/\/schema.org\",\"@graph\":[{\"@type\":\"WebPage\",\"@id\":\"https:\/\/scorab.eu\/cs\/produkt\/brozove-uzavery\/\",\"url\":\"https:\/\/scorab.eu\/cs\/produkt\/brozove-uzavery\/\",\"name\":\"Spojovac\u00ed prvky pro bro\u017ee - Scorab.eu\",\"isPartOf\":{\"@id\":\"https:\/\/scorab.eu\/cs\/#website\"},\"primaryImageOfPage\":{\"@id\":\"https:\/\/scorab.eu\/cs\/produkt\/brozove-uzavery\/#primaryimage\"},\"image\":{\"@id\":\"https:\/\/scorab.eu\/cs\/produkt\/brozove-uzavery\/#primaryimage\"},\"thumbnailUrl\":\"https:\/\/scorab.eu\/wp-content\/uploads\/2024\/05\/broszkowe-side-4k-scaled.jpg\",\"datePublished\":\"2024-05-10T22:06:53+00:00\",\"dateModified\":\"2025-04-15T16:09:51+00:00\",\"breadcrumb\":{\"@id\":\"https:\/\/scorab.eu\/cs\/produkt\/brozove-uzavery\/#breadcrumb\"},\"inLanguage\":\"cs\",\"potentialAction\":[{\"@type\":\"ReadAction\",\"target\":[\"https:\/\/scorab.eu\/cs\/produkt\/brozove-uzavery\/\"]}]},{\"@type\":\"ImageObject\",\"inLanguage\":\"cs\",\"@id\":\"https:\/\/scorab.eu\/cs\/produkt\/brozove-uzavery\/#primaryimage\",\"url\":\"https:\/\/scorab.eu\/wp-content\/uploads\/2024\/05\/broszkowe-side-4k-scaled.jpg\",\"contentUrl\":\"https:\/\/scorab.eu\/wp-content\/uploads\/2024\/05\/broszkowe-side-4k-scaled.jpg\",\"width\":2560,\"height\":1708},{\"@type\":\"BreadcrumbList\",\"@id\":\"https:\/\/scorab.eu\/cs\/produkt\/brozove-uzavery\/#breadcrumb\",\"itemListElement\":[{\"@type\":\"ListItem\",\"position\":1,\"name\":\"Strona g\u0142\u00f3wna\",\"item\":\"https:\/\/scorab.eu\/cs\/domovska-stranka\/\"},{\"@type\":\"ListItem\",\"position\":2,\"name\":\"Produkty\",\"item\":\"https:\/\/scorab.eu\/produkty\/\"},{\"@type\":\"ListItem\",\"position\":3,\"name\":\"Spojovac\u00ed prvky pro bro\u017ee\"}]},{\"@type\":\"WebSite\",\"@id\":\"https:\/\/scorab.eu\/cs\/#website\",\"url\":\"https:\/\/scorab.eu\/cs\/\",\"name\":\"Scorab.eu\",\"description\":\"Produkcja oraz us\u0142ugi w zakresie przetwarzania metali szlachetnych i ich stop&oacute;w.\",\"publisher\":{\"@id\":\"https:\/\/scorab.eu\/cs\/#organization\"},\"potentialAction\":[{\"@type\":\"SearchAction\",\"target\":{\"@type\":\"EntryPoint\",\"urlTemplate\":\"https:\/\/scorab.eu\/cs\/?s={search_term_string}\"},\"query-input\":{\"@type\":\"PropertyValueSpecification\",\"valueRequired\":true,\"valueName\":\"search_term_string\"}}],\"inLanguage\":\"cs\"},{\"@type\":\"Organization\",\"@id\":\"https:\/\/scorab.eu\/cs\/#organization\",\"name\":\"Scorab.eu\",\"url\":\"https:\/\/scorab.eu\/cs\/\",\"logo\":{\"@type\":\"ImageObject\",\"inLanguage\":\"cs\",\"@id\":\"https:\/\/scorab.eu\/cs\/#\/schema\/logo\/image\/\",\"url\":\"https:\/\/scorab.eu\/wp-content\/uploads\/2024\/02\/obraz_2024-02-15_193251345.png\",\"contentUrl\":\"https:\/\/scorab.eu\/wp-content\/uploads\/2024\/02\/obraz_2024-02-15_193251345.png\",\"width\":506,\"height\":150,\"caption\":\"Scorab.eu\"},\"image\":{\"@id\":\"https:\/\/scorab.eu\/cs\/#\/schema\/logo\/image\/\"}}]}<\/script>\n<!-- \/ Yoast SEO plugin. -->","yoast_head_json":{"title":"Spojovac\u00ed prvky pro bro\u017ee - Scorab.eu","robots":{"index":"index","follow":"follow","max-snippet":"max-snippet:-1","max-image-preview":"max-image-preview:large","max-video-preview":"max-video-preview:-1"},"canonical":"https:\/\/scorab.eu\/cs\/produkt\/brozove-uzavery\/","og_locale":"cs_CZ","og_type":"article","og_title":"Spojovac\u00ed prvky pro bro\u017ee - Scorab.eu","og_description":"Spojovac\u00ed materi\u00e1l pro v\u00fdrobu bro\u017e\u00ed, vyroben\u00fd ze st\u0159\u00edbra. P\u0159esn\u011b nasazen\u00e9 a bez v\u016fle pro pohodlnou instalaci a bezprobl\u00e9mov\u00fd provoz.","og_url":"https:\/\/scorab.eu\/cs\/produkt\/brozove-uzavery\/","og_site_name":"Scorab.eu","article_modified_time":"2025-04-15T16:09:51+00:00","og_image":[{"width":220,"height":165,"url":"https:\/\/scorab.eu\/wp-content\/uploads\/2024\/05\/zbr.jpg","type":"image\/jpeg"}],"twitter_card":"summary_large_image","schema":{"@context":"https:\/\/schema.org","@graph":[{"@type":"WebPage","@id":"https:\/\/scorab.eu\/cs\/produkt\/brozove-uzavery\/","url":"https:\/\/scorab.eu\/cs\/produkt\/brozove-uzavery\/","name":"Spojovac\u00ed prvky pro bro\u017ee - Scorab.eu","isPartOf":{"@id":"https:\/\/scorab.eu\/cs\/#website"},"primaryImageOfPage":{"@id":"https:\/\/scorab.eu\/cs\/produkt\/brozove-uzavery\/#primaryimage"},"image":{"@id":"https:\/\/scorab.eu\/cs\/produkt\/brozove-uzavery\/#primaryimage"},"thumbnailUrl":"https:\/\/scorab.eu\/wp-content\/uploads\/2024\/05\/broszkowe-side-4k-scaled.jpg","datePublished":"2024-05-10T22:06:53+00:00","dateModified":"2025-04-15T16:09:51+00:00","breadcrumb":{"@id":"https:\/\/scorab.eu\/cs\/produkt\/brozove-uzavery\/#breadcrumb"},"inLanguage":"cs","potentialAction":[{"@type":"ReadAction","target":["https:\/\/scorab.eu\/cs\/produkt\/brozove-uzavery\/"]}]},{"@type":"ImageObject","inLanguage":"cs","@id":"https:\/\/scorab.eu\/cs\/produkt\/brozove-uzavery\/#primaryimage","url":"https:\/\/scorab.eu\/wp-content\/uploads\/2024\/05\/broszkowe-side-4k-scaled.jpg","contentUrl":"https:\/\/scorab.eu\/wp-content\/uploads\/2024\/05\/broszkowe-side-4k-scaled.jpg","width":2560,"height":1708},{"@type":"BreadcrumbList","@id":"https:\/\/scorab.eu\/cs\/produkt\/brozove-uzavery\/#breadcrumb","itemListElement":[{"@type":"ListItem","position":1,"name":"Strona g\u0142\u00f3wna","item":"https:\/\/scorab.eu\/cs\/domovska-stranka\/"},{"@type":"ListItem","position":2,"name":"Produkty","item":"https:\/\/scorab.eu\/produkty\/"},{"@type":"ListItem","position":3,"name":"Spojovac\u00ed prvky pro bro\u017ee"}]},{"@type":"WebSite","@id":"https:\/\/scorab.eu\/cs\/#website","url":"https:\/\/scorab.eu\/cs\/","name":"Scorab.eu","description":"Produkcja oraz us\u0142ugi w zakresie przetwarzania metali szlachetnych i ich stop&oacute;w.","publisher":{"@id":"https:\/\/scorab.eu\/cs\/#organization"},"potentialAction":[{"@type":"SearchAction","target":{"@type":"EntryPoint","urlTemplate":"https:\/\/scorab.eu\/cs\/?s={search_term_string}"},"query-input":{"@type":"PropertyValueSpecification","valueRequired":true,"valueName":"search_term_string"}}],"inLanguage":"cs"},{"@type":"Organization","@id":"https:\/\/scorab.eu\/cs\/#organization","name":"Scorab.eu","url":"https:\/\/scorab.eu\/cs\/","logo":{"@type":"ImageObject","inLanguage":"cs","@id":"https:\/\/scorab.eu\/cs\/#\/schema\/logo\/image\/","url":"https:\/\/scorab.eu\/wp-content\/uploads\/2024\/02\/obraz_2024-02-15_193251345.png","contentUrl":"https:\/\/scorab.eu\/wp-content\/uploads\/2024\/02\/obraz_2024-02-15_193251345.png","width":506,"height":150,"caption":"Scorab.eu"},"image":{"@id":"https:\/\/scorab.eu\/cs\/#\/schema\/logo\/image\/"}}]}},"_links":{"self":[{"href":"https:\/\/scorab.eu\/cs\/wp-json\/wp\/v2\/product\/1697","targetHints":{"allow":["GET"]}}],"collection":[{"href":"https:\/\/scorab.eu\/cs\/wp-json\/wp\/v2\/product"}],"about":[{"href":"https:\/\/scorab.eu\/cs\/wp-json\/wp\/v2\/types\/product"}],"replies":[{"embeddable":true,"href":"https:\/\/scorab.eu\/cs\/wp-json\/wp\/v2\/comments?post=1697"}],"version-history":[{"count":2,"href":"https:\/\/scorab.eu\/cs\/wp-json\/wp\/v2\/product\/1697\/revisions"}],"predecessor-version":[{"id":1751,"href":"https:\/\/scorab.eu\/cs\/wp-json\/wp\/v2\/product\/1697\/revisions\/1751"}],"wp:featuredmedia":[{"embeddable":true,"href":"https:\/\/scorab.eu\/cs\/wp-json\/wp\/v2\/media\/1762"}],"wp:attachment":[{"href":"https:\/\/scorab.eu\/cs\/wp-json\/wp\/v2\/media?parent=1697"}],"wp:term":[{"taxonomy":"product_cat","embeddable":true,"href":"https:\/\/scorab.eu\/cs\/wp-json\/wp\/v2\/product_cat?post=1697"},{"taxonomy":"product_tag","embeddable":true,"href":"https:\/\/scorab.eu\/cs\/wp-json\/wp\/v2\/product_tag?post=1697"}],"curies":[{"name":"wp","href":"https:\/\/api.w.org\/{rel}","templated":true}]}}