{"id":1702,"date":"2024-05-10T22:01:53","date_gmt":"2024-05-10T22:01:53","guid":{"rendered":"https:\/\/scorab.eu\/produkt\/zastrcky-pro-tycinky-lambda\/"},"modified":"2025-05-12T12:22:03","modified_gmt":"2025-05-12T12:22:03","slug":"zastrcky-pro-tycinky-lambda","status":"publish","type":"product","link":"https:\/\/scorab.eu\/cs\/produkt\/zastrcky-pro-tycinky-lambda\/","title":{"rendered":"Z\u00e1str\u010dky pro ty\u010dinky (lambda)"},"content":{"rendered":"<p>Zap\u00edn\u00e1n\u00ed n\u00e1u\u0161nic je vyrobeno ze st\u0159\u00edbra nebo mosazi. Spolu s puzetou tvo\u0159\u00ed kompletn\u00ed zap\u00ednac\u00ed d\u00edl. Bez ostr\u00fdch hran, kter\u00e9 by mohly b\u00fdt nebezpe\u010dn\u00e9 p\u0159i mont\u00e1\u017ei a pou\u017e\u00edv\u00e1n\u00ed.<br \/>\nZna\u010deno 925 (st\u0159\u00edbro) nebo MET (mosaz).  <\/p>\n","protected":false},"excerpt":{"rendered":"<p>Zap\u00edn\u00e1n\u00ed n\u00e1u\u0161nic je vyrobeno ze st\u0159\u00edbra nebo mosazi. Spolu s puzetou tvo\u0159\u00ed kompletn\u00ed zap\u00ednac\u00ed d\u00edl. Bez ostr\u00fdch hran, kter\u00e9 by mohly b\u00fdt nebezpe\u010dn\u00e9 p\u0159i mont\u00e1\u017ei a pou\u017e\u00edv\u00e1n\u00ed. Zna\u010deno 925 (st\u0159\u00edbro) nebo MET (mosaz).<\/p>\n","protected":false},"featured_media":1881,"comment_status":"open","ping_status":"closed","template":"","meta":[],"product_cat":[142],"product_tag":[],"class_list":{"0":"post-1702","1":"product","2":"type-product","3":"status-publish","4":"has-post-thumbnail","6":"product_cat-zastrcky-pro-tycinky","8":"first","9":"instock","10":"shipping-taxable","11":"product-type-simple"},"yoast_head":"<!-- This site is optimized with the Yoast SEO plugin v24.6 - https:\/\/yoast.com\/wordpress\/plugins\/seo\/ -->\n<title>Z\u00e1str\u010dky pro ty\u010dinky (lambda) - Scorab.eu<\/title>\n<meta name=\"robots\" content=\"index, follow, max-snippet:-1, max-image-preview:large, max-video-preview:-1\" \/>\n<link rel=\"canonical\" href=\"https:\/\/scorab.eu\/cs\/produkt\/zastrcky-pro-tycinky-lambda\/\" \/>\n<meta property=\"og:locale\" content=\"cs_CZ\" \/>\n<meta property=\"og:type\" content=\"article\" \/>\n<meta property=\"og:title\" content=\"Z\u00e1str\u010dky pro ty\u010dinky (lambda) - Scorab.eu\" \/>\n<meta property=\"og:description\" content=\"Zap\u00edn\u00e1n\u00ed n\u00e1u\u0161nic je vyrobeno ze st\u0159\u00edbra nebo mosazi. Spolu s puzetou tvo\u0159\u00ed kompletn\u00ed zap\u00ednac\u00ed d\u00edl. Bez ostr\u00fdch hran, kter\u00e9 by mohly b\u00fdt nebezpe\u010dn\u00e9 p\u0159i mont\u00e1\u017ei a pou\u017e\u00edv\u00e1n\u00ed. Zna\u010deno 925 (st\u0159\u00edbro) nebo MET (mosaz).\" \/>\n<meta property=\"og:url\" content=\"https:\/\/scorab.eu\/cs\/produkt\/zastrcky-pro-tycinky-lambda\/\" \/>\n<meta property=\"og:site_name\" content=\"Scorab.eu\" \/>\n<meta property=\"article:modified_time\" content=\"2025-05-12T12:22:03+00:00\" \/>\n<meta property=\"og:image\" content=\"https:\/\/scorab.eu\/wp-content\/uploads\/2024\/05\/baranek-1-scaled.jpg\" \/>\n\t<meta property=\"og:image:width\" content=\"2560\" \/>\n\t<meta property=\"og:image:height\" content=\"1707\" \/>\n\t<meta property=\"og:image:type\" content=\"image\/jpeg\" \/>\n<meta name=\"twitter:card\" content=\"summary_large_image\" \/>\n<script type=\"application\/ld+json\" class=\"yoast-schema-graph\">{\"@context\":\"https:\/\/schema.org\",\"@graph\":[{\"@type\":\"WebPage\",\"@id\":\"https:\/\/scorab.eu\/cs\/produkt\/zastrcky-pro-tycinky-lambda\/\",\"url\":\"https:\/\/scorab.eu\/cs\/produkt\/zastrcky-pro-tycinky-lambda\/\",\"name\":\"Z\u00e1str\u010dky pro ty\u010dinky (lambda) - Scorab.eu\",\"isPartOf\":{\"@id\":\"https:\/\/scorab.eu\/cs\/#website\"},\"primaryImageOfPage\":{\"@id\":\"https:\/\/scorab.eu\/cs\/produkt\/zastrcky-pro-tycinky-lambda\/#primaryimage\"},\"image\":{\"@id\":\"https:\/\/scorab.eu\/cs\/produkt\/zastrcky-pro-tycinky-lambda\/#primaryimage\"},\"thumbnailUrl\":\"https:\/\/scorab.eu\/wp-content\/uploads\/2024\/05\/baranek-1-scaled.jpg\",\"datePublished\":\"2024-05-10T22:01:53+00:00\",\"dateModified\":\"2025-05-12T12:22:03+00:00\",\"breadcrumb\":{\"@id\":\"https:\/\/scorab.eu\/cs\/produkt\/zastrcky-pro-tycinky-lambda\/#breadcrumb\"},\"inLanguage\":\"cs\",\"potentialAction\":[{\"@type\":\"ReadAction\",\"target\":[\"https:\/\/scorab.eu\/cs\/produkt\/zastrcky-pro-tycinky-lambda\/\"]}]},{\"@type\":\"ImageObject\",\"inLanguage\":\"cs\",\"@id\":\"https:\/\/scorab.eu\/cs\/produkt\/zastrcky-pro-tycinky-lambda\/#primaryimage\",\"url\":\"https:\/\/scorab.eu\/wp-content\/uploads\/2024\/05\/baranek-1-scaled.jpg\",\"contentUrl\":\"https:\/\/scorab.eu\/wp-content\/uploads\/2024\/05\/baranek-1-scaled.jpg\",\"width\":2560,\"height\":1707},{\"@type\":\"BreadcrumbList\",\"@id\":\"https:\/\/scorab.eu\/cs\/produkt\/zastrcky-pro-tycinky-lambda\/#breadcrumb\",\"itemListElement\":[{\"@type\":\"ListItem\",\"position\":1,\"name\":\"Strona g\u0142\u00f3wna\",\"item\":\"https:\/\/scorab.eu\/cs\/domovska-stranka\/\"},{\"@type\":\"ListItem\",\"position\":2,\"name\":\"Produkty\",\"item\":\"https:\/\/scorab.eu\/produkty\/\"},{\"@type\":\"ListItem\",\"position\":3,\"name\":\"Z\u00e1str\u010dky pro ty\u010dinky (lambda)\"}]},{\"@type\":\"WebSite\",\"@id\":\"https:\/\/scorab.eu\/cs\/#website\",\"url\":\"https:\/\/scorab.eu\/cs\/\",\"name\":\"Scorab.eu\",\"description\":\"Produkcja oraz us\u0142ugi w zakresie przetwarzania metali szlachetnych i ich stop&oacute;w.\",\"publisher\":{\"@id\":\"https:\/\/scorab.eu\/cs\/#organization\"},\"potentialAction\":[{\"@type\":\"SearchAction\",\"target\":{\"@type\":\"EntryPoint\",\"urlTemplate\":\"https:\/\/scorab.eu\/cs\/?s={search_term_string}\"},\"query-input\":{\"@type\":\"PropertyValueSpecification\",\"valueRequired\":true,\"valueName\":\"search_term_string\"}}],\"inLanguage\":\"cs\"},{\"@type\":\"Organization\",\"@id\":\"https:\/\/scorab.eu\/cs\/#organization\",\"name\":\"Scorab.eu\",\"url\":\"https:\/\/scorab.eu\/cs\/\",\"logo\":{\"@type\":\"ImageObject\",\"inLanguage\":\"cs\",\"@id\":\"https:\/\/scorab.eu\/cs\/#\/schema\/logo\/image\/\",\"url\":\"https:\/\/scorab.eu\/wp-content\/uploads\/2024\/02\/obraz_2024-02-15_193251345.png\",\"contentUrl\":\"https:\/\/scorab.eu\/wp-content\/uploads\/2024\/02\/obraz_2024-02-15_193251345.png\",\"width\":506,\"height\":150,\"caption\":\"Scorab.eu\"},\"image\":{\"@id\":\"https:\/\/scorab.eu\/cs\/#\/schema\/logo\/image\/\"}}]}<\/script>\n<!-- \/ Yoast SEO plugin. -->","yoast_head_json":{"title":"Z\u00e1str\u010dky pro ty\u010dinky (lambda) - Scorab.eu","robots":{"index":"index","follow":"follow","max-snippet":"max-snippet:-1","max-image-preview":"max-image-preview:large","max-video-preview":"max-video-preview:-1"},"canonical":"https:\/\/scorab.eu\/cs\/produkt\/zastrcky-pro-tycinky-lambda\/","og_locale":"cs_CZ","og_type":"article","og_title":"Z\u00e1str\u010dky pro ty\u010dinky (lambda) - Scorab.eu","og_description":"Zap\u00edn\u00e1n\u00ed n\u00e1u\u0161nic je vyrobeno ze st\u0159\u00edbra nebo mosazi. Spolu s puzetou tvo\u0159\u00ed kompletn\u00ed zap\u00ednac\u00ed d\u00edl. Bez ostr\u00fdch hran, kter\u00e9 by mohly b\u00fdt nebezpe\u010dn\u00e9 p\u0159i mont\u00e1\u017ei a pou\u017e\u00edv\u00e1n\u00ed. Zna\u010deno 925 (st\u0159\u00edbro) nebo MET (mosaz).","og_url":"https:\/\/scorab.eu\/cs\/produkt\/zastrcky-pro-tycinky-lambda\/","og_site_name":"Scorab.eu","article_modified_time":"2025-05-12T12:22:03+00:00","og_image":[{"width":2560,"height":1707,"url":"https:\/\/scorab.eu\/wp-content\/uploads\/2024\/05\/baranek-1-scaled.jpg","type":"image\/jpeg"}],"twitter_card":"summary_large_image","schema":{"@context":"https:\/\/schema.org","@graph":[{"@type":"WebPage","@id":"https:\/\/scorab.eu\/cs\/produkt\/zastrcky-pro-tycinky-lambda\/","url":"https:\/\/scorab.eu\/cs\/produkt\/zastrcky-pro-tycinky-lambda\/","name":"Z\u00e1str\u010dky pro ty\u010dinky (lambda) - Scorab.eu","isPartOf":{"@id":"https:\/\/scorab.eu\/cs\/#website"},"primaryImageOfPage":{"@id":"https:\/\/scorab.eu\/cs\/produkt\/zastrcky-pro-tycinky-lambda\/#primaryimage"},"image":{"@id":"https:\/\/scorab.eu\/cs\/produkt\/zastrcky-pro-tycinky-lambda\/#primaryimage"},"thumbnailUrl":"https:\/\/scorab.eu\/wp-content\/uploads\/2024\/05\/baranek-1-scaled.jpg","datePublished":"2024-05-10T22:01:53+00:00","dateModified":"2025-05-12T12:22:03+00:00","breadcrumb":{"@id":"https:\/\/scorab.eu\/cs\/produkt\/zastrcky-pro-tycinky-lambda\/#breadcrumb"},"inLanguage":"cs","potentialAction":[{"@type":"ReadAction","target":["https:\/\/scorab.eu\/cs\/produkt\/zastrcky-pro-tycinky-lambda\/"]}]},{"@type":"ImageObject","inLanguage":"cs","@id":"https:\/\/scorab.eu\/cs\/produkt\/zastrcky-pro-tycinky-lambda\/#primaryimage","url":"https:\/\/scorab.eu\/wp-content\/uploads\/2024\/05\/baranek-1-scaled.jpg","contentUrl":"https:\/\/scorab.eu\/wp-content\/uploads\/2024\/05\/baranek-1-scaled.jpg","width":2560,"height":1707},{"@type":"BreadcrumbList","@id":"https:\/\/scorab.eu\/cs\/produkt\/zastrcky-pro-tycinky-lambda\/#breadcrumb","itemListElement":[{"@type":"ListItem","position":1,"name":"Strona g\u0142\u00f3wna","item":"https:\/\/scorab.eu\/cs\/domovska-stranka\/"},{"@type":"ListItem","position":2,"name":"Produkty","item":"https:\/\/scorab.eu\/produkty\/"},{"@type":"ListItem","position":3,"name":"Z\u00e1str\u010dky pro ty\u010dinky (lambda)"}]},{"@type":"WebSite","@id":"https:\/\/scorab.eu\/cs\/#website","url":"https:\/\/scorab.eu\/cs\/","name":"Scorab.eu","description":"Produkcja oraz us\u0142ugi w zakresie przetwarzania metali szlachetnych i ich stop&oacute;w.","publisher":{"@id":"https:\/\/scorab.eu\/cs\/#organization"},"potentialAction":[{"@type":"SearchAction","target":{"@type":"EntryPoint","urlTemplate":"https:\/\/scorab.eu\/cs\/?s={search_term_string}"},"query-input":{"@type":"PropertyValueSpecification","valueRequired":true,"valueName":"search_term_string"}}],"inLanguage":"cs"},{"@type":"Organization","@id":"https:\/\/scorab.eu\/cs\/#organization","name":"Scorab.eu","url":"https:\/\/scorab.eu\/cs\/","logo":{"@type":"ImageObject","inLanguage":"cs","@id":"https:\/\/scorab.eu\/cs\/#\/schema\/logo\/image\/","url":"https:\/\/scorab.eu\/wp-content\/uploads\/2024\/02\/obraz_2024-02-15_193251345.png","contentUrl":"https:\/\/scorab.eu\/wp-content\/uploads\/2024\/02\/obraz_2024-02-15_193251345.png","width":506,"height":150,"caption":"Scorab.eu"},"image":{"@id":"https:\/\/scorab.eu\/cs\/#\/schema\/logo\/image\/"}}]}},"_links":{"self":[{"href":"https:\/\/scorab.eu\/cs\/wp-json\/wp\/v2\/product\/1702","targetHints":{"allow":["GET"]}}],"collection":[{"href":"https:\/\/scorab.eu\/cs\/wp-json\/wp\/v2\/product"}],"about":[{"href":"https:\/\/scorab.eu\/cs\/wp-json\/wp\/v2\/types\/product"}],"replies":[{"embeddable":true,"href":"https:\/\/scorab.eu\/cs\/wp-json\/wp\/v2\/comments?post=1702"}],"version-history":[{"count":1,"href":"https:\/\/scorab.eu\/cs\/wp-json\/wp\/v2\/product\/1702\/revisions"}],"predecessor-version":[{"id":1710,"href":"https:\/\/scorab.eu\/cs\/wp-json\/wp\/v2\/product\/1702\/revisions\/1710"}],"wp:featuredmedia":[{"embeddable":true,"href":"https:\/\/scorab.eu\/cs\/wp-json\/wp\/v2\/media\/1881"}],"wp:attachment":[{"href":"https:\/\/scorab.eu\/cs\/wp-json\/wp\/v2\/media?parent=1702"}],"wp:term":[{"taxonomy":"product_cat","embeddable":true,"href":"https:\/\/scorab.eu\/cs\/wp-json\/wp\/v2\/product_cat?post=1702"},{"taxonomy":"product_tag","embeddable":true,"href":"https:\/\/scorab.eu\/cs\/wp-json\/wp\/v2\/product_tag?post=1702"}],"curies":[{"name":"wp","href":"https:\/\/api.w.org\/{rel}","templated":true}]}}