{"id":1720,"date":"2024-02-13T18:25:28","date_gmt":"2024-02-13T18:25:28","guid":{"rendered":"https:\/\/scorab.eu\/produkt\/pasky-a-folie\/"},"modified":"2025-04-15T16:03:06","modified_gmt":"2025-04-15T16:03:06","slug":"pasky-a-folie","status":"publish","type":"product","link":"https:\/\/scorab.eu\/cs\/produkt\/pasky-a-folie\/","title":{"rendered":"P\u00e1sky, zrcadlov\u00e9 p\u00e1sy (f\u00f3lie) a listy"},"content":{"rendered":"<p><span style=\"font-weight: 400;\">V\u00e1lcovan\u00e9 p\u00e1sy od 0,05 mm (f\u00f3lie) o standardn\u00ed \u0161\u00ed\u0159ce 75 mm vyroben\u00e9 ze slitin st\u0159\u00edbra v kontinu\u00e1ln\u00edm syst\u00e9mu. P\u0159esnost v\u00fdroby zaji\u0161\u0165uje rovnom\u011brnou   <\/span><\/p>\n<p><span style=\"font-weight: 400;\">parametry po celou dobu. Neust\u00e1le se sleduje, zda nedoch\u00e1z\u00ed k oxidaci povrchu a hromad\u011bn\u00ed ne\u010distot. <\/span><\/p>\n<p><span style=\"font-weight: 400;\">Dodate\u010dn\u00e9 tepeln\u00e9 zpracov\u00e1n\u00ed jim dod\u00e1v\u00e1 ur\u010ditou tvrdost a ta\u017enost, co\u017e umo\u017e\u0148uje jejich pou\u017eit\u00ed v r\u016fzn\u00fdch pr\u016fmyslov\u00fdch odv\u011btv\u00edch a \u0161perka\u0159stv\u00ed, nap\u0159\u00edklad v energetice, elektrotechnice, p\u0159i v\u00fdrob\u011b ozdobn\u00fdch prvk\u016f nebo p\u0159i restaur\u00e1torsk\u00fdch prac\u00edch.<\/span><\/p>\n<p><span style=\"font-weight: 400;\">P\u00e1sy o standardn\u00ed \u0161\u00ed\u0159ce 75 mm lze na n\u016f\u017ek\u00e1ch roz\u0159ezat na p\u00e1sky p\u0159edem stanoven\u00fdch rozm\u011br\u016f. Standardn\u011b je vyr\u00e1b\u00edme ze slitin Ag930 a Ag830 a po dohod\u011b ze slitin Ag999 a Ag9999. <\/span><\/p>\n<p><br style=\"font-weight: 400;\"><br style=\"font-weight: 400;\"><\/p>\n","protected":false},"excerpt":{"rendered":"<p>V\u00e1lcovan\u00e9 p\u00e1sy od 0,05 mm (f\u00f3lie) o standardn\u00ed \u0161\u00ed\u0159ce 75 mm vyroben\u00e9 ze slitin st\u0159\u00edbra v kontinu\u00e1ln\u00edm syst\u00e9mu. P\u0159esnost v\u00fdroby zaji\u0161\u0165uje rovnom\u011brnou parametry po celou dobu. Neust\u00e1le se sleduje, zda nedoch\u00e1z\u00ed k oxidaci povrchu a hromad\u011bn\u00ed ne\u010distot. Dodate\u010dn\u00e9 tepeln\u00e9 zpracov\u00e1n\u00ed jim dod\u00e1v\u00e1 ur\u010ditou tvrdost a ta\u017enost, co\u017e umo\u017e\u0148uje jejich pou\u017eit\u00ed v r\u016fzn\u00fdch pr\u016fmyslov\u00fdch odv\u011btv\u00edch a [&hellip;]<\/p>\n","protected":false},"featured_media":1721,"comment_status":"open","ping_status":"closed","template":"","meta":[],"product_cat":[134,135],"product_tag":[],"class_list":{"0":"post-1720","1":"product","2":"type-product","3":"status-publish","4":"has-post-thumbnail","6":"product_cat-prumysl","7":"product_cat-sperky","9":"first","10":"instock","11":"shipping-taxable","12":"product-type-simple"},"yoast_head":"<!-- This site is optimized with the Yoast SEO plugin v24.6 - https:\/\/yoast.com\/wordpress\/plugins\/seo\/ -->\n<title>P\u00e1sky, zrcadlov\u00e9 p\u00e1sy (f\u00f3lie) a listy - Scorab.eu<\/title>\n<meta name=\"robots\" content=\"index, follow, max-snippet:-1, max-image-preview:large, max-video-preview:-1\" \/>\n<link rel=\"canonical\" href=\"https:\/\/scorab.eu\/cs\/produkt\/pasky-a-folie\/\" \/>\n<meta property=\"og:locale\" content=\"cs_CZ\" \/>\n<meta property=\"og:type\" content=\"article\" \/>\n<meta property=\"og:title\" content=\"P\u00e1sky, zrcadlov\u00e9 p\u00e1sy (f\u00f3lie) a listy - Scorab.eu\" \/>\n<meta property=\"og:description\" content=\"V\u00e1lcovan\u00e9 p\u00e1sy od 0,05 mm (f\u00f3lie) o standardn\u00ed \u0161\u00ed\u0159ce 75 mm vyroben\u00e9 ze slitin st\u0159\u00edbra v kontinu\u00e1ln\u00edm syst\u00e9mu. P\u0159esnost v\u00fdroby zaji\u0161\u0165uje rovnom\u011brnou parametry po celou dobu. Neust\u00e1le se sleduje, zda nedoch\u00e1z\u00ed k oxidaci povrchu a hromad\u011bn\u00ed ne\u010distot. Dodate\u010dn\u00e9 tepeln\u00e9 zpracov\u00e1n\u00ed jim dod\u00e1v\u00e1 ur\u010ditou tvrdost a ta\u017enost, co\u017e umo\u017e\u0148uje jejich pou\u017eit\u00ed v r\u016fzn\u00fdch pr\u016fmyslov\u00fdch odv\u011btv\u00edch a [&hellip;]\" \/>\n<meta property=\"og:url\" content=\"https:\/\/scorab.eu\/cs\/produkt\/pasky-a-folie\/\" \/>\n<meta property=\"og:site_name\" content=\"Scorab.eu\" \/>\n<meta property=\"article:modified_time\" content=\"2025-04-15T16:03:06+00:00\" \/>\n<meta property=\"og:image\" content=\"https:\/\/scorab.eu\/wp-content\/uploads\/2024\/02\/6.jpg\" \/>\n\t<meta property=\"og:image:width\" content=\"2556\" \/>\n\t<meta property=\"og:image:height\" content=\"1704\" \/>\n\t<meta property=\"og:image:type\" content=\"image\/jpeg\" \/>\n<meta name=\"twitter:card\" content=\"summary_large_image\" \/>\n<meta name=\"twitter:label1\" content=\"Est. reading time\" \/>\n\t<meta name=\"twitter:data1\" content=\"1 minuta\" \/>\n<script type=\"application\/ld+json\" class=\"yoast-schema-graph\">{\"@context\":\"https:\/\/schema.org\",\"@graph\":[{\"@type\":\"WebPage\",\"@id\":\"https:\/\/scorab.eu\/cs\/produkt\/pasky-a-folie\/\",\"url\":\"https:\/\/scorab.eu\/cs\/produkt\/pasky-a-folie\/\",\"name\":\"P\u00e1sky, zrcadlov\u00e9 p\u00e1sy (f\u00f3lie) a listy - Scorab.eu\",\"isPartOf\":{\"@id\":\"https:\/\/scorab.eu\/cs\/#website\"},\"primaryImageOfPage\":{\"@id\":\"https:\/\/scorab.eu\/cs\/produkt\/pasky-a-folie\/#primaryimage\"},\"image\":{\"@id\":\"https:\/\/scorab.eu\/cs\/produkt\/pasky-a-folie\/#primaryimage\"},\"thumbnailUrl\":\"https:\/\/scorab.eu\/wp-content\/uploads\/2024\/02\/6.jpg\",\"datePublished\":\"2024-02-13T18:25:28+00:00\",\"dateModified\":\"2025-04-15T16:03:06+00:00\",\"breadcrumb\":{\"@id\":\"https:\/\/scorab.eu\/cs\/produkt\/pasky-a-folie\/#breadcrumb\"},\"inLanguage\":\"cs\",\"potentialAction\":[{\"@type\":\"ReadAction\",\"target\":[\"https:\/\/scorab.eu\/cs\/produkt\/pasky-a-folie\/\"]}]},{\"@type\":\"ImageObject\",\"inLanguage\":\"cs\",\"@id\":\"https:\/\/scorab.eu\/cs\/produkt\/pasky-a-folie\/#primaryimage\",\"url\":\"https:\/\/scorab.eu\/wp-content\/uploads\/2024\/02\/6.jpg\",\"contentUrl\":\"https:\/\/scorab.eu\/wp-content\/uploads\/2024\/02\/6.jpg\",\"width\":2556,\"height\":1704},{\"@type\":\"BreadcrumbList\",\"@id\":\"https:\/\/scorab.eu\/cs\/produkt\/pasky-a-folie\/#breadcrumb\",\"itemListElement\":[{\"@type\":\"ListItem\",\"position\":1,\"name\":\"Strona g\u0142\u00f3wna\",\"item\":\"https:\/\/scorab.eu\/cs\/domovska-stranka\/\"},{\"@type\":\"ListItem\",\"position\":2,\"name\":\"Produkty\",\"item\":\"https:\/\/scorab.eu\/produkty\/\"},{\"@type\":\"ListItem\",\"position\":3,\"name\":\"P\u00e1sky, zrcadlov\u00e9 p\u00e1sy (f\u00f3lie) a listy\"}]},{\"@type\":\"WebSite\",\"@id\":\"https:\/\/scorab.eu\/cs\/#website\",\"url\":\"https:\/\/scorab.eu\/cs\/\",\"name\":\"Scorab.eu\",\"description\":\"Produkcja oraz us\u0142ugi w zakresie przetwarzania metali szlachetnych i ich stop&oacute;w.\",\"publisher\":{\"@id\":\"https:\/\/scorab.eu\/cs\/#organization\"},\"potentialAction\":[{\"@type\":\"SearchAction\",\"target\":{\"@type\":\"EntryPoint\",\"urlTemplate\":\"https:\/\/scorab.eu\/cs\/?s={search_term_string}\"},\"query-input\":{\"@type\":\"PropertyValueSpecification\",\"valueRequired\":true,\"valueName\":\"search_term_string\"}}],\"inLanguage\":\"cs\"},{\"@type\":\"Organization\",\"@id\":\"https:\/\/scorab.eu\/cs\/#organization\",\"name\":\"Scorab.eu\",\"url\":\"https:\/\/scorab.eu\/cs\/\",\"logo\":{\"@type\":\"ImageObject\",\"inLanguage\":\"cs\",\"@id\":\"https:\/\/scorab.eu\/cs\/#\/schema\/logo\/image\/\",\"url\":\"https:\/\/scorab.eu\/wp-content\/uploads\/2024\/02\/obraz_2024-02-15_193251345.png\",\"contentUrl\":\"https:\/\/scorab.eu\/wp-content\/uploads\/2024\/02\/obraz_2024-02-15_193251345.png\",\"width\":506,\"height\":150,\"caption\":\"Scorab.eu\"},\"image\":{\"@id\":\"https:\/\/scorab.eu\/cs\/#\/schema\/logo\/image\/\"}}]}<\/script>\n<!-- \/ Yoast SEO plugin. -->","yoast_head_json":{"title":"P\u00e1sky, zrcadlov\u00e9 p\u00e1sy (f\u00f3lie) a listy - Scorab.eu","robots":{"index":"index","follow":"follow","max-snippet":"max-snippet:-1","max-image-preview":"max-image-preview:large","max-video-preview":"max-video-preview:-1"},"canonical":"https:\/\/scorab.eu\/cs\/produkt\/pasky-a-folie\/","og_locale":"cs_CZ","og_type":"article","og_title":"P\u00e1sky, zrcadlov\u00e9 p\u00e1sy (f\u00f3lie) a listy - Scorab.eu","og_description":"V\u00e1lcovan\u00e9 p\u00e1sy od 0,05 mm (f\u00f3lie) o standardn\u00ed \u0161\u00ed\u0159ce 75 mm vyroben\u00e9 ze slitin st\u0159\u00edbra v kontinu\u00e1ln\u00edm syst\u00e9mu. P\u0159esnost v\u00fdroby zaji\u0161\u0165uje rovnom\u011brnou parametry po celou dobu. Neust\u00e1le se sleduje, zda nedoch\u00e1z\u00ed k oxidaci povrchu a hromad\u011bn\u00ed ne\u010distot. Dodate\u010dn\u00e9 tepeln\u00e9 zpracov\u00e1n\u00ed jim dod\u00e1v\u00e1 ur\u010ditou tvrdost a ta\u017enost, co\u017e umo\u017e\u0148uje jejich pou\u017eit\u00ed v r\u016fzn\u00fdch pr\u016fmyslov\u00fdch odv\u011btv\u00edch a [&hellip;]","og_url":"https:\/\/scorab.eu\/cs\/produkt\/pasky-a-folie\/","og_site_name":"Scorab.eu","article_modified_time":"2025-04-15T16:03:06+00:00","og_image":[{"width":2556,"height":1704,"url":"https:\/\/scorab.eu\/wp-content\/uploads\/2024\/02\/6.jpg","type":"image\/jpeg"}],"twitter_card":"summary_large_image","twitter_misc":{"Est. reading time":"1 minuta"},"schema":{"@context":"https:\/\/schema.org","@graph":[{"@type":"WebPage","@id":"https:\/\/scorab.eu\/cs\/produkt\/pasky-a-folie\/","url":"https:\/\/scorab.eu\/cs\/produkt\/pasky-a-folie\/","name":"P\u00e1sky, zrcadlov\u00e9 p\u00e1sy (f\u00f3lie) a listy - Scorab.eu","isPartOf":{"@id":"https:\/\/scorab.eu\/cs\/#website"},"primaryImageOfPage":{"@id":"https:\/\/scorab.eu\/cs\/produkt\/pasky-a-folie\/#primaryimage"},"image":{"@id":"https:\/\/scorab.eu\/cs\/produkt\/pasky-a-folie\/#primaryimage"},"thumbnailUrl":"https:\/\/scorab.eu\/wp-content\/uploads\/2024\/02\/6.jpg","datePublished":"2024-02-13T18:25:28+00:00","dateModified":"2025-04-15T16:03:06+00:00","breadcrumb":{"@id":"https:\/\/scorab.eu\/cs\/produkt\/pasky-a-folie\/#breadcrumb"},"inLanguage":"cs","potentialAction":[{"@type":"ReadAction","target":["https:\/\/scorab.eu\/cs\/produkt\/pasky-a-folie\/"]}]},{"@type":"ImageObject","inLanguage":"cs","@id":"https:\/\/scorab.eu\/cs\/produkt\/pasky-a-folie\/#primaryimage","url":"https:\/\/scorab.eu\/wp-content\/uploads\/2024\/02\/6.jpg","contentUrl":"https:\/\/scorab.eu\/wp-content\/uploads\/2024\/02\/6.jpg","width":2556,"height":1704},{"@type":"BreadcrumbList","@id":"https:\/\/scorab.eu\/cs\/produkt\/pasky-a-folie\/#breadcrumb","itemListElement":[{"@type":"ListItem","position":1,"name":"Strona g\u0142\u00f3wna","item":"https:\/\/scorab.eu\/cs\/domovska-stranka\/"},{"@type":"ListItem","position":2,"name":"Produkty","item":"https:\/\/scorab.eu\/produkty\/"},{"@type":"ListItem","position":3,"name":"P\u00e1sky, zrcadlov\u00e9 p\u00e1sy (f\u00f3lie) a listy"}]},{"@type":"WebSite","@id":"https:\/\/scorab.eu\/cs\/#website","url":"https:\/\/scorab.eu\/cs\/","name":"Scorab.eu","description":"Produkcja oraz us\u0142ugi w zakresie przetwarzania metali szlachetnych i ich stop&oacute;w.","publisher":{"@id":"https:\/\/scorab.eu\/cs\/#organization"},"potentialAction":[{"@type":"SearchAction","target":{"@type":"EntryPoint","urlTemplate":"https:\/\/scorab.eu\/cs\/?s={search_term_string}"},"query-input":{"@type":"PropertyValueSpecification","valueRequired":true,"valueName":"search_term_string"}}],"inLanguage":"cs"},{"@type":"Organization","@id":"https:\/\/scorab.eu\/cs\/#organization","name":"Scorab.eu","url":"https:\/\/scorab.eu\/cs\/","logo":{"@type":"ImageObject","inLanguage":"cs","@id":"https:\/\/scorab.eu\/cs\/#\/schema\/logo\/image\/","url":"https:\/\/scorab.eu\/wp-content\/uploads\/2024\/02\/obraz_2024-02-15_193251345.png","contentUrl":"https:\/\/scorab.eu\/wp-content\/uploads\/2024\/02\/obraz_2024-02-15_193251345.png","width":506,"height":150,"caption":"Scorab.eu"},"image":{"@id":"https:\/\/scorab.eu\/cs\/#\/schema\/logo\/image\/"}}]}},"_links":{"self":[{"href":"https:\/\/scorab.eu\/cs\/wp-json\/wp\/v2\/product\/1720","targetHints":{"allow":["GET"]}}],"collection":[{"href":"https:\/\/scorab.eu\/cs\/wp-json\/wp\/v2\/product"}],"about":[{"href":"https:\/\/scorab.eu\/cs\/wp-json\/wp\/v2\/types\/product"}],"replies":[{"embeddable":true,"href":"https:\/\/scorab.eu\/cs\/wp-json\/wp\/v2\/comments?post=1720"}],"version-history":[{"count":1,"href":"https:\/\/scorab.eu\/cs\/wp-json\/wp\/v2\/product\/1720\/revisions"}],"predecessor-version":[{"id":1739,"href":"https:\/\/scorab.eu\/cs\/wp-json\/wp\/v2\/product\/1720\/revisions\/1739"}],"wp:featuredmedia":[{"embeddable":true,"href":"https:\/\/scorab.eu\/cs\/wp-json\/wp\/v2\/media\/1721"}],"wp:attachment":[{"href":"https:\/\/scorab.eu\/cs\/wp-json\/wp\/v2\/media?parent=1720"}],"wp:term":[{"taxonomy":"product_cat","embeddable":true,"href":"https:\/\/scorab.eu\/cs\/wp-json\/wp\/v2\/product_cat?post=1720"},{"taxonomy":"product_tag","embeddable":true,"href":"https:\/\/scorab.eu\/cs\/wp-json\/wp\/v2\/product_tag?post=1720"}],"curies":[{"name":"wp","href":"https:\/\/api.w.org\/{rel}","templated":true}]}}