{"id":1726,"date":"2024-02-13T18:25:26","date_gmt":"2024-02-13T18:25:26","guid":{"rendered":"https:\/\/scorab.eu\/produkt\/luty-stribrna-tvrda\/"},"modified":"2025-04-15T16:11:57","modified_gmt":"2025-04-15T16:11:57","slug":"luty-stribrna-tvrda","status":"publish","type":"product","link":"https:\/\/scorab.eu\/cs\/produkt\/luty-stribrna-tvrda\/","title":{"rendered":"Luty st\u0159\u00edbrn\u00e1 tvrd\u00e1"},"content":{"rendered":"<p><span style=\"font-weight: 400;\">Specializovan\u00e1 p\u00e1jec\u00ed pojiva bez kadmia pro p\u00e1jen\u00ed.<\/span><\/p>\n<p><span style=\"font-weight: 400;\">Skupina st\u0159\u00edbrn\u00fdch p\u00e1jek se vyzna\u010duje dobrou tekutost\u00ed a sm\u00e1\u010divost\u00ed a mechanickou odolnost\u00ed, co\u017e umo\u017e\u0148uje jejich pou\u017eit\u00ed mimo jin\u00e9 k p\u00e1jen\u00ed r\u016fzn\u00fdch ocel\u00ed, m\u011bdi, niklu a jejich slitin. D\u00edky t\u011bmto vlastnostem je lze pou\u017e\u00edt mimo jin\u00e9 v oblastech, jako je n\u00e1stroj\u00e1\u0159sk\u00fd a stroj\u00edrensk\u00fd pr\u016fmysl, elektrotechnick\u00fd pr\u016fmysl, potravin\u00e1\u0159sk\u00fd pr\u016fmysl a v\u00fdroba chladic\u00edch a sanit\u00e1rn\u00edch za\u0159\u00edzen\u00ed.   <\/span><\/p>\n<p><span style=\"font-weight: 400;\">M\u016f\u017eeme tak\u00e9 vyrobit po\u0159ada\u010de, kter\u00e9 nejsou uvedeny v tabulce. Pokud p\u00e1jka, o kterou m\u00e1te z\u00e1jem, nen\u00ed k dispozici, kontaktujte n\u00e1s a domluvte se na podrobnostech objedn\u00e1vky. <\/span><\/p>\n<p><br style=\"font-weight: 400;\"><br style=\"font-weight: 400;\"><\/p>\n","protected":false},"excerpt":{"rendered":"<p>Specializovan\u00e1 p\u00e1jec\u00ed pojiva bez kadmia pro p\u00e1jen\u00ed. Skupina st\u0159\u00edbrn\u00fdch p\u00e1jek se vyzna\u010duje dobrou tekutost\u00ed a sm\u00e1\u010divost\u00ed a mechanickou odolnost\u00ed, co\u017e umo\u017e\u0148uje jejich pou\u017eit\u00ed mimo jin\u00e9 k p\u00e1jen\u00ed r\u016fzn\u00fdch ocel\u00ed, m\u011bdi, niklu a jejich slitin. D\u00edky t\u011bmto vlastnostem je lze pou\u017e\u00edt mimo jin\u00e9 v oblastech, jako je n\u00e1stroj\u00e1\u0159sk\u00fd a stroj\u00edrensk\u00fd pr\u016fmysl, elektrotechnick\u00fd pr\u016fmysl, potravin\u00e1\u0159sk\u00fd pr\u016fmysl a [&hellip;]<\/p>\n","protected":false},"featured_media":1678,"comment_status":"open","ping_status":"closed","template":"","meta":[],"product_cat":[134,135],"product_tag":[],"class_list":{"0":"post-1726","1":"product","2":"type-product","3":"status-publish","4":"has-post-thumbnail","6":"product_cat-prumysl","7":"product_cat-sperky","9":"first","10":"instock","11":"shipping-taxable","12":"product-type-simple"},"yoast_head":"<!-- This site is optimized with the Yoast SEO plugin v24.6 - https:\/\/yoast.com\/wordpress\/plugins\/seo\/ -->\n<title>Luty st\u0159\u00edbrn\u00e1 tvrd\u00e1 - Scorab.eu<\/title>\n<meta name=\"robots\" content=\"index, follow, max-snippet:-1, max-image-preview:large, max-video-preview:-1\" \/>\n<link rel=\"canonical\" href=\"https:\/\/scorab.eu\/cs\/produkt\/luty-stribrna-tvrda\/\" \/>\n<meta property=\"og:locale\" content=\"cs_CZ\" \/>\n<meta property=\"og:type\" content=\"article\" \/>\n<meta property=\"og:title\" content=\"Luty st\u0159\u00edbrn\u00e1 tvrd\u00e1 - Scorab.eu\" \/>\n<meta property=\"og:description\" content=\"Specializovan\u00e1 p\u00e1jec\u00ed pojiva bez kadmia pro p\u00e1jen\u00ed. Skupina st\u0159\u00edbrn\u00fdch p\u00e1jek se vyzna\u010duje dobrou tekutost\u00ed a sm\u00e1\u010divost\u00ed a mechanickou odolnost\u00ed, co\u017e umo\u017e\u0148uje jejich pou\u017eit\u00ed mimo jin\u00e9 k p\u00e1jen\u00ed r\u016fzn\u00fdch ocel\u00ed, m\u011bdi, niklu a jejich slitin. D\u00edky t\u011bmto vlastnostem je lze pou\u017e\u00edt mimo jin\u00e9 v oblastech, jako je n\u00e1stroj\u00e1\u0159sk\u00fd a stroj\u00edrensk\u00fd pr\u016fmysl, elektrotechnick\u00fd pr\u016fmysl, potravin\u00e1\u0159sk\u00fd pr\u016fmysl a [&hellip;]\" \/>\n<meta property=\"og:url\" content=\"https:\/\/scorab.eu\/cs\/produkt\/luty-stribrna-tvrda\/\" \/>\n<meta property=\"og:site_name\" content=\"Scorab.eu\" \/>\n<meta property=\"article:modified_time\" content=\"2025-04-15T16:11:57+00:00\" \/>\n<meta property=\"og:image\" content=\"https:\/\/scorab.eu\/wp-content\/uploads\/2024\/02\/5-luty.jpg\" \/>\n\t<meta property=\"og:image:width\" content=\"200\" \/>\n\t<meta property=\"og:image:height\" content=\"133\" \/>\n\t<meta property=\"og:image:type\" content=\"image\/jpeg\" \/>\n<meta name=\"twitter:card\" content=\"summary_large_image\" \/>\n<meta name=\"twitter:label1\" content=\"Est. reading time\" \/>\n\t<meta name=\"twitter:data1\" content=\"1 minuta\" \/>\n<script type=\"application\/ld+json\" class=\"yoast-schema-graph\">{\"@context\":\"https:\/\/schema.org\",\"@graph\":[{\"@type\":\"WebPage\",\"@id\":\"https:\/\/scorab.eu\/cs\/produkt\/luty-stribrna-tvrda\/\",\"url\":\"https:\/\/scorab.eu\/cs\/produkt\/luty-stribrna-tvrda\/\",\"name\":\"Luty st\u0159\u00edbrn\u00e1 tvrd\u00e1 - Scorab.eu\",\"isPartOf\":{\"@id\":\"https:\/\/scorab.eu\/cs\/#website\"},\"primaryImageOfPage\":{\"@id\":\"https:\/\/scorab.eu\/cs\/produkt\/luty-stribrna-tvrda\/#primaryimage\"},\"image\":{\"@id\":\"https:\/\/scorab.eu\/cs\/produkt\/luty-stribrna-tvrda\/#primaryimage\"},\"thumbnailUrl\":\"https:\/\/scorab.eu\/wp-content\/uploads\/2024\/02\/5-luty.jpg\",\"datePublished\":\"2024-02-13T18:25:26+00:00\",\"dateModified\":\"2025-04-15T16:11:57+00:00\",\"breadcrumb\":{\"@id\":\"https:\/\/scorab.eu\/cs\/produkt\/luty-stribrna-tvrda\/#breadcrumb\"},\"inLanguage\":\"cs\",\"potentialAction\":[{\"@type\":\"ReadAction\",\"target\":[\"https:\/\/scorab.eu\/cs\/produkt\/luty-stribrna-tvrda\/\"]}]},{\"@type\":\"ImageObject\",\"inLanguage\":\"cs\",\"@id\":\"https:\/\/scorab.eu\/cs\/produkt\/luty-stribrna-tvrda\/#primaryimage\",\"url\":\"https:\/\/scorab.eu\/wp-content\/uploads\/2024\/02\/5-luty.jpg\",\"contentUrl\":\"https:\/\/scorab.eu\/wp-content\/uploads\/2024\/02\/5-luty.jpg\",\"width\":200,\"height\":133},{\"@type\":\"BreadcrumbList\",\"@id\":\"https:\/\/scorab.eu\/cs\/produkt\/luty-stribrna-tvrda\/#breadcrumb\",\"itemListElement\":[{\"@type\":\"ListItem\",\"position\":1,\"name\":\"Strona g\u0142\u00f3wna\",\"item\":\"https:\/\/scorab.eu\/cs\/domovska-stranka\/\"},{\"@type\":\"ListItem\",\"position\":2,\"name\":\"Produkty\",\"item\":\"https:\/\/scorab.eu\/produkty\/\"},{\"@type\":\"ListItem\",\"position\":3,\"name\":\"Luty st\u0159\u00edbrn\u00e1 tvrd\u00e1\"}]},{\"@type\":\"WebSite\",\"@id\":\"https:\/\/scorab.eu\/cs\/#website\",\"url\":\"https:\/\/scorab.eu\/cs\/\",\"name\":\"Scorab.eu\",\"description\":\"Produkcja oraz us\u0142ugi w zakresie przetwarzania metali szlachetnych i ich stop&oacute;w.\",\"publisher\":{\"@id\":\"https:\/\/scorab.eu\/cs\/#organization\"},\"potentialAction\":[{\"@type\":\"SearchAction\",\"target\":{\"@type\":\"EntryPoint\",\"urlTemplate\":\"https:\/\/scorab.eu\/cs\/?s={search_term_string}\"},\"query-input\":{\"@type\":\"PropertyValueSpecification\",\"valueRequired\":true,\"valueName\":\"search_term_string\"}}],\"inLanguage\":\"cs\"},{\"@type\":\"Organization\",\"@id\":\"https:\/\/scorab.eu\/cs\/#organization\",\"name\":\"Scorab.eu\",\"url\":\"https:\/\/scorab.eu\/cs\/\",\"logo\":{\"@type\":\"ImageObject\",\"inLanguage\":\"cs\",\"@id\":\"https:\/\/scorab.eu\/cs\/#\/schema\/logo\/image\/\",\"url\":\"https:\/\/scorab.eu\/wp-content\/uploads\/2024\/02\/obraz_2024-02-15_193251345.png\",\"contentUrl\":\"https:\/\/scorab.eu\/wp-content\/uploads\/2024\/02\/obraz_2024-02-15_193251345.png\",\"width\":506,\"height\":150,\"caption\":\"Scorab.eu\"},\"image\":{\"@id\":\"https:\/\/scorab.eu\/cs\/#\/schema\/logo\/image\/\"}}]}<\/script>\n<!-- \/ Yoast SEO plugin. -->","yoast_head_json":{"title":"Luty st\u0159\u00edbrn\u00e1 tvrd\u00e1 - Scorab.eu","robots":{"index":"index","follow":"follow","max-snippet":"max-snippet:-1","max-image-preview":"max-image-preview:large","max-video-preview":"max-video-preview:-1"},"canonical":"https:\/\/scorab.eu\/cs\/produkt\/luty-stribrna-tvrda\/","og_locale":"cs_CZ","og_type":"article","og_title":"Luty st\u0159\u00edbrn\u00e1 tvrd\u00e1 - Scorab.eu","og_description":"Specializovan\u00e1 p\u00e1jec\u00ed pojiva bez kadmia pro p\u00e1jen\u00ed. Skupina st\u0159\u00edbrn\u00fdch p\u00e1jek se vyzna\u010duje dobrou tekutost\u00ed a sm\u00e1\u010divost\u00ed a mechanickou odolnost\u00ed, co\u017e umo\u017e\u0148uje jejich pou\u017eit\u00ed mimo jin\u00e9 k p\u00e1jen\u00ed r\u016fzn\u00fdch ocel\u00ed, m\u011bdi, niklu a jejich slitin. D\u00edky t\u011bmto vlastnostem je lze pou\u017e\u00edt mimo jin\u00e9 v oblastech, jako je n\u00e1stroj\u00e1\u0159sk\u00fd a stroj\u00edrensk\u00fd pr\u016fmysl, elektrotechnick\u00fd pr\u016fmysl, potravin\u00e1\u0159sk\u00fd pr\u016fmysl a [&hellip;]","og_url":"https:\/\/scorab.eu\/cs\/produkt\/luty-stribrna-tvrda\/","og_site_name":"Scorab.eu","article_modified_time":"2025-04-15T16:11:57+00:00","og_image":[{"width":200,"height":133,"url":"https:\/\/scorab.eu\/wp-content\/uploads\/2024\/02\/5-luty.jpg","type":"image\/jpeg"}],"twitter_card":"summary_large_image","twitter_misc":{"Est. reading time":"1 minuta"},"schema":{"@context":"https:\/\/schema.org","@graph":[{"@type":"WebPage","@id":"https:\/\/scorab.eu\/cs\/produkt\/luty-stribrna-tvrda\/","url":"https:\/\/scorab.eu\/cs\/produkt\/luty-stribrna-tvrda\/","name":"Luty st\u0159\u00edbrn\u00e1 tvrd\u00e1 - Scorab.eu","isPartOf":{"@id":"https:\/\/scorab.eu\/cs\/#website"},"primaryImageOfPage":{"@id":"https:\/\/scorab.eu\/cs\/produkt\/luty-stribrna-tvrda\/#primaryimage"},"image":{"@id":"https:\/\/scorab.eu\/cs\/produkt\/luty-stribrna-tvrda\/#primaryimage"},"thumbnailUrl":"https:\/\/scorab.eu\/wp-content\/uploads\/2024\/02\/5-luty.jpg","datePublished":"2024-02-13T18:25:26+00:00","dateModified":"2025-04-15T16:11:57+00:00","breadcrumb":{"@id":"https:\/\/scorab.eu\/cs\/produkt\/luty-stribrna-tvrda\/#breadcrumb"},"inLanguage":"cs","potentialAction":[{"@type":"ReadAction","target":["https:\/\/scorab.eu\/cs\/produkt\/luty-stribrna-tvrda\/"]}]},{"@type":"ImageObject","inLanguage":"cs","@id":"https:\/\/scorab.eu\/cs\/produkt\/luty-stribrna-tvrda\/#primaryimage","url":"https:\/\/scorab.eu\/wp-content\/uploads\/2024\/02\/5-luty.jpg","contentUrl":"https:\/\/scorab.eu\/wp-content\/uploads\/2024\/02\/5-luty.jpg","width":200,"height":133},{"@type":"BreadcrumbList","@id":"https:\/\/scorab.eu\/cs\/produkt\/luty-stribrna-tvrda\/#breadcrumb","itemListElement":[{"@type":"ListItem","position":1,"name":"Strona g\u0142\u00f3wna","item":"https:\/\/scorab.eu\/cs\/domovska-stranka\/"},{"@type":"ListItem","position":2,"name":"Produkty","item":"https:\/\/scorab.eu\/produkty\/"},{"@type":"ListItem","position":3,"name":"Luty st\u0159\u00edbrn\u00e1 tvrd\u00e1"}]},{"@type":"WebSite","@id":"https:\/\/scorab.eu\/cs\/#website","url":"https:\/\/scorab.eu\/cs\/","name":"Scorab.eu","description":"Produkcja oraz us\u0142ugi w zakresie przetwarzania metali szlachetnych i ich stop&oacute;w.","publisher":{"@id":"https:\/\/scorab.eu\/cs\/#organization"},"potentialAction":[{"@type":"SearchAction","target":{"@type":"EntryPoint","urlTemplate":"https:\/\/scorab.eu\/cs\/?s={search_term_string}"},"query-input":{"@type":"PropertyValueSpecification","valueRequired":true,"valueName":"search_term_string"}}],"inLanguage":"cs"},{"@type":"Organization","@id":"https:\/\/scorab.eu\/cs\/#organization","name":"Scorab.eu","url":"https:\/\/scorab.eu\/cs\/","logo":{"@type":"ImageObject","inLanguage":"cs","@id":"https:\/\/scorab.eu\/cs\/#\/schema\/logo\/image\/","url":"https:\/\/scorab.eu\/wp-content\/uploads\/2024\/02\/obraz_2024-02-15_193251345.png","contentUrl":"https:\/\/scorab.eu\/wp-content\/uploads\/2024\/02\/obraz_2024-02-15_193251345.png","width":506,"height":150,"caption":"Scorab.eu"},"image":{"@id":"https:\/\/scorab.eu\/cs\/#\/schema\/logo\/image\/"}}]}},"_links":{"self":[{"href":"https:\/\/scorab.eu\/cs\/wp-json\/wp\/v2\/product\/1726","targetHints":{"allow":["GET"]}}],"collection":[{"href":"https:\/\/scorab.eu\/cs\/wp-json\/wp\/v2\/product"}],"about":[{"href":"https:\/\/scorab.eu\/cs\/wp-json\/wp\/v2\/types\/product"}],"replies":[{"embeddable":true,"href":"https:\/\/scorab.eu\/cs\/wp-json\/wp\/v2\/comments?post=1726"}],"version-history":[{"count":1,"href":"https:\/\/scorab.eu\/cs\/wp-json\/wp\/v2\/product\/1726\/revisions"}],"predecessor-version":[{"id":1758,"href":"https:\/\/scorab.eu\/cs\/wp-json\/wp\/v2\/product\/1726\/revisions\/1758"}],"wp:featuredmedia":[{"embeddable":true,"href":"https:\/\/scorab.eu\/cs\/wp-json\/wp\/v2\/media\/1678"}],"wp:attachment":[{"href":"https:\/\/scorab.eu\/cs\/wp-json\/wp\/v2\/media?parent=1726"}],"wp:term":[{"taxonomy":"product_cat","embeddable":true,"href":"https:\/\/scorab.eu\/cs\/wp-json\/wp\/v2\/product_cat?post=1726"},{"taxonomy":"product_tag","embeddable":true,"href":"https:\/\/scorab.eu\/cs\/wp-json\/wp\/v2\/product_tag?post=1726"}],"curies":[{"name":"wp","href":"https:\/\/api.w.org\/{rel}","templated":true}]}}