{"id":1175,"date":"2024-02-13T18:25:01","date_gmt":"2024-02-13T18:25:01","guid":{"rendered":"https:\/\/scorab.eu\/unternehmen\/"},"modified":"2025-03-04T17:39:52","modified_gmt":"2025-03-04T17:39:52","slug":"unternehmen","status":"publish","type":"page","link":"https:\/\/scorab.eu\/de\/unternehmen\/","title":{"rendered":"Unternehmen"},"content":{"rendered":"\t\t<div data-elementor-type=\"wp-page\" data-elementor-id=\"1175\" class=\"elementor elementor-1175 elementor-76\" data-elementor-post-type=\"page\">\n\t\t\t\t<div class=\"elementor-element elementor-element-7c3de7a0 e-flex e-con-boxed e-con e-parent\" data-id=\"7c3de7a0\" data-element_type=\"container\" data-settings=\"{&quot;background_background&quot;:&quot;classic&quot;}\">\n\t\t\t\t\t<div class=\"e-con-inner\">\n\t\t<div class=\"elementor-element elementor-element-25715ac0 e-con-full e-flex e-con e-child\" data-id=\"25715ac0\" data-element_type=\"container\" data-settings=\"{&quot;background_background&quot;:&quot;classic&quot;}\">\n\t\t<div class=\"elementor-element elementor-element-28426449 e-flex e-con-boxed e-con e-child\" data-id=\"28426449\" data-element_type=\"container\" data-settings=\"{&quot;background_background&quot;:&quot;classic&quot;}\">\n\t\t\t\t\t<div class=\"e-con-inner\">\n\t\t\t\t<div class=\"elementor-element elementor-element-27000d2 elementor-widget elementor-widget-heading\" data-id=\"27000d2\" data-element_type=\"widget\" data-widget_type=\"heading.default\">\n\t\t\t\t<div class=\"elementor-widget-container\">\n\t\t\t\t\t<h3 class=\"elementor-heading-title elementor-size-default\">\u00dcBER DAS UNTERNEHMEN<\/h3>\t\t\t\t<\/div>\n\t\t\t\t<\/div>\n\t\t\t\t<div class=\"elementor-element elementor-element-4cddd75 elementor-widget elementor-widget-text-editor\" data-id=\"4cddd75\" data-element_type=\"widget\" data-widget_type=\"text-editor.default\">\n\t\t\t\t<div class=\"elementor-widget-container\">\n\t\t\t\t\t\t\t\t\t<p>SCORAB ist seit 1992 erfolgreich auf dem Edelmetallmarkt t\u00e4tig.<\/p><p>Unsere langj\u00e4hrige Erfahrung und die hochmodernen Technologien, die in der Produktion eingesetzt werden, erm\u00f6glichen den Einsatz unserer Produkte in vielen verschiedenen Bereichen, wie z.B. in Schmuckateliers, in Betrieben, die Galvanotechniken im Versilberungsprozess einsetzen, in der Energieindustrie und in der Elektronik.<\/p><p>Bei der Bearbeitung von Bestellungen achten wir vor allem auf die Qualit\u00e4t unserer Produkte und garantieren Zuverl\u00e4ssigkeit und Genauigkeit. Wir gehen individuell auf jeden Kunden ein und bem\u00fchen uns, unser Angebot auf der Grundlage unserer Kenntnisse und Erfahrungen auf die Bed\u00fcrfnisse unserer Partner abzustimmen.<\/p>\t\t\t\t\t\t\t\t<\/div>\n\t\t\t\t<\/div>\n\t\t\t\t\t<\/div>\n\t\t\t\t<\/div>\n\t\t\t\t<\/div>\n\t\t\t\t\t<\/div>\n\t\t\t\t<\/div>\n\t\t\t\t<\/div>\n\t\t","protected":false},"excerpt":{"rendered":"<p>\u00dcBER DAS UNTERNEHMEN SCORAB ist seit 1992 erfolgreich auf dem Edelmetallmarkt t\u00e4tig. Unsere langj\u00e4hrige Erfahrung und die hochmodernen Technologien, die in der Produktion eingesetzt werden, erm\u00f6glichen den Einsatz unserer Produkte in vielen verschiedenen Bereichen, wie z.B. in Schmuckateliers, in Betrieben, die Galvanotechniken im Versilberungsprozess einsetzen, in der Energieindustrie und in der Elektronik. Bei der Bearbeitung [&hellip;]<\/p>\n","protected":false},"author":1,"featured_media":0,"parent":0,"menu_order":0,"comment_status":"closed","ping_status":"closed","template":"elementor_header_footer","meta":{"footnotes":""},"class_list":["post-1175","page","type-page","status-publish","hentry"],"yoast_head":"<!-- This site is optimized with the Yoast SEO plugin v24.6 - https:\/\/yoast.com\/wordpress\/plugins\/seo\/ -->\n<title>Unternehmen - Scorab.eu<\/title>\n<meta name=\"robots\" content=\"index, follow, max-snippet:-1, max-image-preview:large, max-video-preview:-1\" \/>\n<link rel=\"canonical\" href=\"https:\/\/scorab.eu\/de\/unternehmen\/\" \/>\n<meta property=\"og:locale\" content=\"de_DE\" \/>\n<meta property=\"og:type\" content=\"article\" \/>\n<meta property=\"og:title\" content=\"Unternehmen - Scorab.eu\" \/>\n<meta property=\"og:description\" content=\"\u00dcBER DAS UNTERNEHMEN SCORAB ist seit 1992 erfolgreich auf dem Edelmetallmarkt t\u00e4tig. Unsere langj\u00e4hrige Erfahrung und die hochmodernen Technologien, die in der Produktion eingesetzt werden, erm\u00f6glichen den Einsatz unserer Produkte in vielen verschiedenen Bereichen, wie z.B. in Schmuckateliers, in Betrieben, die Galvanotechniken im Versilberungsprozess einsetzen, in der Energieindustrie und in der Elektronik. Bei der Bearbeitung [&hellip;]\" \/>\n<meta property=\"og:url\" content=\"https:\/\/scorab.eu\/de\/unternehmen\/\" \/>\n<meta property=\"og:site_name\" content=\"Scorab.eu\" \/>\n<meta property=\"article:modified_time\" content=\"2025-03-04T17:39:52+00:00\" \/>\n<meta name=\"twitter:card\" content=\"summary_large_image\" \/>\n<meta name=\"twitter:label1\" content=\"Est. reading time\" \/>\n\t<meta name=\"twitter:data1\" content=\"1\u00a0Minute\" \/>\n<script type=\"application\/ld+json\" class=\"yoast-schema-graph\">{\"@context\":\"https:\/\/schema.org\",\"@graph\":[{\"@type\":\"WebPage\",\"@id\":\"https:\/\/scorab.eu\/de\/unternehmen\/\",\"url\":\"https:\/\/scorab.eu\/de\/unternehmen\/\",\"name\":\"Unternehmen - Scorab.eu\",\"isPartOf\":{\"@id\":\"https:\/\/scorab.eu\/de\/#website\"},\"datePublished\":\"2024-02-13T18:25:01+00:00\",\"dateModified\":\"2025-03-04T17:39:52+00:00\",\"breadcrumb\":{\"@id\":\"https:\/\/scorab.eu\/de\/unternehmen\/#breadcrumb\"},\"inLanguage\":\"de\",\"potentialAction\":[{\"@type\":\"ReadAction\",\"target\":[\"https:\/\/scorab.eu\/de\/unternehmen\/\"]}]},{\"@type\":\"BreadcrumbList\",\"@id\":\"https:\/\/scorab.eu\/de\/unternehmen\/#breadcrumb\",\"itemListElement\":[{\"@type\":\"ListItem\",\"position\":1,\"name\":\"Strona g\u0142\u00f3wna\",\"item\":\"https:\/\/scorab.eu\/de\/homepage\/\"},{\"@type\":\"ListItem\",\"position\":2,\"name\":\"Unternehmen\"}]},{\"@type\":\"WebSite\",\"@id\":\"https:\/\/scorab.eu\/de\/#website\",\"url\":\"https:\/\/scorab.eu\/de\/\",\"name\":\"Scorab.eu\",\"description\":\"Produkcja oraz us\u0142ugi w zakresie przetwarzania metali szlachetnych i ich stop&oacute;w.\",\"publisher\":{\"@id\":\"https:\/\/scorab.eu\/de\/#organization\"},\"potentialAction\":[{\"@type\":\"SearchAction\",\"target\":{\"@type\":\"EntryPoint\",\"urlTemplate\":\"https:\/\/scorab.eu\/de\/?s={search_term_string}\"},\"query-input\":{\"@type\":\"PropertyValueSpecification\",\"valueRequired\":true,\"valueName\":\"search_term_string\"}}],\"inLanguage\":\"de\"},{\"@type\":\"Organization\",\"@id\":\"https:\/\/scorab.eu\/de\/#organization\",\"name\":\"Scorab.eu\",\"url\":\"https:\/\/scorab.eu\/de\/\",\"logo\":{\"@type\":\"ImageObject\",\"inLanguage\":\"de\",\"@id\":\"https:\/\/scorab.eu\/de\/#\/schema\/logo\/image\/\",\"url\":\"https:\/\/scorab.eu\/wp-content\/uploads\/2024\/02\/obraz_2024-02-15_193251345.png\",\"contentUrl\":\"https:\/\/scorab.eu\/wp-content\/uploads\/2024\/02\/obraz_2024-02-15_193251345.png\",\"width\":506,\"height\":150,\"caption\":\"Scorab.eu\"},\"image\":{\"@id\":\"https:\/\/scorab.eu\/de\/#\/schema\/logo\/image\/\"}}]}<\/script>\n<!-- \/ Yoast SEO plugin. -->","yoast_head_json":{"title":"Unternehmen - Scorab.eu","robots":{"index":"index","follow":"follow","max-snippet":"max-snippet:-1","max-image-preview":"max-image-preview:large","max-video-preview":"max-video-preview:-1"},"canonical":"https:\/\/scorab.eu\/de\/unternehmen\/","og_locale":"de_DE","og_type":"article","og_title":"Unternehmen - Scorab.eu","og_description":"\u00dcBER DAS UNTERNEHMEN SCORAB ist seit 1992 erfolgreich auf dem Edelmetallmarkt t\u00e4tig. Unsere langj\u00e4hrige Erfahrung und die hochmodernen Technologien, die in der Produktion eingesetzt werden, erm\u00f6glichen den Einsatz unserer Produkte in vielen verschiedenen Bereichen, wie z.B. in Schmuckateliers, in Betrieben, die Galvanotechniken im Versilberungsprozess einsetzen, in der Energieindustrie und in der Elektronik. Bei der Bearbeitung [&hellip;]","og_url":"https:\/\/scorab.eu\/de\/unternehmen\/","og_site_name":"Scorab.eu","article_modified_time":"2025-03-04T17:39:52+00:00","twitter_card":"summary_large_image","twitter_misc":{"Est. reading time":"1\u00a0Minute"},"schema":{"@context":"https:\/\/schema.org","@graph":[{"@type":"WebPage","@id":"https:\/\/scorab.eu\/de\/unternehmen\/","url":"https:\/\/scorab.eu\/de\/unternehmen\/","name":"Unternehmen - Scorab.eu","isPartOf":{"@id":"https:\/\/scorab.eu\/de\/#website"},"datePublished":"2024-02-13T18:25:01+00:00","dateModified":"2025-03-04T17:39:52+00:00","breadcrumb":{"@id":"https:\/\/scorab.eu\/de\/unternehmen\/#breadcrumb"},"inLanguage":"de","potentialAction":[{"@type":"ReadAction","target":["https:\/\/scorab.eu\/de\/unternehmen\/"]}]},{"@type":"BreadcrumbList","@id":"https:\/\/scorab.eu\/de\/unternehmen\/#breadcrumb","itemListElement":[{"@type":"ListItem","position":1,"name":"Strona g\u0142\u00f3wna","item":"https:\/\/scorab.eu\/de\/homepage\/"},{"@type":"ListItem","position":2,"name":"Unternehmen"}]},{"@type":"WebSite","@id":"https:\/\/scorab.eu\/de\/#website","url":"https:\/\/scorab.eu\/de\/","name":"Scorab.eu","description":"Produkcja oraz us\u0142ugi w zakresie przetwarzania metali szlachetnych i ich stop&oacute;w.","publisher":{"@id":"https:\/\/scorab.eu\/de\/#organization"},"potentialAction":[{"@type":"SearchAction","target":{"@type":"EntryPoint","urlTemplate":"https:\/\/scorab.eu\/de\/?s={search_term_string}"},"query-input":{"@type":"PropertyValueSpecification","valueRequired":true,"valueName":"search_term_string"}}],"inLanguage":"de"},{"@type":"Organization","@id":"https:\/\/scorab.eu\/de\/#organization","name":"Scorab.eu","url":"https:\/\/scorab.eu\/de\/","logo":{"@type":"ImageObject","inLanguage":"de","@id":"https:\/\/scorab.eu\/de\/#\/schema\/logo\/image\/","url":"https:\/\/scorab.eu\/wp-content\/uploads\/2024\/02\/obraz_2024-02-15_193251345.png","contentUrl":"https:\/\/scorab.eu\/wp-content\/uploads\/2024\/02\/obraz_2024-02-15_193251345.png","width":506,"height":150,"caption":"Scorab.eu"},"image":{"@id":"https:\/\/scorab.eu\/de\/#\/schema\/logo\/image\/"}}]}},"_links":{"self":[{"href":"https:\/\/scorab.eu\/de\/wp-json\/wp\/v2\/pages\/1175","targetHints":{"allow":["GET"]}}],"collection":[{"href":"https:\/\/scorab.eu\/de\/wp-json\/wp\/v2\/pages"}],"about":[{"href":"https:\/\/scorab.eu\/de\/wp-json\/wp\/v2\/types\/page"}],"author":[{"embeddable":true,"href":"https:\/\/scorab.eu\/de\/wp-json\/wp\/v2\/users\/1"}],"replies":[{"embeddable":true,"href":"https:\/\/scorab.eu\/de\/wp-json\/wp\/v2\/comments?post=1175"}],"version-history":[{"count":1,"href":"https:\/\/scorab.eu\/de\/wp-json\/wp\/v2\/pages\/1175\/revisions"}],"predecessor-version":[{"id":1176,"href":"https:\/\/scorab.eu\/de\/wp-json\/wp\/v2\/pages\/1175\/revisions\/1176"}],"wp:attachment":[{"href":"https:\/\/scorab.eu\/de\/wp-json\/wp\/v2\/media?parent=1175"}],"curies":[{"name":"wp","href":"https:\/\/api.w.org\/{rel}","templated":true}]}}