{"id":1336,"date":"2024-02-13T18:25:29","date_gmt":"2024-02-13T18:25:29","guid":{"rendered":"https:\/\/scorab.eu\/produkt\/draht-und-stangen\/"},"modified":"2025-04-15T16:01:58","modified_gmt":"2025-04-15T16:01:58","slug":"draht-und-stangen","status":"publish","type":"product","link":"https:\/\/scorab.eu\/de\/produkt\/draht-und-stangen\/","title":{"rendered":"Draht und Stangen"},"content":{"rendered":"<p><span style=\"font-weight: 400;\">Gezogene Dr\u00e4hte, haupts\u00e4chlich aus Silberlegierungen, Messing und Kupfer.<\/span><\/p>\n<p><span style=\"font-weight: 400;\">Dank des Stranggussverfahrens, der mehrstufigen Formgebung und der W\u00e4rmebehandlung in einer kontrollierten Schutzatmosph\u00e4re, die eine Oxidation der Oberfl\u00e4che w\u00e4hrend der Produktion und das Eindringen von Verunreinigungen in das Produkt verhindert, bleiben die Leistungen durchgehend gleich. Die spezielle W\u00e4rmebehandlung erm\u00f6glicht es, je nach Verwendungszweck die gew\u00fcnschte Plastizit\u00e4t und Elastizit\u00e4t zu erreichen. <\/span><\/p>\n<p><span style=\"font-weight: 400;\">Ideal zur Weiterverarbeitung oder zur Verwendung in der Schmuckindustrie, Elektronik, Elektrotechnik und Energietechnik.<\/span><\/p>\n<p><span style=\"font-weight: 400;\">Silberdr\u00e4hte werden standardm\u00e4\u00dfig in den Legierungen Ag930, Ag999 und Ag99.99 hergestellt.<\/span><\/p>\n<p><span style=\"font-weight: 400;\">Messingdr\u00e4hte werden aus M63- und M85-Messing hergestellt, w\u00e4hrend Kupferdr\u00e4hte aus elektrolytischem Kupfer der G\u00fcteklasse M1E hergestellt werden.<\/span><\/p>\n","protected":false},"excerpt":{"rendered":"<p>Gezogene Dr\u00e4hte, haupts\u00e4chlich aus Silberlegierungen, Messing und Kupfer. Dank des Stranggussverfahrens, der mehrstufigen Formgebung und der W\u00e4rmebehandlung in einer kontrollierten Schutzatmosph\u00e4re, die eine Oxidation der Oberfl\u00e4che w\u00e4hrend der Produktion und das Eindringen von Verunreinigungen in das Produkt verhindert, bleiben die Leistungen durchgehend gleich. Die spezielle W\u00e4rmebehandlung erm\u00f6glicht es, je nach Verwendungszweck die gew\u00fcnschte Plastizit\u00e4t und [&hellip;]<\/p>\n","protected":false},"featured_media":1091,"comment_status":"open","ping_status":"closed","template":"","meta":[],"product_cat":[108,86],"product_tag":[111,110,109],"class_list":{"0":"post-1336","1":"product","2":"type-product","3":"status-publish","4":"has-post-thumbnail","6":"product_cat-industrie","7":"product_cat-schmuck","8":"product_tag-kupfer","9":"product_tag-messing","10":"product_tag-silber","12":"first","13":"instock","14":"shipping-taxable","15":"product-type-simple"},"yoast_head":"<!-- This site is optimized with the Yoast SEO plugin v24.6 - https:\/\/yoast.com\/wordpress\/plugins\/seo\/ -->\n<title>Draht und Stangen - Scorab.eu<\/title>\n<meta name=\"robots\" content=\"index, follow, max-snippet:-1, max-image-preview:large, max-video-preview:-1\" \/>\n<link rel=\"canonical\" href=\"https:\/\/scorab.eu\/de\/produkt\/draht-und-stangen\/\" \/>\n<meta property=\"og:locale\" content=\"de_DE\" \/>\n<meta property=\"og:type\" content=\"article\" \/>\n<meta property=\"og:title\" content=\"Draht und Stangen - Scorab.eu\" \/>\n<meta property=\"og:description\" content=\"Gezogene Dr\u00e4hte, haupts\u00e4chlich aus Silberlegierungen, Messing und Kupfer. Dank des Stranggussverfahrens, der mehrstufigen Formgebung und der W\u00e4rmebehandlung in einer kontrollierten Schutzatmosph\u00e4re, die eine Oxidation der Oberfl\u00e4che w\u00e4hrend der Produktion und das Eindringen von Verunreinigungen in das Produkt verhindert, bleiben die Leistungen durchgehend gleich. Die spezielle W\u00e4rmebehandlung erm\u00f6glicht es, je nach Verwendungszweck die gew\u00fcnschte Plastizit\u00e4t und [&hellip;]\" \/>\n<meta property=\"og:url\" content=\"https:\/\/scorab.eu\/de\/produkt\/draht-und-stangen\/\" \/>\n<meta property=\"og:site_name\" content=\"Scorab.eu\" \/>\n<meta property=\"article:modified_time\" content=\"2025-04-15T16:01:58+00:00\" \/>\n<meta property=\"og:image\" content=\"https:\/\/scorab.eu\/wp-content\/uploads\/2024\/02\/44.jpg\" \/>\n\t<meta property=\"og:image:width\" content=\"2502\" \/>\n\t<meta property=\"og:image:height\" content=\"1704\" \/>\n\t<meta property=\"og:image:type\" content=\"image\/jpeg\" \/>\n<meta name=\"twitter:card\" content=\"summary_large_image\" \/>\n<meta name=\"twitter:label1\" content=\"Est. reading time\" \/>\n\t<meta name=\"twitter:data1\" content=\"1\u00a0Minute\" \/>\n<script type=\"application\/ld+json\" class=\"yoast-schema-graph\">{\"@context\":\"https:\/\/schema.org\",\"@graph\":[{\"@type\":\"WebPage\",\"@id\":\"https:\/\/scorab.eu\/de\/produkt\/draht-und-stangen\/\",\"url\":\"https:\/\/scorab.eu\/de\/produkt\/draht-und-stangen\/\",\"name\":\"Draht und Stangen - Scorab.eu\",\"isPartOf\":{\"@id\":\"https:\/\/scorab.eu\/de\/#website\"},\"primaryImageOfPage\":{\"@id\":\"https:\/\/scorab.eu\/de\/produkt\/draht-und-stangen\/#primaryimage\"},\"image\":{\"@id\":\"https:\/\/scorab.eu\/de\/produkt\/draht-und-stangen\/#primaryimage\"},\"thumbnailUrl\":\"https:\/\/scorab.eu\/wp-content\/uploads\/2024\/02\/44.jpg\",\"datePublished\":\"2024-02-13T18:25:29+00:00\",\"dateModified\":\"2025-04-15T16:01:58+00:00\",\"breadcrumb\":{\"@id\":\"https:\/\/scorab.eu\/de\/produkt\/draht-und-stangen\/#breadcrumb\"},\"inLanguage\":\"de\",\"potentialAction\":[{\"@type\":\"ReadAction\",\"target\":[\"https:\/\/scorab.eu\/de\/produkt\/draht-und-stangen\/\"]}]},{\"@type\":\"ImageObject\",\"inLanguage\":\"de\",\"@id\":\"https:\/\/scorab.eu\/de\/produkt\/draht-und-stangen\/#primaryimage\",\"url\":\"https:\/\/scorab.eu\/wp-content\/uploads\/2024\/02\/44.jpg\",\"contentUrl\":\"https:\/\/scorab.eu\/wp-content\/uploads\/2024\/02\/44.jpg\",\"width\":2502,\"height\":1704},{\"@type\":\"BreadcrumbList\",\"@id\":\"https:\/\/scorab.eu\/de\/produkt\/draht-und-stangen\/#breadcrumb\",\"itemListElement\":[{\"@type\":\"ListItem\",\"position\":1,\"name\":\"Strona g\u0142\u00f3wna\",\"item\":\"https:\/\/scorab.eu\/de\/homepage\/\"},{\"@type\":\"ListItem\",\"position\":2,\"name\":\"Produkte\",\"item\":\"https:\/\/scorab.eu\/de\/produkte\/\"},{\"@type\":\"ListItem\",\"position\":3,\"name\":\"Draht und Stangen\"}]},{\"@type\":\"WebSite\",\"@id\":\"https:\/\/scorab.eu\/de\/#website\",\"url\":\"https:\/\/scorab.eu\/de\/\",\"name\":\"Scorab.eu\",\"description\":\"Produkcja oraz us\u0142ugi w zakresie przetwarzania metali szlachetnych i ich stop&oacute;w.\",\"publisher\":{\"@id\":\"https:\/\/scorab.eu\/de\/#organization\"},\"potentialAction\":[{\"@type\":\"SearchAction\",\"target\":{\"@type\":\"EntryPoint\",\"urlTemplate\":\"https:\/\/scorab.eu\/de\/?s={search_term_string}\"},\"query-input\":{\"@type\":\"PropertyValueSpecification\",\"valueRequired\":true,\"valueName\":\"search_term_string\"}}],\"inLanguage\":\"de\"},{\"@type\":\"Organization\",\"@id\":\"https:\/\/scorab.eu\/de\/#organization\",\"name\":\"Scorab.eu\",\"url\":\"https:\/\/scorab.eu\/de\/\",\"logo\":{\"@type\":\"ImageObject\",\"inLanguage\":\"de\",\"@id\":\"https:\/\/scorab.eu\/de\/#\/schema\/logo\/image\/\",\"url\":\"https:\/\/scorab.eu\/wp-content\/uploads\/2024\/02\/obraz_2024-02-15_193251345.png\",\"contentUrl\":\"https:\/\/scorab.eu\/wp-content\/uploads\/2024\/02\/obraz_2024-02-15_193251345.png\",\"width\":506,\"height\":150,\"caption\":\"Scorab.eu\"},\"image\":{\"@id\":\"https:\/\/scorab.eu\/de\/#\/schema\/logo\/image\/\"}}]}<\/script>\n<!-- \/ Yoast SEO plugin. -->","yoast_head_json":{"title":"Draht und Stangen - Scorab.eu","robots":{"index":"index","follow":"follow","max-snippet":"max-snippet:-1","max-image-preview":"max-image-preview:large","max-video-preview":"max-video-preview:-1"},"canonical":"https:\/\/scorab.eu\/de\/produkt\/draht-und-stangen\/","og_locale":"de_DE","og_type":"article","og_title":"Draht und Stangen - Scorab.eu","og_description":"Gezogene Dr\u00e4hte, haupts\u00e4chlich aus Silberlegierungen, Messing und Kupfer. Dank des Stranggussverfahrens, der mehrstufigen Formgebung und der W\u00e4rmebehandlung in einer kontrollierten Schutzatmosph\u00e4re, die eine Oxidation der Oberfl\u00e4che w\u00e4hrend der Produktion und das Eindringen von Verunreinigungen in das Produkt verhindert, bleiben die Leistungen durchgehend gleich. Die spezielle W\u00e4rmebehandlung erm\u00f6glicht es, je nach Verwendungszweck die gew\u00fcnschte Plastizit\u00e4t und [&hellip;]","og_url":"https:\/\/scorab.eu\/de\/produkt\/draht-und-stangen\/","og_site_name":"Scorab.eu","article_modified_time":"2025-04-15T16:01:58+00:00","og_image":[{"width":2502,"height":1704,"url":"https:\/\/scorab.eu\/wp-content\/uploads\/2024\/02\/44.jpg","type":"image\/jpeg"}],"twitter_card":"summary_large_image","twitter_misc":{"Est. reading time":"1\u00a0Minute"},"schema":{"@context":"https:\/\/schema.org","@graph":[{"@type":"WebPage","@id":"https:\/\/scorab.eu\/de\/produkt\/draht-und-stangen\/","url":"https:\/\/scorab.eu\/de\/produkt\/draht-und-stangen\/","name":"Draht und Stangen - Scorab.eu","isPartOf":{"@id":"https:\/\/scorab.eu\/de\/#website"},"primaryImageOfPage":{"@id":"https:\/\/scorab.eu\/de\/produkt\/draht-und-stangen\/#primaryimage"},"image":{"@id":"https:\/\/scorab.eu\/de\/produkt\/draht-und-stangen\/#primaryimage"},"thumbnailUrl":"https:\/\/scorab.eu\/wp-content\/uploads\/2024\/02\/44.jpg","datePublished":"2024-02-13T18:25:29+00:00","dateModified":"2025-04-15T16:01:58+00:00","breadcrumb":{"@id":"https:\/\/scorab.eu\/de\/produkt\/draht-und-stangen\/#breadcrumb"},"inLanguage":"de","potentialAction":[{"@type":"ReadAction","target":["https:\/\/scorab.eu\/de\/produkt\/draht-und-stangen\/"]}]},{"@type":"ImageObject","inLanguage":"de","@id":"https:\/\/scorab.eu\/de\/produkt\/draht-und-stangen\/#primaryimage","url":"https:\/\/scorab.eu\/wp-content\/uploads\/2024\/02\/44.jpg","contentUrl":"https:\/\/scorab.eu\/wp-content\/uploads\/2024\/02\/44.jpg","width":2502,"height":1704},{"@type":"BreadcrumbList","@id":"https:\/\/scorab.eu\/de\/produkt\/draht-und-stangen\/#breadcrumb","itemListElement":[{"@type":"ListItem","position":1,"name":"Strona g\u0142\u00f3wna","item":"https:\/\/scorab.eu\/de\/homepage\/"},{"@type":"ListItem","position":2,"name":"Produkte","item":"https:\/\/scorab.eu\/de\/produkte\/"},{"@type":"ListItem","position":3,"name":"Draht und Stangen"}]},{"@type":"WebSite","@id":"https:\/\/scorab.eu\/de\/#website","url":"https:\/\/scorab.eu\/de\/","name":"Scorab.eu","description":"Produkcja oraz us\u0142ugi w zakresie przetwarzania metali szlachetnych i ich stop&oacute;w.","publisher":{"@id":"https:\/\/scorab.eu\/de\/#organization"},"potentialAction":[{"@type":"SearchAction","target":{"@type":"EntryPoint","urlTemplate":"https:\/\/scorab.eu\/de\/?s={search_term_string}"},"query-input":{"@type":"PropertyValueSpecification","valueRequired":true,"valueName":"search_term_string"}}],"inLanguage":"de"},{"@type":"Organization","@id":"https:\/\/scorab.eu\/de\/#organization","name":"Scorab.eu","url":"https:\/\/scorab.eu\/de\/","logo":{"@type":"ImageObject","inLanguage":"de","@id":"https:\/\/scorab.eu\/de\/#\/schema\/logo\/image\/","url":"https:\/\/scorab.eu\/wp-content\/uploads\/2024\/02\/obraz_2024-02-15_193251345.png","contentUrl":"https:\/\/scorab.eu\/wp-content\/uploads\/2024\/02\/obraz_2024-02-15_193251345.png","width":506,"height":150,"caption":"Scorab.eu"},"image":{"@id":"https:\/\/scorab.eu\/de\/#\/schema\/logo\/image\/"}}]}},"_links":{"self":[{"href":"https:\/\/scorab.eu\/de\/wp-json\/wp\/v2\/product\/1336","targetHints":{"allow":["GET"]}}],"collection":[{"href":"https:\/\/scorab.eu\/de\/wp-json\/wp\/v2\/product"}],"about":[{"href":"https:\/\/scorab.eu\/de\/wp-json\/wp\/v2\/types\/product"}],"replies":[{"embeddable":true,"href":"https:\/\/scorab.eu\/de\/wp-json\/wp\/v2\/comments?post=1336"}],"version-history":[{"count":1,"href":"https:\/\/scorab.eu\/de\/wp-json\/wp\/v2\/product\/1336\/revisions"}],"predecessor-version":[{"id":1730,"href":"https:\/\/scorab.eu\/de\/wp-json\/wp\/v2\/product\/1336\/revisions\/1730"}],"wp:featuredmedia":[{"embeddable":true,"href":"https:\/\/scorab.eu\/de\/wp-json\/wp\/v2\/media\/1091"}],"wp:attachment":[{"href":"https:\/\/scorab.eu\/de\/wp-json\/wp\/v2\/media?parent=1336"}],"wp:term":[{"taxonomy":"product_cat","embeddable":true,"href":"https:\/\/scorab.eu\/de\/wp-json\/wp\/v2\/product_cat?post=1336"},{"taxonomy":"product_tag","embeddable":true,"href":"https:\/\/scorab.eu\/de\/wp-json\/wp\/v2\/product_tag?post=1336"}],"curies":[{"name":"wp","href":"https:\/\/api.w.org\/{rel}","templated":true}]}}