{"id":1337,"date":"2024-05-10T21:40:49","date_gmt":"2024-05-10T21:40:49","guid":{"rendered":"https:\/\/scorab.eu\/produkt\/geteilte-raeder\/"},"modified":"2025-05-12T11:59:11","modified_gmt":"2025-05-12T11:59:11","slug":"geteilte-raeder","status":"publish","type":"product","link":"https:\/\/scorab.eu\/de\/produkt\/geteilte-raeder\/","title":{"rendered":"Geteilte R\u00e4der"},"content":{"rendered":"<p>Runde Verbindungselemente aus Silber oder Messing.<\/p>\n<p>H\u00e4rte und Duktilit\u00e4t sind so gew\u00e4hlt, dass die mechanische Verformung w\u00e4hrend der Montage begrenzt wird.<\/p>\n","protected":false},"excerpt":{"rendered":"<p>Runde Verbindungselemente aus Silber oder Messing. H\u00e4rte und Duktilit\u00e4t sind so gew\u00e4hlt, dass die mechanische Verformung w\u00e4hrend der Montage begrenzt wird.<\/p>\n","protected":false},"featured_media":1795,"comment_status":"open","ping_status":"closed","template":"","meta":[],"product_cat":[90,86],"product_tag":[],"class_list":{"0":"post-1337","1":"product","2":"type-product","3":"status-publish","4":"has-post-thumbnail","6":"product_cat-rader","7":"product_cat-schmuck","9":"first","10":"instock","11":"shipping-taxable","12":"product-type-simple"},"yoast_head":"<!-- This site is optimized with the Yoast SEO plugin v24.6 - https:\/\/yoast.com\/wordpress\/plugins\/seo\/ -->\n<title>Geteilte R\u00e4der - Scorab.eu<\/title>\n<meta name=\"robots\" content=\"index, follow, max-snippet:-1, max-image-preview:large, max-video-preview:-1\" \/>\n<link rel=\"canonical\" href=\"https:\/\/scorab.eu\/de\/produkt\/geteilte-raeder\/\" \/>\n<meta property=\"og:locale\" content=\"de_DE\" \/>\n<meta property=\"og:type\" content=\"article\" \/>\n<meta property=\"og:title\" content=\"Geteilte R\u00e4der - Scorab.eu\" \/>\n<meta property=\"og:description\" content=\"Runde Verbindungselemente aus Silber oder Messing. H\u00e4rte und Duktilit\u00e4t sind so gew\u00e4hlt, dass die mechanische Verformung w\u00e4hrend der Montage begrenzt wird.\" \/>\n<meta property=\"og:url\" content=\"https:\/\/scorab.eu\/de\/produkt\/geteilte-raeder\/\" \/>\n<meta property=\"og:site_name\" content=\"Scorab.eu\" \/>\n<meta property=\"article:modified_time\" content=\"2025-05-12T11:59:11+00:00\" \/>\n<meta property=\"og:image\" content=\"https:\/\/scorab.eu\/wp-content\/uploads\/2024\/05\/ROZCIETE1-scaled.jpg\" \/>\n\t<meta property=\"og:image:width\" content=\"2560\" \/>\n\t<meta property=\"og:image:height\" content=\"1708\" \/>\n\t<meta property=\"og:image:type\" content=\"image\/jpeg\" \/>\n<meta name=\"twitter:card\" content=\"summary_large_image\" \/>\n<script type=\"application\/ld+json\" class=\"yoast-schema-graph\">{\"@context\":\"https:\/\/schema.org\",\"@graph\":[{\"@type\":\"WebPage\",\"@id\":\"https:\/\/scorab.eu\/de\/produkt\/geteilte-raeder\/\",\"url\":\"https:\/\/scorab.eu\/de\/produkt\/geteilte-raeder\/\",\"name\":\"Geteilte R\u00e4der - Scorab.eu\",\"isPartOf\":{\"@id\":\"https:\/\/scorab.eu\/de\/#website\"},\"primaryImageOfPage\":{\"@id\":\"https:\/\/scorab.eu\/de\/produkt\/geteilte-raeder\/#primaryimage\"},\"image\":{\"@id\":\"https:\/\/scorab.eu\/de\/produkt\/geteilte-raeder\/#primaryimage\"},\"thumbnailUrl\":\"https:\/\/scorab.eu\/wp-content\/uploads\/2024\/05\/ROZCIETE1-scaled.jpg\",\"datePublished\":\"2024-05-10T21:40:49+00:00\",\"dateModified\":\"2025-05-12T11:59:11+00:00\",\"breadcrumb\":{\"@id\":\"https:\/\/scorab.eu\/de\/produkt\/geteilte-raeder\/#breadcrumb\"},\"inLanguage\":\"de\",\"potentialAction\":[{\"@type\":\"ReadAction\",\"target\":[\"https:\/\/scorab.eu\/de\/produkt\/geteilte-raeder\/\"]}]},{\"@type\":\"ImageObject\",\"inLanguage\":\"de\",\"@id\":\"https:\/\/scorab.eu\/de\/produkt\/geteilte-raeder\/#primaryimage\",\"url\":\"https:\/\/scorab.eu\/wp-content\/uploads\/2024\/05\/ROZCIETE1-scaled.jpg\",\"contentUrl\":\"https:\/\/scorab.eu\/wp-content\/uploads\/2024\/05\/ROZCIETE1-scaled.jpg\",\"width\":2560,\"height\":1708},{\"@type\":\"BreadcrumbList\",\"@id\":\"https:\/\/scorab.eu\/de\/produkt\/geteilte-raeder\/#breadcrumb\",\"itemListElement\":[{\"@type\":\"ListItem\",\"position\":1,\"name\":\"Strona g\u0142\u00f3wna\",\"item\":\"https:\/\/scorab.eu\/de\/homepage\/\"},{\"@type\":\"ListItem\",\"position\":2,\"name\":\"Produkte\",\"item\":\"https:\/\/scorab.eu\/de\/produkte\/\"},{\"@type\":\"ListItem\",\"position\":3,\"name\":\"Geteilte R\u00e4der\"}]},{\"@type\":\"WebSite\",\"@id\":\"https:\/\/scorab.eu\/de\/#website\",\"url\":\"https:\/\/scorab.eu\/de\/\",\"name\":\"Scorab.eu\",\"description\":\"Produkcja oraz us\u0142ugi w zakresie przetwarzania metali szlachetnych i ich stop&oacute;w.\",\"publisher\":{\"@id\":\"https:\/\/scorab.eu\/de\/#organization\"},\"potentialAction\":[{\"@type\":\"SearchAction\",\"target\":{\"@type\":\"EntryPoint\",\"urlTemplate\":\"https:\/\/scorab.eu\/de\/?s={search_term_string}\"},\"query-input\":{\"@type\":\"PropertyValueSpecification\",\"valueRequired\":true,\"valueName\":\"search_term_string\"}}],\"inLanguage\":\"de\"},{\"@type\":\"Organization\",\"@id\":\"https:\/\/scorab.eu\/de\/#organization\",\"name\":\"Scorab.eu\",\"url\":\"https:\/\/scorab.eu\/de\/\",\"logo\":{\"@type\":\"ImageObject\",\"inLanguage\":\"de\",\"@id\":\"https:\/\/scorab.eu\/de\/#\/schema\/logo\/image\/\",\"url\":\"https:\/\/scorab.eu\/wp-content\/uploads\/2024\/02\/obraz_2024-02-15_193251345.png\",\"contentUrl\":\"https:\/\/scorab.eu\/wp-content\/uploads\/2024\/02\/obraz_2024-02-15_193251345.png\",\"width\":506,\"height\":150,\"caption\":\"Scorab.eu\"},\"image\":{\"@id\":\"https:\/\/scorab.eu\/de\/#\/schema\/logo\/image\/\"}}]}<\/script>\n<!-- \/ Yoast SEO plugin. -->","yoast_head_json":{"title":"Geteilte R\u00e4der - Scorab.eu","robots":{"index":"index","follow":"follow","max-snippet":"max-snippet:-1","max-image-preview":"max-image-preview:large","max-video-preview":"max-video-preview:-1"},"canonical":"https:\/\/scorab.eu\/de\/produkt\/geteilte-raeder\/","og_locale":"de_DE","og_type":"article","og_title":"Geteilte R\u00e4der - Scorab.eu","og_description":"Runde Verbindungselemente aus Silber oder Messing. H\u00e4rte und Duktilit\u00e4t sind so gew\u00e4hlt, dass die mechanische Verformung w\u00e4hrend der Montage begrenzt wird.","og_url":"https:\/\/scorab.eu\/de\/produkt\/geteilte-raeder\/","og_site_name":"Scorab.eu","article_modified_time":"2025-05-12T11:59:11+00:00","og_image":[{"width":2560,"height":1708,"url":"https:\/\/scorab.eu\/wp-content\/uploads\/2024\/05\/ROZCIETE1-scaled.jpg","type":"image\/jpeg"}],"twitter_card":"summary_large_image","schema":{"@context":"https:\/\/schema.org","@graph":[{"@type":"WebPage","@id":"https:\/\/scorab.eu\/de\/produkt\/geteilte-raeder\/","url":"https:\/\/scorab.eu\/de\/produkt\/geteilte-raeder\/","name":"Geteilte R\u00e4der - Scorab.eu","isPartOf":{"@id":"https:\/\/scorab.eu\/de\/#website"},"primaryImageOfPage":{"@id":"https:\/\/scorab.eu\/de\/produkt\/geteilte-raeder\/#primaryimage"},"image":{"@id":"https:\/\/scorab.eu\/de\/produkt\/geteilte-raeder\/#primaryimage"},"thumbnailUrl":"https:\/\/scorab.eu\/wp-content\/uploads\/2024\/05\/ROZCIETE1-scaled.jpg","datePublished":"2024-05-10T21:40:49+00:00","dateModified":"2025-05-12T11:59:11+00:00","breadcrumb":{"@id":"https:\/\/scorab.eu\/de\/produkt\/geteilte-raeder\/#breadcrumb"},"inLanguage":"de","potentialAction":[{"@type":"ReadAction","target":["https:\/\/scorab.eu\/de\/produkt\/geteilte-raeder\/"]}]},{"@type":"ImageObject","inLanguage":"de","@id":"https:\/\/scorab.eu\/de\/produkt\/geteilte-raeder\/#primaryimage","url":"https:\/\/scorab.eu\/wp-content\/uploads\/2024\/05\/ROZCIETE1-scaled.jpg","contentUrl":"https:\/\/scorab.eu\/wp-content\/uploads\/2024\/05\/ROZCIETE1-scaled.jpg","width":2560,"height":1708},{"@type":"BreadcrumbList","@id":"https:\/\/scorab.eu\/de\/produkt\/geteilte-raeder\/#breadcrumb","itemListElement":[{"@type":"ListItem","position":1,"name":"Strona g\u0142\u00f3wna","item":"https:\/\/scorab.eu\/de\/homepage\/"},{"@type":"ListItem","position":2,"name":"Produkte","item":"https:\/\/scorab.eu\/de\/produkte\/"},{"@type":"ListItem","position":3,"name":"Geteilte R\u00e4der"}]},{"@type":"WebSite","@id":"https:\/\/scorab.eu\/de\/#website","url":"https:\/\/scorab.eu\/de\/","name":"Scorab.eu","description":"Produkcja oraz us\u0142ugi w zakresie przetwarzania metali szlachetnych i ich stop&oacute;w.","publisher":{"@id":"https:\/\/scorab.eu\/de\/#organization"},"potentialAction":[{"@type":"SearchAction","target":{"@type":"EntryPoint","urlTemplate":"https:\/\/scorab.eu\/de\/?s={search_term_string}"},"query-input":{"@type":"PropertyValueSpecification","valueRequired":true,"valueName":"search_term_string"}}],"inLanguage":"de"},{"@type":"Organization","@id":"https:\/\/scorab.eu\/de\/#organization","name":"Scorab.eu","url":"https:\/\/scorab.eu\/de\/","logo":{"@type":"ImageObject","inLanguage":"de","@id":"https:\/\/scorab.eu\/de\/#\/schema\/logo\/image\/","url":"https:\/\/scorab.eu\/wp-content\/uploads\/2024\/02\/obraz_2024-02-15_193251345.png","contentUrl":"https:\/\/scorab.eu\/wp-content\/uploads\/2024\/02\/obraz_2024-02-15_193251345.png","width":506,"height":150,"caption":"Scorab.eu"},"image":{"@id":"https:\/\/scorab.eu\/de\/#\/schema\/logo\/image\/"}}]}},"_links":{"self":[{"href":"https:\/\/scorab.eu\/de\/wp-json\/wp\/v2\/product\/1337","targetHints":{"allow":["GET"]}}],"collection":[{"href":"https:\/\/scorab.eu\/de\/wp-json\/wp\/v2\/product"}],"about":[{"href":"https:\/\/scorab.eu\/de\/wp-json\/wp\/v2\/types\/product"}],"replies":[{"embeddable":true,"href":"https:\/\/scorab.eu\/de\/wp-json\/wp\/v2\/comments?post=1337"}],"version-history":[{"count":1,"href":"https:\/\/scorab.eu\/de\/wp-json\/wp\/v2\/product\/1337\/revisions"}],"predecessor-version":[{"id":1800,"href":"https:\/\/scorab.eu\/de\/wp-json\/wp\/v2\/product\/1337\/revisions\/1800"}],"wp:featuredmedia":[{"embeddable":true,"href":"https:\/\/scorab.eu\/de\/wp-json\/wp\/v2\/media\/1795"}],"wp:attachment":[{"href":"https:\/\/scorab.eu\/de\/wp-json\/wp\/v2\/media?parent=1337"}],"wp:term":[{"taxonomy":"product_cat","embeddable":true,"href":"https:\/\/scorab.eu\/de\/wp-json\/wp\/v2\/product_cat?post=1337"},{"taxonomy":"product_tag","embeddable":true,"href":"https:\/\/scorab.eu\/de\/wp-json\/wp\/v2\/product_tag?post=1337"}],"curies":[{"name":"wp","href":"https:\/\/api.w.org\/{rel}","templated":true}]}}