{"id":1341,"date":"2024-02-13T18:25:28","date_gmt":"2024-02-13T18:25:28","guid":{"rendered":"https:\/\/scorab.eu\/produkt\/silberne-anleihen\/"},"modified":"2025-04-15T16:03:48","modified_gmt":"2025-04-15T16:03:48","slug":"silberne-anleihen","status":"publish","type":"product","link":"https:\/\/scorab.eu\/de\/produkt\/silberne-anleihen\/","title":{"rendered":"Anondas und Silberelektroden"},"content":{"rendered":"<p><span style=\"font-weight: 400;\">Die aus reinem Silber (Ag9999 oder Ag999) hergestellten Anoden sind haupts\u00e4chlich f\u00fcr Unternehmen bestimmt, die Metalle elektrolytisch versilbern. Elektroden f\u00fcr die Wasseraufbereitung. <\/span><\/p>\n<p><span style=\"font-weight: 400;\"><br \/>\n<\/span><span style=\"font-weight: 400;\">  Da wir wissen, wie wichtig die Materialqualit\u00e4t f\u00fcr die Galvanotechnik ist, stellen wir unsere Anoden nur aus hochwertigem Silber her.<\/span><span style=\"font-weight: 400;\"><br \/>\n<\/span><span style=\"font-weight: 400;\">  Jede Charge wird von uns mittels Emissionsspektrometrie (SE) getestet.<\/span><\/p>\n","protected":false},"excerpt":{"rendered":"<p>Die aus reinem Silber (Ag9999 oder Ag999) hergestellten Anoden sind haupts\u00e4chlich f\u00fcr Unternehmen bestimmt, die Metalle elektrolytisch versilbern. Elektroden f\u00fcr die Wasseraufbereitung. Da wir wissen, wie wichtig die Materialqualit\u00e4t f\u00fcr die Galvanotechnik ist, stellen wir unsere Anoden nur aus hochwertigem Silber her. Jede Charge wird von uns mittels Emissionsspektrometrie (SE) getestet.<\/p>\n","protected":false},"featured_media":1950,"comment_status":"open","ping_status":"closed","template":"","meta":[],"product_cat":[86],"product_tag":[],"class_list":{"0":"post-1341","1":"product","2":"type-product","3":"status-publish","4":"has-post-thumbnail","6":"product_cat-schmuck","8":"first","9":"instock","10":"shipping-taxable","11":"product-type-simple"},"yoast_head":"<!-- This site is optimized with the Yoast SEO plugin v24.6 - https:\/\/yoast.com\/wordpress\/plugins\/seo\/ -->\n<title>Anondas und Silberelektroden - Scorab.eu<\/title>\n<meta name=\"robots\" content=\"index, follow, max-snippet:-1, max-image-preview:large, max-video-preview:-1\" \/>\n<link rel=\"canonical\" href=\"https:\/\/scorab.eu\/de\/produkt\/silberne-anleihen\/\" \/>\n<meta property=\"og:locale\" content=\"de_DE\" \/>\n<meta property=\"og:type\" content=\"article\" \/>\n<meta property=\"og:title\" content=\"Anondas und Silberelektroden - Scorab.eu\" \/>\n<meta property=\"og:description\" content=\"Die aus reinem Silber (Ag9999 oder Ag999) hergestellten Anoden sind haupts\u00e4chlich f\u00fcr Unternehmen bestimmt, die Metalle elektrolytisch versilbern. Elektroden f\u00fcr die Wasseraufbereitung. Da wir wissen, wie wichtig die Materialqualit\u00e4t f\u00fcr die Galvanotechnik ist, stellen wir unsere Anoden nur aus hochwertigem Silber her. Jede Charge wird von uns mittels Emissionsspektrometrie (SE) getestet.\" \/>\n<meta property=\"og:url\" content=\"https:\/\/scorab.eu\/de\/produkt\/silberne-anleihen\/\" \/>\n<meta property=\"og:site_name\" content=\"Scorab.eu\" \/>\n<meta property=\"article:modified_time\" content=\"2025-04-15T16:03:48+00:00\" \/>\n<meta property=\"og:image\" content=\"https:\/\/scorab.eu\/wp-content\/uploads\/2024\/02\/3-anody.jpg\" \/>\n\t<meta property=\"og:image:width\" content=\"200\" \/>\n\t<meta property=\"og:image:height\" content=\"133\" \/>\n\t<meta property=\"og:image:type\" content=\"image\/jpeg\" \/>\n<meta name=\"twitter:card\" content=\"summary_large_image\" \/>\n<script type=\"application\/ld+json\" class=\"yoast-schema-graph\">{\"@context\":\"https:\/\/schema.org\",\"@graph\":[{\"@type\":\"WebPage\",\"@id\":\"https:\/\/scorab.eu\/de\/produkt\/silberne-anleihen\/\",\"url\":\"https:\/\/scorab.eu\/de\/produkt\/silberne-anleihen\/\",\"name\":\"Anondas und Silberelektroden - Scorab.eu\",\"isPartOf\":{\"@id\":\"https:\/\/scorab.eu\/de\/#website\"},\"primaryImageOfPage\":{\"@id\":\"https:\/\/scorab.eu\/de\/produkt\/silberne-anleihen\/#primaryimage\"},\"image\":{\"@id\":\"https:\/\/scorab.eu\/de\/produkt\/silberne-anleihen\/#primaryimage\"},\"thumbnailUrl\":\"https:\/\/scorab.eu\/wp-content\/uploads\/2024\/02\/anody3.png\",\"datePublished\":\"2024-02-13T18:25:28+00:00\",\"dateModified\":\"2025-04-15T16:03:48+00:00\",\"breadcrumb\":{\"@id\":\"https:\/\/scorab.eu\/de\/produkt\/silberne-anleihen\/#breadcrumb\"},\"inLanguage\":\"de\",\"potentialAction\":[{\"@type\":\"ReadAction\",\"target\":[\"https:\/\/scorab.eu\/de\/produkt\/silberne-anleihen\/\"]}]},{\"@type\":\"ImageObject\",\"inLanguage\":\"de\",\"@id\":\"https:\/\/scorab.eu\/de\/produkt\/silberne-anleihen\/#primaryimage\",\"url\":\"https:\/\/scorab.eu\/wp-content\/uploads\/2024\/02\/anody3.png\",\"contentUrl\":\"https:\/\/scorab.eu\/wp-content\/uploads\/2024\/02\/anody3.png\",\"width\":1024,\"height\":1024},{\"@type\":\"BreadcrumbList\",\"@id\":\"https:\/\/scorab.eu\/de\/produkt\/silberne-anleihen\/#breadcrumb\",\"itemListElement\":[{\"@type\":\"ListItem\",\"position\":1,\"name\":\"Strona g\u0142\u00f3wna\",\"item\":\"https:\/\/scorab.eu\/de\/homepage\/\"},{\"@type\":\"ListItem\",\"position\":2,\"name\":\"Produkte\",\"item\":\"https:\/\/scorab.eu\/de\/produkte\/\"},{\"@type\":\"ListItem\",\"position\":3,\"name\":\"Anondas und Silberelektroden\"}]},{\"@type\":\"WebSite\",\"@id\":\"https:\/\/scorab.eu\/de\/#website\",\"url\":\"https:\/\/scorab.eu\/de\/\",\"name\":\"Scorab.eu\",\"description\":\"Produkcja oraz us\u0142ugi w zakresie przetwarzania metali szlachetnych i ich stop&oacute;w.\",\"publisher\":{\"@id\":\"https:\/\/scorab.eu\/de\/#organization\"},\"potentialAction\":[{\"@type\":\"SearchAction\",\"target\":{\"@type\":\"EntryPoint\",\"urlTemplate\":\"https:\/\/scorab.eu\/de\/?s={search_term_string}\"},\"query-input\":{\"@type\":\"PropertyValueSpecification\",\"valueRequired\":true,\"valueName\":\"search_term_string\"}}],\"inLanguage\":\"de\"},{\"@type\":\"Organization\",\"@id\":\"https:\/\/scorab.eu\/de\/#organization\",\"name\":\"Scorab.eu\",\"url\":\"https:\/\/scorab.eu\/de\/\",\"logo\":{\"@type\":\"ImageObject\",\"inLanguage\":\"de\",\"@id\":\"https:\/\/scorab.eu\/de\/#\/schema\/logo\/image\/\",\"url\":\"https:\/\/scorab.eu\/wp-content\/uploads\/2024\/02\/obraz_2024-02-15_193251345.png\",\"contentUrl\":\"https:\/\/scorab.eu\/wp-content\/uploads\/2024\/02\/obraz_2024-02-15_193251345.png\",\"width\":506,\"height\":150,\"caption\":\"Scorab.eu\"},\"image\":{\"@id\":\"https:\/\/scorab.eu\/de\/#\/schema\/logo\/image\/\"}}]}<\/script>\n<!-- \/ Yoast SEO plugin. -->","yoast_head_json":{"title":"Anondas und Silberelektroden - Scorab.eu","robots":{"index":"index","follow":"follow","max-snippet":"max-snippet:-1","max-image-preview":"max-image-preview:large","max-video-preview":"max-video-preview:-1"},"canonical":"https:\/\/scorab.eu\/de\/produkt\/silberne-anleihen\/","og_locale":"de_DE","og_type":"article","og_title":"Anondas und Silberelektroden - Scorab.eu","og_description":"Die aus reinem Silber (Ag9999 oder Ag999) hergestellten Anoden sind haupts\u00e4chlich f\u00fcr Unternehmen bestimmt, die Metalle elektrolytisch versilbern. Elektroden f\u00fcr die Wasseraufbereitung. Da wir wissen, wie wichtig die Materialqualit\u00e4t f\u00fcr die Galvanotechnik ist, stellen wir unsere Anoden nur aus hochwertigem Silber her. Jede Charge wird von uns mittels Emissionsspektrometrie (SE) getestet.","og_url":"https:\/\/scorab.eu\/de\/produkt\/silberne-anleihen\/","og_site_name":"Scorab.eu","article_modified_time":"2025-04-15T16:03:48+00:00","og_image":[{"width":200,"height":133,"url":"https:\/\/scorab.eu\/wp-content\/uploads\/2024\/02\/3-anody.jpg","type":"image\/jpeg"}],"twitter_card":"summary_large_image","schema":{"@context":"https:\/\/schema.org","@graph":[{"@type":"WebPage","@id":"https:\/\/scorab.eu\/de\/produkt\/silberne-anleihen\/","url":"https:\/\/scorab.eu\/de\/produkt\/silberne-anleihen\/","name":"Anondas und Silberelektroden - Scorab.eu","isPartOf":{"@id":"https:\/\/scorab.eu\/de\/#website"},"primaryImageOfPage":{"@id":"https:\/\/scorab.eu\/de\/produkt\/silberne-anleihen\/#primaryimage"},"image":{"@id":"https:\/\/scorab.eu\/de\/produkt\/silberne-anleihen\/#primaryimage"},"thumbnailUrl":"https:\/\/scorab.eu\/wp-content\/uploads\/2024\/02\/anody3.png","datePublished":"2024-02-13T18:25:28+00:00","dateModified":"2025-04-15T16:03:48+00:00","breadcrumb":{"@id":"https:\/\/scorab.eu\/de\/produkt\/silberne-anleihen\/#breadcrumb"},"inLanguage":"de","potentialAction":[{"@type":"ReadAction","target":["https:\/\/scorab.eu\/de\/produkt\/silberne-anleihen\/"]}]},{"@type":"ImageObject","inLanguage":"de","@id":"https:\/\/scorab.eu\/de\/produkt\/silberne-anleihen\/#primaryimage","url":"https:\/\/scorab.eu\/wp-content\/uploads\/2024\/02\/anody3.png","contentUrl":"https:\/\/scorab.eu\/wp-content\/uploads\/2024\/02\/anody3.png","width":1024,"height":1024},{"@type":"BreadcrumbList","@id":"https:\/\/scorab.eu\/de\/produkt\/silberne-anleihen\/#breadcrumb","itemListElement":[{"@type":"ListItem","position":1,"name":"Strona g\u0142\u00f3wna","item":"https:\/\/scorab.eu\/de\/homepage\/"},{"@type":"ListItem","position":2,"name":"Produkte","item":"https:\/\/scorab.eu\/de\/produkte\/"},{"@type":"ListItem","position":3,"name":"Anondas und Silberelektroden"}]},{"@type":"WebSite","@id":"https:\/\/scorab.eu\/de\/#website","url":"https:\/\/scorab.eu\/de\/","name":"Scorab.eu","description":"Produkcja oraz us\u0142ugi w zakresie przetwarzania metali szlachetnych i ich stop&oacute;w.","publisher":{"@id":"https:\/\/scorab.eu\/de\/#organization"},"potentialAction":[{"@type":"SearchAction","target":{"@type":"EntryPoint","urlTemplate":"https:\/\/scorab.eu\/de\/?s={search_term_string}"},"query-input":{"@type":"PropertyValueSpecification","valueRequired":true,"valueName":"search_term_string"}}],"inLanguage":"de"},{"@type":"Organization","@id":"https:\/\/scorab.eu\/de\/#organization","name":"Scorab.eu","url":"https:\/\/scorab.eu\/de\/","logo":{"@type":"ImageObject","inLanguage":"de","@id":"https:\/\/scorab.eu\/de\/#\/schema\/logo\/image\/","url":"https:\/\/scorab.eu\/wp-content\/uploads\/2024\/02\/obraz_2024-02-15_193251345.png","contentUrl":"https:\/\/scorab.eu\/wp-content\/uploads\/2024\/02\/obraz_2024-02-15_193251345.png","width":506,"height":150,"caption":"Scorab.eu"},"image":{"@id":"https:\/\/scorab.eu\/de\/#\/schema\/logo\/image\/"}}]}},"_links":{"self":[{"href":"https:\/\/scorab.eu\/de\/wp-json\/wp\/v2\/product\/1341","targetHints":{"allow":["GET"]}}],"collection":[{"href":"https:\/\/scorab.eu\/de\/wp-json\/wp\/v2\/product"}],"about":[{"href":"https:\/\/scorab.eu\/de\/wp-json\/wp\/v2\/types\/product"}],"replies":[{"embeddable":true,"href":"https:\/\/scorab.eu\/de\/wp-json\/wp\/v2\/comments?post=1341"}],"version-history":[{"count":1,"href":"https:\/\/scorab.eu\/de\/wp-json\/wp\/v2\/product\/1341\/revisions"}],"predecessor-version":[{"id":1743,"href":"https:\/\/scorab.eu\/de\/wp-json\/wp\/v2\/product\/1341\/revisions\/1743"}],"wp:featuredmedia":[{"embeddable":true,"href":"https:\/\/scorab.eu\/de\/wp-json\/wp\/v2\/media\/1950"}],"wp:attachment":[{"href":"https:\/\/scorab.eu\/de\/wp-json\/wp\/v2\/media?parent=1341"}],"wp:term":[{"taxonomy":"product_cat","embeddable":true,"href":"https:\/\/scorab.eu\/de\/wp-json\/wp\/v2\/product_cat?post=1341"},{"taxonomy":"product_tag","embeddable":true,"href":"https:\/\/scorab.eu\/de\/wp-json\/wp\/v2\/product_tag?post=1341"}],"curies":[{"name":"wp","href":"https:\/\/api.w.org\/{rel}","templated":true}]}}