{"id":1343,"date":"2024-02-13T18:25:28","date_gmt":"2024-02-13T18:25:28","guid":{"rendered":"https:\/\/scorab.eu\/produkt\/baender-und-folien\/"},"modified":"2025-04-15T16:03:03","modified_gmt":"2025-04-15T16:03:03","slug":"baender-und-folien","status":"publish","type":"product","link":"https:\/\/scorab.eu\/de\/produkt\/baender-und-folien\/","title":{"rendered":"B\u00e4nder, Spiegelstreifen (Film) und Folien"},"content":{"rendered":"<p><span style=\"font-weight: 400;\">Gewalzte B\u00e4nder ab 0,05mm (Folie) mit einer Standardbreite von 75mm aus Silberlegierungen in einer kontinuierlichen Anlage. Die Genauigkeit der Herstellung gew\u00e4hrleistet eine gleichm\u00e4\u00dfige   <\/span><\/p>\n<p><span style=\"font-weight: 400;\">Parameter durchgehend. St\u00e4ndige \u00dcberwachung auf Oberfl\u00e4chenoxidation und Schmutzansammlung. <\/span><\/p>\n<p><span style=\"font-weight: 400;\">Eine zus\u00e4tzliche W\u00e4rmebehandlung verleiht ihnen eine gewisse H\u00e4rte und Duktilit\u00e4t, so dass sie in einer Vielzahl von Industrien und Schmuckst\u00fccken verwendet werden k\u00f6nnen, z.B. in der Energietechnik, der Elektrotechnik, zur Herstellung von Zierteilen oder bei Restaurierungsarbeiten.<\/span><\/p>\n<p><span style=\"font-weight: 400;\">B\u00e4nder mit einer Standardbreite von 75 mm k\u00f6nnen auf der Schere in B\u00e4nder vorbestimmter Gr\u00f6\u00dfe geschnitten werden. Wir fertigen sie standardm\u00e4\u00dfig in den Legierungen Ag930 und Ag830 und nach Vereinbarung in den Legierungen Ag999 und Ag9999. <\/span><\/p>\n<p><br style=\"font-weight: 400;\"><br style=\"font-weight: 400;\"><\/p>\n","protected":false},"excerpt":{"rendered":"<p>Gewalzte B\u00e4nder ab 0,05mm (Folie) mit einer Standardbreite von 75mm aus Silberlegierungen in einer kontinuierlichen Anlage. Die Genauigkeit der Herstellung gew\u00e4hrleistet eine gleichm\u00e4\u00dfige Parameter durchgehend. St\u00e4ndige \u00dcberwachung auf Oberfl\u00e4chenoxidation und Schmutzansammlung. Eine zus\u00e4tzliche W\u00e4rmebehandlung verleiht ihnen eine gewisse H\u00e4rte und Duktilit\u00e4t, so dass sie in einer Vielzahl von Industrien und Schmuckst\u00fccken verwendet werden k\u00f6nnen, z.B. [&hellip;]<\/p>\n","protected":false},"featured_media":1095,"comment_status":"open","ping_status":"closed","template":"","meta":[],"product_cat":[108,86],"product_tag":[],"class_list":{"0":"post-1343","1":"product","2":"type-product","3":"status-publish","4":"has-post-thumbnail","6":"product_cat-industrie","7":"product_cat-schmuck","9":"first","10":"instock","11":"shipping-taxable","12":"product-type-simple"},"yoast_head":"<!-- This site is optimized with the Yoast SEO plugin v24.6 - https:\/\/yoast.com\/wordpress\/plugins\/seo\/ -->\n<title>B\u00e4nder, Spiegelstreifen (Film) und Folien - Scorab.eu<\/title>\n<meta name=\"robots\" content=\"index, follow, max-snippet:-1, max-image-preview:large, max-video-preview:-1\" \/>\n<link rel=\"canonical\" href=\"https:\/\/scorab.eu\/de\/produkt\/baender-und-folien\/\" \/>\n<meta property=\"og:locale\" content=\"de_DE\" \/>\n<meta property=\"og:type\" content=\"article\" \/>\n<meta property=\"og:title\" content=\"B\u00e4nder, Spiegelstreifen (Film) und Folien - Scorab.eu\" \/>\n<meta property=\"og:description\" content=\"Gewalzte B\u00e4nder ab 0,05mm (Folie) mit einer Standardbreite von 75mm aus Silberlegierungen in einer kontinuierlichen Anlage. Die Genauigkeit der Herstellung gew\u00e4hrleistet eine gleichm\u00e4\u00dfige Parameter durchgehend. St\u00e4ndige \u00dcberwachung auf Oberfl\u00e4chenoxidation und Schmutzansammlung. Eine zus\u00e4tzliche W\u00e4rmebehandlung verleiht ihnen eine gewisse H\u00e4rte und Duktilit\u00e4t, so dass sie in einer Vielzahl von Industrien und Schmuckst\u00fccken verwendet werden k\u00f6nnen, z.B. [&hellip;]\" \/>\n<meta property=\"og:url\" content=\"https:\/\/scorab.eu\/de\/produkt\/baender-und-folien\/\" \/>\n<meta property=\"og:site_name\" content=\"Scorab.eu\" \/>\n<meta property=\"article:modified_time\" content=\"2025-04-15T16:03:03+00:00\" \/>\n<meta property=\"og:image\" content=\"https:\/\/scorab.eu\/wp-content\/uploads\/2024\/02\/6.jpg\" \/>\n\t<meta property=\"og:image:width\" content=\"2556\" \/>\n\t<meta property=\"og:image:height\" content=\"1704\" \/>\n\t<meta property=\"og:image:type\" content=\"image\/jpeg\" \/>\n<meta name=\"twitter:card\" content=\"summary_large_image\" \/>\n<meta name=\"twitter:label1\" content=\"Est. reading time\" \/>\n\t<meta name=\"twitter:data1\" content=\"1\u00a0Minute\" \/>\n<script type=\"application\/ld+json\" class=\"yoast-schema-graph\">{\"@context\":\"https:\/\/schema.org\",\"@graph\":[{\"@type\":\"WebPage\",\"@id\":\"https:\/\/scorab.eu\/de\/produkt\/baender-und-folien\/\",\"url\":\"https:\/\/scorab.eu\/de\/produkt\/baender-und-folien\/\",\"name\":\"B\u00e4nder, Spiegelstreifen (Film) und Folien - Scorab.eu\",\"isPartOf\":{\"@id\":\"https:\/\/scorab.eu\/de\/#website\"},\"primaryImageOfPage\":{\"@id\":\"https:\/\/scorab.eu\/de\/produkt\/baender-und-folien\/#primaryimage\"},\"image\":{\"@id\":\"https:\/\/scorab.eu\/de\/produkt\/baender-und-folien\/#primaryimage\"},\"thumbnailUrl\":\"https:\/\/scorab.eu\/wp-content\/uploads\/2024\/02\/6.jpg\",\"datePublished\":\"2024-02-13T18:25:28+00:00\",\"dateModified\":\"2025-04-15T16:03:03+00:00\",\"breadcrumb\":{\"@id\":\"https:\/\/scorab.eu\/de\/produkt\/baender-und-folien\/#breadcrumb\"},\"inLanguage\":\"de\",\"potentialAction\":[{\"@type\":\"ReadAction\",\"target\":[\"https:\/\/scorab.eu\/de\/produkt\/baender-und-folien\/\"]}]},{\"@type\":\"ImageObject\",\"inLanguage\":\"de\",\"@id\":\"https:\/\/scorab.eu\/de\/produkt\/baender-und-folien\/#primaryimage\",\"url\":\"https:\/\/scorab.eu\/wp-content\/uploads\/2024\/02\/6.jpg\",\"contentUrl\":\"https:\/\/scorab.eu\/wp-content\/uploads\/2024\/02\/6.jpg\",\"width\":2556,\"height\":1704},{\"@type\":\"BreadcrumbList\",\"@id\":\"https:\/\/scorab.eu\/de\/produkt\/baender-und-folien\/#breadcrumb\",\"itemListElement\":[{\"@type\":\"ListItem\",\"position\":1,\"name\":\"Strona g\u0142\u00f3wna\",\"item\":\"https:\/\/scorab.eu\/de\/homepage\/\"},{\"@type\":\"ListItem\",\"position\":2,\"name\":\"Produkte\",\"item\":\"https:\/\/scorab.eu\/de\/produkte\/\"},{\"@type\":\"ListItem\",\"position\":3,\"name\":\"B\u00e4nder, Spiegelstreifen (Film) und Folien\"}]},{\"@type\":\"WebSite\",\"@id\":\"https:\/\/scorab.eu\/de\/#website\",\"url\":\"https:\/\/scorab.eu\/de\/\",\"name\":\"Scorab.eu\",\"description\":\"Produkcja oraz us\u0142ugi w zakresie przetwarzania metali szlachetnych i ich stop&oacute;w.\",\"publisher\":{\"@id\":\"https:\/\/scorab.eu\/de\/#organization\"},\"potentialAction\":[{\"@type\":\"SearchAction\",\"target\":{\"@type\":\"EntryPoint\",\"urlTemplate\":\"https:\/\/scorab.eu\/de\/?s={search_term_string}\"},\"query-input\":{\"@type\":\"PropertyValueSpecification\",\"valueRequired\":true,\"valueName\":\"search_term_string\"}}],\"inLanguage\":\"de\"},{\"@type\":\"Organization\",\"@id\":\"https:\/\/scorab.eu\/de\/#organization\",\"name\":\"Scorab.eu\",\"url\":\"https:\/\/scorab.eu\/de\/\",\"logo\":{\"@type\":\"ImageObject\",\"inLanguage\":\"de\",\"@id\":\"https:\/\/scorab.eu\/de\/#\/schema\/logo\/image\/\",\"url\":\"https:\/\/scorab.eu\/wp-content\/uploads\/2024\/02\/obraz_2024-02-15_193251345.png\",\"contentUrl\":\"https:\/\/scorab.eu\/wp-content\/uploads\/2024\/02\/obraz_2024-02-15_193251345.png\",\"width\":506,\"height\":150,\"caption\":\"Scorab.eu\"},\"image\":{\"@id\":\"https:\/\/scorab.eu\/de\/#\/schema\/logo\/image\/\"}}]}<\/script>\n<!-- \/ Yoast SEO plugin. -->","yoast_head_json":{"title":"B\u00e4nder, Spiegelstreifen (Film) und Folien - Scorab.eu","robots":{"index":"index","follow":"follow","max-snippet":"max-snippet:-1","max-image-preview":"max-image-preview:large","max-video-preview":"max-video-preview:-1"},"canonical":"https:\/\/scorab.eu\/de\/produkt\/baender-und-folien\/","og_locale":"de_DE","og_type":"article","og_title":"B\u00e4nder, Spiegelstreifen (Film) und Folien - Scorab.eu","og_description":"Gewalzte B\u00e4nder ab 0,05mm (Folie) mit einer Standardbreite von 75mm aus Silberlegierungen in einer kontinuierlichen Anlage. Die Genauigkeit der Herstellung gew\u00e4hrleistet eine gleichm\u00e4\u00dfige Parameter durchgehend. St\u00e4ndige \u00dcberwachung auf Oberfl\u00e4chenoxidation und Schmutzansammlung. Eine zus\u00e4tzliche W\u00e4rmebehandlung verleiht ihnen eine gewisse H\u00e4rte und Duktilit\u00e4t, so dass sie in einer Vielzahl von Industrien und Schmuckst\u00fccken verwendet werden k\u00f6nnen, z.B. [&hellip;]","og_url":"https:\/\/scorab.eu\/de\/produkt\/baender-und-folien\/","og_site_name":"Scorab.eu","article_modified_time":"2025-04-15T16:03:03+00:00","og_image":[{"width":2556,"height":1704,"url":"https:\/\/scorab.eu\/wp-content\/uploads\/2024\/02\/6.jpg","type":"image\/jpeg"}],"twitter_card":"summary_large_image","twitter_misc":{"Est. reading time":"1\u00a0Minute"},"schema":{"@context":"https:\/\/schema.org","@graph":[{"@type":"WebPage","@id":"https:\/\/scorab.eu\/de\/produkt\/baender-und-folien\/","url":"https:\/\/scorab.eu\/de\/produkt\/baender-und-folien\/","name":"B\u00e4nder, Spiegelstreifen (Film) und Folien - Scorab.eu","isPartOf":{"@id":"https:\/\/scorab.eu\/de\/#website"},"primaryImageOfPage":{"@id":"https:\/\/scorab.eu\/de\/produkt\/baender-und-folien\/#primaryimage"},"image":{"@id":"https:\/\/scorab.eu\/de\/produkt\/baender-und-folien\/#primaryimage"},"thumbnailUrl":"https:\/\/scorab.eu\/wp-content\/uploads\/2024\/02\/6.jpg","datePublished":"2024-02-13T18:25:28+00:00","dateModified":"2025-04-15T16:03:03+00:00","breadcrumb":{"@id":"https:\/\/scorab.eu\/de\/produkt\/baender-und-folien\/#breadcrumb"},"inLanguage":"de","potentialAction":[{"@type":"ReadAction","target":["https:\/\/scorab.eu\/de\/produkt\/baender-und-folien\/"]}]},{"@type":"ImageObject","inLanguage":"de","@id":"https:\/\/scorab.eu\/de\/produkt\/baender-und-folien\/#primaryimage","url":"https:\/\/scorab.eu\/wp-content\/uploads\/2024\/02\/6.jpg","contentUrl":"https:\/\/scorab.eu\/wp-content\/uploads\/2024\/02\/6.jpg","width":2556,"height":1704},{"@type":"BreadcrumbList","@id":"https:\/\/scorab.eu\/de\/produkt\/baender-und-folien\/#breadcrumb","itemListElement":[{"@type":"ListItem","position":1,"name":"Strona g\u0142\u00f3wna","item":"https:\/\/scorab.eu\/de\/homepage\/"},{"@type":"ListItem","position":2,"name":"Produkte","item":"https:\/\/scorab.eu\/de\/produkte\/"},{"@type":"ListItem","position":3,"name":"B\u00e4nder, Spiegelstreifen (Film) und Folien"}]},{"@type":"WebSite","@id":"https:\/\/scorab.eu\/de\/#website","url":"https:\/\/scorab.eu\/de\/","name":"Scorab.eu","description":"Produkcja oraz us\u0142ugi w zakresie przetwarzania metali szlachetnych i ich stop&oacute;w.","publisher":{"@id":"https:\/\/scorab.eu\/de\/#organization"},"potentialAction":[{"@type":"SearchAction","target":{"@type":"EntryPoint","urlTemplate":"https:\/\/scorab.eu\/de\/?s={search_term_string}"},"query-input":{"@type":"PropertyValueSpecification","valueRequired":true,"valueName":"search_term_string"}}],"inLanguage":"de"},{"@type":"Organization","@id":"https:\/\/scorab.eu\/de\/#organization","name":"Scorab.eu","url":"https:\/\/scorab.eu\/de\/","logo":{"@type":"ImageObject","inLanguage":"de","@id":"https:\/\/scorab.eu\/de\/#\/schema\/logo\/image\/","url":"https:\/\/scorab.eu\/wp-content\/uploads\/2024\/02\/obraz_2024-02-15_193251345.png","contentUrl":"https:\/\/scorab.eu\/wp-content\/uploads\/2024\/02\/obraz_2024-02-15_193251345.png","width":506,"height":150,"caption":"Scorab.eu"},"image":{"@id":"https:\/\/scorab.eu\/de\/#\/schema\/logo\/image\/"}}]}},"_links":{"self":[{"href":"https:\/\/scorab.eu\/de\/wp-json\/wp\/v2\/product\/1343","targetHints":{"allow":["GET"]}}],"collection":[{"href":"https:\/\/scorab.eu\/de\/wp-json\/wp\/v2\/product"}],"about":[{"href":"https:\/\/scorab.eu\/de\/wp-json\/wp\/v2\/types\/product"}],"replies":[{"embeddable":true,"href":"https:\/\/scorab.eu\/de\/wp-json\/wp\/v2\/comments?post=1343"}],"version-history":[{"count":1,"href":"https:\/\/scorab.eu\/de\/wp-json\/wp\/v2\/product\/1343\/revisions"}],"predecessor-version":[{"id":1736,"href":"https:\/\/scorab.eu\/de\/wp-json\/wp\/v2\/product\/1343\/revisions\/1736"}],"wp:featuredmedia":[{"embeddable":true,"href":"https:\/\/scorab.eu\/de\/wp-json\/wp\/v2\/media\/1095"}],"wp:attachment":[{"href":"https:\/\/scorab.eu\/de\/wp-json\/wp\/v2\/media?parent=1343"}],"wp:term":[{"taxonomy":"product_cat","embeddable":true,"href":"https:\/\/scorab.eu\/de\/wp-json\/wp\/v2\/product_cat?post=1343"},{"taxonomy":"product_tag","embeddable":true,"href":"https:\/\/scorab.eu\/de\/wp-json\/wp\/v2\/product_tag?post=1343"}],"curies":[{"name":"wp","href":"https:\/\/api.w.org\/{rel}","templated":true}]}}