{"id":1358,"date":"2024-02-13T18:25:28","date_gmt":"2024-02-13T18:25:28","guid":{"rendered":"https:\/\/scorab.eu\/produkt\/rohre-schneiden\/"},"modified":"2025-05-12T13:02:10","modified_gmt":"2025-05-12T13:02:10","slug":"rohre-schneiden","status":"publish","type":"product","link":"https:\/\/scorab.eu\/de\/produkt\/rohre-schneiden\/","title":{"rendered":"Rohre schneiden"},"content":{"rendered":"<p>Nahtloses Rohr, das in gleiche Teile geschnitten wird. Ein gut durchdachtes Produkt f\u00fcr die Herstellung von Trauringen.<br \/>\nDie Pr\u00e4zision des Rohrs und der pr\u00e4zise Schnitt garantieren minimale Fehler in der weiteren Produktion.<br \/>\nStandard aus der Silberlegierung Ag930. <\/p>\n","protected":false},"excerpt":{"rendered":"<p>Nahtloses Rohr, das in gleiche Teile geschnitten wird. Ein gut durchdachtes Produkt f\u00fcr die Herstellung von Trauringen. Die Pr\u00e4zision des Rohrs und der pr\u00e4zise Schnitt garantieren minimale Fehler in der weiteren Produktion. Standard aus der Silberlegierung Ag930.<\/p>\n","protected":false},"featured_media":1932,"comment_status":"open","ping_status":"closed","template":"","meta":[],"product_cat":[108,86],"product_tag":[],"class_list":{"0":"post-1358","1":"product","2":"type-product","3":"status-publish","4":"has-post-thumbnail","6":"product_cat-industrie","7":"product_cat-schmuck","9":"first","10":"instock","11":"shipping-taxable","12":"product-type-simple"},"yoast_head":"<!-- This site is optimized with the Yoast SEO plugin v24.6 - https:\/\/yoast.com\/wordpress\/plugins\/seo\/ -->\n<title>Rohre schneiden - Scorab.eu<\/title>\n<meta name=\"robots\" content=\"index, follow, max-snippet:-1, max-image-preview:large, max-video-preview:-1\" \/>\n<link rel=\"canonical\" href=\"https:\/\/scorab.eu\/de\/produkt\/rohre-schneiden\/\" \/>\n<meta property=\"og:locale\" content=\"de_DE\" \/>\n<meta property=\"og:type\" content=\"article\" \/>\n<meta property=\"og:title\" content=\"Rohre schneiden - Scorab.eu\" \/>\n<meta property=\"og:description\" content=\"Nahtloses Rohr, das in gleiche Teile geschnitten wird. Ein gut durchdachtes Produkt f\u00fcr die Herstellung von Trauringen. Die Pr\u00e4zision des Rohrs und der pr\u00e4zise Schnitt garantieren minimale Fehler in der weiteren Produktion. Standard aus der Silberlegierung Ag930.\" \/>\n<meta property=\"og:url\" content=\"https:\/\/scorab.eu\/de\/produkt\/rohre-schneiden\/\" \/>\n<meta property=\"og:site_name\" content=\"Scorab.eu\" \/>\n<meta property=\"article:modified_time\" content=\"2025-05-12T13:02:10+00:00\" \/>\n<meta property=\"og:image\" content=\"https:\/\/scorab.eu\/wp-content\/uploads\/2024\/02\/5a-rury-ciete-22.jpg\" \/>\n\t<meta property=\"og:image:width\" content=\"800\" \/>\n\t<meta property=\"og:image:height\" content=\"532\" \/>\n\t<meta property=\"og:image:type\" content=\"image\/jpeg\" \/>\n<meta name=\"twitter:card\" content=\"summary_large_image\" \/>\n<script type=\"application\/ld+json\" class=\"yoast-schema-graph\">{\"@context\":\"https:\/\/schema.org\",\"@graph\":[{\"@type\":\"WebPage\",\"@id\":\"https:\/\/scorab.eu\/de\/produkt\/rohre-schneiden\/\",\"url\":\"https:\/\/scorab.eu\/de\/produkt\/rohre-schneiden\/\",\"name\":\"Rohre schneiden - Scorab.eu\",\"isPartOf\":{\"@id\":\"https:\/\/scorab.eu\/de\/#website\"},\"primaryImageOfPage\":{\"@id\":\"https:\/\/scorab.eu\/de\/produkt\/rohre-schneiden\/#primaryimage\"},\"image\":{\"@id\":\"https:\/\/scorab.eu\/de\/produkt\/rohre-schneiden\/#primaryimage\"},\"thumbnailUrl\":\"https:\/\/scorab.eu\/wp-content\/uploads\/2024\/02\/5a-rury-ciete-22.jpg\",\"datePublished\":\"2024-02-13T18:25:28+00:00\",\"dateModified\":\"2025-05-12T13:02:10+00:00\",\"breadcrumb\":{\"@id\":\"https:\/\/scorab.eu\/de\/produkt\/rohre-schneiden\/#breadcrumb\"},\"inLanguage\":\"de\",\"potentialAction\":[{\"@type\":\"ReadAction\",\"target\":[\"https:\/\/scorab.eu\/de\/produkt\/rohre-schneiden\/\"]}]},{\"@type\":\"ImageObject\",\"inLanguage\":\"de\",\"@id\":\"https:\/\/scorab.eu\/de\/produkt\/rohre-schneiden\/#primaryimage\",\"url\":\"https:\/\/scorab.eu\/wp-content\/uploads\/2024\/02\/5a-rury-ciete-22.jpg\",\"contentUrl\":\"https:\/\/scorab.eu\/wp-content\/uploads\/2024\/02\/5a-rury-ciete-22.jpg\",\"width\":800,\"height\":532},{\"@type\":\"BreadcrumbList\",\"@id\":\"https:\/\/scorab.eu\/de\/produkt\/rohre-schneiden\/#breadcrumb\",\"itemListElement\":[{\"@type\":\"ListItem\",\"position\":1,\"name\":\"Strona g\u0142\u00f3wna\",\"item\":\"https:\/\/scorab.eu\/de\/homepage\/\"},{\"@type\":\"ListItem\",\"position\":2,\"name\":\"Produkte\",\"item\":\"https:\/\/scorab.eu\/de\/produkte\/\"},{\"@type\":\"ListItem\",\"position\":3,\"name\":\"Rohre schneiden\"}]},{\"@type\":\"WebSite\",\"@id\":\"https:\/\/scorab.eu\/de\/#website\",\"url\":\"https:\/\/scorab.eu\/de\/\",\"name\":\"Scorab.eu\",\"description\":\"Produkcja oraz us\u0142ugi w zakresie przetwarzania metali szlachetnych i ich stop&oacute;w.\",\"publisher\":{\"@id\":\"https:\/\/scorab.eu\/de\/#organization\"},\"potentialAction\":[{\"@type\":\"SearchAction\",\"target\":{\"@type\":\"EntryPoint\",\"urlTemplate\":\"https:\/\/scorab.eu\/de\/?s={search_term_string}\"},\"query-input\":{\"@type\":\"PropertyValueSpecification\",\"valueRequired\":true,\"valueName\":\"search_term_string\"}}],\"inLanguage\":\"de\"},{\"@type\":\"Organization\",\"@id\":\"https:\/\/scorab.eu\/de\/#organization\",\"name\":\"Scorab.eu\",\"url\":\"https:\/\/scorab.eu\/de\/\",\"logo\":{\"@type\":\"ImageObject\",\"inLanguage\":\"de\",\"@id\":\"https:\/\/scorab.eu\/de\/#\/schema\/logo\/image\/\",\"url\":\"https:\/\/scorab.eu\/wp-content\/uploads\/2024\/02\/obraz_2024-02-15_193251345.png\",\"contentUrl\":\"https:\/\/scorab.eu\/wp-content\/uploads\/2024\/02\/obraz_2024-02-15_193251345.png\",\"width\":506,\"height\":150,\"caption\":\"Scorab.eu\"},\"image\":{\"@id\":\"https:\/\/scorab.eu\/de\/#\/schema\/logo\/image\/\"}}]}<\/script>\n<!-- \/ Yoast SEO plugin. -->","yoast_head_json":{"title":"Rohre schneiden - Scorab.eu","robots":{"index":"index","follow":"follow","max-snippet":"max-snippet:-1","max-image-preview":"max-image-preview:large","max-video-preview":"max-video-preview:-1"},"canonical":"https:\/\/scorab.eu\/de\/produkt\/rohre-schneiden\/","og_locale":"de_DE","og_type":"article","og_title":"Rohre schneiden - Scorab.eu","og_description":"Nahtloses Rohr, das in gleiche Teile geschnitten wird. Ein gut durchdachtes Produkt f\u00fcr die Herstellung von Trauringen. Die Pr\u00e4zision des Rohrs und der pr\u00e4zise Schnitt garantieren minimale Fehler in der weiteren Produktion. Standard aus der Silberlegierung Ag930.","og_url":"https:\/\/scorab.eu\/de\/produkt\/rohre-schneiden\/","og_site_name":"Scorab.eu","article_modified_time":"2025-05-12T13:02:10+00:00","og_image":[{"width":800,"height":532,"url":"https:\/\/scorab.eu\/wp-content\/uploads\/2024\/02\/5a-rury-ciete-22.jpg","type":"image\/jpeg"}],"twitter_card":"summary_large_image","schema":{"@context":"https:\/\/schema.org","@graph":[{"@type":"WebPage","@id":"https:\/\/scorab.eu\/de\/produkt\/rohre-schneiden\/","url":"https:\/\/scorab.eu\/de\/produkt\/rohre-schneiden\/","name":"Rohre schneiden - Scorab.eu","isPartOf":{"@id":"https:\/\/scorab.eu\/de\/#website"},"primaryImageOfPage":{"@id":"https:\/\/scorab.eu\/de\/produkt\/rohre-schneiden\/#primaryimage"},"image":{"@id":"https:\/\/scorab.eu\/de\/produkt\/rohre-schneiden\/#primaryimage"},"thumbnailUrl":"https:\/\/scorab.eu\/wp-content\/uploads\/2024\/02\/5a-rury-ciete-22.jpg","datePublished":"2024-02-13T18:25:28+00:00","dateModified":"2025-05-12T13:02:10+00:00","breadcrumb":{"@id":"https:\/\/scorab.eu\/de\/produkt\/rohre-schneiden\/#breadcrumb"},"inLanguage":"de","potentialAction":[{"@type":"ReadAction","target":["https:\/\/scorab.eu\/de\/produkt\/rohre-schneiden\/"]}]},{"@type":"ImageObject","inLanguage":"de","@id":"https:\/\/scorab.eu\/de\/produkt\/rohre-schneiden\/#primaryimage","url":"https:\/\/scorab.eu\/wp-content\/uploads\/2024\/02\/5a-rury-ciete-22.jpg","contentUrl":"https:\/\/scorab.eu\/wp-content\/uploads\/2024\/02\/5a-rury-ciete-22.jpg","width":800,"height":532},{"@type":"BreadcrumbList","@id":"https:\/\/scorab.eu\/de\/produkt\/rohre-schneiden\/#breadcrumb","itemListElement":[{"@type":"ListItem","position":1,"name":"Strona g\u0142\u00f3wna","item":"https:\/\/scorab.eu\/de\/homepage\/"},{"@type":"ListItem","position":2,"name":"Produkte","item":"https:\/\/scorab.eu\/de\/produkte\/"},{"@type":"ListItem","position":3,"name":"Rohre schneiden"}]},{"@type":"WebSite","@id":"https:\/\/scorab.eu\/de\/#website","url":"https:\/\/scorab.eu\/de\/","name":"Scorab.eu","description":"Produkcja oraz us\u0142ugi w zakresie przetwarzania metali szlachetnych i ich stop&oacute;w.","publisher":{"@id":"https:\/\/scorab.eu\/de\/#organization"},"potentialAction":[{"@type":"SearchAction","target":{"@type":"EntryPoint","urlTemplate":"https:\/\/scorab.eu\/de\/?s={search_term_string}"},"query-input":{"@type":"PropertyValueSpecification","valueRequired":true,"valueName":"search_term_string"}}],"inLanguage":"de"},{"@type":"Organization","@id":"https:\/\/scorab.eu\/de\/#organization","name":"Scorab.eu","url":"https:\/\/scorab.eu\/de\/","logo":{"@type":"ImageObject","inLanguage":"de","@id":"https:\/\/scorab.eu\/de\/#\/schema\/logo\/image\/","url":"https:\/\/scorab.eu\/wp-content\/uploads\/2024\/02\/obraz_2024-02-15_193251345.png","contentUrl":"https:\/\/scorab.eu\/wp-content\/uploads\/2024\/02\/obraz_2024-02-15_193251345.png","width":506,"height":150,"caption":"Scorab.eu"},"image":{"@id":"https:\/\/scorab.eu\/de\/#\/schema\/logo\/image\/"}}]}},"_links":{"self":[{"href":"https:\/\/scorab.eu\/de\/wp-json\/wp\/v2\/product\/1358","targetHints":{"allow":["GET"]}}],"collection":[{"href":"https:\/\/scorab.eu\/de\/wp-json\/wp\/v2\/product"}],"about":[{"href":"https:\/\/scorab.eu\/de\/wp-json\/wp\/v2\/types\/product"}],"replies":[{"embeddable":true,"href":"https:\/\/scorab.eu\/de\/wp-json\/wp\/v2\/comments?post=1358"}],"version-history":[{"count":1,"href":"https:\/\/scorab.eu\/de\/wp-json\/wp\/v2\/product\/1358\/revisions"}],"predecessor-version":[{"id":1936,"href":"https:\/\/scorab.eu\/de\/wp-json\/wp\/v2\/product\/1358\/revisions\/1936"}],"wp:featuredmedia":[{"embeddable":true,"href":"https:\/\/scorab.eu\/de\/wp-json\/wp\/v2\/media\/1932"}],"wp:attachment":[{"href":"https:\/\/scorab.eu\/de\/wp-json\/wp\/v2\/media?parent=1358"}],"wp:term":[{"taxonomy":"product_cat","embeddable":true,"href":"https:\/\/scorab.eu\/de\/wp-json\/wp\/v2\/product_cat?post=1358"},{"taxonomy":"product_tag","embeddable":true,"href":"https:\/\/scorab.eu\/de\/wp-json\/wp\/v2\/product_tag?post=1358"}],"curies":[{"name":"wp","href":"https:\/\/api.w.org\/{rel}","templated":true}]}}