{"id":1362,"date":"2024-02-13T18:25:25","date_gmt":"2024-02-13T18:25:25","guid":{"rendered":"https:\/\/scorab.eu\/produkt\/kontakt-elemente\/"},"modified":"2025-05-12T12:27:06","modified_gmt":"2025-05-12T12:27:06","slug":"kontakt-elemente","status":"publish","type":"product","link":"https:\/\/scorab.eu\/de\/produkt\/kontakt-elemente\/","title":{"rendered":"Kontakt-Elemente"},"content":{"rendered":"<p>Silber und seine Legierungen sind ideale Materialien f\u00fcr die Herstellung von leitf\u00e4higen Komponenten, die in der Energie-, Elektronik-, Elektro- und Automatisierungsindustrie verwendet werden.<br \/>\nWir produzieren Silberkontakte in Form von Beschl\u00e4gen mit verschiedenen Profilen und Dicken.<\/p>\n<p>Die Formen und Gr\u00f6\u00dfen der Kontaktelemente und das Material der Legierung werden individuell festgelegt und an die verwendete Technologie und die Bed\u00fcrfnisse der Kunden angepasst.<\/p>\n","protected":false},"excerpt":{"rendered":"<p>Silber und seine Legierungen sind ideale Materialien f\u00fcr die Herstellung von leitf\u00e4higen Komponenten, die in der Energie-, Elektronik-, Elektro- und Automatisierungsindustrie verwendet werden. Wir produzieren Silberkontakte in Form von Beschl\u00e4gen mit verschiedenen Profilen und Dicken. Die Formen und Gr\u00f6\u00dfen der Kontaktelemente und das Material der Legierung werden individuell festgelegt und an die verwendete Technologie und [&hellip;]<\/p>\n","protected":false},"featured_media":1919,"comment_status":"open","ping_status":"closed","template":"","meta":[],"product_cat":[108],"product_tag":[],"class_list":{"0":"post-1362","1":"product","2":"type-product","3":"status-publish","4":"has-post-thumbnail","6":"product_cat-industrie","8":"first","9":"instock","10":"shipping-taxable","11":"product-type-simple"},"yoast_head":"<!-- This site is optimized with the Yoast SEO plugin v24.6 - https:\/\/yoast.com\/wordpress\/plugins\/seo\/ -->\n<title>Kontakt-Elemente - Scorab.eu<\/title>\n<meta name=\"robots\" content=\"index, follow, max-snippet:-1, max-image-preview:large, max-video-preview:-1\" \/>\n<link rel=\"canonical\" href=\"https:\/\/scorab.eu\/de\/produkt\/kontakt-elemente\/\" \/>\n<meta property=\"og:locale\" content=\"de_DE\" \/>\n<meta property=\"og:type\" content=\"article\" \/>\n<meta property=\"og:title\" content=\"Kontakt-Elemente - Scorab.eu\" \/>\n<meta property=\"og:description\" content=\"Silber und seine Legierungen sind ideale Materialien f\u00fcr die Herstellung von leitf\u00e4higen Komponenten, die in der Energie-, Elektronik-, Elektro- und Automatisierungsindustrie verwendet werden. Wir produzieren Silberkontakte in Form von Beschl\u00e4gen mit verschiedenen Profilen und Dicken. Die Formen und Gr\u00f6\u00dfen der Kontaktelemente und das Material der Legierung werden individuell festgelegt und an die verwendete Technologie und [&hellip;]\" \/>\n<meta property=\"og:url\" content=\"https:\/\/scorab.eu\/de\/produkt\/kontakt-elemente\/\" \/>\n<meta property=\"og:site_name\" content=\"Scorab.eu\" \/>\n<meta property=\"article:modified_time\" content=\"2025-05-12T12:27:06+00:00\" \/>\n<meta property=\"og:image\" content=\"https:\/\/scorab.eu\/wp-content\/uploads\/2024\/02\/anody-side-4k-scaled.jpg\" \/>\n\t<meta property=\"og:image:width\" content=\"2560\" \/>\n\t<meta property=\"og:image:height\" content=\"1705\" \/>\n\t<meta property=\"og:image:type\" content=\"image\/jpeg\" \/>\n<meta name=\"twitter:card\" content=\"summary_large_image\" \/>\n<script type=\"application\/ld+json\" class=\"yoast-schema-graph\">{\"@context\":\"https:\/\/schema.org\",\"@graph\":[{\"@type\":\"WebPage\",\"@id\":\"https:\/\/scorab.eu\/de\/produkt\/kontakt-elemente\/\",\"url\":\"https:\/\/scorab.eu\/de\/produkt\/kontakt-elemente\/\",\"name\":\"Kontakt-Elemente - Scorab.eu\",\"isPartOf\":{\"@id\":\"https:\/\/scorab.eu\/de\/#website\"},\"primaryImageOfPage\":{\"@id\":\"https:\/\/scorab.eu\/de\/produkt\/kontakt-elemente\/#primaryimage\"},\"image\":{\"@id\":\"https:\/\/scorab.eu\/de\/produkt\/kontakt-elemente\/#primaryimage\"},\"thumbnailUrl\":\"https:\/\/scorab.eu\/wp-content\/uploads\/2024\/02\/styk-1-scaled.jpg\",\"datePublished\":\"2024-02-13T18:25:25+00:00\",\"dateModified\":\"2025-05-12T12:27:06+00:00\",\"breadcrumb\":{\"@id\":\"https:\/\/scorab.eu\/de\/produkt\/kontakt-elemente\/#breadcrumb\"},\"inLanguage\":\"de\",\"potentialAction\":[{\"@type\":\"ReadAction\",\"target\":[\"https:\/\/scorab.eu\/de\/produkt\/kontakt-elemente\/\"]}]},{\"@type\":\"ImageObject\",\"inLanguage\":\"de\",\"@id\":\"https:\/\/scorab.eu\/de\/produkt\/kontakt-elemente\/#primaryimage\",\"url\":\"https:\/\/scorab.eu\/wp-content\/uploads\/2024\/02\/styk-1-scaled.jpg\",\"contentUrl\":\"https:\/\/scorab.eu\/wp-content\/uploads\/2024\/02\/styk-1-scaled.jpg\",\"width\":2560,\"height\":1708},{\"@type\":\"BreadcrumbList\",\"@id\":\"https:\/\/scorab.eu\/de\/produkt\/kontakt-elemente\/#breadcrumb\",\"itemListElement\":[{\"@type\":\"ListItem\",\"position\":1,\"name\":\"Strona g\u0142\u00f3wna\",\"item\":\"https:\/\/scorab.eu\/de\/homepage\/\"},{\"@type\":\"ListItem\",\"position\":2,\"name\":\"Produkte\",\"item\":\"https:\/\/scorab.eu\/de\/produkte\/\"},{\"@type\":\"ListItem\",\"position\":3,\"name\":\"Kontakt-Elemente\"}]},{\"@type\":\"WebSite\",\"@id\":\"https:\/\/scorab.eu\/de\/#website\",\"url\":\"https:\/\/scorab.eu\/de\/\",\"name\":\"Scorab.eu\",\"description\":\"Produkcja oraz us\u0142ugi w zakresie przetwarzania metali szlachetnych i ich stop&oacute;w.\",\"publisher\":{\"@id\":\"https:\/\/scorab.eu\/de\/#organization\"},\"potentialAction\":[{\"@type\":\"SearchAction\",\"target\":{\"@type\":\"EntryPoint\",\"urlTemplate\":\"https:\/\/scorab.eu\/de\/?s={search_term_string}\"},\"query-input\":{\"@type\":\"PropertyValueSpecification\",\"valueRequired\":true,\"valueName\":\"search_term_string\"}}],\"inLanguage\":\"de\"},{\"@type\":\"Organization\",\"@id\":\"https:\/\/scorab.eu\/de\/#organization\",\"name\":\"Scorab.eu\",\"url\":\"https:\/\/scorab.eu\/de\/\",\"logo\":{\"@type\":\"ImageObject\",\"inLanguage\":\"de\",\"@id\":\"https:\/\/scorab.eu\/de\/#\/schema\/logo\/image\/\",\"url\":\"https:\/\/scorab.eu\/wp-content\/uploads\/2024\/02\/obraz_2024-02-15_193251345.png\",\"contentUrl\":\"https:\/\/scorab.eu\/wp-content\/uploads\/2024\/02\/obraz_2024-02-15_193251345.png\",\"width\":506,\"height\":150,\"caption\":\"Scorab.eu\"},\"image\":{\"@id\":\"https:\/\/scorab.eu\/de\/#\/schema\/logo\/image\/\"}}]}<\/script>\n<!-- \/ Yoast SEO plugin. -->","yoast_head_json":{"title":"Kontakt-Elemente - Scorab.eu","robots":{"index":"index","follow":"follow","max-snippet":"max-snippet:-1","max-image-preview":"max-image-preview:large","max-video-preview":"max-video-preview:-1"},"canonical":"https:\/\/scorab.eu\/de\/produkt\/kontakt-elemente\/","og_locale":"de_DE","og_type":"article","og_title":"Kontakt-Elemente - Scorab.eu","og_description":"Silber und seine Legierungen sind ideale Materialien f\u00fcr die Herstellung von leitf\u00e4higen Komponenten, die in der Energie-, Elektronik-, Elektro- und Automatisierungsindustrie verwendet werden. Wir produzieren Silberkontakte in Form von Beschl\u00e4gen mit verschiedenen Profilen und Dicken. Die Formen und Gr\u00f6\u00dfen der Kontaktelemente und das Material der Legierung werden individuell festgelegt und an die verwendete Technologie und [&hellip;]","og_url":"https:\/\/scorab.eu\/de\/produkt\/kontakt-elemente\/","og_site_name":"Scorab.eu","article_modified_time":"2025-05-12T12:27:06+00:00","og_image":[{"width":2560,"height":1705,"url":"https:\/\/scorab.eu\/wp-content\/uploads\/2024\/02\/anody-side-4k-scaled.jpg","type":"image\/jpeg"}],"twitter_card":"summary_large_image","schema":{"@context":"https:\/\/schema.org","@graph":[{"@type":"WebPage","@id":"https:\/\/scorab.eu\/de\/produkt\/kontakt-elemente\/","url":"https:\/\/scorab.eu\/de\/produkt\/kontakt-elemente\/","name":"Kontakt-Elemente - Scorab.eu","isPartOf":{"@id":"https:\/\/scorab.eu\/de\/#website"},"primaryImageOfPage":{"@id":"https:\/\/scorab.eu\/de\/produkt\/kontakt-elemente\/#primaryimage"},"image":{"@id":"https:\/\/scorab.eu\/de\/produkt\/kontakt-elemente\/#primaryimage"},"thumbnailUrl":"https:\/\/scorab.eu\/wp-content\/uploads\/2024\/02\/styk-1-scaled.jpg","datePublished":"2024-02-13T18:25:25+00:00","dateModified":"2025-05-12T12:27:06+00:00","breadcrumb":{"@id":"https:\/\/scorab.eu\/de\/produkt\/kontakt-elemente\/#breadcrumb"},"inLanguage":"de","potentialAction":[{"@type":"ReadAction","target":["https:\/\/scorab.eu\/de\/produkt\/kontakt-elemente\/"]}]},{"@type":"ImageObject","inLanguage":"de","@id":"https:\/\/scorab.eu\/de\/produkt\/kontakt-elemente\/#primaryimage","url":"https:\/\/scorab.eu\/wp-content\/uploads\/2024\/02\/styk-1-scaled.jpg","contentUrl":"https:\/\/scorab.eu\/wp-content\/uploads\/2024\/02\/styk-1-scaled.jpg","width":2560,"height":1708},{"@type":"BreadcrumbList","@id":"https:\/\/scorab.eu\/de\/produkt\/kontakt-elemente\/#breadcrumb","itemListElement":[{"@type":"ListItem","position":1,"name":"Strona g\u0142\u00f3wna","item":"https:\/\/scorab.eu\/de\/homepage\/"},{"@type":"ListItem","position":2,"name":"Produkte","item":"https:\/\/scorab.eu\/de\/produkte\/"},{"@type":"ListItem","position":3,"name":"Kontakt-Elemente"}]},{"@type":"WebSite","@id":"https:\/\/scorab.eu\/de\/#website","url":"https:\/\/scorab.eu\/de\/","name":"Scorab.eu","description":"Produkcja oraz us\u0142ugi w zakresie przetwarzania metali szlachetnych i ich stop&oacute;w.","publisher":{"@id":"https:\/\/scorab.eu\/de\/#organization"},"potentialAction":[{"@type":"SearchAction","target":{"@type":"EntryPoint","urlTemplate":"https:\/\/scorab.eu\/de\/?s={search_term_string}"},"query-input":{"@type":"PropertyValueSpecification","valueRequired":true,"valueName":"search_term_string"}}],"inLanguage":"de"},{"@type":"Organization","@id":"https:\/\/scorab.eu\/de\/#organization","name":"Scorab.eu","url":"https:\/\/scorab.eu\/de\/","logo":{"@type":"ImageObject","inLanguage":"de","@id":"https:\/\/scorab.eu\/de\/#\/schema\/logo\/image\/","url":"https:\/\/scorab.eu\/wp-content\/uploads\/2024\/02\/obraz_2024-02-15_193251345.png","contentUrl":"https:\/\/scorab.eu\/wp-content\/uploads\/2024\/02\/obraz_2024-02-15_193251345.png","width":506,"height":150,"caption":"Scorab.eu"},"image":{"@id":"https:\/\/scorab.eu\/de\/#\/schema\/logo\/image\/"}}]}},"_links":{"self":[{"href":"https:\/\/scorab.eu\/de\/wp-json\/wp\/v2\/product\/1362","targetHints":{"allow":["GET"]}}],"collection":[{"href":"https:\/\/scorab.eu\/de\/wp-json\/wp\/v2\/product"}],"about":[{"href":"https:\/\/scorab.eu\/de\/wp-json\/wp\/v2\/types\/product"}],"replies":[{"embeddable":true,"href":"https:\/\/scorab.eu\/de\/wp-json\/wp\/v2\/comments?post=1362"}],"version-history":[{"count":1,"href":"https:\/\/scorab.eu\/de\/wp-json\/wp\/v2\/product\/1362\/revisions"}],"predecessor-version":[{"id":1899,"href":"https:\/\/scorab.eu\/de\/wp-json\/wp\/v2\/product\/1362\/revisions\/1899"}],"wp:featuredmedia":[{"embeddable":true,"href":"https:\/\/scorab.eu\/de\/wp-json\/wp\/v2\/media\/1919"}],"wp:attachment":[{"href":"https:\/\/scorab.eu\/de\/wp-json\/wp\/v2\/media?parent=1362"}],"wp:term":[{"taxonomy":"product_cat","embeddable":true,"href":"https:\/\/scorab.eu\/de\/wp-json\/wp\/v2\/product_cat?post=1362"},{"taxonomy":"product_tag","embeddable":true,"href":"https:\/\/scorab.eu\/de\/wp-json\/wp\/v2\/product_tag?post=1362"}],"curies":[{"name":"wp","href":"https:\/\/api.w.org\/{rel}","templated":true}]}}