{"id":1363,"date":"2024-02-13T18:25:26","date_gmt":"2024-02-13T18:25:26","guid":{"rendered":"https:\/\/scorab.eu\/produkt\/hartes-silber\/"},"modified":"2025-04-15T16:11:55","modified_gmt":"2025-04-15T16:11:55","slug":"hartes-silber","status":"publish","type":"product","link":"https:\/\/scorab.eu\/de\/produkt\/hartes-silber\/","title":{"rendered":"Lote Silber hart"},"content":{"rendered":"<p><span style=\"font-weight: 400;\">Spezielle kadmiumfreie L\u00f6tbindemittel f\u00fcr das Hartl\u00f6ten.<\/span><\/p>\n<p><span style=\"font-weight: 400;\">Die Gruppe der Silberlote zeichnet sich durch gute Flie\u00dff\u00e4higkeit und Benetzbarkeit sowie mechanische Best\u00e4ndigkeit aus, wodurch sie unter anderem zum L\u00f6ten von verschiedenen St\u00e4hlen, Kupfer, Nickel und deren Legierungen verwendet werden k\u00f6nnen. Dank dieser Eigenschaften k\u00f6nnen sie unter anderem in Bereichen wie der Werkzeug- und Maschinenindustrie, der Elektroindustrie, der Lebensmittelindustrie und bei der Herstellung von K\u00fchl- und Sanit\u00e4ranlagen eingesetzt werden.   <\/span><\/p>\n<p><span style=\"font-weight: 400;\">Wir k\u00f6nnen auch Bindemittel herstellen, die nicht in der Tabelle aufgef\u00fchrt sind. Wenn das Lot, f\u00fcr das Sie sich interessieren, nicht verf\u00fcgbar ist, nehmen Sie bitte Kontakt mit uns auf, um die Einzelheiten Ihrer Bestellung zu vereinbaren. <\/span><\/p>\n<p><br style=\"font-weight: 400;\"><br style=\"font-weight: 400;\"><\/p>\n","protected":false},"excerpt":{"rendered":"<p>Spezielle kadmiumfreie L\u00f6tbindemittel f\u00fcr das Hartl\u00f6ten. Die Gruppe der Silberlote zeichnet sich durch gute Flie\u00dff\u00e4higkeit und Benetzbarkeit sowie mechanische Best\u00e4ndigkeit aus, wodurch sie unter anderem zum L\u00f6ten von verschiedenen St\u00e4hlen, Kupfer, Nickel und deren Legierungen verwendet werden k\u00f6nnen. Dank dieser Eigenschaften k\u00f6nnen sie unter anderem in Bereichen wie der Werkzeug- und Maschinenindustrie, der Elektroindustrie, der [&hellip;]<\/p>\n","protected":false},"featured_media":1111,"comment_status":"open","ping_status":"closed","template":"","meta":[],"product_cat":[108,86],"product_tag":[],"class_list":{"0":"post-1363","1":"product","2":"type-product","3":"status-publish","4":"has-post-thumbnail","6":"product_cat-industrie","7":"product_cat-schmuck","9":"first","10":"instock","11":"shipping-taxable","12":"product-type-simple"},"yoast_head":"<!-- This site is optimized with the Yoast SEO plugin v24.6 - https:\/\/yoast.com\/wordpress\/plugins\/seo\/ -->\n<title>Lote Silber hart - Scorab.eu<\/title>\n<meta name=\"robots\" content=\"index, follow, max-snippet:-1, max-image-preview:large, max-video-preview:-1\" \/>\n<link rel=\"canonical\" href=\"https:\/\/scorab.eu\/de\/produkt\/hartes-silber\/\" \/>\n<meta property=\"og:locale\" content=\"de_DE\" \/>\n<meta property=\"og:type\" content=\"article\" \/>\n<meta property=\"og:title\" content=\"Lote Silber hart - Scorab.eu\" \/>\n<meta property=\"og:description\" content=\"Spezielle kadmiumfreie L\u00f6tbindemittel f\u00fcr das Hartl\u00f6ten. Die Gruppe der Silberlote zeichnet sich durch gute Flie\u00dff\u00e4higkeit und Benetzbarkeit sowie mechanische Best\u00e4ndigkeit aus, wodurch sie unter anderem zum L\u00f6ten von verschiedenen St\u00e4hlen, Kupfer, Nickel und deren Legierungen verwendet werden k\u00f6nnen. Dank dieser Eigenschaften k\u00f6nnen sie unter anderem in Bereichen wie der Werkzeug- und Maschinenindustrie, der Elektroindustrie, der [&hellip;]\" \/>\n<meta property=\"og:url\" content=\"https:\/\/scorab.eu\/de\/produkt\/hartes-silber\/\" \/>\n<meta property=\"og:site_name\" content=\"Scorab.eu\" \/>\n<meta property=\"article:modified_time\" content=\"2025-04-15T16:11:55+00:00\" \/>\n<meta property=\"og:image\" content=\"https:\/\/scorab.eu\/wp-content\/uploads\/2024\/02\/5-luty.jpg\" \/>\n\t<meta property=\"og:image:width\" content=\"200\" \/>\n\t<meta property=\"og:image:height\" content=\"133\" \/>\n\t<meta property=\"og:image:type\" content=\"image\/jpeg\" \/>\n<meta name=\"twitter:card\" content=\"summary_large_image\" \/>\n<meta name=\"twitter:label1\" content=\"Est. reading time\" \/>\n\t<meta name=\"twitter:data1\" content=\"1\u00a0Minute\" \/>\n<script type=\"application\/ld+json\" class=\"yoast-schema-graph\">{\"@context\":\"https:\/\/schema.org\",\"@graph\":[{\"@type\":\"WebPage\",\"@id\":\"https:\/\/scorab.eu\/de\/produkt\/hartes-silber\/\",\"url\":\"https:\/\/scorab.eu\/de\/produkt\/hartes-silber\/\",\"name\":\"Lote Silber hart - Scorab.eu\",\"isPartOf\":{\"@id\":\"https:\/\/scorab.eu\/de\/#website\"},\"primaryImageOfPage\":{\"@id\":\"https:\/\/scorab.eu\/de\/produkt\/hartes-silber\/#primaryimage\"},\"image\":{\"@id\":\"https:\/\/scorab.eu\/de\/produkt\/hartes-silber\/#primaryimage\"},\"thumbnailUrl\":\"https:\/\/scorab.eu\/wp-content\/uploads\/2024\/02\/5-luty.jpg\",\"datePublished\":\"2024-02-13T18:25:26+00:00\",\"dateModified\":\"2025-04-15T16:11:55+00:00\",\"breadcrumb\":{\"@id\":\"https:\/\/scorab.eu\/de\/produkt\/hartes-silber\/#breadcrumb\"},\"inLanguage\":\"de\",\"potentialAction\":[{\"@type\":\"ReadAction\",\"target\":[\"https:\/\/scorab.eu\/de\/produkt\/hartes-silber\/\"]}]},{\"@type\":\"ImageObject\",\"inLanguage\":\"de\",\"@id\":\"https:\/\/scorab.eu\/de\/produkt\/hartes-silber\/#primaryimage\",\"url\":\"https:\/\/scorab.eu\/wp-content\/uploads\/2024\/02\/5-luty.jpg\",\"contentUrl\":\"https:\/\/scorab.eu\/wp-content\/uploads\/2024\/02\/5-luty.jpg\",\"width\":200,\"height\":133},{\"@type\":\"BreadcrumbList\",\"@id\":\"https:\/\/scorab.eu\/de\/produkt\/hartes-silber\/#breadcrumb\",\"itemListElement\":[{\"@type\":\"ListItem\",\"position\":1,\"name\":\"Strona g\u0142\u00f3wna\",\"item\":\"https:\/\/scorab.eu\/de\/homepage\/\"},{\"@type\":\"ListItem\",\"position\":2,\"name\":\"Produkte\",\"item\":\"https:\/\/scorab.eu\/de\/produkte\/\"},{\"@type\":\"ListItem\",\"position\":3,\"name\":\"Lote Silber hart\"}]},{\"@type\":\"WebSite\",\"@id\":\"https:\/\/scorab.eu\/de\/#website\",\"url\":\"https:\/\/scorab.eu\/de\/\",\"name\":\"Scorab.eu\",\"description\":\"Produkcja oraz us\u0142ugi w zakresie przetwarzania metali szlachetnych i ich stop&oacute;w.\",\"publisher\":{\"@id\":\"https:\/\/scorab.eu\/de\/#organization\"},\"potentialAction\":[{\"@type\":\"SearchAction\",\"target\":{\"@type\":\"EntryPoint\",\"urlTemplate\":\"https:\/\/scorab.eu\/de\/?s={search_term_string}\"},\"query-input\":{\"@type\":\"PropertyValueSpecification\",\"valueRequired\":true,\"valueName\":\"search_term_string\"}}],\"inLanguage\":\"de\"},{\"@type\":\"Organization\",\"@id\":\"https:\/\/scorab.eu\/de\/#organization\",\"name\":\"Scorab.eu\",\"url\":\"https:\/\/scorab.eu\/de\/\",\"logo\":{\"@type\":\"ImageObject\",\"inLanguage\":\"de\",\"@id\":\"https:\/\/scorab.eu\/de\/#\/schema\/logo\/image\/\",\"url\":\"https:\/\/scorab.eu\/wp-content\/uploads\/2024\/02\/obraz_2024-02-15_193251345.png\",\"contentUrl\":\"https:\/\/scorab.eu\/wp-content\/uploads\/2024\/02\/obraz_2024-02-15_193251345.png\",\"width\":506,\"height\":150,\"caption\":\"Scorab.eu\"},\"image\":{\"@id\":\"https:\/\/scorab.eu\/de\/#\/schema\/logo\/image\/\"}}]}<\/script>\n<!-- \/ Yoast SEO plugin. -->","yoast_head_json":{"title":"Lote Silber hart - Scorab.eu","robots":{"index":"index","follow":"follow","max-snippet":"max-snippet:-1","max-image-preview":"max-image-preview:large","max-video-preview":"max-video-preview:-1"},"canonical":"https:\/\/scorab.eu\/de\/produkt\/hartes-silber\/","og_locale":"de_DE","og_type":"article","og_title":"Lote Silber hart - Scorab.eu","og_description":"Spezielle kadmiumfreie L\u00f6tbindemittel f\u00fcr das Hartl\u00f6ten. Die Gruppe der Silberlote zeichnet sich durch gute Flie\u00dff\u00e4higkeit und Benetzbarkeit sowie mechanische Best\u00e4ndigkeit aus, wodurch sie unter anderem zum L\u00f6ten von verschiedenen St\u00e4hlen, Kupfer, Nickel und deren Legierungen verwendet werden k\u00f6nnen. Dank dieser Eigenschaften k\u00f6nnen sie unter anderem in Bereichen wie der Werkzeug- und Maschinenindustrie, der Elektroindustrie, der [&hellip;]","og_url":"https:\/\/scorab.eu\/de\/produkt\/hartes-silber\/","og_site_name":"Scorab.eu","article_modified_time":"2025-04-15T16:11:55+00:00","og_image":[{"width":200,"height":133,"url":"https:\/\/scorab.eu\/wp-content\/uploads\/2024\/02\/5-luty.jpg","type":"image\/jpeg"}],"twitter_card":"summary_large_image","twitter_misc":{"Est. reading time":"1\u00a0Minute"},"schema":{"@context":"https:\/\/schema.org","@graph":[{"@type":"WebPage","@id":"https:\/\/scorab.eu\/de\/produkt\/hartes-silber\/","url":"https:\/\/scorab.eu\/de\/produkt\/hartes-silber\/","name":"Lote Silber hart - Scorab.eu","isPartOf":{"@id":"https:\/\/scorab.eu\/de\/#website"},"primaryImageOfPage":{"@id":"https:\/\/scorab.eu\/de\/produkt\/hartes-silber\/#primaryimage"},"image":{"@id":"https:\/\/scorab.eu\/de\/produkt\/hartes-silber\/#primaryimage"},"thumbnailUrl":"https:\/\/scorab.eu\/wp-content\/uploads\/2024\/02\/5-luty.jpg","datePublished":"2024-02-13T18:25:26+00:00","dateModified":"2025-04-15T16:11:55+00:00","breadcrumb":{"@id":"https:\/\/scorab.eu\/de\/produkt\/hartes-silber\/#breadcrumb"},"inLanguage":"de","potentialAction":[{"@type":"ReadAction","target":["https:\/\/scorab.eu\/de\/produkt\/hartes-silber\/"]}]},{"@type":"ImageObject","inLanguage":"de","@id":"https:\/\/scorab.eu\/de\/produkt\/hartes-silber\/#primaryimage","url":"https:\/\/scorab.eu\/wp-content\/uploads\/2024\/02\/5-luty.jpg","contentUrl":"https:\/\/scorab.eu\/wp-content\/uploads\/2024\/02\/5-luty.jpg","width":200,"height":133},{"@type":"BreadcrumbList","@id":"https:\/\/scorab.eu\/de\/produkt\/hartes-silber\/#breadcrumb","itemListElement":[{"@type":"ListItem","position":1,"name":"Strona g\u0142\u00f3wna","item":"https:\/\/scorab.eu\/de\/homepage\/"},{"@type":"ListItem","position":2,"name":"Produkte","item":"https:\/\/scorab.eu\/de\/produkte\/"},{"@type":"ListItem","position":3,"name":"Lote Silber hart"}]},{"@type":"WebSite","@id":"https:\/\/scorab.eu\/de\/#website","url":"https:\/\/scorab.eu\/de\/","name":"Scorab.eu","description":"Produkcja oraz us\u0142ugi w zakresie przetwarzania metali szlachetnych i ich stop&oacute;w.","publisher":{"@id":"https:\/\/scorab.eu\/de\/#organization"},"potentialAction":[{"@type":"SearchAction","target":{"@type":"EntryPoint","urlTemplate":"https:\/\/scorab.eu\/de\/?s={search_term_string}"},"query-input":{"@type":"PropertyValueSpecification","valueRequired":true,"valueName":"search_term_string"}}],"inLanguage":"de"},{"@type":"Organization","@id":"https:\/\/scorab.eu\/de\/#organization","name":"Scorab.eu","url":"https:\/\/scorab.eu\/de\/","logo":{"@type":"ImageObject","inLanguage":"de","@id":"https:\/\/scorab.eu\/de\/#\/schema\/logo\/image\/","url":"https:\/\/scorab.eu\/wp-content\/uploads\/2024\/02\/obraz_2024-02-15_193251345.png","contentUrl":"https:\/\/scorab.eu\/wp-content\/uploads\/2024\/02\/obraz_2024-02-15_193251345.png","width":506,"height":150,"caption":"Scorab.eu"},"image":{"@id":"https:\/\/scorab.eu\/de\/#\/schema\/logo\/image\/"}}]}},"_links":{"self":[{"href":"https:\/\/scorab.eu\/de\/wp-json\/wp\/v2\/product\/1363","targetHints":{"allow":["GET"]}}],"collection":[{"href":"https:\/\/scorab.eu\/de\/wp-json\/wp\/v2\/product"}],"about":[{"href":"https:\/\/scorab.eu\/de\/wp-json\/wp\/v2\/types\/product"}],"replies":[{"embeddable":true,"href":"https:\/\/scorab.eu\/de\/wp-json\/wp\/v2\/comments?post=1363"}],"version-history":[{"count":2,"href":"https:\/\/scorab.eu\/de\/wp-json\/wp\/v2\/product\/1363\/revisions"}],"predecessor-version":[{"id":1755,"href":"https:\/\/scorab.eu\/de\/wp-json\/wp\/v2\/product\/1363\/revisions\/1755"}],"wp:featuredmedia":[{"embeddable":true,"href":"https:\/\/scorab.eu\/de\/wp-json\/wp\/v2\/media\/1111"}],"wp:attachment":[{"href":"https:\/\/scorab.eu\/de\/wp-json\/wp\/v2\/media?parent=1363"}],"wp:term":[{"taxonomy":"product_cat","embeddable":true,"href":"https:\/\/scorab.eu\/de\/wp-json\/wp\/v2\/product_cat?post=1363"},{"taxonomy":"product_tag","embeddable":true,"href":"https:\/\/scorab.eu\/de\/wp-json\/wp\/v2\/product_tag?post=1363"}],"curies":[{"name":"wp","href":"https:\/\/api.w.org\/{rel}","templated":true}]}}