{"id":1165,"date":"2024-02-13T18:25:01","date_gmt":"2024-02-13T18:25:01","guid":{"rendered":"https:\/\/scorab.eu\/entreprise\/"},"modified":"2025-03-04T17:39:48","modified_gmt":"2025-03-04T17:39:48","slug":"entreprise","status":"publish","type":"page","link":"https:\/\/scorab.eu\/fr\/entreprise\/","title":{"rendered":"Entreprise"},"content":{"rendered":"\t\t<div data-elementor-type=\"wp-page\" data-elementor-id=\"1165\" class=\"elementor elementor-1165 elementor-76\" data-elementor-post-type=\"page\">\n\t\t\t\t<div class=\"elementor-element elementor-element-7c3de7a0 e-flex e-con-boxed e-con e-parent\" data-id=\"7c3de7a0\" data-element_type=\"container\" data-settings=\"{&quot;background_background&quot;:&quot;classic&quot;}\">\n\t\t\t\t\t<div class=\"e-con-inner\">\n\t\t<div class=\"elementor-element elementor-element-25715ac0 e-con-full e-flex e-con e-child\" data-id=\"25715ac0\" data-element_type=\"container\" data-settings=\"{&quot;background_background&quot;:&quot;classic&quot;}\">\n\t\t<div class=\"elementor-element elementor-element-28426449 e-flex e-con-boxed e-con e-child\" data-id=\"28426449\" data-element_type=\"container\" data-settings=\"{&quot;background_background&quot;:&quot;classic&quot;}\">\n\t\t\t\t\t<div class=\"e-con-inner\">\n\t\t\t\t<div class=\"elementor-element elementor-element-27000d2 elementor-widget elementor-widget-heading\" data-id=\"27000d2\" data-element_type=\"widget\" data-widget_type=\"heading.default\">\n\t\t\t\t<div class=\"elementor-widget-container\">\n\t\t\t\t\t<h3 class=\"elementor-heading-title elementor-size-default\">\u00c0 PROPOS DE L'ENTREPRISE<\/h3>\t\t\t\t<\/div>\n\t\t\t\t<\/div>\n\t\t\t\t<div class=\"elementor-element elementor-element-4cddd75 elementor-widget elementor-widget-text-editor\" data-id=\"4cddd75\" data-element_type=\"widget\" data-widget_type=\"text-editor.default\">\n\t\t\t\t<div class=\"elementor-widget-container\">\n\t\t\t\t\t\t\t\t\t<p>SCORAB op\u00e8re avec succ\u00e8s sur le march\u00e9 des m\u00e9taux pr\u00e9cieux depuis 1992.<\/p><p>Notre longue exp\u00e9rience et les technologies de pointe utilis\u00e9es dans la production permettent \u00e0 nos produits d&rsquo;\u00eatre utilis\u00e9s dans de nombreux domaines, tels que les ateliers de bijouterie, les usines utilisant les technologies de galvanoplastie dans le processus d&rsquo;argenture, l&rsquo;industrie de l&rsquo;\u00e9nergie et l&rsquo;\u00e9lectronique.<\/p><p>Lors du traitement des commandes, nous nous soucions avant tout de la qualit\u00e9 de nos produits et garantissons la fiabilit\u00e9 et l&rsquo;exactitude. Nous adoptons une approche individuelle pour chaque client, en nous effor\u00e7ant d&rsquo;adapter notre offre aux besoins de nos partenaires sur la base de nos connaissances et de notre exp\u00e9rience.<\/p>\t\t\t\t\t\t\t\t<\/div>\n\t\t\t\t<\/div>\n\t\t\t\t\t<\/div>\n\t\t\t\t<\/div>\n\t\t\t\t<\/div>\n\t\t\t\t\t<\/div>\n\t\t\t\t<\/div>\n\t\t\t\t<\/div>\n\t\t","protected":false},"excerpt":{"rendered":"<p>\u00c0 PROPOS DE L&rsquo;ENTREPRISE SCORAB op\u00e8re avec succ\u00e8s sur le march\u00e9 des m\u00e9taux pr\u00e9cieux depuis 1992. Notre longue exp\u00e9rience et les technologies de pointe utilis\u00e9es dans la production permettent \u00e0 nos produits d&rsquo;\u00eatre utilis\u00e9s dans de nombreux domaines, tels que les ateliers de bijouterie, les usines utilisant les technologies de galvanoplastie dans le processus d&rsquo;argenture, [&hellip;]<\/p>\n","protected":false},"author":1,"featured_media":0,"parent":0,"menu_order":0,"comment_status":"closed","ping_status":"closed","template":"elementor_header_footer","meta":{"footnotes":""},"class_list":["post-1165","page","type-page","status-publish","hentry"],"yoast_head":"<!-- This site is optimized with the Yoast SEO plugin v24.6 - https:\/\/yoast.com\/wordpress\/plugins\/seo\/ -->\n<title>Entreprise - Scorab.eu<\/title>\n<meta name=\"robots\" content=\"index, follow, max-snippet:-1, max-image-preview:large, max-video-preview:-1\" \/>\n<link rel=\"canonical\" href=\"https:\/\/scorab.eu\/fr\/entreprise\/\" \/>\n<meta property=\"og:locale\" content=\"fr_FR\" \/>\n<meta property=\"og:type\" content=\"article\" \/>\n<meta property=\"og:title\" content=\"Entreprise - Scorab.eu\" \/>\n<meta property=\"og:description\" content=\"\u00c0 PROPOS DE L&rsquo;ENTREPRISE SCORAB op\u00e8re avec succ\u00e8s sur le march\u00e9 des m\u00e9taux pr\u00e9cieux depuis 1992. Notre longue exp\u00e9rience et les technologies de pointe utilis\u00e9es dans la production permettent \u00e0 nos produits d&rsquo;\u00eatre utilis\u00e9s dans de nombreux domaines, tels que les ateliers de bijouterie, les usines utilisant les technologies de galvanoplastie dans le processus d&rsquo;argenture, [&hellip;]\" \/>\n<meta property=\"og:url\" content=\"https:\/\/scorab.eu\/fr\/entreprise\/\" \/>\n<meta property=\"og:site_name\" content=\"Scorab.eu\" \/>\n<meta property=\"article:modified_time\" content=\"2025-03-04T17:39:48+00:00\" \/>\n<meta name=\"twitter:card\" content=\"summary_large_image\" \/>\n<meta name=\"twitter:label1\" content=\"Dur\u00e9e de lecture estim\u00e9e\" \/>\n\t<meta name=\"twitter:data1\" content=\"1 minute\" \/>\n<script type=\"application\/ld+json\" class=\"yoast-schema-graph\">{\"@context\":\"https:\/\/schema.org\",\"@graph\":[{\"@type\":\"WebPage\",\"@id\":\"https:\/\/scorab.eu\/fr\/entreprise\/\",\"url\":\"https:\/\/scorab.eu\/fr\/entreprise\/\",\"name\":\"Entreprise - Scorab.eu\",\"isPartOf\":{\"@id\":\"https:\/\/scorab.eu\/fr\/#website\"},\"datePublished\":\"2024-02-13T18:25:01+00:00\",\"dateModified\":\"2025-03-04T17:39:48+00:00\",\"breadcrumb\":{\"@id\":\"https:\/\/scorab.eu\/fr\/entreprise\/#breadcrumb\"},\"inLanguage\":\"fr-FR\",\"potentialAction\":[{\"@type\":\"ReadAction\",\"target\":[\"https:\/\/scorab.eu\/fr\/entreprise\/\"]}]},{\"@type\":\"BreadcrumbList\",\"@id\":\"https:\/\/scorab.eu\/fr\/entreprise\/#breadcrumb\",\"itemListElement\":[{\"@type\":\"ListItem\",\"position\":1,\"name\":\"Strona g\u0142\u00f3wna\",\"item\":\"https:\/\/scorab.eu\/fr\/page-daccueil\/\"},{\"@type\":\"ListItem\",\"position\":2,\"name\":\"Entreprise\"}]},{\"@type\":\"WebSite\",\"@id\":\"https:\/\/scorab.eu\/fr\/#website\",\"url\":\"https:\/\/scorab.eu\/fr\/\",\"name\":\"Scorab.eu\",\"description\":\"Produkcja oraz us\u0142ugi w zakresie przetwarzania metali szlachetnych i ich stop&oacute;w.\",\"publisher\":{\"@id\":\"https:\/\/scorab.eu\/fr\/#organization\"},\"potentialAction\":[{\"@type\":\"SearchAction\",\"target\":{\"@type\":\"EntryPoint\",\"urlTemplate\":\"https:\/\/scorab.eu\/fr\/?s={search_term_string}\"},\"query-input\":{\"@type\":\"PropertyValueSpecification\",\"valueRequired\":true,\"valueName\":\"search_term_string\"}}],\"inLanguage\":\"fr-FR\"},{\"@type\":\"Organization\",\"@id\":\"https:\/\/scorab.eu\/fr\/#organization\",\"name\":\"Scorab.eu\",\"url\":\"https:\/\/scorab.eu\/fr\/\",\"logo\":{\"@type\":\"ImageObject\",\"inLanguage\":\"fr-FR\",\"@id\":\"https:\/\/scorab.eu\/fr\/#\/schema\/logo\/image\/\",\"url\":\"https:\/\/scorab.eu\/wp-content\/uploads\/2024\/02\/obraz_2024-02-15_193251345.png\",\"contentUrl\":\"https:\/\/scorab.eu\/wp-content\/uploads\/2024\/02\/obraz_2024-02-15_193251345.png\",\"width\":506,\"height\":150,\"caption\":\"Scorab.eu\"},\"image\":{\"@id\":\"https:\/\/scorab.eu\/fr\/#\/schema\/logo\/image\/\"}}]}<\/script>\n<!-- \/ Yoast SEO plugin. -->","yoast_head_json":{"title":"Entreprise - Scorab.eu","robots":{"index":"index","follow":"follow","max-snippet":"max-snippet:-1","max-image-preview":"max-image-preview:large","max-video-preview":"max-video-preview:-1"},"canonical":"https:\/\/scorab.eu\/fr\/entreprise\/","og_locale":"fr_FR","og_type":"article","og_title":"Entreprise - Scorab.eu","og_description":"\u00c0 PROPOS DE L&rsquo;ENTREPRISE SCORAB op\u00e8re avec succ\u00e8s sur le march\u00e9 des m\u00e9taux pr\u00e9cieux depuis 1992. Notre longue exp\u00e9rience et les technologies de pointe utilis\u00e9es dans la production permettent \u00e0 nos produits d&rsquo;\u00eatre utilis\u00e9s dans de nombreux domaines, tels que les ateliers de bijouterie, les usines utilisant les technologies de galvanoplastie dans le processus d&rsquo;argenture, [&hellip;]","og_url":"https:\/\/scorab.eu\/fr\/entreprise\/","og_site_name":"Scorab.eu","article_modified_time":"2025-03-04T17:39:48+00:00","twitter_card":"summary_large_image","twitter_misc":{"Dur\u00e9e de lecture estim\u00e9e":"1 minute"},"schema":{"@context":"https:\/\/schema.org","@graph":[{"@type":"WebPage","@id":"https:\/\/scorab.eu\/fr\/entreprise\/","url":"https:\/\/scorab.eu\/fr\/entreprise\/","name":"Entreprise - Scorab.eu","isPartOf":{"@id":"https:\/\/scorab.eu\/fr\/#website"},"datePublished":"2024-02-13T18:25:01+00:00","dateModified":"2025-03-04T17:39:48+00:00","breadcrumb":{"@id":"https:\/\/scorab.eu\/fr\/entreprise\/#breadcrumb"},"inLanguage":"fr-FR","potentialAction":[{"@type":"ReadAction","target":["https:\/\/scorab.eu\/fr\/entreprise\/"]}]},{"@type":"BreadcrumbList","@id":"https:\/\/scorab.eu\/fr\/entreprise\/#breadcrumb","itemListElement":[{"@type":"ListItem","position":1,"name":"Strona g\u0142\u00f3wna","item":"https:\/\/scorab.eu\/fr\/page-daccueil\/"},{"@type":"ListItem","position":2,"name":"Entreprise"}]},{"@type":"WebSite","@id":"https:\/\/scorab.eu\/fr\/#website","url":"https:\/\/scorab.eu\/fr\/","name":"Scorab.eu","description":"Produkcja oraz us\u0142ugi w zakresie przetwarzania metali szlachetnych i ich stop&oacute;w.","publisher":{"@id":"https:\/\/scorab.eu\/fr\/#organization"},"potentialAction":[{"@type":"SearchAction","target":{"@type":"EntryPoint","urlTemplate":"https:\/\/scorab.eu\/fr\/?s={search_term_string}"},"query-input":{"@type":"PropertyValueSpecification","valueRequired":true,"valueName":"search_term_string"}}],"inLanguage":"fr-FR"},{"@type":"Organization","@id":"https:\/\/scorab.eu\/fr\/#organization","name":"Scorab.eu","url":"https:\/\/scorab.eu\/fr\/","logo":{"@type":"ImageObject","inLanguage":"fr-FR","@id":"https:\/\/scorab.eu\/fr\/#\/schema\/logo\/image\/","url":"https:\/\/scorab.eu\/wp-content\/uploads\/2024\/02\/obraz_2024-02-15_193251345.png","contentUrl":"https:\/\/scorab.eu\/wp-content\/uploads\/2024\/02\/obraz_2024-02-15_193251345.png","width":506,"height":150,"caption":"Scorab.eu"},"image":{"@id":"https:\/\/scorab.eu\/fr\/#\/schema\/logo\/image\/"}}]}},"_links":{"self":[{"href":"https:\/\/scorab.eu\/fr\/wp-json\/wp\/v2\/pages\/1165","targetHints":{"allow":["GET"]}}],"collection":[{"href":"https:\/\/scorab.eu\/fr\/wp-json\/wp\/v2\/pages"}],"about":[{"href":"https:\/\/scorab.eu\/fr\/wp-json\/wp\/v2\/types\/page"}],"author":[{"embeddable":true,"href":"https:\/\/scorab.eu\/fr\/wp-json\/wp\/v2\/users\/1"}],"replies":[{"embeddable":true,"href":"https:\/\/scorab.eu\/fr\/wp-json\/wp\/v2\/comments?post=1165"}],"version-history":[{"count":1,"href":"https:\/\/scorab.eu\/fr\/wp-json\/wp\/v2\/pages\/1165\/revisions"}],"predecessor-version":[{"id":1168,"href":"https:\/\/scorab.eu\/fr\/wp-json\/wp\/v2\/pages\/1165\/revisions\/1168"}],"wp:attachment":[{"href":"https:\/\/scorab.eu\/fr\/wp-json\/wp\/v2\/media?parent=1165"}],"curies":[{"name":"wp","href":"https:\/\/api.w.org\/{rel}","templated":true}]}}