{"id":1169,"date":"2024-02-13T18:24:47","date_gmt":"2024-02-13T18:24:47","guid":{"rendered":"https:\/\/scorab.eu\/page-daccueil\/"},"modified":"2025-03-04T19:10:13","modified_gmt":"2025-03-04T19:10:13","slug":"page-daccueil","status":"publish","type":"page","link":"https:\/\/scorab.eu\/fr\/","title":{"rendered":"Page d&rsquo;accueil"},"content":{"rendered":"\t\t<div data-elementor-type=\"wp-page\" data-elementor-id=\"1169\" class=\"elementor elementor-1169 elementor-59\" data-elementor-post-type=\"page\">\n\t\t\t\t<div class=\"elementor-element elementor-element-25e4a2c1 e-con-full e-flex e-con e-parent\" data-id=\"25e4a2c1\" data-element_type=\"container\">\n\t\t\t\t<div class=\"elementor-element elementor-element-38ba2ce elementor-widget elementor-widget-spacer\" data-id=\"38ba2ce\" data-element_type=\"widget\" data-widget_type=\"spacer.default\">\n\t\t\t\t<div class=\"elementor-widget-container\">\n\t\t\t\t\t\t\t<div class=\"elementor-spacer\">\n\t\t\t<div class=\"elementor-spacer-inner\"><\/div>\n\t\t<\/div>\n\t\t\t\t\t\t<\/div>\n\t\t\t\t<\/div>\n\t\t<div class=\"elementor-element elementor-element-4dfead9c e-con-full e-flex e-con e-child\" data-id=\"4dfead9c\" data-element_type=\"container\" data-settings=\"{&quot;background_background&quot;:&quot;gradient&quot;}\">\n\t\t\t\t<div class=\"elementor-element elementor-element-29fbe3b elementor-widget__width-initial elementor-widget elementor-widget-heading\" data-id=\"29fbe3b\" data-element_type=\"widget\" data-widget_type=\"heading.default\">\n\t\t\t\t<div class=\"elementor-widget-container\">\n\t\t\t\t\t<h1 class=\"elementor-heading-title elementor-size-default\"><b>SCORAB est une marque de qualit\u00e9 et de fiabilit\u00e9 dans le domaine du traitement des m\u00e9taux pr\u00e9cieux.<\/b><\/h1>\t\t\t\t<\/div>\n\t\t\t\t<\/div>\n\t\t<div class=\"elementor-element elementor-element-f6dab01 e-con-full e-flex e-con e-child\" data-id=\"f6dab01\" data-element_type=\"container\" data-settings=\"{&quot;background_background&quot;:&quot;classic&quot;}\">\n\t\t\t\t<div class=\"elementor-element elementor-element-e3a813e elementor-cta--skin-cover elementor-widget__width-initial elementor-cta--valign-middle elementor-widget elementor-widget-call-to-action\" data-id=\"e3a813e\" data-element_type=\"widget\" data-widget_type=\"call-to-action.default\">\n\t\t\t\t<div class=\"elementor-widget-container\">\n\t\t\t\t\t\t\t<div class=\"elementor-cta\">\n\t\t\t\t\t<div class=\"elementor-cta__bg-wrapper\">\n\t\t\t\t<div class=\"elementor-cta__bg elementor-bg\" style=\"background-image: url(https:\/\/scorab.eu\/wp-content\/uploads\/2024\/05\/33.jpg);\" role=\"img\" aria-label=\"33\"><\/div>\n\t\t\t\t<div class=\"elementor-cta__bg-overlay\"><\/div>\n\t\t\t<\/div>\n\t\t\t\t\t\t\t<div class=\"elementor-cta__content\">\n\t\t\t\t\n\t\t\t\t\t\t\t\t\t<h2 class=\"elementor-cta__title elementor-cta__content-item elementor-content-item\">\n\t\t\t\t\t\tPRODUITS\t\t\t\t\t<\/h2>\n\t\t\t\t\n\t\t\t\t\t\t\t\t\t<div class=\"elementor-cta__description elementor-cta__content-item elementor-content-item\">\n\t\t\t\t\t\t<b>Fils, barres, bandes et feuilles - tubes, soudures et anodes.<br><\/b>  \nD\u00e9couvrez les produits dont votre entreprise a besoin.\t\t\t\t\t<\/div>\n\t\t\t\t\n\t\t\t\t\t\t\t\t\t<div class=\"elementor-cta__button-wrapper elementor-cta__content-item elementor-content-item \">\n\t\t\t\t\t<a class=\"elementor-cta__button elementor-button elementor-size-md\" href=\"https:\/\/scorab.eu\/produkty\/\">\n\t\t\t\t\t\tEN SAVOIR PLUS\t\t\t\t\t<\/a>\n\t\t\t\t\t<\/div>\n\t\t\t\t\t\t\t<\/div>\n\t\t\t\t\t\t<\/div>\n\t\t\t\t\t\t<\/div>\n\t\t\t\t<\/div>\n\t\t\t\t<div class=\"elementor-element elementor-element-c404f88 elementor-widget elementor-widget-spacer\" data-id=\"c404f88\" data-element_type=\"widget\" data-widget_type=\"spacer.default\">\n\t\t\t\t<div class=\"elementor-widget-container\">\n\t\t\t\t\t\t\t<div class=\"elementor-spacer\">\n\t\t\t<div class=\"elementor-spacer-inner\"><\/div>\n\t\t<\/div>\n\t\t\t\t\t\t<\/div>\n\t\t\t\t<\/div>\n\t\t\t\t<div class=\"elementor-element elementor-element-c51040e elementor-cta--skin-cover elementor-widget__width-initial elementor-cta--valign-middle elementor-widget elementor-widget-call-to-action\" data-id=\"c51040e\" data-element_type=\"widget\" data-widget_type=\"call-to-action.default\">\n\t\t\t\t<div class=\"elementor-widget-container\">\n\t\t\t\t\t\t\t<div class=\"elementor-cta\">\n\t\t\t\t\t<div class=\"elementor-cta__bg-wrapper\">\n\t\t\t\t<div class=\"elementor-cta__bg elementor-bg\" style=\"background-image: url(https:\/\/scorab.eu\/wp-content\/uploads\/2024\/05\/8-scaled.jpg);\" role=\"img\" aria-label=\"8\"><\/div>\n\t\t\t\t<div class=\"elementor-cta__bg-overlay\"><\/div>\n\t\t\t<\/div>\n\t\t\t\t\t\t\t<div class=\"elementor-cta__content\">\n\t\t\t\t\n\t\t\t\t\t\t\t\t\t<h2 class=\"elementor-cta__title elementor-cta__content-item elementor-content-item\">\n\t\t\t\t\t\tSERVICES\t\t\t\t\t<\/h2>\n\t\t\t\t\n\t\t\t\t\t\t\t\t\t<div class=\"elementor-cta__description elementor-cta__content-item elementor-content-item\">\n\t\t\t\t\t\t<b>Faites r\u00e9aliser une commande sp\u00e9ciale selon vos sp\u00e9cifications.<\/b>  <br>D\u00e9couvrez nos services.\t\t\t\t\t<\/div>\n\t\t\t\t\n\t\t\t\t\t\t\t\t\t<div class=\"elementor-cta__button-wrapper elementor-cta__content-item elementor-content-item \">\n\t\t\t\t\t<a class=\"elementor-cta__button elementor-button elementor-size-md\" href=\"https:\/\/scorab.eu\/fr\/services\/\">\n\t\t\t\t\t\tEN SAVOIR PLUS\t\t\t\t\t<\/a>\n\t\t\t\t\t<\/div>\n\t\t\t\t\t\t\t<\/div>\n\t\t\t\t\t\t<\/div>\n\t\t\t\t\t\t<\/div>\n\t\t\t\t<\/div>\n\t\t\t\t<div class=\"elementor-element elementor-element-c3b7bf2 elementor-widget elementor-widget-spacer\" data-id=\"c3b7bf2\" data-element_type=\"widget\" data-widget_type=\"spacer.default\">\n\t\t\t\t<div class=\"elementor-widget-container\">\n\t\t\t\t\t\t\t<div class=\"elementor-spacer\">\n\t\t\t<div class=\"elementor-spacer-inner\"><\/div>\n\t\t<\/div>\n\t\t\t\t\t\t<\/div>\n\t\t\t\t<\/div>\n\t\t\t\t<\/div>\n\t\t\t\t<\/div>\n\t\t\t\t<\/div>\n\t\t\t\t<\/div>\n\t\t","protected":false},"excerpt":{"rendered":"<p>SCORAB est une marque de qualit\u00e9 et de fiabilit\u00e9 dans le domaine du traitement des m\u00e9taux pr\u00e9cieux. PRODUITS Fils, barres, bandes et feuilles &#8211; tubes, soudures et anodes. D\u00e9couvrez les produits dont votre entreprise a besoin. EN SAVOIR PLUS SERVICES Faites r\u00e9aliser une commande sp\u00e9ciale selon vos sp\u00e9cifications. D\u00e9couvrez nos services. EN SAVOIR PLUS<\/p>\n","protected":false},"author":1,"featured_media":0,"parent":0,"menu_order":0,"comment_status":"closed","ping_status":"closed","template":"elementor_header_footer","meta":{"footnotes":""},"class_list":["post-1169","page","type-page","status-publish","hentry"],"yoast_head":"<!-- This site is optimized with the Yoast SEO plugin v24.6 - https:\/\/yoast.com\/wordpress\/plugins\/seo\/ -->\n<title>Page d&#039;accueil - Scorab.eu<\/title>\n<meta name=\"robots\" content=\"index, follow, max-snippet:-1, max-image-preview:large, max-video-preview:-1\" \/>\n<link rel=\"canonical\" href=\"https:\/\/scorab.eu\/fr\/\" \/>\n<meta property=\"og:locale\" content=\"fr_FR\" \/>\n<meta property=\"og:type\" content=\"article\" \/>\n<meta property=\"og:title\" content=\"Page d&#039;accueil - Scorab.eu\" \/>\n<meta property=\"og:description\" content=\"SCORAB est une marque de qualit\u00e9 et de fiabilit\u00e9 dans le domaine du traitement des m\u00e9taux pr\u00e9cieux. PRODUITS Fils, barres, bandes et feuilles &#8211; tubes, soudures et anodes. D\u00e9couvrez les produits dont votre entreprise a besoin. EN SAVOIR PLUS SERVICES Faites r\u00e9aliser une commande sp\u00e9ciale selon vos sp\u00e9cifications. D\u00e9couvrez nos services. EN SAVOIR PLUS\" \/>\n<meta property=\"og:url\" content=\"https:\/\/scorab.eu\/fr\/\" \/>\n<meta property=\"og:site_name\" content=\"Scorab.eu\" \/>\n<meta property=\"article:modified_time\" content=\"2025-03-04T19:10:13+00:00\" \/>\n<meta name=\"twitter:card\" content=\"summary_large_image\" \/>\n<script type=\"application\/ld+json\" class=\"yoast-schema-graph\">{\"@context\":\"https:\/\/schema.org\",\"@graph\":[{\"@type\":\"WebPage\",\"@id\":\"https:\/\/scorab.eu\/fr\/\",\"url\":\"https:\/\/scorab.eu\/fr\/\",\"name\":\"Page d'accueil - Scorab.eu\",\"isPartOf\":{\"@id\":\"https:\/\/scorab.eu\/fr\/#website\"},\"datePublished\":\"2024-02-13T18:24:47+00:00\",\"dateModified\":\"2025-03-04T19:10:13+00:00\",\"breadcrumb\":{\"@id\":\"https:\/\/scorab.eu\/fr\/#breadcrumb\"},\"inLanguage\":\"fr-FR\",\"potentialAction\":[{\"@type\":\"ReadAction\",\"target\":[\"https:\/\/scorab.eu\/fr\/\"]}]},{\"@type\":\"BreadcrumbList\",\"@id\":\"https:\/\/scorab.eu\/fr\/#breadcrumb\",\"itemListElement\":[{\"@type\":\"ListItem\",\"position\":1,\"name\":\"Strona g\u0142\u00f3wna\",\"item\":\"https:\/\/scorab.eu\/fr\/page-daccueil\/\"},{\"@type\":\"ListItem\",\"position\":2,\"name\":\"Page d&#8217;accueil\"}]},{\"@type\":\"WebSite\",\"@id\":\"https:\/\/scorab.eu\/fr\/#website\",\"url\":\"https:\/\/scorab.eu\/fr\/\",\"name\":\"Scorab.eu\",\"description\":\"Produkcja oraz us\u0142ugi w zakresie przetwarzania metali szlachetnych i ich stop&oacute;w.\",\"publisher\":{\"@id\":\"https:\/\/scorab.eu\/fr\/#organization\"},\"potentialAction\":[{\"@type\":\"SearchAction\",\"target\":{\"@type\":\"EntryPoint\",\"urlTemplate\":\"https:\/\/scorab.eu\/fr\/?s={search_term_string}\"},\"query-input\":{\"@type\":\"PropertyValueSpecification\",\"valueRequired\":true,\"valueName\":\"search_term_string\"}}],\"inLanguage\":\"fr-FR\"},{\"@type\":\"Organization\",\"@id\":\"https:\/\/scorab.eu\/fr\/#organization\",\"name\":\"Scorab.eu\",\"url\":\"https:\/\/scorab.eu\/fr\/\",\"logo\":{\"@type\":\"ImageObject\",\"inLanguage\":\"fr-FR\",\"@id\":\"https:\/\/scorab.eu\/fr\/#\/schema\/logo\/image\/\",\"url\":\"https:\/\/scorab.eu\/wp-content\/uploads\/2024\/02\/obraz_2024-02-15_193251345.png\",\"contentUrl\":\"https:\/\/scorab.eu\/wp-content\/uploads\/2024\/02\/obraz_2024-02-15_193251345.png\",\"width\":506,\"height\":150,\"caption\":\"Scorab.eu\"},\"image\":{\"@id\":\"https:\/\/scorab.eu\/fr\/#\/schema\/logo\/image\/\"}}]}<\/script>\n<!-- \/ Yoast SEO plugin. -->","yoast_head_json":{"title":"Page d'accueil - Scorab.eu","robots":{"index":"index","follow":"follow","max-snippet":"max-snippet:-1","max-image-preview":"max-image-preview:large","max-video-preview":"max-video-preview:-1"},"canonical":"https:\/\/scorab.eu\/fr\/","og_locale":"fr_FR","og_type":"article","og_title":"Page d'accueil - Scorab.eu","og_description":"SCORAB est une marque de qualit\u00e9 et de fiabilit\u00e9 dans le domaine du traitement des m\u00e9taux pr\u00e9cieux. PRODUITS Fils, barres, bandes et feuilles &#8211; tubes, soudures et anodes. D\u00e9couvrez les produits dont votre entreprise a besoin. EN SAVOIR PLUS SERVICES Faites r\u00e9aliser une commande sp\u00e9ciale selon vos sp\u00e9cifications. D\u00e9couvrez nos services. EN SAVOIR PLUS","og_url":"https:\/\/scorab.eu\/fr\/","og_site_name":"Scorab.eu","article_modified_time":"2025-03-04T19:10:13+00:00","twitter_card":"summary_large_image","schema":{"@context":"https:\/\/schema.org","@graph":[{"@type":"WebPage","@id":"https:\/\/scorab.eu\/fr\/","url":"https:\/\/scorab.eu\/fr\/","name":"Page d'accueil - Scorab.eu","isPartOf":{"@id":"https:\/\/scorab.eu\/fr\/#website"},"datePublished":"2024-02-13T18:24:47+00:00","dateModified":"2025-03-04T19:10:13+00:00","breadcrumb":{"@id":"https:\/\/scorab.eu\/fr\/#breadcrumb"},"inLanguage":"fr-FR","potentialAction":[{"@type":"ReadAction","target":["https:\/\/scorab.eu\/fr\/"]}]},{"@type":"BreadcrumbList","@id":"https:\/\/scorab.eu\/fr\/#breadcrumb","itemListElement":[{"@type":"ListItem","position":1,"name":"Strona g\u0142\u00f3wna","item":"https:\/\/scorab.eu\/fr\/page-daccueil\/"},{"@type":"ListItem","position":2,"name":"Page d&#8217;accueil"}]},{"@type":"WebSite","@id":"https:\/\/scorab.eu\/fr\/#website","url":"https:\/\/scorab.eu\/fr\/","name":"Scorab.eu","description":"Produkcja oraz us\u0142ugi w zakresie przetwarzania metali szlachetnych i ich stop&oacute;w.","publisher":{"@id":"https:\/\/scorab.eu\/fr\/#organization"},"potentialAction":[{"@type":"SearchAction","target":{"@type":"EntryPoint","urlTemplate":"https:\/\/scorab.eu\/fr\/?s={search_term_string}"},"query-input":{"@type":"PropertyValueSpecification","valueRequired":true,"valueName":"search_term_string"}}],"inLanguage":"fr-FR"},{"@type":"Organization","@id":"https:\/\/scorab.eu\/fr\/#organization","name":"Scorab.eu","url":"https:\/\/scorab.eu\/fr\/","logo":{"@type":"ImageObject","inLanguage":"fr-FR","@id":"https:\/\/scorab.eu\/fr\/#\/schema\/logo\/image\/","url":"https:\/\/scorab.eu\/wp-content\/uploads\/2024\/02\/obraz_2024-02-15_193251345.png","contentUrl":"https:\/\/scorab.eu\/wp-content\/uploads\/2024\/02\/obraz_2024-02-15_193251345.png","width":506,"height":150,"caption":"Scorab.eu"},"image":{"@id":"https:\/\/scorab.eu\/fr\/#\/schema\/logo\/image\/"}}]}},"_links":{"self":[{"href":"https:\/\/scorab.eu\/fr\/wp-json\/wp\/v2\/pages\/1169","targetHints":{"allow":["GET"]}}],"collection":[{"href":"https:\/\/scorab.eu\/fr\/wp-json\/wp\/v2\/pages"}],"about":[{"href":"https:\/\/scorab.eu\/fr\/wp-json\/wp\/v2\/types\/page"}],"author":[{"embeddable":true,"href":"https:\/\/scorab.eu\/fr\/wp-json\/wp\/v2\/users\/1"}],"replies":[{"embeddable":true,"href":"https:\/\/scorab.eu\/fr\/wp-json\/wp\/v2\/comments?post=1169"}],"version-history":[{"count":5,"href":"https:\/\/scorab.eu\/fr\/wp-json\/wp\/v2\/pages\/1169\/revisions"}],"predecessor-version":[{"id":1495,"href":"https:\/\/scorab.eu\/fr\/wp-json\/wp\/v2\/pages\/1169\/revisions\/1495"}],"wp:attachment":[{"href":"https:\/\/scorab.eu\/fr\/wp-json\/wp\/v2\/media?parent=1169"}],"curies":[{"name":"wp","href":"https:\/\/api.w.org\/{rel}","templated":true}]}}