{"id":1320,"date":"2024-05-10T21:59:56","date_gmt":"2024-05-10T21:59:56","guid":{"rendered":"https:\/\/scorab.eu\/produkt\/batons\/"},"modified":"2025-05-12T12:12:47","modified_gmt":"2025-05-12T12:12:47","slug":"batons","status":"publish","type":"product","link":"https:\/\/scorab.eu\/fr\/produkt\/batons\/","title":{"rendered":"B\u00e2tons"},"content":{"rendered":"<p>Pi\u00e8ces de fermoir de boucle d&rsquo;oreille en argent ou en laiton. Avec la barre, ils forment un fermoir complet. Les broches en argent sont poin\u00e7onn\u00e9es 925.  <\/p>\n<p>Diverses longueurs et diam\u00e8tres en options \u00e0 une ou deux encoches.<\/p>\n","protected":false},"excerpt":{"rendered":"<p>Pi\u00e8ces de fermoir de boucle d&rsquo;oreille en argent ou en laiton. Avec la barre, ils forment un fermoir complet. Les broches en argent sont poin\u00e7onn\u00e9es 925. Diverses longueurs et diam\u00e8tres en options \u00e0 une ou deux encoches.<\/p>\n","protected":false},"featured_media":1859,"comment_status":"open","ping_status":"closed","template":"","meta":[],"product_cat":[88],"product_tag":[],"class_list":{"0":"post-1320","1":"product","2":"type-product","3":"status-publish","4":"has-post-thumbnail","6":"product_cat-batons","8":"first","9":"instock","10":"shipping-taxable","11":"product-type-simple"},"yoast_head":"<!-- This site is optimized with the Yoast SEO plugin v24.6 - https:\/\/yoast.com\/wordpress\/plugins\/seo\/ -->\n<title>B\u00e2tons - Scorab.eu<\/title>\n<meta name=\"robots\" content=\"index, follow, max-snippet:-1, max-image-preview:large, max-video-preview:-1\" \/>\n<link rel=\"canonical\" href=\"https:\/\/scorab.eu\/fr\/produkt\/batons\/\" \/>\n<meta property=\"og:locale\" content=\"fr_FR\" \/>\n<meta property=\"og:type\" content=\"article\" \/>\n<meta property=\"og:title\" content=\"B\u00e2tons - Scorab.eu\" \/>\n<meta property=\"og:description\" content=\"Pi\u00e8ces de fermoir de boucle d&rsquo;oreille en argent ou en laiton. Avec la barre, ils forment un fermoir complet. Les broches en argent sont poin\u00e7onn\u00e9es 925. Diverses longueurs et diam\u00e8tres en options \u00e0 une ou deux encoches.\" \/>\n<meta property=\"og:url\" content=\"https:\/\/scorab.eu\/fr\/produkt\/batons\/\" \/>\n<meta property=\"og:site_name\" content=\"Scorab.eu\" \/>\n<meta property=\"article:modified_time\" content=\"2025-05-12T12:12:47+00:00\" \/>\n<meta property=\"og:image\" content=\"https:\/\/scorab.eu\/wp-content\/uploads\/2024\/05\/sztyft-side-1k-4k-scaled.jpg\" \/>\n\t<meta property=\"og:image:width\" content=\"2560\" \/>\n\t<meta property=\"og:image:height\" content=\"1705\" \/>\n\t<meta property=\"og:image:type\" content=\"image\/jpeg\" \/>\n<meta name=\"twitter:card\" content=\"summary_large_image\" \/>\n<script type=\"application\/ld+json\" class=\"yoast-schema-graph\">{\"@context\":\"https:\/\/schema.org\",\"@graph\":[{\"@type\":\"WebPage\",\"@id\":\"https:\/\/scorab.eu\/fr\/produkt\/batons\/\",\"url\":\"https:\/\/scorab.eu\/fr\/produkt\/batons\/\",\"name\":\"B\u00e2tons - Scorab.eu\",\"isPartOf\":{\"@id\":\"https:\/\/scorab.eu\/fr\/#website\"},\"primaryImageOfPage\":{\"@id\":\"https:\/\/scorab.eu\/fr\/produkt\/batons\/#primaryimage\"},\"image\":{\"@id\":\"https:\/\/scorab.eu\/fr\/produkt\/batons\/#primaryimage\"},\"thumbnailUrl\":\"https:\/\/scorab.eu\/wp-content\/uploads\/2024\/05\/sztyft-side-1k-4k-scaled.jpg\",\"datePublished\":\"2024-05-10T21:59:56+00:00\",\"dateModified\":\"2025-05-12T12:12:47+00:00\",\"breadcrumb\":{\"@id\":\"https:\/\/scorab.eu\/fr\/produkt\/batons\/#breadcrumb\"},\"inLanguage\":\"fr-FR\",\"potentialAction\":[{\"@type\":\"ReadAction\",\"target\":[\"https:\/\/scorab.eu\/fr\/produkt\/batons\/\"]}]},{\"@type\":\"ImageObject\",\"inLanguage\":\"fr-FR\",\"@id\":\"https:\/\/scorab.eu\/fr\/produkt\/batons\/#primaryimage\",\"url\":\"https:\/\/scorab.eu\/wp-content\/uploads\/2024\/05\/sztyft-side-1k-4k-scaled.jpg\",\"contentUrl\":\"https:\/\/scorab.eu\/wp-content\/uploads\/2024\/05\/sztyft-side-1k-4k-scaled.jpg\",\"width\":2560,\"height\":1705},{\"@type\":\"BreadcrumbList\",\"@id\":\"https:\/\/scorab.eu\/fr\/produkt\/batons\/#breadcrumb\",\"itemListElement\":[{\"@type\":\"ListItem\",\"position\":1,\"name\":\"Strona g\u0142\u00f3wna\",\"item\":\"https:\/\/scorab.eu\/fr\/page-daccueil\/\"},{\"@type\":\"ListItem\",\"position\":2,\"name\":\"Produits\",\"item\":\"https:\/\/scorab.eu\/fr\/produits\/\"},{\"@type\":\"ListItem\",\"position\":3,\"name\":\"B\u00e2tons\"}]},{\"@type\":\"WebSite\",\"@id\":\"https:\/\/scorab.eu\/fr\/#website\",\"url\":\"https:\/\/scorab.eu\/fr\/\",\"name\":\"Scorab.eu\",\"description\":\"Produkcja oraz us\u0142ugi w zakresie przetwarzania metali szlachetnych i ich stop&oacute;w.\",\"publisher\":{\"@id\":\"https:\/\/scorab.eu\/fr\/#organization\"},\"potentialAction\":[{\"@type\":\"SearchAction\",\"target\":{\"@type\":\"EntryPoint\",\"urlTemplate\":\"https:\/\/scorab.eu\/fr\/?s={search_term_string}\"},\"query-input\":{\"@type\":\"PropertyValueSpecification\",\"valueRequired\":true,\"valueName\":\"search_term_string\"}}],\"inLanguage\":\"fr-FR\"},{\"@type\":\"Organization\",\"@id\":\"https:\/\/scorab.eu\/fr\/#organization\",\"name\":\"Scorab.eu\",\"url\":\"https:\/\/scorab.eu\/fr\/\",\"logo\":{\"@type\":\"ImageObject\",\"inLanguage\":\"fr-FR\",\"@id\":\"https:\/\/scorab.eu\/fr\/#\/schema\/logo\/image\/\",\"url\":\"https:\/\/scorab.eu\/wp-content\/uploads\/2024\/02\/obraz_2024-02-15_193251345.png\",\"contentUrl\":\"https:\/\/scorab.eu\/wp-content\/uploads\/2024\/02\/obraz_2024-02-15_193251345.png\",\"width\":506,\"height\":150,\"caption\":\"Scorab.eu\"},\"image\":{\"@id\":\"https:\/\/scorab.eu\/fr\/#\/schema\/logo\/image\/\"}}]}<\/script>\n<!-- \/ Yoast SEO plugin. -->","yoast_head_json":{"title":"B\u00e2tons - Scorab.eu","robots":{"index":"index","follow":"follow","max-snippet":"max-snippet:-1","max-image-preview":"max-image-preview:large","max-video-preview":"max-video-preview:-1"},"canonical":"https:\/\/scorab.eu\/fr\/produkt\/batons\/","og_locale":"fr_FR","og_type":"article","og_title":"B\u00e2tons - Scorab.eu","og_description":"Pi\u00e8ces de fermoir de boucle d&rsquo;oreille en argent ou en laiton. Avec la barre, ils forment un fermoir complet. Les broches en argent sont poin\u00e7onn\u00e9es 925. Diverses longueurs et diam\u00e8tres en options \u00e0 une ou deux encoches.","og_url":"https:\/\/scorab.eu\/fr\/produkt\/batons\/","og_site_name":"Scorab.eu","article_modified_time":"2025-05-12T12:12:47+00:00","og_image":[{"width":2560,"height":1705,"url":"https:\/\/scorab.eu\/wp-content\/uploads\/2024\/05\/sztyft-side-1k-4k-scaled.jpg","type":"image\/jpeg"}],"twitter_card":"summary_large_image","schema":{"@context":"https:\/\/schema.org","@graph":[{"@type":"WebPage","@id":"https:\/\/scorab.eu\/fr\/produkt\/batons\/","url":"https:\/\/scorab.eu\/fr\/produkt\/batons\/","name":"B\u00e2tons - Scorab.eu","isPartOf":{"@id":"https:\/\/scorab.eu\/fr\/#website"},"primaryImageOfPage":{"@id":"https:\/\/scorab.eu\/fr\/produkt\/batons\/#primaryimage"},"image":{"@id":"https:\/\/scorab.eu\/fr\/produkt\/batons\/#primaryimage"},"thumbnailUrl":"https:\/\/scorab.eu\/wp-content\/uploads\/2024\/05\/sztyft-side-1k-4k-scaled.jpg","datePublished":"2024-05-10T21:59:56+00:00","dateModified":"2025-05-12T12:12:47+00:00","breadcrumb":{"@id":"https:\/\/scorab.eu\/fr\/produkt\/batons\/#breadcrumb"},"inLanguage":"fr-FR","potentialAction":[{"@type":"ReadAction","target":["https:\/\/scorab.eu\/fr\/produkt\/batons\/"]}]},{"@type":"ImageObject","inLanguage":"fr-FR","@id":"https:\/\/scorab.eu\/fr\/produkt\/batons\/#primaryimage","url":"https:\/\/scorab.eu\/wp-content\/uploads\/2024\/05\/sztyft-side-1k-4k-scaled.jpg","contentUrl":"https:\/\/scorab.eu\/wp-content\/uploads\/2024\/05\/sztyft-side-1k-4k-scaled.jpg","width":2560,"height":1705},{"@type":"BreadcrumbList","@id":"https:\/\/scorab.eu\/fr\/produkt\/batons\/#breadcrumb","itemListElement":[{"@type":"ListItem","position":1,"name":"Strona g\u0142\u00f3wna","item":"https:\/\/scorab.eu\/fr\/page-daccueil\/"},{"@type":"ListItem","position":2,"name":"Produits","item":"https:\/\/scorab.eu\/fr\/produits\/"},{"@type":"ListItem","position":3,"name":"B\u00e2tons"}]},{"@type":"WebSite","@id":"https:\/\/scorab.eu\/fr\/#website","url":"https:\/\/scorab.eu\/fr\/","name":"Scorab.eu","description":"Produkcja oraz us\u0142ugi w zakresie przetwarzania metali szlachetnych i ich stop&oacute;w.","publisher":{"@id":"https:\/\/scorab.eu\/fr\/#organization"},"potentialAction":[{"@type":"SearchAction","target":{"@type":"EntryPoint","urlTemplate":"https:\/\/scorab.eu\/fr\/?s={search_term_string}"},"query-input":{"@type":"PropertyValueSpecification","valueRequired":true,"valueName":"search_term_string"}}],"inLanguage":"fr-FR"},{"@type":"Organization","@id":"https:\/\/scorab.eu\/fr\/#organization","name":"Scorab.eu","url":"https:\/\/scorab.eu\/fr\/","logo":{"@type":"ImageObject","inLanguage":"fr-FR","@id":"https:\/\/scorab.eu\/fr\/#\/schema\/logo\/image\/","url":"https:\/\/scorab.eu\/wp-content\/uploads\/2024\/02\/obraz_2024-02-15_193251345.png","contentUrl":"https:\/\/scorab.eu\/wp-content\/uploads\/2024\/02\/obraz_2024-02-15_193251345.png","width":506,"height":150,"caption":"Scorab.eu"},"image":{"@id":"https:\/\/scorab.eu\/fr\/#\/schema\/logo\/image\/"}}]}},"_links":{"self":[{"href":"https:\/\/scorab.eu\/fr\/wp-json\/wp\/v2\/product\/1320","targetHints":{"allow":["GET"]}}],"collection":[{"href":"https:\/\/scorab.eu\/fr\/wp-json\/wp\/v2\/product"}],"about":[{"href":"https:\/\/scorab.eu\/fr\/wp-json\/wp\/v2\/types\/product"}],"replies":[{"embeddable":true,"href":"https:\/\/scorab.eu\/fr\/wp-json\/wp\/v2\/comments?post=1320"}],"version-history":[{"count":1,"href":"https:\/\/scorab.eu\/fr\/wp-json\/wp\/v2\/product\/1320\/revisions"}],"predecessor-version":[{"id":1863,"href":"https:\/\/scorab.eu\/fr\/wp-json\/wp\/v2\/product\/1320\/revisions\/1863"}],"wp:featuredmedia":[{"embeddable":true,"href":"https:\/\/scorab.eu\/fr\/wp-json\/wp\/v2\/media\/1859"}],"wp:attachment":[{"href":"https:\/\/scorab.eu\/fr\/wp-json\/wp\/v2\/media?parent=1320"}],"wp:term":[{"taxonomy":"product_cat","embeddable":true,"href":"https:\/\/scorab.eu\/fr\/wp-json\/wp\/v2\/product_cat?post=1320"},{"taxonomy":"product_tag","embeddable":true,"href":"https:\/\/scorab.eu\/fr\/wp-json\/wp\/v2\/product_tag?post=1320"}],"curies":[{"name":"wp","href":"https:\/\/api.w.org\/{rel}","templated":true}]}}