{"id":1327,"date":"2024-05-10T21:54:39","date_gmt":"2024-05-10T21:54:39","guid":{"rendered":"https:\/\/scorab.eu\/produkt\/roulettes-tressees-ressorts\/"},"modified":"2025-05-12T12:02:03","modified_gmt":"2025-05-12T12:02:03","slug":"roulettes-tressees-ressorts","status":"publish","type":"product","link":"https:\/\/scorab.eu\/fr\/produkt\/roulettes-tressees-ressorts\/","title":{"rendered":"Roulettes tress\u00e9es (ressorts)"},"content":{"rendered":"<p>\u00c9l\u00e9ments ronds tress\u00e9s en forme de ressort comprim\u00e9, en argent ou en laiton.<\/p>\n<p>Duret\u00e9 et ductilit\u00e9 choisies pour limiter les d\u00e9formations m\u00e9caniques lors de l&rsquo;assemblage.<\/p>\n","protected":false},"excerpt":{"rendered":"<p>\u00c9l\u00e9ments ronds tress\u00e9s en forme de ressort comprim\u00e9, en argent ou en laiton. Duret\u00e9 et ductilit\u00e9 choisies pour limiter les d\u00e9formations m\u00e9caniques lors de l&rsquo;assemblage.<\/p>\n","protected":false},"featured_media":1805,"comment_status":"open","ping_status":"closed","template":"","meta":[],"product_cat":[96],"product_tag":[],"class_list":{"0":"post-1327","1":"product","2":"type-product","3":"status-publish","4":"has-post-thumbnail","6":"product_cat-roues","8":"first","9":"instock","10":"shipping-taxable","11":"product-type-simple"},"yoast_head":"<!-- This site is optimized with the Yoast SEO plugin v24.6 - https:\/\/yoast.com\/wordpress\/plugins\/seo\/ -->\n<title>Roulettes tress\u00e9es (ressorts) - Scorab.eu<\/title>\n<meta name=\"robots\" content=\"index, follow, max-snippet:-1, max-image-preview:large, max-video-preview:-1\" \/>\n<link rel=\"canonical\" href=\"https:\/\/scorab.eu\/fr\/produkt\/roulettes-tressees-ressorts\/\" \/>\n<meta property=\"og:locale\" content=\"fr_FR\" \/>\n<meta property=\"og:type\" content=\"article\" \/>\n<meta property=\"og:title\" content=\"Roulettes tress\u00e9es (ressorts) - Scorab.eu\" \/>\n<meta property=\"og:description\" content=\"\u00c9l\u00e9ments ronds tress\u00e9s en forme de ressort comprim\u00e9, en argent ou en laiton. Duret\u00e9 et ductilit\u00e9 choisies pour limiter les d\u00e9formations m\u00e9caniques lors de l&rsquo;assemblage.\" \/>\n<meta property=\"og:url\" content=\"https:\/\/scorab.eu\/fr\/produkt\/roulettes-tressees-ressorts\/\" \/>\n<meta property=\"og:site_name\" content=\"Scorab.eu\" \/>\n<meta property=\"article:modified_time\" content=\"2025-05-12T12:02:03+00:00\" \/>\n<meta property=\"og:image\" content=\"https:\/\/scorab.eu\/wp-content\/uploads\/2024\/05\/splecione-side-4k-scaled.jpg\" \/>\n\t<meta property=\"og:image:width\" content=\"2560\" \/>\n\t<meta property=\"og:image:height\" content=\"1707\" \/>\n\t<meta property=\"og:image:type\" content=\"image\/jpeg\" \/>\n<meta name=\"twitter:card\" content=\"summary_large_image\" \/>\n<script type=\"application\/ld+json\" class=\"yoast-schema-graph\">{\"@context\":\"https:\/\/schema.org\",\"@graph\":[{\"@type\":\"WebPage\",\"@id\":\"https:\/\/scorab.eu\/fr\/produkt\/roulettes-tressees-ressorts\/\",\"url\":\"https:\/\/scorab.eu\/fr\/produkt\/roulettes-tressees-ressorts\/\",\"name\":\"Roulettes tress\u00e9es (ressorts) - Scorab.eu\",\"isPartOf\":{\"@id\":\"https:\/\/scorab.eu\/fr\/#website\"},\"primaryImageOfPage\":{\"@id\":\"https:\/\/scorab.eu\/fr\/produkt\/roulettes-tressees-ressorts\/#primaryimage\"},\"image\":{\"@id\":\"https:\/\/scorab.eu\/fr\/produkt\/roulettes-tressees-ressorts\/#primaryimage\"},\"thumbnailUrl\":\"https:\/\/scorab.eu\/wp-content\/uploads\/2024\/05\/splecione-side-4k-scaled.jpg\",\"datePublished\":\"2024-05-10T21:54:39+00:00\",\"dateModified\":\"2025-05-12T12:02:03+00:00\",\"breadcrumb\":{\"@id\":\"https:\/\/scorab.eu\/fr\/produkt\/roulettes-tressees-ressorts\/#breadcrumb\"},\"inLanguage\":\"fr-FR\",\"potentialAction\":[{\"@type\":\"ReadAction\",\"target\":[\"https:\/\/scorab.eu\/fr\/produkt\/roulettes-tressees-ressorts\/\"]}]},{\"@type\":\"ImageObject\",\"inLanguage\":\"fr-FR\",\"@id\":\"https:\/\/scorab.eu\/fr\/produkt\/roulettes-tressees-ressorts\/#primaryimage\",\"url\":\"https:\/\/scorab.eu\/wp-content\/uploads\/2024\/05\/splecione-side-4k-scaled.jpg\",\"contentUrl\":\"https:\/\/scorab.eu\/wp-content\/uploads\/2024\/05\/splecione-side-4k-scaled.jpg\",\"width\":2560,\"height\":1707},{\"@type\":\"BreadcrumbList\",\"@id\":\"https:\/\/scorab.eu\/fr\/produkt\/roulettes-tressees-ressorts\/#breadcrumb\",\"itemListElement\":[{\"@type\":\"ListItem\",\"position\":1,\"name\":\"Strona g\u0142\u00f3wna\",\"item\":\"https:\/\/scorab.eu\/fr\/page-daccueil\/\"},{\"@type\":\"ListItem\",\"position\":2,\"name\":\"Produits\",\"item\":\"https:\/\/scorab.eu\/fr\/produits\/\"},{\"@type\":\"ListItem\",\"position\":3,\"name\":\"Roulettes tress\u00e9es (ressorts)\"}]},{\"@type\":\"WebSite\",\"@id\":\"https:\/\/scorab.eu\/fr\/#website\",\"url\":\"https:\/\/scorab.eu\/fr\/\",\"name\":\"Scorab.eu\",\"description\":\"Produkcja oraz us\u0142ugi w zakresie przetwarzania metali szlachetnych i ich stop&oacute;w.\",\"publisher\":{\"@id\":\"https:\/\/scorab.eu\/fr\/#organization\"},\"potentialAction\":[{\"@type\":\"SearchAction\",\"target\":{\"@type\":\"EntryPoint\",\"urlTemplate\":\"https:\/\/scorab.eu\/fr\/?s={search_term_string}\"},\"query-input\":{\"@type\":\"PropertyValueSpecification\",\"valueRequired\":true,\"valueName\":\"search_term_string\"}}],\"inLanguage\":\"fr-FR\"},{\"@type\":\"Organization\",\"@id\":\"https:\/\/scorab.eu\/fr\/#organization\",\"name\":\"Scorab.eu\",\"url\":\"https:\/\/scorab.eu\/fr\/\",\"logo\":{\"@type\":\"ImageObject\",\"inLanguage\":\"fr-FR\",\"@id\":\"https:\/\/scorab.eu\/fr\/#\/schema\/logo\/image\/\",\"url\":\"https:\/\/scorab.eu\/wp-content\/uploads\/2024\/02\/obraz_2024-02-15_193251345.png\",\"contentUrl\":\"https:\/\/scorab.eu\/wp-content\/uploads\/2024\/02\/obraz_2024-02-15_193251345.png\",\"width\":506,\"height\":150,\"caption\":\"Scorab.eu\"},\"image\":{\"@id\":\"https:\/\/scorab.eu\/fr\/#\/schema\/logo\/image\/\"}}]}<\/script>\n<!-- \/ Yoast SEO plugin. -->","yoast_head_json":{"title":"Roulettes tress\u00e9es (ressorts) - Scorab.eu","robots":{"index":"index","follow":"follow","max-snippet":"max-snippet:-1","max-image-preview":"max-image-preview:large","max-video-preview":"max-video-preview:-1"},"canonical":"https:\/\/scorab.eu\/fr\/produkt\/roulettes-tressees-ressorts\/","og_locale":"fr_FR","og_type":"article","og_title":"Roulettes tress\u00e9es (ressorts) - Scorab.eu","og_description":"\u00c9l\u00e9ments ronds tress\u00e9s en forme de ressort comprim\u00e9, en argent ou en laiton. Duret\u00e9 et ductilit\u00e9 choisies pour limiter les d\u00e9formations m\u00e9caniques lors de l&rsquo;assemblage.","og_url":"https:\/\/scorab.eu\/fr\/produkt\/roulettes-tressees-ressorts\/","og_site_name":"Scorab.eu","article_modified_time":"2025-05-12T12:02:03+00:00","og_image":[{"width":2560,"height":1707,"url":"https:\/\/scorab.eu\/wp-content\/uploads\/2024\/05\/splecione-side-4k-scaled.jpg","type":"image\/jpeg"}],"twitter_card":"summary_large_image","schema":{"@context":"https:\/\/schema.org","@graph":[{"@type":"WebPage","@id":"https:\/\/scorab.eu\/fr\/produkt\/roulettes-tressees-ressorts\/","url":"https:\/\/scorab.eu\/fr\/produkt\/roulettes-tressees-ressorts\/","name":"Roulettes tress\u00e9es (ressorts) - Scorab.eu","isPartOf":{"@id":"https:\/\/scorab.eu\/fr\/#website"},"primaryImageOfPage":{"@id":"https:\/\/scorab.eu\/fr\/produkt\/roulettes-tressees-ressorts\/#primaryimage"},"image":{"@id":"https:\/\/scorab.eu\/fr\/produkt\/roulettes-tressees-ressorts\/#primaryimage"},"thumbnailUrl":"https:\/\/scorab.eu\/wp-content\/uploads\/2024\/05\/splecione-side-4k-scaled.jpg","datePublished":"2024-05-10T21:54:39+00:00","dateModified":"2025-05-12T12:02:03+00:00","breadcrumb":{"@id":"https:\/\/scorab.eu\/fr\/produkt\/roulettes-tressees-ressorts\/#breadcrumb"},"inLanguage":"fr-FR","potentialAction":[{"@type":"ReadAction","target":["https:\/\/scorab.eu\/fr\/produkt\/roulettes-tressees-ressorts\/"]}]},{"@type":"ImageObject","inLanguage":"fr-FR","@id":"https:\/\/scorab.eu\/fr\/produkt\/roulettes-tressees-ressorts\/#primaryimage","url":"https:\/\/scorab.eu\/wp-content\/uploads\/2024\/05\/splecione-side-4k-scaled.jpg","contentUrl":"https:\/\/scorab.eu\/wp-content\/uploads\/2024\/05\/splecione-side-4k-scaled.jpg","width":2560,"height":1707},{"@type":"BreadcrumbList","@id":"https:\/\/scorab.eu\/fr\/produkt\/roulettes-tressees-ressorts\/#breadcrumb","itemListElement":[{"@type":"ListItem","position":1,"name":"Strona g\u0142\u00f3wna","item":"https:\/\/scorab.eu\/fr\/page-daccueil\/"},{"@type":"ListItem","position":2,"name":"Produits","item":"https:\/\/scorab.eu\/fr\/produits\/"},{"@type":"ListItem","position":3,"name":"Roulettes tress\u00e9es (ressorts)"}]},{"@type":"WebSite","@id":"https:\/\/scorab.eu\/fr\/#website","url":"https:\/\/scorab.eu\/fr\/","name":"Scorab.eu","description":"Produkcja oraz us\u0142ugi w zakresie przetwarzania metali szlachetnych i ich stop&oacute;w.","publisher":{"@id":"https:\/\/scorab.eu\/fr\/#organization"},"potentialAction":[{"@type":"SearchAction","target":{"@type":"EntryPoint","urlTemplate":"https:\/\/scorab.eu\/fr\/?s={search_term_string}"},"query-input":{"@type":"PropertyValueSpecification","valueRequired":true,"valueName":"search_term_string"}}],"inLanguage":"fr-FR"},{"@type":"Organization","@id":"https:\/\/scorab.eu\/fr\/#organization","name":"Scorab.eu","url":"https:\/\/scorab.eu\/fr\/","logo":{"@type":"ImageObject","inLanguage":"fr-FR","@id":"https:\/\/scorab.eu\/fr\/#\/schema\/logo\/image\/","url":"https:\/\/scorab.eu\/wp-content\/uploads\/2024\/02\/obraz_2024-02-15_193251345.png","contentUrl":"https:\/\/scorab.eu\/wp-content\/uploads\/2024\/02\/obraz_2024-02-15_193251345.png","width":506,"height":150,"caption":"Scorab.eu"},"image":{"@id":"https:\/\/scorab.eu\/fr\/#\/schema\/logo\/image\/"}}]}},"_links":{"self":[{"href":"https:\/\/scorab.eu\/fr\/wp-json\/wp\/v2\/product\/1327","targetHints":{"allow":["GET"]}}],"collection":[{"href":"https:\/\/scorab.eu\/fr\/wp-json\/wp\/v2\/product"}],"about":[{"href":"https:\/\/scorab.eu\/fr\/wp-json\/wp\/v2\/types\/product"}],"replies":[{"embeddable":true,"href":"https:\/\/scorab.eu\/fr\/wp-json\/wp\/v2\/comments?post=1327"}],"version-history":[{"count":1,"href":"https:\/\/scorab.eu\/fr\/wp-json\/wp\/v2\/product\/1327\/revisions"}],"predecessor-version":[{"id":1816,"href":"https:\/\/scorab.eu\/fr\/wp-json\/wp\/v2\/product\/1327\/revisions\/1816"}],"wp:featuredmedia":[{"embeddable":true,"href":"https:\/\/scorab.eu\/fr\/wp-json\/wp\/v2\/media\/1805"}],"wp:attachment":[{"href":"https:\/\/scorab.eu\/fr\/wp-json\/wp\/v2\/media?parent=1327"}],"wp:term":[{"taxonomy":"product_cat","embeddable":true,"href":"https:\/\/scorab.eu\/fr\/wp-json\/wp\/v2\/product_cat?post=1327"},{"taxonomy":"product_tag","embeddable":true,"href":"https:\/\/scorab.eu\/fr\/wp-json\/wp\/v2\/product_tag?post=1327"}],"curies":[{"name":"wp","href":"https:\/\/api.w.org\/{rel}","templated":true}]}}