{"id":1332,"date":"2024-02-13T18:25:29","date_gmt":"2024-02-13T18:25:29","guid":{"rendered":"https:\/\/scorab.eu\/produkt\/fils-et-tiges\/"},"modified":"2025-04-15T16:01:58","modified_gmt":"2025-04-15T16:01:58","slug":"fils-et-tiges","status":"publish","type":"product","link":"https:\/\/scorab.eu\/fr\/produkt\/fils-et-tiges\/","title":{"rendered":"Fils et tiges"},"content":{"rendered":"<p><span style=\"font-weight: 400;\">Fils tr\u00e9fil\u00e9s principalement \u00e0 partir d&rsquo;alliages d&rsquo;argent, de laiton et de cuivre.<\/span><\/p>\n<p><span style=\"font-weight: 400;\">Gr\u00e2ce \u00e0 l&rsquo;utilisation de la coul\u00e9e continue, du formage en plusieurs \u00e9tapes et du traitement thermique dans une atmosph\u00e8re protectrice contr\u00f4l\u00e9e pour \u00e9viter l&rsquo;oxydation de la surface pendant la production et la p\u00e9n\u00e9tration de contaminants dans le produit, ils conservent des performances constantes tout au long de leur cycle de vie. Le traitement thermique sp\u00e9cial permet d&rsquo;obtenir la plasticit\u00e9 et l&rsquo;\u00e9lasticit\u00e9 souhait\u00e9es, en fonction de l&rsquo;utilisation pr\u00e9vue. <\/span><\/p>\n<p><span style=\"font-weight: 400;\">Id\u00e9al pour un traitement ult\u00e9rieur ou pour une utilisation dans les domaines de la bijouterie, de l&rsquo;\u00e9lectronique, de l&rsquo;\u00e9lectrotechnique et de l&rsquo;\u00e9nergie, par exemple.<\/span><\/p>\n<p><span style=\"font-weight: 400;\">Les fils d&rsquo;argent sont fabriqu\u00e9s en standard dans les alliages Ag930, Ag999 et Ag99.99.<\/span><\/p>\n<p><span style=\"font-weight: 400;\">Les fils de laiton sont fabriqu\u00e9s \u00e0 partir de laiton M63 et M85, tandis que les fils de cuivre sont fabriqu\u00e9s \u00e0 partir de cuivre \u00e9lectrolytique de qualit\u00e9 M1E.<\/span><\/p>\n","protected":false},"excerpt":{"rendered":"<p>Fils tr\u00e9fil\u00e9s principalement \u00e0 partir d&rsquo;alliages d&rsquo;argent, de laiton et de cuivre. Gr\u00e2ce \u00e0 l&rsquo;utilisation de la coul\u00e9e continue, du formage en plusieurs \u00e9tapes et du traitement thermique dans une atmosph\u00e8re protectrice contr\u00f4l\u00e9e pour \u00e9viter l&rsquo;oxydation de la surface pendant la production et la p\u00e9n\u00e9tration de contaminants dans le produit, ils conservent des performances constantes [&hellip;]<\/p>\n","protected":false},"featured_media":1090,"comment_status":"open","ping_status":"closed","template":"","meta":[],"product_cat":[80,100],"product_tag":[103,101,102],"class_list":{"0":"post-1332","1":"product","2":"type-product","3":"status-publish","4":"has-post-thumbnail","6":"product_cat-bijoux","7":"product_cat-lindustrie","8":"product_tag-cuivre","9":"product_tag-largent","10":"product_tag-laiton","12":"first","13":"instock","14":"shipping-taxable","15":"product-type-simple"},"yoast_head":"<!-- This site is optimized with the Yoast SEO plugin v24.6 - https:\/\/yoast.com\/wordpress\/plugins\/seo\/ -->\n<title>Fils et tiges - Scorab.eu<\/title>\n<meta name=\"robots\" content=\"index, follow, max-snippet:-1, max-image-preview:large, max-video-preview:-1\" \/>\n<link rel=\"canonical\" href=\"https:\/\/scorab.eu\/fr\/produkt\/fils-et-tiges\/\" \/>\n<meta property=\"og:locale\" content=\"fr_FR\" \/>\n<meta property=\"og:type\" content=\"article\" \/>\n<meta property=\"og:title\" content=\"Fils et tiges - Scorab.eu\" \/>\n<meta property=\"og:description\" content=\"Fils tr\u00e9fil\u00e9s principalement \u00e0 partir d&rsquo;alliages d&rsquo;argent, de laiton et de cuivre. Gr\u00e2ce \u00e0 l&rsquo;utilisation de la coul\u00e9e continue, du formage en plusieurs \u00e9tapes et du traitement thermique dans une atmosph\u00e8re protectrice contr\u00f4l\u00e9e pour \u00e9viter l&rsquo;oxydation de la surface pendant la production et la p\u00e9n\u00e9tration de contaminants dans le produit, ils conservent des performances constantes [&hellip;]\" \/>\n<meta property=\"og:url\" content=\"https:\/\/scorab.eu\/fr\/produkt\/fils-et-tiges\/\" \/>\n<meta property=\"og:site_name\" content=\"Scorab.eu\" \/>\n<meta property=\"article:modified_time\" content=\"2025-04-15T16:01:58+00:00\" \/>\n<meta property=\"og:image\" content=\"https:\/\/scorab.eu\/wp-content\/uploads\/2024\/02\/44.jpg\" \/>\n\t<meta property=\"og:image:width\" content=\"2502\" \/>\n\t<meta property=\"og:image:height\" content=\"1704\" \/>\n\t<meta property=\"og:image:type\" content=\"image\/jpeg\" \/>\n<meta name=\"twitter:card\" content=\"summary_large_image\" \/>\n<meta name=\"twitter:label1\" content=\"Dur\u00e9e de lecture estim\u00e9e\" \/>\n\t<meta name=\"twitter:data1\" content=\"1 minute\" \/>\n<script type=\"application\/ld+json\" class=\"yoast-schema-graph\">{\"@context\":\"https:\/\/schema.org\",\"@graph\":[{\"@type\":\"WebPage\",\"@id\":\"https:\/\/scorab.eu\/fr\/produkt\/fils-et-tiges\/\",\"url\":\"https:\/\/scorab.eu\/fr\/produkt\/fils-et-tiges\/\",\"name\":\"Fils et tiges - Scorab.eu\",\"isPartOf\":{\"@id\":\"https:\/\/scorab.eu\/fr\/#website\"},\"primaryImageOfPage\":{\"@id\":\"https:\/\/scorab.eu\/fr\/produkt\/fils-et-tiges\/#primaryimage\"},\"image\":{\"@id\":\"https:\/\/scorab.eu\/fr\/produkt\/fils-et-tiges\/#primaryimage\"},\"thumbnailUrl\":\"https:\/\/scorab.eu\/wp-content\/uploads\/2024\/02\/44.jpg\",\"datePublished\":\"2024-02-13T18:25:29+00:00\",\"dateModified\":\"2025-04-15T16:01:58+00:00\",\"breadcrumb\":{\"@id\":\"https:\/\/scorab.eu\/fr\/produkt\/fils-et-tiges\/#breadcrumb\"},\"inLanguage\":\"fr-FR\",\"potentialAction\":[{\"@type\":\"ReadAction\",\"target\":[\"https:\/\/scorab.eu\/fr\/produkt\/fils-et-tiges\/\"]}]},{\"@type\":\"ImageObject\",\"inLanguage\":\"fr-FR\",\"@id\":\"https:\/\/scorab.eu\/fr\/produkt\/fils-et-tiges\/#primaryimage\",\"url\":\"https:\/\/scorab.eu\/wp-content\/uploads\/2024\/02\/44.jpg\",\"contentUrl\":\"https:\/\/scorab.eu\/wp-content\/uploads\/2024\/02\/44.jpg\",\"width\":2502,\"height\":1704},{\"@type\":\"BreadcrumbList\",\"@id\":\"https:\/\/scorab.eu\/fr\/produkt\/fils-et-tiges\/#breadcrumb\",\"itemListElement\":[{\"@type\":\"ListItem\",\"position\":1,\"name\":\"Strona g\u0142\u00f3wna\",\"item\":\"https:\/\/scorab.eu\/fr\/page-daccueil\/\"},{\"@type\":\"ListItem\",\"position\":2,\"name\":\"Produits\",\"item\":\"https:\/\/scorab.eu\/fr\/produits\/\"},{\"@type\":\"ListItem\",\"position\":3,\"name\":\"Fils et tiges\"}]},{\"@type\":\"WebSite\",\"@id\":\"https:\/\/scorab.eu\/fr\/#website\",\"url\":\"https:\/\/scorab.eu\/fr\/\",\"name\":\"Scorab.eu\",\"description\":\"Produkcja oraz us\u0142ugi w zakresie przetwarzania metali szlachetnych i ich stop&oacute;w.\",\"publisher\":{\"@id\":\"https:\/\/scorab.eu\/fr\/#organization\"},\"potentialAction\":[{\"@type\":\"SearchAction\",\"target\":{\"@type\":\"EntryPoint\",\"urlTemplate\":\"https:\/\/scorab.eu\/fr\/?s={search_term_string}\"},\"query-input\":{\"@type\":\"PropertyValueSpecification\",\"valueRequired\":true,\"valueName\":\"search_term_string\"}}],\"inLanguage\":\"fr-FR\"},{\"@type\":\"Organization\",\"@id\":\"https:\/\/scorab.eu\/fr\/#organization\",\"name\":\"Scorab.eu\",\"url\":\"https:\/\/scorab.eu\/fr\/\",\"logo\":{\"@type\":\"ImageObject\",\"inLanguage\":\"fr-FR\",\"@id\":\"https:\/\/scorab.eu\/fr\/#\/schema\/logo\/image\/\",\"url\":\"https:\/\/scorab.eu\/wp-content\/uploads\/2024\/02\/obraz_2024-02-15_193251345.png\",\"contentUrl\":\"https:\/\/scorab.eu\/wp-content\/uploads\/2024\/02\/obraz_2024-02-15_193251345.png\",\"width\":506,\"height\":150,\"caption\":\"Scorab.eu\"},\"image\":{\"@id\":\"https:\/\/scorab.eu\/fr\/#\/schema\/logo\/image\/\"}}]}<\/script>\n<!-- \/ Yoast SEO plugin. -->","yoast_head_json":{"title":"Fils et tiges - Scorab.eu","robots":{"index":"index","follow":"follow","max-snippet":"max-snippet:-1","max-image-preview":"max-image-preview:large","max-video-preview":"max-video-preview:-1"},"canonical":"https:\/\/scorab.eu\/fr\/produkt\/fils-et-tiges\/","og_locale":"fr_FR","og_type":"article","og_title":"Fils et tiges - Scorab.eu","og_description":"Fils tr\u00e9fil\u00e9s principalement \u00e0 partir d&rsquo;alliages d&rsquo;argent, de laiton et de cuivre. Gr\u00e2ce \u00e0 l&rsquo;utilisation de la coul\u00e9e continue, du formage en plusieurs \u00e9tapes et du traitement thermique dans une atmosph\u00e8re protectrice contr\u00f4l\u00e9e pour \u00e9viter l&rsquo;oxydation de la surface pendant la production et la p\u00e9n\u00e9tration de contaminants dans le produit, ils conservent des performances constantes [&hellip;]","og_url":"https:\/\/scorab.eu\/fr\/produkt\/fils-et-tiges\/","og_site_name":"Scorab.eu","article_modified_time":"2025-04-15T16:01:58+00:00","og_image":[{"width":2502,"height":1704,"url":"https:\/\/scorab.eu\/wp-content\/uploads\/2024\/02\/44.jpg","type":"image\/jpeg"}],"twitter_card":"summary_large_image","twitter_misc":{"Dur\u00e9e de lecture estim\u00e9e":"1 minute"},"schema":{"@context":"https:\/\/schema.org","@graph":[{"@type":"WebPage","@id":"https:\/\/scorab.eu\/fr\/produkt\/fils-et-tiges\/","url":"https:\/\/scorab.eu\/fr\/produkt\/fils-et-tiges\/","name":"Fils et tiges - Scorab.eu","isPartOf":{"@id":"https:\/\/scorab.eu\/fr\/#website"},"primaryImageOfPage":{"@id":"https:\/\/scorab.eu\/fr\/produkt\/fils-et-tiges\/#primaryimage"},"image":{"@id":"https:\/\/scorab.eu\/fr\/produkt\/fils-et-tiges\/#primaryimage"},"thumbnailUrl":"https:\/\/scorab.eu\/wp-content\/uploads\/2024\/02\/44.jpg","datePublished":"2024-02-13T18:25:29+00:00","dateModified":"2025-04-15T16:01:58+00:00","breadcrumb":{"@id":"https:\/\/scorab.eu\/fr\/produkt\/fils-et-tiges\/#breadcrumb"},"inLanguage":"fr-FR","potentialAction":[{"@type":"ReadAction","target":["https:\/\/scorab.eu\/fr\/produkt\/fils-et-tiges\/"]}]},{"@type":"ImageObject","inLanguage":"fr-FR","@id":"https:\/\/scorab.eu\/fr\/produkt\/fils-et-tiges\/#primaryimage","url":"https:\/\/scorab.eu\/wp-content\/uploads\/2024\/02\/44.jpg","contentUrl":"https:\/\/scorab.eu\/wp-content\/uploads\/2024\/02\/44.jpg","width":2502,"height":1704},{"@type":"BreadcrumbList","@id":"https:\/\/scorab.eu\/fr\/produkt\/fils-et-tiges\/#breadcrumb","itemListElement":[{"@type":"ListItem","position":1,"name":"Strona g\u0142\u00f3wna","item":"https:\/\/scorab.eu\/fr\/page-daccueil\/"},{"@type":"ListItem","position":2,"name":"Produits","item":"https:\/\/scorab.eu\/fr\/produits\/"},{"@type":"ListItem","position":3,"name":"Fils et tiges"}]},{"@type":"WebSite","@id":"https:\/\/scorab.eu\/fr\/#website","url":"https:\/\/scorab.eu\/fr\/","name":"Scorab.eu","description":"Produkcja oraz us\u0142ugi w zakresie przetwarzania metali szlachetnych i ich stop&oacute;w.","publisher":{"@id":"https:\/\/scorab.eu\/fr\/#organization"},"potentialAction":[{"@type":"SearchAction","target":{"@type":"EntryPoint","urlTemplate":"https:\/\/scorab.eu\/fr\/?s={search_term_string}"},"query-input":{"@type":"PropertyValueSpecification","valueRequired":true,"valueName":"search_term_string"}}],"inLanguage":"fr-FR"},{"@type":"Organization","@id":"https:\/\/scorab.eu\/fr\/#organization","name":"Scorab.eu","url":"https:\/\/scorab.eu\/fr\/","logo":{"@type":"ImageObject","inLanguage":"fr-FR","@id":"https:\/\/scorab.eu\/fr\/#\/schema\/logo\/image\/","url":"https:\/\/scorab.eu\/wp-content\/uploads\/2024\/02\/obraz_2024-02-15_193251345.png","contentUrl":"https:\/\/scorab.eu\/wp-content\/uploads\/2024\/02\/obraz_2024-02-15_193251345.png","width":506,"height":150,"caption":"Scorab.eu"},"image":{"@id":"https:\/\/scorab.eu\/fr\/#\/schema\/logo\/image\/"}}]}},"_links":{"self":[{"href":"https:\/\/scorab.eu\/fr\/wp-json\/wp\/v2\/product\/1332","targetHints":{"allow":["GET"]}}],"collection":[{"href":"https:\/\/scorab.eu\/fr\/wp-json\/wp\/v2\/product"}],"about":[{"href":"https:\/\/scorab.eu\/fr\/wp-json\/wp\/v2\/types\/product"}],"replies":[{"embeddable":true,"href":"https:\/\/scorab.eu\/fr\/wp-json\/wp\/v2\/comments?post=1332"}],"version-history":[{"count":1,"href":"https:\/\/scorab.eu\/fr\/wp-json\/wp\/v2\/product\/1332\/revisions"}],"predecessor-version":[{"id":1731,"href":"https:\/\/scorab.eu\/fr\/wp-json\/wp\/v2\/product\/1332\/revisions\/1731"}],"wp:featuredmedia":[{"embeddable":true,"href":"https:\/\/scorab.eu\/fr\/wp-json\/wp\/v2\/media\/1090"}],"wp:attachment":[{"href":"https:\/\/scorab.eu\/fr\/wp-json\/wp\/v2\/media?parent=1332"}],"wp:term":[{"taxonomy":"product_cat","embeddable":true,"href":"https:\/\/scorab.eu\/fr\/wp-json\/wp\/v2\/product_cat?post=1332"},{"taxonomy":"product_tag","embeddable":true,"href":"https:\/\/scorab.eu\/fr\/wp-json\/wp\/v2\/product_tag?post=1332"}],"curies":[{"name":"wp","href":"https:\/\/api.w.org\/{rel}","templated":true}]}}