{"id":1347,"date":"2024-02-13T18:25:28","date_gmt":"2024-02-13T18:25:28","guid":{"rendered":"https:\/\/scorab.eu\/produkt\/ancres-dargent\/"},"modified":"2025-04-15T16:03:48","modified_gmt":"2025-04-15T16:03:48","slug":"ancres-dargent","status":"publish","type":"product","link":"https:\/\/scorab.eu\/fr\/produkt\/ancres-dargent\/","title":{"rendered":"Anondas et \u00e9lectrodes d&rsquo;argent"},"content":{"rendered":"<p><span style=\"font-weight: 400;\">Fabriqu\u00e9es en argent pur (Ag9999 ou Ag999), les anodes sont principalement destin\u00e9es aux entreprises actives dans l&rsquo;argenture \u00e9lectrolytique des m\u00e9taux. \u00c9lectrodes destin\u00e9es au traitement de l&rsquo;eau. <\/span><\/p>\n<p><span style=\"font-weight: 400;\"><br \/>\n<\/span><span style=\"font-weight: 400;\">  Parce que nous savons \u00e0 quel point la qualit\u00e9 des mat\u00e9riaux est importante pour la technologie de la galvanoplastie, nous ne produisons nos anodes qu&rsquo;\u00e0 partir d&rsquo;argent de la plus haute qualit\u00e9.<\/span><span style=\"font-weight: 400;\"><br \/>\n<\/span><span style=\"font-weight: 400;\">  Chaque lot est test\u00e9 par nos soins par spectrom\u00e9trie d&rsquo;\u00e9mission (SE).<\/span><\/p>\n","protected":false},"excerpt":{"rendered":"<p>Fabriqu\u00e9es en argent pur (Ag9999 ou Ag999), les anodes sont principalement destin\u00e9es aux entreprises actives dans l&rsquo;argenture \u00e9lectrolytique des m\u00e9taux. \u00c9lectrodes destin\u00e9es au traitement de l&rsquo;eau. Parce que nous savons \u00e0 quel point la qualit\u00e9 des mat\u00e9riaux est importante pour la technologie de la galvanoplastie, nous ne produisons nos anodes qu&rsquo;\u00e0 partir d&rsquo;argent de la [&hellip;]<\/p>\n","protected":false},"featured_media":1949,"comment_status":"open","ping_status":"closed","template":"","meta":[],"product_cat":[80],"product_tag":[],"class_list":{"0":"post-1347","1":"product","2":"type-product","3":"status-publish","4":"has-post-thumbnail","6":"product_cat-bijoux","8":"first","9":"instock","10":"shipping-taxable","11":"product-type-simple"},"yoast_head":"<!-- This site is optimized with the Yoast SEO plugin v24.6 - https:\/\/yoast.com\/wordpress\/plugins\/seo\/ -->\n<title>Anondas et \u00e9lectrodes d&#039;argent - Scorab.eu<\/title>\n<meta name=\"robots\" content=\"index, follow, max-snippet:-1, max-image-preview:large, max-video-preview:-1\" \/>\n<link rel=\"canonical\" href=\"https:\/\/scorab.eu\/fr\/produkt\/ancres-dargent\/\" \/>\n<meta property=\"og:locale\" content=\"fr_FR\" \/>\n<meta property=\"og:type\" content=\"article\" \/>\n<meta property=\"og:title\" content=\"Anondas et \u00e9lectrodes d&#039;argent - Scorab.eu\" \/>\n<meta property=\"og:description\" content=\"Fabriqu\u00e9es en argent pur (Ag9999 ou Ag999), les anodes sont principalement destin\u00e9es aux entreprises actives dans l&rsquo;argenture \u00e9lectrolytique des m\u00e9taux. \u00c9lectrodes destin\u00e9es au traitement de l&rsquo;eau. Parce que nous savons \u00e0 quel point la qualit\u00e9 des mat\u00e9riaux est importante pour la technologie de la galvanoplastie, nous ne produisons nos anodes qu&rsquo;\u00e0 partir d&rsquo;argent de la [&hellip;]\" \/>\n<meta property=\"og:url\" content=\"https:\/\/scorab.eu\/fr\/produkt\/ancres-dargent\/\" \/>\n<meta property=\"og:site_name\" content=\"Scorab.eu\" \/>\n<meta property=\"article:modified_time\" content=\"2025-04-15T16:03:48+00:00\" \/>\n<meta property=\"og:image\" content=\"https:\/\/scorab.eu\/wp-content\/uploads\/2024\/02\/3-anody.jpg\" \/>\n\t<meta property=\"og:image:width\" content=\"200\" \/>\n\t<meta property=\"og:image:height\" content=\"133\" \/>\n\t<meta property=\"og:image:type\" content=\"image\/jpeg\" \/>\n<meta name=\"twitter:card\" content=\"summary_large_image\" \/>\n<script type=\"application\/ld+json\" class=\"yoast-schema-graph\">{\"@context\":\"https:\/\/schema.org\",\"@graph\":[{\"@type\":\"WebPage\",\"@id\":\"https:\/\/scorab.eu\/fr\/produkt\/ancres-dargent\/\",\"url\":\"https:\/\/scorab.eu\/fr\/produkt\/ancres-dargent\/\",\"name\":\"Anondas et \u00e9lectrodes d'argent - Scorab.eu\",\"isPartOf\":{\"@id\":\"https:\/\/scorab.eu\/fr\/#website\"},\"primaryImageOfPage\":{\"@id\":\"https:\/\/scorab.eu\/fr\/produkt\/ancres-dargent\/#primaryimage\"},\"image\":{\"@id\":\"https:\/\/scorab.eu\/fr\/produkt\/ancres-dargent\/#primaryimage\"},\"thumbnailUrl\":\"https:\/\/scorab.eu\/wp-content\/uploads\/2024\/02\/anody3.png\",\"datePublished\":\"2024-02-13T18:25:28+00:00\",\"dateModified\":\"2025-04-15T16:03:48+00:00\",\"breadcrumb\":{\"@id\":\"https:\/\/scorab.eu\/fr\/produkt\/ancres-dargent\/#breadcrumb\"},\"inLanguage\":\"fr-FR\",\"potentialAction\":[{\"@type\":\"ReadAction\",\"target\":[\"https:\/\/scorab.eu\/fr\/produkt\/ancres-dargent\/\"]}]},{\"@type\":\"ImageObject\",\"inLanguage\":\"fr-FR\",\"@id\":\"https:\/\/scorab.eu\/fr\/produkt\/ancres-dargent\/#primaryimage\",\"url\":\"https:\/\/scorab.eu\/wp-content\/uploads\/2024\/02\/anody3.png\",\"contentUrl\":\"https:\/\/scorab.eu\/wp-content\/uploads\/2024\/02\/anody3.png\",\"width\":1024,\"height\":1024},{\"@type\":\"BreadcrumbList\",\"@id\":\"https:\/\/scorab.eu\/fr\/produkt\/ancres-dargent\/#breadcrumb\",\"itemListElement\":[{\"@type\":\"ListItem\",\"position\":1,\"name\":\"Strona g\u0142\u00f3wna\",\"item\":\"https:\/\/scorab.eu\/fr\/page-daccueil\/\"},{\"@type\":\"ListItem\",\"position\":2,\"name\":\"Produits\",\"item\":\"https:\/\/scorab.eu\/fr\/produits\/\"},{\"@type\":\"ListItem\",\"position\":3,\"name\":\"Anondas et \u00e9lectrodes d&#8217;argent\"}]},{\"@type\":\"WebSite\",\"@id\":\"https:\/\/scorab.eu\/fr\/#website\",\"url\":\"https:\/\/scorab.eu\/fr\/\",\"name\":\"Scorab.eu\",\"description\":\"Produkcja oraz us\u0142ugi w zakresie przetwarzania metali szlachetnych i ich stop&oacute;w.\",\"publisher\":{\"@id\":\"https:\/\/scorab.eu\/fr\/#organization\"},\"potentialAction\":[{\"@type\":\"SearchAction\",\"target\":{\"@type\":\"EntryPoint\",\"urlTemplate\":\"https:\/\/scorab.eu\/fr\/?s={search_term_string}\"},\"query-input\":{\"@type\":\"PropertyValueSpecification\",\"valueRequired\":true,\"valueName\":\"search_term_string\"}}],\"inLanguage\":\"fr-FR\"},{\"@type\":\"Organization\",\"@id\":\"https:\/\/scorab.eu\/fr\/#organization\",\"name\":\"Scorab.eu\",\"url\":\"https:\/\/scorab.eu\/fr\/\",\"logo\":{\"@type\":\"ImageObject\",\"inLanguage\":\"fr-FR\",\"@id\":\"https:\/\/scorab.eu\/fr\/#\/schema\/logo\/image\/\",\"url\":\"https:\/\/scorab.eu\/wp-content\/uploads\/2024\/02\/obraz_2024-02-15_193251345.png\",\"contentUrl\":\"https:\/\/scorab.eu\/wp-content\/uploads\/2024\/02\/obraz_2024-02-15_193251345.png\",\"width\":506,\"height\":150,\"caption\":\"Scorab.eu\"},\"image\":{\"@id\":\"https:\/\/scorab.eu\/fr\/#\/schema\/logo\/image\/\"}}]}<\/script>\n<!-- \/ Yoast SEO plugin. -->","yoast_head_json":{"title":"Anondas et \u00e9lectrodes d'argent - Scorab.eu","robots":{"index":"index","follow":"follow","max-snippet":"max-snippet:-1","max-image-preview":"max-image-preview:large","max-video-preview":"max-video-preview:-1"},"canonical":"https:\/\/scorab.eu\/fr\/produkt\/ancres-dargent\/","og_locale":"fr_FR","og_type":"article","og_title":"Anondas et \u00e9lectrodes d'argent - Scorab.eu","og_description":"Fabriqu\u00e9es en argent pur (Ag9999 ou Ag999), les anodes sont principalement destin\u00e9es aux entreprises actives dans l&rsquo;argenture \u00e9lectrolytique des m\u00e9taux. \u00c9lectrodes destin\u00e9es au traitement de l&rsquo;eau. Parce que nous savons \u00e0 quel point la qualit\u00e9 des mat\u00e9riaux est importante pour la technologie de la galvanoplastie, nous ne produisons nos anodes qu&rsquo;\u00e0 partir d&rsquo;argent de la [&hellip;]","og_url":"https:\/\/scorab.eu\/fr\/produkt\/ancres-dargent\/","og_site_name":"Scorab.eu","article_modified_time":"2025-04-15T16:03:48+00:00","og_image":[{"width":200,"height":133,"url":"https:\/\/scorab.eu\/wp-content\/uploads\/2024\/02\/3-anody.jpg","type":"image\/jpeg"}],"twitter_card":"summary_large_image","schema":{"@context":"https:\/\/schema.org","@graph":[{"@type":"WebPage","@id":"https:\/\/scorab.eu\/fr\/produkt\/ancres-dargent\/","url":"https:\/\/scorab.eu\/fr\/produkt\/ancres-dargent\/","name":"Anondas et \u00e9lectrodes d'argent - Scorab.eu","isPartOf":{"@id":"https:\/\/scorab.eu\/fr\/#website"},"primaryImageOfPage":{"@id":"https:\/\/scorab.eu\/fr\/produkt\/ancres-dargent\/#primaryimage"},"image":{"@id":"https:\/\/scorab.eu\/fr\/produkt\/ancres-dargent\/#primaryimage"},"thumbnailUrl":"https:\/\/scorab.eu\/wp-content\/uploads\/2024\/02\/anody3.png","datePublished":"2024-02-13T18:25:28+00:00","dateModified":"2025-04-15T16:03:48+00:00","breadcrumb":{"@id":"https:\/\/scorab.eu\/fr\/produkt\/ancres-dargent\/#breadcrumb"},"inLanguage":"fr-FR","potentialAction":[{"@type":"ReadAction","target":["https:\/\/scorab.eu\/fr\/produkt\/ancres-dargent\/"]}]},{"@type":"ImageObject","inLanguage":"fr-FR","@id":"https:\/\/scorab.eu\/fr\/produkt\/ancres-dargent\/#primaryimage","url":"https:\/\/scorab.eu\/wp-content\/uploads\/2024\/02\/anody3.png","contentUrl":"https:\/\/scorab.eu\/wp-content\/uploads\/2024\/02\/anody3.png","width":1024,"height":1024},{"@type":"BreadcrumbList","@id":"https:\/\/scorab.eu\/fr\/produkt\/ancres-dargent\/#breadcrumb","itemListElement":[{"@type":"ListItem","position":1,"name":"Strona g\u0142\u00f3wna","item":"https:\/\/scorab.eu\/fr\/page-daccueil\/"},{"@type":"ListItem","position":2,"name":"Produits","item":"https:\/\/scorab.eu\/fr\/produits\/"},{"@type":"ListItem","position":3,"name":"Anondas et \u00e9lectrodes d&#8217;argent"}]},{"@type":"WebSite","@id":"https:\/\/scorab.eu\/fr\/#website","url":"https:\/\/scorab.eu\/fr\/","name":"Scorab.eu","description":"Produkcja oraz us\u0142ugi w zakresie przetwarzania metali szlachetnych i ich stop&oacute;w.","publisher":{"@id":"https:\/\/scorab.eu\/fr\/#organization"},"potentialAction":[{"@type":"SearchAction","target":{"@type":"EntryPoint","urlTemplate":"https:\/\/scorab.eu\/fr\/?s={search_term_string}"},"query-input":{"@type":"PropertyValueSpecification","valueRequired":true,"valueName":"search_term_string"}}],"inLanguage":"fr-FR"},{"@type":"Organization","@id":"https:\/\/scorab.eu\/fr\/#organization","name":"Scorab.eu","url":"https:\/\/scorab.eu\/fr\/","logo":{"@type":"ImageObject","inLanguage":"fr-FR","@id":"https:\/\/scorab.eu\/fr\/#\/schema\/logo\/image\/","url":"https:\/\/scorab.eu\/wp-content\/uploads\/2024\/02\/obraz_2024-02-15_193251345.png","contentUrl":"https:\/\/scorab.eu\/wp-content\/uploads\/2024\/02\/obraz_2024-02-15_193251345.png","width":506,"height":150,"caption":"Scorab.eu"},"image":{"@id":"https:\/\/scorab.eu\/fr\/#\/schema\/logo\/image\/"}}]}},"_links":{"self":[{"href":"https:\/\/scorab.eu\/fr\/wp-json\/wp\/v2\/product\/1347","targetHints":{"allow":["GET"]}}],"collection":[{"href":"https:\/\/scorab.eu\/fr\/wp-json\/wp\/v2\/product"}],"about":[{"href":"https:\/\/scorab.eu\/fr\/wp-json\/wp\/v2\/types\/product"}],"replies":[{"embeddable":true,"href":"https:\/\/scorab.eu\/fr\/wp-json\/wp\/v2\/comments?post=1347"}],"version-history":[{"count":1,"href":"https:\/\/scorab.eu\/fr\/wp-json\/wp\/v2\/product\/1347\/revisions"}],"predecessor-version":[{"id":1744,"href":"https:\/\/scorab.eu\/fr\/wp-json\/wp\/v2\/product\/1347\/revisions\/1744"}],"wp:featuredmedia":[{"embeddable":true,"href":"https:\/\/scorab.eu\/fr\/wp-json\/wp\/v2\/media\/1949"}],"wp:attachment":[{"href":"https:\/\/scorab.eu\/fr\/wp-json\/wp\/v2\/media?parent=1347"}],"wp:term":[{"taxonomy":"product_cat","embeddable":true,"href":"https:\/\/scorab.eu\/fr\/wp-json\/wp\/v2\/product_cat?post=1347"},{"taxonomy":"product_tag","embeddable":true,"href":"https:\/\/scorab.eu\/fr\/wp-json\/wp\/v2\/product_tag?post=1347"}],"curies":[{"name":"wp","href":"https:\/\/api.w.org\/{rel}","templated":true}]}}