{"id":1352,"date":"2024-02-13T18:25:27","date_gmt":"2024-02-13T18:25:27","guid":{"rendered":"https:\/\/scorab.eu\/produkt\/fevrier-argent-pour-la-bijouterie\/"},"modified":"2025-03-04T22:31:37","modified_gmt":"2025-03-04T22:31:37","slug":"fevrier-argent-pour-la-bijouterie","status":"publish","type":"product","link":"https:\/\/scorab.eu\/fr\/produkt\/fevrier-argent-pour-la-bijouterie\/","title":{"rendered":"Soudures argent pour bijoux"},"content":{"rendered":"<p>Tr\u00e8s bons liants de soudure sans d\u00e9cadmium produits par notre soci\u00e9t\u00e9 pour assembler des composants de bijoux en argent, divers aciers au carbone, aciers alli\u00e9s, aciers inoxydables, alliages de cuivre et alliages de nickel.<\/p>\n<p>Le point de fusion d\u00e9pend du type de soudure.<\/p>\n","protected":false},"excerpt":{"rendered":"<p>Tr\u00e8s bons liants de soudure sans d\u00e9cadmium produits par notre soci\u00e9t\u00e9 pour assembler des composants de bijoux en argent, divers aciers au carbone, aciers alli\u00e9s, aciers inoxydables, alliages de cuivre et alliages de nickel. Le point de fusion d\u00e9pend du type de soudure.<\/p>\n","protected":false},"featured_media":1110,"comment_status":"open","ping_status":"closed","template":"","meta":[],"product_cat":[80,100],"product_tag":[],"class_list":{"0":"post-1352","1":"product","2":"type-product","3":"status-publish","4":"has-post-thumbnail","6":"product_cat-bijoux","7":"product_cat-lindustrie","9":"first","10":"instock","11":"shipping-taxable","12":"product-type-simple"},"yoast_head":"<!-- This site is optimized with the Yoast SEO plugin v24.6 - https:\/\/yoast.com\/wordpress\/plugins\/seo\/ -->\n<title>Soudures argent pour bijoux - Scorab.eu<\/title>\n<meta name=\"robots\" content=\"index, follow, max-snippet:-1, max-image-preview:large, max-video-preview:-1\" \/>\n<link rel=\"canonical\" href=\"https:\/\/scorab.eu\/fr\/produkt\/fevrier-argent-pour-la-bijouterie\/\" \/>\n<meta property=\"og:locale\" content=\"fr_FR\" \/>\n<meta property=\"og:type\" content=\"article\" \/>\n<meta property=\"og:title\" content=\"Soudures argent pour bijoux - Scorab.eu\" \/>\n<meta property=\"og:description\" content=\"Tr\u00e8s bons liants de soudure sans d\u00e9cadmium produits par notre soci\u00e9t\u00e9 pour assembler des composants de bijoux en argent, divers aciers au carbone, aciers alli\u00e9s, aciers inoxydables, alliages de cuivre et alliages de nickel. Le point de fusion d\u00e9pend du type de soudure.\" \/>\n<meta property=\"og:url\" content=\"https:\/\/scorab.eu\/fr\/produkt\/fevrier-argent-pour-la-bijouterie\/\" \/>\n<meta property=\"og:site_name\" content=\"Scorab.eu\" \/>\n<meta property=\"article:modified_time\" content=\"2025-03-04T22:31:37+00:00\" \/>\n<meta property=\"og:image\" content=\"https:\/\/scorab.eu\/wp-content\/uploads\/2024\/02\/5-luty.jpg\" \/>\n\t<meta property=\"og:image:width\" content=\"200\" \/>\n\t<meta property=\"og:image:height\" content=\"133\" \/>\n\t<meta property=\"og:image:type\" content=\"image\/jpeg\" \/>\n<meta name=\"twitter:card\" content=\"summary_large_image\" \/>\n<script type=\"application\/ld+json\" class=\"yoast-schema-graph\">{\"@context\":\"https:\/\/schema.org\",\"@graph\":[{\"@type\":\"WebPage\",\"@id\":\"https:\/\/scorab.eu\/fr\/produkt\/fevrier-argent-pour-la-bijouterie\/\",\"url\":\"https:\/\/scorab.eu\/fr\/produkt\/fevrier-argent-pour-la-bijouterie\/\",\"name\":\"Soudures argent pour bijoux - Scorab.eu\",\"isPartOf\":{\"@id\":\"https:\/\/scorab.eu\/fr\/#website\"},\"primaryImageOfPage\":{\"@id\":\"https:\/\/scorab.eu\/fr\/produkt\/fevrier-argent-pour-la-bijouterie\/#primaryimage\"},\"image\":{\"@id\":\"https:\/\/scorab.eu\/fr\/produkt\/fevrier-argent-pour-la-bijouterie\/#primaryimage\"},\"thumbnailUrl\":\"https:\/\/scorab.eu\/wp-content\/uploads\/2024\/02\/5-luty.jpg\",\"datePublished\":\"2024-02-13T18:25:27+00:00\",\"dateModified\":\"2025-03-04T22:31:37+00:00\",\"breadcrumb\":{\"@id\":\"https:\/\/scorab.eu\/fr\/produkt\/fevrier-argent-pour-la-bijouterie\/#breadcrumb\"},\"inLanguage\":\"fr-FR\",\"potentialAction\":[{\"@type\":\"ReadAction\",\"target\":[\"https:\/\/scorab.eu\/fr\/produkt\/fevrier-argent-pour-la-bijouterie\/\"]}]},{\"@type\":\"ImageObject\",\"inLanguage\":\"fr-FR\",\"@id\":\"https:\/\/scorab.eu\/fr\/produkt\/fevrier-argent-pour-la-bijouterie\/#primaryimage\",\"url\":\"https:\/\/scorab.eu\/wp-content\/uploads\/2024\/02\/5-luty.jpg\",\"contentUrl\":\"https:\/\/scorab.eu\/wp-content\/uploads\/2024\/02\/5-luty.jpg\",\"width\":200,\"height\":133},{\"@type\":\"BreadcrumbList\",\"@id\":\"https:\/\/scorab.eu\/fr\/produkt\/fevrier-argent-pour-la-bijouterie\/#breadcrumb\",\"itemListElement\":[{\"@type\":\"ListItem\",\"position\":1,\"name\":\"Strona g\u0142\u00f3wna\",\"item\":\"https:\/\/scorab.eu\/fr\/page-daccueil\/\"},{\"@type\":\"ListItem\",\"position\":2,\"name\":\"Produits\",\"item\":\"https:\/\/scorab.eu\/fr\/produits\/\"},{\"@type\":\"ListItem\",\"position\":3,\"name\":\"Soudures argent pour bijoux\"}]},{\"@type\":\"WebSite\",\"@id\":\"https:\/\/scorab.eu\/fr\/#website\",\"url\":\"https:\/\/scorab.eu\/fr\/\",\"name\":\"Scorab.eu\",\"description\":\"Produkcja oraz us\u0142ugi w zakresie przetwarzania metali szlachetnych i ich stop&oacute;w.\",\"publisher\":{\"@id\":\"https:\/\/scorab.eu\/fr\/#organization\"},\"potentialAction\":[{\"@type\":\"SearchAction\",\"target\":{\"@type\":\"EntryPoint\",\"urlTemplate\":\"https:\/\/scorab.eu\/fr\/?s={search_term_string}\"},\"query-input\":{\"@type\":\"PropertyValueSpecification\",\"valueRequired\":true,\"valueName\":\"search_term_string\"}}],\"inLanguage\":\"fr-FR\"},{\"@type\":\"Organization\",\"@id\":\"https:\/\/scorab.eu\/fr\/#organization\",\"name\":\"Scorab.eu\",\"url\":\"https:\/\/scorab.eu\/fr\/\",\"logo\":{\"@type\":\"ImageObject\",\"inLanguage\":\"fr-FR\",\"@id\":\"https:\/\/scorab.eu\/fr\/#\/schema\/logo\/image\/\",\"url\":\"https:\/\/scorab.eu\/wp-content\/uploads\/2024\/02\/obraz_2024-02-15_193251345.png\",\"contentUrl\":\"https:\/\/scorab.eu\/wp-content\/uploads\/2024\/02\/obraz_2024-02-15_193251345.png\",\"width\":506,\"height\":150,\"caption\":\"Scorab.eu\"},\"image\":{\"@id\":\"https:\/\/scorab.eu\/fr\/#\/schema\/logo\/image\/\"}}]}<\/script>\n<!-- \/ Yoast SEO plugin. -->","yoast_head_json":{"title":"Soudures argent pour bijoux - Scorab.eu","robots":{"index":"index","follow":"follow","max-snippet":"max-snippet:-1","max-image-preview":"max-image-preview:large","max-video-preview":"max-video-preview:-1"},"canonical":"https:\/\/scorab.eu\/fr\/produkt\/fevrier-argent-pour-la-bijouterie\/","og_locale":"fr_FR","og_type":"article","og_title":"Soudures argent pour bijoux - Scorab.eu","og_description":"Tr\u00e8s bons liants de soudure sans d\u00e9cadmium produits par notre soci\u00e9t\u00e9 pour assembler des composants de bijoux en argent, divers aciers au carbone, aciers alli\u00e9s, aciers inoxydables, alliages de cuivre et alliages de nickel. Le point de fusion d\u00e9pend du type de soudure.","og_url":"https:\/\/scorab.eu\/fr\/produkt\/fevrier-argent-pour-la-bijouterie\/","og_site_name":"Scorab.eu","article_modified_time":"2025-03-04T22:31:37+00:00","og_image":[{"width":200,"height":133,"url":"https:\/\/scorab.eu\/wp-content\/uploads\/2024\/02\/5-luty.jpg","type":"image\/jpeg"}],"twitter_card":"summary_large_image","schema":{"@context":"https:\/\/schema.org","@graph":[{"@type":"WebPage","@id":"https:\/\/scorab.eu\/fr\/produkt\/fevrier-argent-pour-la-bijouterie\/","url":"https:\/\/scorab.eu\/fr\/produkt\/fevrier-argent-pour-la-bijouterie\/","name":"Soudures argent pour bijoux - Scorab.eu","isPartOf":{"@id":"https:\/\/scorab.eu\/fr\/#website"},"primaryImageOfPage":{"@id":"https:\/\/scorab.eu\/fr\/produkt\/fevrier-argent-pour-la-bijouterie\/#primaryimage"},"image":{"@id":"https:\/\/scorab.eu\/fr\/produkt\/fevrier-argent-pour-la-bijouterie\/#primaryimage"},"thumbnailUrl":"https:\/\/scorab.eu\/wp-content\/uploads\/2024\/02\/5-luty.jpg","datePublished":"2024-02-13T18:25:27+00:00","dateModified":"2025-03-04T22:31:37+00:00","breadcrumb":{"@id":"https:\/\/scorab.eu\/fr\/produkt\/fevrier-argent-pour-la-bijouterie\/#breadcrumb"},"inLanguage":"fr-FR","potentialAction":[{"@type":"ReadAction","target":["https:\/\/scorab.eu\/fr\/produkt\/fevrier-argent-pour-la-bijouterie\/"]}]},{"@type":"ImageObject","inLanguage":"fr-FR","@id":"https:\/\/scorab.eu\/fr\/produkt\/fevrier-argent-pour-la-bijouterie\/#primaryimage","url":"https:\/\/scorab.eu\/wp-content\/uploads\/2024\/02\/5-luty.jpg","contentUrl":"https:\/\/scorab.eu\/wp-content\/uploads\/2024\/02\/5-luty.jpg","width":200,"height":133},{"@type":"BreadcrumbList","@id":"https:\/\/scorab.eu\/fr\/produkt\/fevrier-argent-pour-la-bijouterie\/#breadcrumb","itemListElement":[{"@type":"ListItem","position":1,"name":"Strona g\u0142\u00f3wna","item":"https:\/\/scorab.eu\/fr\/page-daccueil\/"},{"@type":"ListItem","position":2,"name":"Produits","item":"https:\/\/scorab.eu\/fr\/produits\/"},{"@type":"ListItem","position":3,"name":"Soudures argent pour bijoux"}]},{"@type":"WebSite","@id":"https:\/\/scorab.eu\/fr\/#website","url":"https:\/\/scorab.eu\/fr\/","name":"Scorab.eu","description":"Produkcja oraz us\u0142ugi w zakresie przetwarzania metali szlachetnych i ich stop&oacute;w.","publisher":{"@id":"https:\/\/scorab.eu\/fr\/#organization"},"potentialAction":[{"@type":"SearchAction","target":{"@type":"EntryPoint","urlTemplate":"https:\/\/scorab.eu\/fr\/?s={search_term_string}"},"query-input":{"@type":"PropertyValueSpecification","valueRequired":true,"valueName":"search_term_string"}}],"inLanguage":"fr-FR"},{"@type":"Organization","@id":"https:\/\/scorab.eu\/fr\/#organization","name":"Scorab.eu","url":"https:\/\/scorab.eu\/fr\/","logo":{"@type":"ImageObject","inLanguage":"fr-FR","@id":"https:\/\/scorab.eu\/fr\/#\/schema\/logo\/image\/","url":"https:\/\/scorab.eu\/wp-content\/uploads\/2024\/02\/obraz_2024-02-15_193251345.png","contentUrl":"https:\/\/scorab.eu\/wp-content\/uploads\/2024\/02\/obraz_2024-02-15_193251345.png","width":506,"height":150,"caption":"Scorab.eu"},"image":{"@id":"https:\/\/scorab.eu\/fr\/#\/schema\/logo\/image\/"}}]}},"_links":{"self":[{"href":"https:\/\/scorab.eu\/fr\/wp-json\/wp\/v2\/product\/1352","targetHints":{"allow":["GET"]}}],"collection":[{"href":"https:\/\/scorab.eu\/fr\/wp-json\/wp\/v2\/product"}],"about":[{"href":"https:\/\/scorab.eu\/fr\/wp-json\/wp\/v2\/types\/product"}],"replies":[{"embeddable":true,"href":"https:\/\/scorab.eu\/fr\/wp-json\/wp\/v2\/comments?post=1352"}],"version-history":[{"count":1,"href":"https:\/\/scorab.eu\/fr\/wp-json\/wp\/v2\/product\/1352\/revisions"}],"predecessor-version":[{"id":1587,"href":"https:\/\/scorab.eu\/fr\/wp-json\/wp\/v2\/product\/1352\/revisions\/1587"}],"wp:featuredmedia":[{"embeddable":true,"href":"https:\/\/scorab.eu\/fr\/wp-json\/wp\/v2\/media\/1110"}],"wp:attachment":[{"href":"https:\/\/scorab.eu\/fr\/wp-json\/wp\/v2\/media?parent=1352"}],"wp:term":[{"taxonomy":"product_cat","embeddable":true,"href":"https:\/\/scorab.eu\/fr\/wp-json\/wp\/v2\/product_cat?post=1352"},{"taxonomy":"product_tag","embeddable":true,"href":"https:\/\/scorab.eu\/fr\/wp-json\/wp\/v2\/product_tag?post=1352"}],"curies":[{"name":"wp","href":"https:\/\/api.w.org\/{rel}","templated":true}]}}